{"id":11803,"date":"2025-04-18T10:05:03","date_gmt":"2025-04-18T08:05:03","guid":{"rendered":"https:\/\/preview.centre-assal.ch\/?page_id=11803"},"modified":"2025-10-07T04:53:51","modified_gmt":"2025-10-07T02:53:51","slug":"podologie","status":"publish","type":"page","link":"https:\/\/centre-assal.ch\/en\/traitements\/podologie\/","title":{"rendered":"Podiatry"},"content":{"rendered":"<div data-elementor-type=\"wp-page\" data-elementor-id=\"11803\" class=\"elementor elementor-11803\" data-elementor-post-type=\"page\">\n\t\t\t\t<div class=\"elementor-element elementor-element-b55d463 e-con-full mar-1224 e-flex e-con e-parent\" data-id=\"b55d463\" data-element_type=\"container\" data-settings=\"{&quot;background_background&quot;:&quot;classic&quot;}\">\n\t\t<div class=\"elementor-element elementor-element-d3c708c e-con-full e-flex e-con e-child\" data-id=\"d3c708c\" data-element_type=\"container\" data-settings=\"{&quot;background_background&quot;:&quot;classic&quot;}\">\n\t\t\t\t<div class=\"elementor-element elementor-element-304b84a elementor-widget elementor-widget-heading\" data-id=\"304b84a\" data-element_type=\"widget\" data-widget_type=\"heading.default\">\n\t\t\t\t<div class=\"elementor-widget-container\">\n\t\t\t\t\t<h2 class=\"elementor-heading-title elementor-size-default\">Treatments<\/h2>\t\t\t\t<\/div>\n\t\t\t\t<\/div>\n\t\t\t\t<\/div>\n\t\t\t\t<\/div>\n\t\t<div class=\"elementor-element elementor-element-3ac5937 e-con-full e-flex e-con e-parent\" data-id=\"3ac5937\" data-element_type=\"container\">\n\t\t\t\t<div class=\"elementor-element elementor-element-bd244ca elementor-icon-list--layout-inline elementor-align-start elementor-list-item-link-full_width elementor-widget elementor-widget-icon-list\" data-id=\"bd244ca\" data-element_type=\"widget\" data-widget_type=\"icon-list.default\">\n\t\t\t\t<div class=\"elementor-widget-container\">\n\t\t\t\t\t\t\t<ul class=\"elementor-icon-list-items elementor-inline-items\">\n\t\t\t\t\t\t\t<li class=\"elementor-icon-list-item elementor-inline-item\">\n\t\t\t\t\t\t\t\t\t\t\t<a href=\"https:\/\/centre-assal.ch\/en\">\n\n\t\t\t\t\t\t\t\t\t\t\t<span class=\"elementor-icon-list-text\">Home<\/span>\n\t\t\t\t\t\t\t\t\t\t\t<\/a>\n\t\t\t\t\t\t\t\t\t<\/li>\n\t\t\t\t\t\t\t\t<li class=\"elementor-icon-list-item elementor-inline-item\">\n\t\t\t\t\t\t\t\t\t\t\t<a href=\"\/en\/traitements\/\">\n\n\t\t\t\t\t\t\t\t\t\t\t\t<span class=\"elementor-icon-list-icon\">\n\t\t\t\t\t\t\t<svg aria-hidden=\"true\" class=\"e-font-icon-svg e-fas-angle-right\" viewbox=\"0 0 256 512\" xmlns=\"http:\/\/www.w3.org\/2000\/svg\"><path d=\"M224.3 273l-136 136c-9.4 9.4-24.6 9.4-33.9 0l-22.6-22.6c-9.4-9.4-9.4-24.6 0-33.9l96.4-96.4-96.4-96.4c-9.4-9.4-9.4-24.6 0-33.9L54.3 103c9.4-9.4 24.6-9.4 33.9 0l136 136c9.5 9.4 9.5 24.6.1 34z\"><\/path><\/svg>\t\t\t\t\t\t<\/span>\n\t\t\t\t\t\t\t\t\t\t<span class=\"elementor-icon-list-text\">Treatments<\/span>\n\t\t\t\t\t\t\t\t\t\t\t<\/a>\n\t\t\t\t\t\t\t\t\t<\/li>\n\t\t\t\t\t\t\t\t<li class=\"elementor-icon-list-item elementor-inline-item\">\n\t\t\t\t\t\t\t\t\t\t\t<a href=\"#\">\n\n\t\t\t\t\t\t\t\t\t\t\t\t<span class=\"elementor-icon-list-icon\">\n\t\t\t\t\t\t\t<svg aria-hidden=\"true\" class=\"e-font-icon-svg e-fas-angle-right\" viewbox=\"0 0 256 512\" xmlns=\"http:\/\/www.w3.org\/2000\/svg\"><path d=\"M224.3 273l-136 136c-9.4 9.4-24.6 9.4-33.9 0l-22.6-22.6c-9.4-9.4-9.4-24.6 0-33.9l96.4-96.4-96.4-96.4c-9.4-9.4-9.4-24.6 0-33.9L54.3 103c9.4-9.4 24.6-9.4 33.9 0l136 136c9.5 9.4 9.5 24.6.1 34z\"><\/path><\/svg>\t\t\t\t\t\t<\/span>\n\t\t\t\t\t\t\t\t\t\t<span class=\"elementor-icon-list-text\"><b>Podiatry<\/b><\/span>\n\t\t\t\t\t\t\t\t\t\t\t<\/a>\n\t\t\t\t\t\t\t\t\t<\/li>\n\t\t\t\t\t\t<\/ul>\n\t\t\t\t\t\t<\/div>\n\t\t\t\t<\/div>\n\t\t\t\t<\/div>\n\t\t<div class=\"elementor-element elementor-element-8b91563 e-con-full e-flex e-con e-parent\" data-id=\"8b91563\" data-element_type=\"container\">\n\t\t<div class=\"elementor-element elementor-element-5e58b35 e-con-full e-flex e-con e-child\" data-id=\"5e58b35\" data-element_type=\"container\">\n\t\t<div class=\"elementor-element elementor-element-9033653 e-con-full e-flex e-con e-child\" data-id=\"9033653\" data-element_type=\"container\" data-settings=\"{&quot;background_background&quot;:&quot;classic&quot;}\">\n\t\t\t\t<div class=\"elementor-element elementor-element-58b689c elementor-widget elementor-widget-heading\" data-id=\"58b689c\" data-element_type=\"widget\" data-widget_type=\"heading.default\">\n\t\t\t\t<div class=\"elementor-widget-container\">\n\t\t\t\t\t<h4 class=\"elementor-heading-title elementor-size-default\">Podiatry<\/h4>\t\t\t\t<\/div>\n\t\t\t\t<\/div>\n\t\t\t\t<div class=\"elementor-element elementor-element-d91b821 elementor-widget elementor-widget-text-editor\" data-id=\"d91b821\" data-element_type=\"widget\" data-widget_type=\"text-editor.default\">\n\t\t\t\t<div class=\"elementor-widget-container\">\n\t\t\t\t\t\t\t\t\t<p>Many foot and ankle ailments can be traced to problems with posture or static equilibrium. Some can be relieved, or definitively treated, using simple means or with equipment that aims to soothe painful points or re-balance the pressure exerted by your body. Podiatry offers highly effective solutions in this context.<\/p>\t\t\t\t\t\t\t\t<\/div>\n\t\t\t\t<\/div>\n\t\t\t\t<\/div>\n\t\t\t\t<div class=\"elementor-element elementor-element-3fabecd elementor-widget elementor-widget-image\" data-id=\"3fabecd\" data-element_type=\"widget\" data-widget_type=\"image.default\">\n\t\t\t\t<div class=\"elementor-widget-container\">\n\t\t\t\t\t\t\t\t\t\t\t\t\t\t\t<img fetchpriority=\"high\" decoding=\"async\" width=\"2000\" height=\"1334\" src=\"https:\/\/centre-assal.ch\/wp-content\/uploads\/2025\/06\/Podologie.jpg\" class=\"attachment-full size-full wp-image-15462\" alt=\"\" srcset=\"https:\/\/centre-assal.ch\/wp-content\/uploads\/2025\/06\/Podologie.jpg 2000w, https:\/\/centre-assal.ch\/wp-content\/uploads\/2025\/06\/Podologie-300x200.jpg 300w, https:\/\/centre-assal.ch\/wp-content\/uploads\/2025\/06\/Podologie-1024x683.jpg 1024w, https:\/\/centre-assal.ch\/wp-content\/uploads\/2025\/06\/Podologie-768x512.jpg 768w, https:\/\/centre-assal.ch\/wp-content\/uploads\/2025\/06\/Podologie-1536x1025.jpg 1536w, https:\/\/centre-assal.ch\/wp-content\/uploads\/2025\/06\/Podologie-18x12.jpg 18w\" sizes=\"(max-width: 2000px) 100vw, 2000px\" \/>\t\t\t\t\t\t\t\t\t\t\t\t\t\t\t<\/div>\n\t\t\t\t<\/div>\n\t\t\t\t<\/div>\n\t\t<div class=\"elementor-element elementor-element-5225c30 e-con-full e-flex e-con e-child\" data-id=\"5225c30\" data-element_type=\"container\">\n\t\t<div class=\"elementor-element elementor-element-42edf3a e-con-full e-flex e-con e-child\" data-id=\"42edf3a\" data-element_type=\"container\">\n\t\t\t\t<div class=\"elementor-element elementor-element-7c7118f elementor-widget elementor-widget-heading\" data-id=\"7c7118f\" data-element_type=\"widget\" data-widget_type=\"heading.default\">\n\t\t\t\t<div class=\"elementor-widget-container\">\n\t\t\t\t\t<h4 class=\"elementor-heading-title elementor-size-default\">Orthotics<\/h4>\t\t\t\t<\/div>\n\t\t\t\t<\/div>\n\t\t\t\t<div class=\"elementor-element elementor-element-8912ad6 elementor-widget elementor-widget-text-editor\" data-id=\"8912ad6\" data-element_type=\"widget\" data-widget_type=\"text-editor.default\">\n\t\t\t\t<div class=\"elementor-widget-container\">\n\t\t\t\t\t\t\t\t\t<p>To help reposition the toes or prevent rubbing due to deformity or infection, wearing soft or rigid silicone orthotics can relieve pain while making you more comfortable and allowing you to move more freely.<\/p>\t\t\t\t\t\t\t\t<\/div>\n\t\t\t\t<\/div>\n\t\t\t\t<\/div>\n\t\t<div class=\"elementor-element elementor-element-c415070 e-con-full e-flex e-con e-child\" data-id=\"c415070\" data-element_type=\"container\">\n\t\t\t\t<div class=\"elementor-element elementor-element-7d0482e elementor-widget elementor-widget-heading\" data-id=\"7d0482e\" data-element_type=\"widget\" data-widget_type=\"heading.default\">\n\t\t\t\t<div class=\"elementor-widget-container\">\n\t\t\t\t\t<h4 class=\"elementor-heading-title elementor-size-default\">Custom insoles<\/h4>\t\t\t\t<\/div>\n\t\t\t\t<\/div>\n\t\t\t\t<div class=\"elementor-element elementor-element-5fce9fc elementor-widget elementor-widget-text-editor\" data-id=\"5fce9fc\" data-element_type=\"widget\" data-widget_type=\"text-editor.default\">\n\t\t\t\t<div class=\"elementor-widget-container\">\n\t\t\t\t\t\t\t\t\t<p>Foot and ankle alignment problems can sometimes be resolved by wearing custom insoles.<\/p>\t\t\t\t\t\t\t\t<\/div>\n\t\t\t\t<\/div>\n\t\t\t\t<\/div>\n\t\t<div class=\"elementor-element elementor-element-04e9d00 e-con-full e-flex e-con e-child\" data-id=\"04e9d00\" data-element_type=\"container\">\n\t\t\t\t<div class=\"elementor-element elementor-element-8aca6f1 elementor-widget elementor-widget-heading\" data-id=\"8aca6f1\" data-element_type=\"widget\" data-widget_type=\"heading.default\">\n\t\t\t\t<div class=\"elementor-widget-container\">\n\t\t\t\t\t<h4 class=\"elementor-heading-title elementor-size-default\">Advice<\/h4>\t\t\t\t<\/div>\n\t\t\t\t<\/div>\n\t\t\t\t<div class=\"elementor-element elementor-element-e7d332d elementor-widget elementor-widget-text-editor\" data-id=\"e7d332d\" data-element_type=\"widget\" data-widget_type=\"text-editor.default\">\n\t\t\t\t<div class=\"elementor-widget-container\">\n\t\t\t\t\t\t\t\t\t<p>Walking and participating in sports places heavy loads on the ankles and feet, which are amplified by carrying excess weight, static alignment defects, or even wearing inappropriate shoes. Podiatry principles are used to identify the cause of your pain and to advise you on the best ways to relieve it.<\/p>\t\t\t\t\t\t\t\t<\/div>\n\t\t\t\t<\/div>\n\t\t\t\t<\/div>\n\t\t<div class=\"elementor-element elementor-element-46c13a6 e-con-full e-flex e-con e-child\" data-id=\"46c13a6\" data-element_type=\"container\">\n\t\t\t\t<div class=\"elementor-element elementor-element-b751097 elementor-widget elementor-widget-heading\" data-id=\"b751097\" data-element_type=\"widget\" data-widget_type=\"heading.default\">\n\t\t\t\t<div class=\"elementor-widget-container\">\n\t\t\t\t\t<h4 class=\"elementor-heading-title elementor-size-default\">Care<\/h4>\t\t\t\t<\/div>\n\t\t\t\t<\/div>\n\t\t\t\t<div class=\"elementor-element elementor-element-6fabe33 elementor-widget elementor-widget-text-editor\" data-id=\"6fabe33\" data-element_type=\"widget\" data-widget_type=\"text-editor.default\">\n\t\t\t\t<div class=\"elementor-widget-container\">\n\t\t\t\t\t\t\t\t\t<p>A large number of foot ailments, such as callosities, nail pain, infection, etc. can be treated by caring for their symptoms. To eliminate the persistent pain caused by chronic inflammation of the ankle joint (arthritis), replacing the damaged joint and cartilage with a prosthesis helps to restore mobility.<\/p>\t\t\t\t\t\t\t\t<\/div>\n\t\t\t\t<\/div>\n\t\t\t\t<\/div>\n\t\t\t\t<\/div>\n\t\t\t\t<\/div>\n\t\t\t\t<\/div>","protected":false},"excerpt":{"rendered":"<p>Traitements Accueil Traitements Podologie Podologie Bon nombre de pathologies du pied ou de la cheville prennent leur source dans des probl\u00e8mes de d\u00e9s\u00e9quilibres posturaux ou encore de statique. Certaines d\u2019entre elles peuvent \u00eatre soulag\u00e9es ou soign\u00e9es par de simples mesures ou par l\u2019emploi d\u2019appareillage visant \u00e0 calmer vos points douloureux ou \u00e0 r\u00e9\u00e9quilibrer la pression [&hellip;]<\/p>","protected":false},"author":8,"featured_media":0,"parent":3179,"menu_order":0,"comment_status":"closed","ping_status":"closed","template":"elementor_header_footer","meta":{"_acf_changed":false,"footnotes":""},"class_list":["post-11803","page","type-page","status-publish","hentry"],"acf":[],"yoast_head":"<!-- This site is optimized with the Yoast SEO plugin v26.8 - https:\/\/yoast.com\/product\/yoast-seo-wordpress\/ -->\n<title>Podologie - Centre Assal<\/title>\n<meta name=\"description\" content=\"D\u00e9couvrez les solutions podologiques du Centre ASSAL : orth\u00e8ses, semelles sur mesure et soins pour corriger les d\u00e9s\u00e9quilibres et soulager vos douleurs.\" \/>\n<meta name=\"robots\" content=\"index, follow, max-snippet:-1, max-image-preview:large, max-video-preview:-1\" \/>\n<link rel=\"canonical\" href=\"https:\/\/centre-assal.ch\/en\/traitements\/podologie\/\" \/>\n<meta property=\"og:locale\" content=\"en_GB\" \/>\n<meta property=\"og:type\" content=\"article\" \/>\n<meta property=\"og:title\" content=\"Podologie - Centre Assal\" \/>\n<meta property=\"og:description\" content=\"D\u00e9couvrez les solutions podologiques du Centre ASSAL : orth\u00e8ses, semelles sur mesure et soins pour corriger les d\u00e9s\u00e9quilibres et soulager vos douleurs.\" \/>\n<meta property=\"og:url\" content=\"https:\/\/centre-assal.ch\/en\/traitements\/podologie\/\" \/>\n<meta property=\"og:site_name\" content=\"Centre Assal\" \/>\n<meta property=\"article:modified_time\" content=\"2025-10-07T02:53:51+00:00\" \/>\n<meta property=\"og:image\" content=\"https:\/\/centre-assal.ch\/wp-content\/uploads\/2025\/06\/Podologie.jpg\" \/>\n<meta name=\"twitter:card\" content=\"summary_large_image\" \/>\n<meta name=\"twitter:label1\" content=\"Estimated reading time\" \/>\n\t<meta name=\"twitter:data1\" content=\"2 minutes\" \/>\n<script type=\"application\/ld+json\" class=\"yoast-schema-graph\">{\"@context\":\"https:\/\/schema.org\",\"@graph\":[{\"@type\":\"WebPage\",\"@id\":\"https:\/\/centre-assal.ch\/traitements\/podologie\/\",\"url\":\"https:\/\/centre-assal.ch\/traitements\/podologie\/\",\"name\":\"Podologie - Centre Assal\",\"isPartOf\":{\"@id\":\"https:\/\/centre-assal.ch\/#website\"},\"primaryImageOfPage\":{\"@id\":\"https:\/\/centre-assal.ch\/traitements\/podologie\/#primaryimage\"},\"image\":{\"@id\":\"https:\/\/centre-assal.ch\/traitements\/podologie\/#primaryimage\"},\"thumbnailUrl\":\"https:\/\/centre-assal.ch\/wp-content\/uploads\/2025\/06\/Podologie.jpg\",\"datePublished\":\"2025-04-18T08:05:03+00:00\",\"dateModified\":\"2025-10-07T02:53:51+00:00\",\"description\":\"D\u00e9couvrez les solutions podologiques du Centre ASSAL : orth\u00e8ses, semelles sur mesure et soins pour corriger les d\u00e9s\u00e9quilibres et soulager vos douleurs.\",\"breadcrumb\":{\"@id\":\"https:\/\/centre-assal.ch\/traitements\/podologie\/#breadcrumb\"},\"inLanguage\":\"en-GB\",\"potentialAction\":[{\"@type\":\"ReadAction\",\"target\":[\"https:\/\/centre-assal.ch\/traitements\/podologie\/\"]}]},{\"@type\":\"ImageObject\",\"inLanguage\":\"en-GB\",\"@id\":\"https:\/\/centre-assal.ch\/traitements\/podologie\/#primaryimage\",\"url\":\"https:\/\/centre-assal.ch\/wp-content\/uploads\/2025\/06\/Podologie.jpg\",\"contentUrl\":\"https:\/\/centre-assal.ch\/wp-content\/uploads\/2025\/06\/Podologie.jpg\"},{\"@type\":\"BreadcrumbList\",\"@id\":\"https:\/\/centre-assal.ch\/traitements\/podologie\/#breadcrumb\",\"itemListElement\":[{\"@type\":\"ListItem\",\"position\":1,\"name\":\"Home\",\"item\":\"https:\/\/centre-assal.ch\/\"},{\"@type\":\"ListItem\",\"position\":2,\"name\":\"Traitements\",\"item\":\"https:\/\/centre-assal.ch\/traitements\/\"},{\"@type\":\"ListItem\",\"position\":3,\"name\":\"Podologie\"}]},{\"@type\":\"WebSite\",\"@id\":\"https:\/\/centre-assal.ch\/#website\",\"url\":\"https:\/\/centre-assal.ch\/\",\"name\":\"Centre Assal\",\"description\":\"\",\"publisher\":{\"@id\":\"https:\/\/centre-assal.ch\/#organization\"},\"potentialAction\":[{\"@type\":\"SearchAction\",\"target\":{\"@type\":\"EntryPoint\",\"urlTemplate\":\"https:\/\/centre-assal.ch\/?s={search_term_string}\"},\"query-input\":{\"@type\":\"PropertyValueSpecification\",\"valueRequired\":true,\"valueName\":\"search_term_string\"}}],\"inLanguage\":\"en-GB\"},{\"@type\":\"Organization\",\"@id\":\"https:\/\/centre-assal.ch\/#organization\",\"name\":\"Centre Assal\",\"url\":\"https:\/\/centre-assal.ch\/\",\"logo\":{\"@type\":\"ImageObject\",\"inLanguage\":\"en-GB\",\"@id\":\"https:\/\/centre-assal.ch\/#\/schema\/logo\/image\/\",\"url\":\"https:\/\/centre-assal.ch\/wp-content\/uploads\/2025\/03\/Logo_CentreAssal_RVB-11.png\",\"contentUrl\":\"https:\/\/centre-assal.ch\/wp-content\/uploads\/2025\/03\/Logo_CentreAssal_RVB-11.png\",\"width\":220,\"height\":114,\"caption\":\"Centre Assal\"},\"image\":{\"@id\":\"https:\/\/centre-assal.ch\/#\/schema\/logo\/image\/\"},\"sameAs\":[\"https:\/\/www.instagram.com\/centre_assal\/\",\"https:\/\/www.linkedin.com\/company\/centre-assal\"]}]}<\/script>\n<!-- \/ Yoast SEO plugin. -->","yoast_head_json":{"title":"Podologie - Centre Assal","description":"D\u00e9couvrez les solutions podologiques du Centre ASSAL : orth\u00e8ses, semelles sur mesure et soins pour corriger les d\u00e9s\u00e9quilibres et soulager vos douleurs.","robots":{"index":"index","follow":"follow","max-snippet":"max-snippet:-1","max-image-preview":"max-image-preview:large","max-video-preview":"max-video-preview:-1"},"canonical":"https:\/\/centre-assal.ch\/en\/traitements\/podologie\/","og_locale":"en_GB","og_type":"article","og_title":"Podologie - Centre Assal","og_description":"D\u00e9couvrez les solutions podologiques du Centre ASSAL : orth\u00e8ses, semelles sur mesure et soins pour corriger les d\u00e9s\u00e9quilibres et soulager vos douleurs.","og_url":"https:\/\/centre-assal.ch\/en\/traitements\/podologie\/","og_site_name":"Centre Assal","article_modified_time":"2025-10-07T02:53:51+00:00","og_image":[{"url":"https:\/\/centre-assal.ch\/wp-content\/uploads\/2025\/06\/Podologie.jpg","type":"","width":"","height":""}],"twitter_card":"summary_large_image","twitter_misc":{"Estimated reading time":"2 minutes"},"schema":{"@context":"https:\/\/schema.org","@graph":[{"@type":"WebPage","@id":"https:\/\/centre-assal.ch\/traitements\/podologie\/","url":"https:\/\/centre-assal.ch\/traitements\/podologie\/","name":"Podologie - Centre Assal","isPartOf":{"@id":"https:\/\/centre-assal.ch\/#website"},"primaryImageOfPage":{"@id":"https:\/\/centre-assal.ch\/traitements\/podologie\/#primaryimage"},"image":{"@id":"https:\/\/centre-assal.ch\/traitements\/podologie\/#primaryimage"},"thumbnailUrl":"https:\/\/centre-assal.ch\/wp-content\/uploads\/2025\/06\/Podologie.jpg","datePublished":"2025-04-18T08:05:03+00:00","dateModified":"2025-10-07T02:53:51+00:00","description":"D\u00e9couvrez les solutions podologiques du Centre ASSAL : orth\u00e8ses, semelles sur mesure et soins pour corriger les d\u00e9s\u00e9quilibres et soulager vos douleurs.","breadcrumb":{"@id":"https:\/\/centre-assal.ch\/traitements\/podologie\/#breadcrumb"},"inLanguage":"en-GB","potentialAction":[{"@type":"ReadAction","target":["https:\/\/centre-assal.ch\/traitements\/podologie\/"]}]},{"@type":"ImageObject","inLanguage":"en-GB","@id":"https:\/\/centre-assal.ch\/traitements\/podologie\/#primaryimage","url":"https:\/\/centre-assal.ch\/wp-content\/uploads\/2025\/06\/Podologie.jpg","contentUrl":"https:\/\/centre-assal.ch\/wp-content\/uploads\/2025\/06\/Podologie.jpg"},{"@type":"BreadcrumbList","@id":"https:\/\/centre-assal.ch\/traitements\/podologie\/#breadcrumb","itemListElement":[{"@type":"ListItem","position":1,"name":"Home","item":"https:\/\/centre-assal.ch\/"},{"@type":"ListItem","position":2,"name":"Traitements","item":"https:\/\/centre-assal.ch\/traitements\/"},{"@type":"ListItem","position":3,"name":"Podologie"}]},{"@type":"WebSite","@id":"https:\/\/centre-assal.ch\/#website","url":"https:\/\/centre-assal.ch\/","name":"Centre Assal","description":"","publisher":{"@id":"https:\/\/centre-assal.ch\/#organization"},"potentialAction":[{"@type":"SearchAction","target":{"@type":"EntryPoint","urlTemplate":"https:\/\/centre-assal.ch\/?s={search_term_string}"},"query-input":{"@type":"PropertyValueSpecification","valueRequired":true,"valueName":"search_term_string"}}],"inLanguage":"en-GB"},{"@type":"Organization","@id":"https:\/\/centre-assal.ch\/#organization","name":"Centre Assal","url":"https:\/\/centre-assal.ch\/","logo":{"@type":"ImageObject","inLanguage":"en-GB","@id":"https:\/\/centre-assal.ch\/#\/schema\/logo\/image\/","url":"https:\/\/centre-assal.ch\/wp-content\/uploads\/2025\/03\/Logo_CentreAssal_RVB-11.png","contentUrl":"https:\/\/centre-assal.ch\/wp-content\/uploads\/2025\/03\/Logo_CentreAssal_RVB-11.png","width":220,"height":114,"caption":"Centre Assal"},"image":{"@id":"https:\/\/centre-assal.ch\/#\/schema\/logo\/image\/"},"sameAs":["https:\/\/www.instagram.com\/centre_assal\/","https:\/\/www.linkedin.com\/company\/centre-assal"]}]}},"_links":{"self":[{"href":"https:\/\/centre-assal.ch\/en\/wp-json\/wp\/v2\/pages\/11803","targetHints":{"allow":["GET"]}}],"collection":[{"href":"https:\/\/centre-assal.ch\/en\/wp-json\/wp\/v2\/pages"}],"about":[{"href":"https:\/\/centre-assal.ch\/en\/wp-json\/wp\/v2\/types\/page"}],"author":[{"embeddable":true,"href":"https:\/\/centre-assal.ch\/en\/wp-json\/wp\/v2\/users\/8"}],"replies":[{"embeddable":true,"href":"https:\/\/centre-assal.ch\/en\/wp-json\/wp\/v2\/comments?post=11803"}],"version-history":[{"count":1,"href":"https:\/\/centre-assal.ch\/en\/wp-json\/wp\/v2\/pages\/11803\/revisions"}],"predecessor-version":[{"id":17667,"href":"https:\/\/centre-assal.ch\/en\/wp-json\/wp\/v2\/pages\/11803\/revisions\/17667"}],"up":[{"embeddable":true,"href":"https:\/\/centre-assal.ch\/en\/wp-json\/wp\/v2\/pages\/3179"}],"wp:attachment":[{"href":"https:\/\/centre-assal.ch\/en\/wp-json\/wp\/v2\/media?parent=11803"}],"curies":[{"name":"wp","href":"https:\/\/api.w.org\/{rel}","templated":true}]}}