{"id":14695,"date":"2025-05-21T16:09:38","date_gmt":"2025-05-21T14:09:38","guid":{"rendered":"https:\/\/preview.centre-assal.ch\/?page_id=14695"},"modified":"2025-10-05T06:14:01","modified_gmt":"2025-10-05T04:14:01","slug":"mon-premier-rendez-vous-et-suivi","status":"publish","type":"page","link":"https:\/\/centre-assal.ch\/en\/mon-premier-rendez-vous-et-suivi\/","title":{"rendered":"Mon premier rendez-vous et suivi"},"content":{"rendered":"<div data-elementor-type=\"wp-page\" data-elementor-id=\"14695\" class=\"elementor elementor-14695\" data-elementor-post-type=\"page\">\n\t\t\t\t<div class=\"elementor-element elementor-element-36cdcf3 e-con-full e-flex e-con e-parent\" data-id=\"36cdcf3\" data-element_type=\"container\" data-settings=\"{&quot;background_background&quot;:&quot;classic&quot;}\">\n\t\t<div class=\"elementor-element elementor-element-ef520e9 e-con-full e-flex e-con e-child\" data-id=\"ef520e9\" data-element_type=\"container\" data-settings=\"{&quot;background_background&quot;:&quot;classic&quot;}\">\n\t\t\t\t<div class=\"elementor-element elementor-element-3ac3a22 elementor-widget elementor-widget-heading\" data-id=\"3ac3a22\" data-element_type=\"widget\" data-widget_type=\"heading.default\">\n\t\t\t\t<div class=\"elementor-widget-container\">\n\t\t\t\t\t<h2 class=\"elementor-heading-title elementor-size-default\">Treatments<\/h2>\t\t\t\t<\/div>\n\t\t\t\t<\/div>\n\t\t\t\t<\/div>\n\t\t\t\t<\/div>\n\t\t<div class=\"elementor-element elementor-element-5c3b3d6 e-con-full e-flex e-con e-parent\" data-id=\"5c3b3d6\" data-element_type=\"container\">\n\t\t\t\t<div class=\"elementor-element elementor-element-3796b88 elementor-icon-list--layout-inline elementor-align-start elementor-list-item-link-full_width elementor-widget elementor-widget-icon-list\" data-id=\"3796b88\" data-element_type=\"widget\" data-widget_type=\"icon-list.default\">\n\t\t\t\t<div class=\"elementor-widget-container\">\n\t\t\t\t\t\t\t<ul class=\"elementor-icon-list-items elementor-inline-items\">\n\t\t\t\t\t\t\t<li class=\"elementor-icon-list-item elementor-inline-item\">\n\t\t\t\t\t\t\t\t\t\t\t<a href=\"https:\/\/centre-assal.ch\/en\">\n\n\t\t\t\t\t\t\t\t\t\t\t<span class=\"elementor-icon-list-text\">Home<\/span>\n\t\t\t\t\t\t\t\t\t\t\t<\/a>\n\t\t\t\t\t\t\t\t\t<\/li>\n\t\t\t\t\t\t\t\t<li class=\"elementor-icon-list-item elementor-inline-item\">\n\t\t\t\t\t\t\t\t\t\t\t<a href=\"\/en\/traitements\/\">\n\n\t\t\t\t\t\t\t\t\t\t\t\t<span class=\"elementor-icon-list-icon\">\n\t\t\t\t\t\t\t<svg aria-hidden=\"true\" class=\"e-font-icon-svg e-fas-angle-right\" viewbox=\"0 0 256 512\" xmlns=\"http:\/\/www.w3.org\/2000\/svg\"><path d=\"M224.3 273l-136 136c-9.4 9.4-24.6 9.4-33.9 0l-22.6-22.6c-9.4-9.4-9.4-24.6 0-33.9l96.4-96.4-96.4-96.4c-9.4-9.4-9.4-24.6 0-33.9L54.3 103c9.4-9.4 24.6-9.4 33.9 0l136 136c9.5 9.4 9.5 24.6.1 34z\"><\/path><\/svg>\t\t\t\t\t\t<\/span>\n\t\t\t\t\t\t\t\t\t\t<span class=\"elementor-icon-list-text\">Treatments<\/span>\n\t\t\t\t\t\t\t\t\t\t\t<\/a>\n\t\t\t\t\t\t\t\t\t<\/li>\n\t\t\t\t\t\t\t\t<li class=\"elementor-icon-list-item elementor-inline-item\">\n\t\t\t\t\t\t\t\t\t\t\t<a href=\"#\">\n\n\t\t\t\t\t\t\t\t\t\t\t\t<span class=\"elementor-icon-list-icon\">\n\t\t\t\t\t\t\t<svg aria-hidden=\"true\" class=\"e-font-icon-svg e-fas-angle-right\" viewbox=\"0 0 256 512\" xmlns=\"http:\/\/www.w3.org\/2000\/svg\"><path d=\"M224.3 273l-136 136c-9.4 9.4-24.6 9.4-33.9 0l-22.6-22.6c-9.4-9.4-9.4-24.6 0-33.9l96.4-96.4-96.4-96.4c-9.4-9.4-9.4-24.6 0-33.9L54.3 103c9.4-9.4 24.6-9.4 33.9 0l136 136c9.5 9.4 9.5 24.6.1 34z\"><\/path><\/svg>\t\t\t\t\t\t<\/span>\n\t\t\t\t\t\t\t\t\t\t<span class=\"elementor-icon-list-text\"><b>My First Appointment and Follow-Up<\/b><\/span>\n\t\t\t\t\t\t\t\t\t\t\t<\/a>\n\t\t\t\t\t\t\t\t\t<\/li>\n\t\t\t\t\t\t<\/ul>\n\t\t\t\t\t\t<\/div>\n\t\t\t\t<\/div>\n\t\t\t\t<\/div>\n\t\t<div class=\"elementor-element elementor-element-ff04c32 e-con-full e-flex e-con e-parent\" data-id=\"ff04c32\" data-element_type=\"container\">\n\t\t<div class=\"elementor-element elementor-element-b962bca e-con-full e-flex e-con e-child\" data-id=\"b962bca\" data-element_type=\"container\">\n\t\t<div class=\"elementor-element elementor-element-30b0511 e-con-full e-flex e-con e-child\" data-id=\"30b0511\" data-element_type=\"container\" data-settings=\"{&quot;background_background&quot;:&quot;classic&quot;}\">\n\t\t\t\t<div class=\"elementor-element elementor-element-bf06bde elementor-widget elementor-widget-heading\" data-id=\"bf06bde\" data-element_type=\"widget\" data-widget_type=\"heading.default\">\n\t\t\t\t<div class=\"elementor-widget-container\">\n\t\t\t\t\t<h4 class=\"elementor-heading-title elementor-size-default\">My First Appointment and Follow-Up<\/h4>\t\t\t\t<\/div>\n\t\t\t\t<\/div>\n\t\t\t\t<div class=\"elementor-element elementor-element-f7b7fb1 elementor-widget elementor-widget-text-editor\" data-id=\"f7b7fb1\" data-element_type=\"widget\" data-widget_type=\"text-editor.default\">\n\t\t\t\t<div class=\"elementor-widget-container\">\n\t\t\t\t\t\t\t\t\t<p>Welcome to the ASSAL Center, a place dedicated to the medicine and surgery of the foot, ankle, and leg. Our care is provided by a team of highly qualified specialists who bring their expertise to serve your health and well-being.<\/p>\t\t\t\t\t\t\t\t<\/div>\n\t\t\t\t<\/div>\n\t\t\t\t<\/div>\n\t\t\t\t<div class=\"elementor-element elementor-element-343af57 elementor-widget elementor-widget-image\" data-id=\"343af57\" data-element_type=\"widget\" data-widget_type=\"image.default\">\n\t\t\t\t<div class=\"elementor-widget-container\">\n\t\t\t\t\t\t\t\t\t\t\t\t\t\t\t<img fetchpriority=\"high\" decoding=\"async\" width=\"2560\" height=\"1708\" src=\"https:\/\/centre-assal.ch\/wp-content\/uploads\/2025\/06\/NAK_0227-3-scaled.jpg\" class=\"attachment-full size-full wp-image-15965\" alt=\"\" srcset=\"https:\/\/centre-assal.ch\/wp-content\/uploads\/2025\/06\/NAK_0227-3-scaled.jpg 2560w, https:\/\/centre-assal.ch\/wp-content\/uploads\/2025\/06\/NAK_0227-3-300x200.jpg 300w, https:\/\/centre-assal.ch\/wp-content\/uploads\/2025\/06\/NAK_0227-3-1024x683.jpg 1024w, https:\/\/centre-assal.ch\/wp-content\/uploads\/2025\/06\/NAK_0227-3-768x512.jpg 768w, https:\/\/centre-assal.ch\/wp-content\/uploads\/2025\/06\/NAK_0227-3-1536x1025.jpg 1536w, https:\/\/centre-assal.ch\/wp-content\/uploads\/2025\/06\/NAK_0227-3-2048x1366.jpg 2048w, https:\/\/centre-assal.ch\/wp-content\/uploads\/2025\/06\/NAK_0227-3-18x12.jpg 18w\" sizes=\"(max-width: 2560px) 100vw, 2560px\" \/>\t\t\t\t\t\t\t\t\t\t\t\t\t\t\t<\/div>\n\t\t\t\t<\/div>\n\t\t\t\t<\/div>\n\t\t<div class=\"elementor-element elementor-element-aeeff5f e-con-full e-flex e-con e-child\" data-id=\"aeeff5f\" data-element_type=\"container\">\n\t\t<div class=\"elementor-element elementor-element-e2b04ac e-con-full e-flex e-con e-child\" data-id=\"e2b04ac\" data-element_type=\"container\">\n\t\t\t\t<div class=\"elementor-element elementor-element-7caada3 elementor-widget elementor-widget-heading\" data-id=\"7caada3\" data-element_type=\"widget\" data-widget_type=\"heading.default\">\n\t\t\t\t<div class=\"elementor-widget-container\">\n\t\t\t\t\t<h4 class=\"elementor-heading-title elementor-size-default\">Why make an appointment?<\/h4>\t\t\t\t<\/div>\n\t\t\t\t<\/div>\n\t\t\t\t<div class=\"elementor-element elementor-element-3ee83f6 elementor-widget elementor-widget-text-editor\" data-id=\"3ee83f6\" data-element_type=\"widget\" data-widget_type=\"text-editor.default\">\n\t\t\t\t<div class=\"elementor-widget-container\">\n\t\t\t\t\t\t\t\t\t<p>Here are some situations in which our patients seek our help:<\/p><ul><li><strong>Confirmed diagnosis:<\/strong> You have a prior diagnosis and wish to consult a surgeon or a sports doctor for appropriate treatment.<\/li><li><strong>Seeking a diagnosis:<\/strong> You are being monitored by your primary care physician, but the cause of your symptoms remains undetermined. They refer you to our specialists for further investigation.<\/li><li><strong>Chronic condition:<\/strong> You suffer from a condition present since birth or developed over the years, requiring specific and ongoing monitoring.<\/li><li><strong>Trauma and accidents:<\/strong> You have been the victim of an accident or trauma and require immediate care.<\/li><\/ul>\t\t\t\t\t\t\t\t<\/div>\n\t\t\t\t<\/div>\n\t\t\t\t<\/div>\n\t\t<div class=\"elementor-element elementor-element-a4ddf01 e-con-full e-flex e-con e-child\" data-id=\"a4ddf01\" data-element_type=\"container\">\n\t\t\t\t<div class=\"elementor-element elementor-element-fa79748 elementor-widget elementor-widget-heading\" data-id=\"fa79748\" data-element_type=\"widget\" data-widget_type=\"heading.default\">\n\t\t\t\t<div class=\"elementor-widget-container\">\n\t\t\t\t\t<h4 class=\"elementor-heading-title elementor-size-default\">Comprehensive care<\/h4>\t\t\t\t<\/div>\n\t\t\t\t<\/div>\n\t\t\t\t<div class=\"elementor-element elementor-element-59c68d7 elementor-widget elementor-widget-text-editor\" data-id=\"59c68d7\" data-element_type=\"widget\" data-widget_type=\"text-editor.default\">\n\t\t\t\t<div class=\"elementor-widget-container\">\n\t\t\t\t\t\t\t\t\t<p>At the ASSAL Center, all our patients receive personalized care that includes the expertise of our nurses specialized in casting and wound care. Whether for an initial consultation, pathology follow-up, or post-operative care, we are here to support you.<\/p>\t\t\t\t\t\t\t\t<\/div>\n\t\t\t\t<\/div>\n\t\t\t\t<\/div>\n\t\t<div class=\"elementor-element elementor-element-9ab1f62 e-con-full e-flex e-con e-child\" data-id=\"9ab1f62\" data-element_type=\"container\">\n\t\t\t\t<div class=\"elementor-element elementor-element-88c9a52 elementor-widget elementor-widget-heading\" data-id=\"88c9a52\" data-element_type=\"widget\" data-widget_type=\"heading.default\">\n\t\t\t\t<div class=\"elementor-widget-container\">\n\t\t\t\t\t<h4 class=\"elementor-heading-title elementor-size-default\">Examples of care provided:<\/h4>\t\t\t\t<\/div>\n\t\t\t\t<\/div>\n\t\t\t\t<div class=\"elementor-element elementor-element-2d78b29 elementor-widget elementor-widget-heading\" data-id=\"2d78b29\" data-element_type=\"widget\" data-widget_type=\"heading.default\">\n\t\t\t\t<div class=\"elementor-widget-container\">\n\t\t\t\t\t<h4 class=\"elementor-heading-title elementor-size-default\">Cast follow-up<\/h4>\t\t\t\t<\/div>\n\t\t\t\t<\/div>\n\t\t\t\t<div class=\"elementor-element elementor-element-d167ad6 elementor-widget elementor-widget-text-editor\" data-id=\"d167ad6\" data-element_type=\"widget\" data-widget_type=\"text-editor.default\">\n\t\t\t\t<div class=\"elementor-widget-container\">\n\t\t\t\t\t\t\t\t\t<ul><li>You already have a cast applied in an emergency center and need specialized follow-up.<\/li><li>You have a precise diagnosis and need to be casted under expert supervision.<\/li><\/ul>\t\t\t\t\t\t\t\t<\/div>\n\t\t\t\t<\/div>\n\t\t\t\t<div class=\"elementor-element elementor-element-0ae06c6 elementor-widget elementor-widget-heading\" data-id=\"0ae06c6\" data-element_type=\"widget\" data-widget_type=\"heading.default\">\n\t\t\t\t<div class=\"elementor-widget-container\">\n\t\t\t\t\t<h4 class=\"elementor-heading-title elementor-size-default\">Wound follow-up<\/h4>\t\t\t\t<\/div>\n\t\t\t\t<\/div>\n\t\t\t\t<div class=\"elementor-element elementor-element-f6178d9 elementor-widget elementor-widget-text-editor\" data-id=\"f6178d9\" data-element_type=\"widget\" data-widget_type=\"text-editor.default\">\n\t\t\t\t<div class=\"elementor-widget-container\">\n\t\t\t\t\t\t\t\t\t<ul><li><strong>Ingrown toenail:<\/strong> You are being monitored by a podiatrist, but the issue persists. You need advanced treatment and to consult a specialist.<\/li><li><strong>Diabetic:<\/strong> You have diabetes and have a wound on your foot, ankle, or leg. A prompt consultation with a specialist is essential.<\/li><\/ul>\t\t\t\t\t\t\t\t<\/div>\n\t\t\t\t<\/div>\n\t\t\t\t<div class=\"elementor-element elementor-element-1f91c55 elementor-widget elementor-widget-text-editor\" data-id=\"1f91c55\" data-element_type=\"widget\" data-widget_type=\"text-editor.default\">\n\t\t\t\t<div class=\"elementor-widget-container\">\n\t\t\t\t\t\t\t\t\t<p>Our team is dedicated to providing you with a care journey tailored to your needs, in a professional and welcoming environment. Your health is our priority.<\/p>\t\t\t\t\t\t\t\t<\/div>\n\t\t\t\t<\/div>\n\t\t\t\t<\/div>\n\t\t\t\t<\/div>\n\t\t\t\t<\/div>\n\t\t\t\t<\/div>","protected":false},"excerpt":{"rendered":"<p>Traitements Accueil Traitements Mon Premier Rendez-vous et Suivi Mon Premier Rendez-vous et Suivi Bienvenue au Centre ASSAL, un lieu d\u00e9di\u00e9 \u00e0 la m\u00e9decine et \u00e0 la chirurgie du pied, de la cheville et de la jambe. Nos soins sont port\u00e9s par une \u00e9quipe de sp\u00e9cialistes hautement qualifi\u00e9s qui mettent leur expertise au service de votre [&hellip;]<\/p>","protected":false},"author":8,"featured_media":0,"parent":0,"menu_order":0,"comment_status":"closed","ping_status":"closed","template":"","meta":{"_acf_changed":false,"footnotes":""},"class_list":["post-14695","page","type-page","status-publish","hentry"],"acf":[],"yoast_head":"<!-- This site is optimized with the Yoast SEO plugin v26.8 - https:\/\/yoast.com\/product\/yoast-seo-wordpress\/ -->\n<title>Mon premier rendez-vous et suivi - Centre Assal<\/title>\n<meta name=\"description\" content=\"Premi\u00e8re consultation ou suivi au Centre ASSAL : soins personnalis\u00e9s et expertise en pathologies du pied, de la cheville et de la jambe.\" \/>\n<meta name=\"robots\" content=\"index, follow, max-snippet:-1, max-image-preview:large, max-video-preview:-1\" \/>\n<link rel=\"canonical\" href=\"https:\/\/centre-assal.ch\/en\/mon-premier-rendez-vous-et-suivi\/\" \/>\n<meta property=\"og:locale\" content=\"en_GB\" \/>\n<meta property=\"og:type\" content=\"article\" \/>\n<meta property=\"og:title\" content=\"Mon premier rendez-vous et suivi - Centre Assal\" \/>\n<meta property=\"og:description\" content=\"Premi\u00e8re consultation ou suivi au Centre ASSAL : soins personnalis\u00e9s et expertise en pathologies du pied, de la cheville et de la jambe.\" \/>\n<meta property=\"og:url\" content=\"https:\/\/centre-assal.ch\/en\/mon-premier-rendez-vous-et-suivi\/\" \/>\n<meta property=\"og:site_name\" content=\"Centre Assal\" \/>\n<meta property=\"article:modified_time\" content=\"2025-10-05T04:14:01+00:00\" \/>\n<meta property=\"og:image\" content=\"https:\/\/centre-assal.ch\/wp-content\/uploads\/2025\/06\/NAK_0227-3-scaled.jpg\" \/>\n<meta name=\"twitter:card\" content=\"summary_large_image\" \/>\n<meta name=\"twitter:label1\" content=\"Estimated reading time\" \/>\n\t<meta name=\"twitter:data1\" content=\"2 minutes\" \/>\n<script type=\"application\/ld+json\" class=\"yoast-schema-graph\">{\"@context\":\"https:\/\/schema.org\",\"@graph\":[{\"@type\":\"WebPage\",\"@id\":\"https:\/\/centre-assal.ch\/mon-premier-rendez-vous-et-suivi\/\",\"url\":\"https:\/\/centre-assal.ch\/mon-premier-rendez-vous-et-suivi\/\",\"name\":\"Mon premier rendez-vous et suivi - Centre Assal\",\"isPartOf\":{\"@id\":\"https:\/\/centre-assal.ch\/#website\"},\"primaryImageOfPage\":{\"@id\":\"https:\/\/centre-assal.ch\/mon-premier-rendez-vous-et-suivi\/#primaryimage\"},\"image\":{\"@id\":\"https:\/\/centre-assal.ch\/mon-premier-rendez-vous-et-suivi\/#primaryimage\"},\"thumbnailUrl\":\"https:\/\/centre-assal.ch\/wp-content\/uploads\/2025\/06\/NAK_0227-3-scaled.jpg\",\"datePublished\":\"2025-05-21T14:09:38+00:00\",\"dateModified\":\"2025-10-05T04:14:01+00:00\",\"description\":\"Premi\u00e8re consultation ou suivi au Centre ASSAL : soins personnalis\u00e9s et expertise en pathologies du pied, de la cheville et de la jambe.\",\"breadcrumb\":{\"@id\":\"https:\/\/centre-assal.ch\/mon-premier-rendez-vous-et-suivi\/#breadcrumb\"},\"inLanguage\":\"en-GB\",\"potentialAction\":[{\"@type\":\"ReadAction\",\"target\":[\"https:\/\/centre-assal.ch\/mon-premier-rendez-vous-et-suivi\/\"]}]},{\"@type\":\"ImageObject\",\"inLanguage\":\"en-GB\",\"@id\":\"https:\/\/centre-assal.ch\/mon-premier-rendez-vous-et-suivi\/#primaryimage\",\"url\":\"https:\/\/centre-assal.ch\/wp-content\/uploads\/2025\/06\/NAK_0227-3-scaled.jpg\",\"contentUrl\":\"https:\/\/centre-assal.ch\/wp-content\/uploads\/2025\/06\/NAK_0227-3-scaled.jpg\"},{\"@type\":\"BreadcrumbList\",\"@id\":\"https:\/\/centre-assal.ch\/mon-premier-rendez-vous-et-suivi\/#breadcrumb\",\"itemListElement\":[{\"@type\":\"ListItem\",\"position\":1,\"name\":\"Home\",\"item\":\"https:\/\/centre-assal.ch\/\"},{\"@type\":\"ListItem\",\"position\":2,\"name\":\"Mon premier rendez-vous et suivi\"}]},{\"@type\":\"WebSite\",\"@id\":\"https:\/\/centre-assal.ch\/#website\",\"url\":\"https:\/\/centre-assal.ch\/\",\"name\":\"Centre Assal\",\"description\":\"\",\"publisher\":{\"@id\":\"https:\/\/centre-assal.ch\/#organization\"},\"potentialAction\":[{\"@type\":\"SearchAction\",\"target\":{\"@type\":\"EntryPoint\",\"urlTemplate\":\"https:\/\/centre-assal.ch\/?s={search_term_string}\"},\"query-input\":{\"@type\":\"PropertyValueSpecification\",\"valueRequired\":true,\"valueName\":\"search_term_string\"}}],\"inLanguage\":\"en-GB\"},{\"@type\":\"Organization\",\"@id\":\"https:\/\/centre-assal.ch\/#organization\",\"name\":\"Centre Assal\",\"url\":\"https:\/\/centre-assal.ch\/\",\"logo\":{\"@type\":\"ImageObject\",\"inLanguage\":\"en-GB\",\"@id\":\"https:\/\/centre-assal.ch\/#\/schema\/logo\/image\/\",\"url\":\"https:\/\/centre-assal.ch\/wp-content\/uploads\/2025\/03\/Logo_CentreAssal_RVB-11.png\",\"contentUrl\":\"https:\/\/centre-assal.ch\/wp-content\/uploads\/2025\/03\/Logo_CentreAssal_RVB-11.png\",\"width\":220,\"height\":114,\"caption\":\"Centre Assal\"},\"image\":{\"@id\":\"https:\/\/centre-assal.ch\/#\/schema\/logo\/image\/\"},\"sameAs\":[\"https:\/\/www.instagram.com\/centre_assal\/\",\"https:\/\/www.linkedin.com\/company\/centre-assal\"]}]}<\/script>\n<!-- \/ Yoast SEO plugin. -->","yoast_head_json":{"title":"Mon premier rendez-vous et suivi - Centre Assal","description":"Premi\u00e8re consultation ou suivi au Centre ASSAL : soins personnalis\u00e9s et expertise en pathologies du pied, de la cheville et de la jambe.","robots":{"index":"index","follow":"follow","max-snippet":"max-snippet:-1","max-image-preview":"max-image-preview:large","max-video-preview":"max-video-preview:-1"},"canonical":"https:\/\/centre-assal.ch\/en\/mon-premier-rendez-vous-et-suivi\/","og_locale":"en_GB","og_type":"article","og_title":"Mon premier rendez-vous et suivi - Centre Assal","og_description":"Premi\u00e8re consultation ou suivi au Centre ASSAL : soins personnalis\u00e9s et expertise en pathologies du pied, de la cheville et de la jambe.","og_url":"https:\/\/centre-assal.ch\/en\/mon-premier-rendez-vous-et-suivi\/","og_site_name":"Centre Assal","article_modified_time":"2025-10-05T04:14:01+00:00","og_image":[{"url":"https:\/\/centre-assal.ch\/wp-content\/uploads\/2025\/06\/NAK_0227-3-scaled.jpg","type":"","width":"","height":""}],"twitter_card":"summary_large_image","twitter_misc":{"Estimated reading time":"2 minutes"},"schema":{"@context":"https:\/\/schema.org","@graph":[{"@type":"WebPage","@id":"https:\/\/centre-assal.ch\/mon-premier-rendez-vous-et-suivi\/","url":"https:\/\/centre-assal.ch\/mon-premier-rendez-vous-et-suivi\/","name":"Mon premier rendez-vous et suivi - Centre Assal","isPartOf":{"@id":"https:\/\/centre-assal.ch\/#website"},"primaryImageOfPage":{"@id":"https:\/\/centre-assal.ch\/mon-premier-rendez-vous-et-suivi\/#primaryimage"},"image":{"@id":"https:\/\/centre-assal.ch\/mon-premier-rendez-vous-et-suivi\/#primaryimage"},"thumbnailUrl":"https:\/\/centre-assal.ch\/wp-content\/uploads\/2025\/06\/NAK_0227-3-scaled.jpg","datePublished":"2025-05-21T14:09:38+00:00","dateModified":"2025-10-05T04:14:01+00:00","description":"Premi\u00e8re consultation ou suivi au Centre ASSAL : soins personnalis\u00e9s et expertise en pathologies du pied, de la cheville et de la jambe.","breadcrumb":{"@id":"https:\/\/centre-assal.ch\/mon-premier-rendez-vous-et-suivi\/#breadcrumb"},"inLanguage":"en-GB","potentialAction":[{"@type":"ReadAction","target":["https:\/\/centre-assal.ch\/mon-premier-rendez-vous-et-suivi\/"]}]},{"@type":"ImageObject","inLanguage":"en-GB","@id":"https:\/\/centre-assal.ch\/mon-premier-rendez-vous-et-suivi\/#primaryimage","url":"https:\/\/centre-assal.ch\/wp-content\/uploads\/2025\/06\/NAK_0227-3-scaled.jpg","contentUrl":"https:\/\/centre-assal.ch\/wp-content\/uploads\/2025\/06\/NAK_0227-3-scaled.jpg"},{"@type":"BreadcrumbList","@id":"https:\/\/centre-assal.ch\/mon-premier-rendez-vous-et-suivi\/#breadcrumb","itemListElement":[{"@type":"ListItem","position":1,"name":"Home","item":"https:\/\/centre-assal.ch\/"},{"@type":"ListItem","position":2,"name":"Mon premier rendez-vous et suivi"}]},{"@type":"WebSite","@id":"https:\/\/centre-assal.ch\/#website","url":"https:\/\/centre-assal.ch\/","name":"Centre Assal","description":"","publisher":{"@id":"https:\/\/centre-assal.ch\/#organization"},"potentialAction":[{"@type":"SearchAction","target":{"@type":"EntryPoint","urlTemplate":"https:\/\/centre-assal.ch\/?s={search_term_string}"},"query-input":{"@type":"PropertyValueSpecification","valueRequired":true,"valueName":"search_term_string"}}],"inLanguage":"en-GB"},{"@type":"Organization","@id":"https:\/\/centre-assal.ch\/#organization","name":"Centre Assal","url":"https:\/\/centre-assal.ch\/","logo":{"@type":"ImageObject","inLanguage":"en-GB","@id":"https:\/\/centre-assal.ch\/#\/schema\/logo\/image\/","url":"https:\/\/centre-assal.ch\/wp-content\/uploads\/2025\/03\/Logo_CentreAssal_RVB-11.png","contentUrl":"https:\/\/centre-assal.ch\/wp-content\/uploads\/2025\/03\/Logo_CentreAssal_RVB-11.png","width":220,"height":114,"caption":"Centre Assal"},"image":{"@id":"https:\/\/centre-assal.ch\/#\/schema\/logo\/image\/"},"sameAs":["https:\/\/www.instagram.com\/centre_assal\/","https:\/\/www.linkedin.com\/company\/centre-assal"]}]}},"_links":{"self":[{"href":"https:\/\/centre-assal.ch\/en\/wp-json\/wp\/v2\/pages\/14695","targetHints":{"allow":["GET"]}}],"collection":[{"href":"https:\/\/centre-assal.ch\/en\/wp-json\/wp\/v2\/pages"}],"about":[{"href":"https:\/\/centre-assal.ch\/en\/wp-json\/wp\/v2\/types\/page"}],"author":[{"embeddable":true,"href":"https:\/\/centre-assal.ch\/en\/wp-json\/wp\/v2\/users\/8"}],"replies":[{"embeddable":true,"href":"https:\/\/centre-assal.ch\/en\/wp-json\/wp\/v2\/comments?post=14695"}],"version-history":[{"count":5,"href":"https:\/\/centre-assal.ch\/en\/wp-json\/wp\/v2\/pages\/14695\/revisions"}],"predecessor-version":[{"id":17633,"href":"https:\/\/centre-assal.ch\/en\/wp-json\/wp\/v2\/pages\/14695\/revisions\/17633"}],"wp:attachment":[{"href":"https:\/\/centre-assal.ch\/en\/wp-json\/wp\/v2\/media?parent=14695"}],"curies":[{"name":"wp","href":"https:\/\/api.w.org\/{rel}","templated":true}]}}