{"id":15792,"date":"2025-06-25T19:03:05","date_gmt":"2025-06-25T17:03:05","guid":{"rendered":"https:\/\/preview.centre-assal.ch\/?page_id=15792"},"modified":"2025-10-06T10:08:18","modified_gmt":"2025-10-06T08:08:18","slug":"assistee-par-ordinateur","status":"publish","type":"page","link":"https:\/\/centre-assal.ch\/en\/traitements\/chirurgie\/assistee-par-ordinateur\/","title":{"rendered":"Assist\u00e9e par ordinateur"},"content":{"rendered":"<div data-elementor-type=\"wp-page\" data-elementor-id=\"15792\" class=\"elementor elementor-15792\" data-elementor-post-type=\"page\">\n\t\t\t\t<div class=\"elementor-element elementor-element-b55d463 e-con-full e-flex e-con e-parent\" data-id=\"b55d463\" data-element_type=\"container\" data-settings=\"{&quot;background_background&quot;:&quot;classic&quot;}\">\n\t\t<div class=\"elementor-element elementor-element-d3c708c e-con-full e-flex e-con e-child\" data-id=\"d3c708c\" data-element_type=\"container\" data-settings=\"{&quot;background_background&quot;:&quot;classic&quot;}\">\n\t\t\t\t<div class=\"elementor-element elementor-element-304b84a elementor-widget elementor-widget-heading\" data-id=\"304b84a\" data-element_type=\"widget\" data-widget_type=\"heading.default\">\n\t\t\t\t<div class=\"elementor-widget-container\">\n\t\t\t\t\t<h2 class=\"elementor-heading-title elementor-size-default\">Computer-assisted surgery<\/h2>\t\t\t\t<\/div>\n\t\t\t\t<\/div>\n\t\t\t\t<\/div>\n\t\t\t\t<\/div>\n\t\t<div class=\"elementor-element elementor-element-3ac5937 e-con-full e-flex e-con e-parent\" data-id=\"3ac5937\" data-element_type=\"container\">\n\t\t\t\t<div class=\"elementor-element elementor-element-bd244ca elementor-icon-list--layout-inline elementor-align-start menu-page-chirurgie elementor-list-item-link-full_width elementor-widget elementor-widget-icon-list\" data-id=\"bd244ca\" data-element_type=\"widget\" data-widget_type=\"icon-list.default\">\n\t\t\t\t<div class=\"elementor-widget-container\">\n\t\t\t\t\t\t\t<ul class=\"elementor-icon-list-items elementor-inline-items\">\n\t\t\t\t\t\t\t<li class=\"elementor-icon-list-item elementor-inline-item\">\n\t\t\t\t\t\t\t\t\t\t\t<a href=\"https:\/\/centre-assal.ch\/en\">\n\n\t\t\t\t\t\t\t\t\t\t\t<span class=\"elementor-icon-list-text\">Home<\/span>\n\t\t\t\t\t\t\t\t\t\t\t<\/a>\n\t\t\t\t\t\t\t\t\t<\/li>\n\t\t\t\t\t\t\t\t<li class=\"elementor-icon-list-item elementor-inline-item\">\n\t\t\t\t\t\t\t\t\t\t\t<a href=\"\/en\/traitements\/\">\n\n\t\t\t\t\t\t\t\t\t\t\t\t<span class=\"elementor-icon-list-icon\">\n\t\t\t\t\t\t\t<svg aria-hidden=\"true\" class=\"e-font-icon-svg e-fas-angle-right\" viewbox=\"0 0 256 512\" xmlns=\"http:\/\/www.w3.org\/2000\/svg\"><path d=\"M224.3 273l-136 136c-9.4 9.4-24.6 9.4-33.9 0l-22.6-22.6c-9.4-9.4-9.4-24.6 0-33.9l96.4-96.4-96.4-96.4c-9.4-9.4-9.4-24.6 0-33.9L54.3 103c9.4-9.4 24.6-9.4 33.9 0l136 136c9.5 9.4 9.5 24.6.1 34z\"><\/path><\/svg>\t\t\t\t\t\t<\/span>\n\t\t\t\t\t\t\t\t\t\t<span class=\"elementor-icon-list-text\">Treatments<\/span>\n\t\t\t\t\t\t\t\t\t\t\t<\/a>\n\t\t\t\t\t\t\t\t\t<\/li>\n\t\t\t\t\t\t\t\t<li class=\"elementor-icon-list-item elementor-inline-item\">\n\t\t\t\t\t\t\t\t\t\t\t<a href=\"\/en\/traitements\/chirurgie\/\">\n\n\t\t\t\t\t\t\t\t\t\t\t\t<span class=\"elementor-icon-list-icon\">\n\t\t\t\t\t\t\t<svg aria-hidden=\"true\" class=\"e-font-icon-svg e-fas-angle-right\" viewbox=\"0 0 256 512\" xmlns=\"http:\/\/www.w3.org\/2000\/svg\"><path d=\"M224.3 273l-136 136c-9.4 9.4-24.6 9.4-33.9 0l-22.6-22.6c-9.4-9.4-9.4-24.6 0-33.9l96.4-96.4-96.4-96.4c-9.4-9.4-9.4-24.6 0-33.9L54.3 103c9.4-9.4 24.6-9.4 33.9 0l136 136c9.5 9.4 9.5 24.6.1 34z\"><\/path><\/svg>\t\t\t\t\t\t<\/span>\n\t\t\t\t\t\t\t\t\t\t<span class=\"elementor-icon-list-text\">Surgery<\/span>\n\t\t\t\t\t\t\t\t\t\t\t<\/a>\n\t\t\t\t\t\t\t\t\t<\/li>\n\t\t\t\t\t\t\t\t<li class=\"elementor-icon-list-item elementor-inline-item\">\n\t\t\t\t\t\t\t\t\t\t\t<a href=\"#\">\n\n\t\t\t\t\t\t\t\t\t\t\t\t<span class=\"elementor-icon-list-icon\">\n\t\t\t\t\t\t\t<svg aria-hidden=\"true\" class=\"e-font-icon-svg e-fas-angle-right\" viewbox=\"0 0 256 512\" xmlns=\"http:\/\/www.w3.org\/2000\/svg\"><path d=\"M224.3 273l-136 136c-9.4 9.4-24.6 9.4-33.9 0l-22.6-22.6c-9.4-9.4-9.4-24.6 0-33.9l96.4-96.4-96.4-96.4c-9.4-9.4-9.4-24.6 0-33.9L54.3 103c9.4-9.4 24.6-9.4 33.9 0l136 136c9.5 9.4 9.5 24.6.1 34z\"><\/path><\/svg>\t\t\t\t\t\t<\/span>\n\t\t\t\t\t\t\t\t\t\t<span class=\"elementor-icon-list-text\"><b>Computer-assisted surgery<\/b><\/span>\n\t\t\t\t\t\t\t\t\t\t\t<\/a>\n\t\t\t\t\t\t\t\t\t<\/li>\n\t\t\t\t\t\t<\/ul>\n\t\t\t\t\t\t<\/div>\n\t\t\t\t<\/div>\n\t\t\t\t<\/div>\n\t\t<div class=\"elementor-element elementor-element-a8d8d5f assiste-par-ordinateur tab2 e-flex e-con-boxed e-con e-parent\" data-id=\"a8d8d5f\" data-element_type=\"container\">\n\t\t\t\t\t<div class=\"e-con-inner\">\n\t\t<div class=\"elementor-element elementor-element-cad9acf e-con-full e-flex e-con e-child\" data-id=\"cad9acf\" data-element_type=\"container\">\n\t\t<div class=\"elementor-element elementor-element-11fd48e e-con-full e-flex e-con e-child\" data-id=\"11fd48e\" data-element_type=\"container\">\n\t\t<div class=\"elementor-element elementor-element-37a6ffd e-con-full e-flex e-con e-child\" data-id=\"37a6ffd\" data-element_type=\"container\" data-settings=\"{&quot;background_background&quot;:&quot;classic&quot;}\">\n\t\t\t\t<div class=\"elementor-element elementor-element-48ec4ad elementor-widget elementor-widget-heading\" data-id=\"48ec4ad\" data-element_type=\"widget\" data-widget_type=\"heading.default\">\n\t\t\t\t<div class=\"elementor-widget-container\">\n\t\t\t\t\t<h4 class=\"elementor-heading-title elementor-size-default\">Computer-assisted surgery<\/h4>\t\t\t\t<\/div>\n\t\t\t\t<\/div>\n\t\t\t\t<div class=\"elementor-element elementor-element-a7b637b elementor-widget elementor-widget-text-editor\" data-id=\"a7b637b\" data-element_type=\"widget\" data-widget_type=\"text-editor.default\">\n\t\t\t\t<div class=\"elementor-widget-container\">\n\t\t\t\t\t\t\t\t\t<p>When surgical treatment is deemed necessary, technology can be used to support the medical procedure to ensure maximum precision. Depending on the specifics of certain fractures, deformities or alignment defects, computer-assisted foot and ankle surgery can facilitate procedures in the affected areas. As a pioneering player in this field, Centre ASSAL has developed a treatment protocol for these types of procedures.<\/p>\t\t\t\t\t\t\t\t<\/div>\n\t\t\t\t<\/div>\n\t\t\t\t<\/div>\n\t\t\t\t<div class=\"elementor-element elementor-element-0f1325c elementor-widget elementor-widget-image\" data-id=\"0f1325c\" data-element_type=\"widget\" data-widget_type=\"image.default\">\n\t\t\t\t<div class=\"elementor-widget-container\">\n\t\t\t\t\t\t\t\t\t\t\t\t\t\t\t<img fetchpriority=\"high\" decoding=\"async\" width=\"800\" height=\"600\" src=\"https:\/\/centre-assal.ch\/wp-content\/uploads\/2025\/06\/Chirurgie-1024x768.jpg\" class=\"attachment-large size-large wp-image-15464\" alt=\"\" srcset=\"https:\/\/centre-assal.ch\/wp-content\/uploads\/2025\/06\/Chirurgie-1024x768.jpg 1024w, https:\/\/centre-assal.ch\/wp-content\/uploads\/2025\/06\/Chirurgie-300x225.jpg 300w, https:\/\/centre-assal.ch\/wp-content\/uploads\/2025\/06\/Chirurgie-768x576.jpg 768w, https:\/\/centre-assal.ch\/wp-content\/uploads\/2025\/06\/Chirurgie-16x12.jpg 16w, https:\/\/centre-assal.ch\/wp-content\/uploads\/2025\/06\/Chirurgie.jpg 1200w\" sizes=\"(max-width: 800px) 100vw, 800px\" \/>\t\t\t\t\t\t\t\t\t\t\t\t\t\t\t<\/div>\n\t\t\t\t<\/div>\n\t\t\t\t<\/div>\n\t\t<div class=\"elementor-element elementor-element-f035b8b e-con-full e-flex e-con e-child\" data-id=\"f035b8b\" data-element_type=\"container\">\n\t\t<div class=\"elementor-element elementor-element-1e47f3c e-con-full e-flex e-con e-child\" data-id=\"1e47f3c\" data-element_type=\"container\">\n\t\t\t\t<div class=\"elementor-element elementor-element-9ff8fee elementor-widget elementor-widget-heading\" data-id=\"9ff8fee\" data-element_type=\"widget\" data-widget_type=\"heading.default\">\n\t\t\t\t<div class=\"elementor-widget-container\">\n\t\t\t\t\t<h4 class=\"elementor-heading-title elementor-size-default\">Fractures<\/h4>\t\t\t\t<\/div>\n\t\t\t\t<\/div>\n\t\t\t\t<div class=\"elementor-element elementor-element-6b9d37d elementor-widget elementor-widget-text-editor\" data-id=\"6b9d37d\" data-element_type=\"widget\" data-widget_type=\"text-editor.default\">\n\t\t\t\t<div class=\"elementor-widget-container\">\n\t\t\t\t\t\t\t\t\t<p>When fractured bones need to be joined back together, computer-assisted surgery allows the surgeon to work with millimeter-level precision. This makes the procedure safer both in terms of implant placement and outcome.<\/p>\t\t\t\t\t\t\t\t<\/div>\n\t\t\t\t<\/div>\n\t\t\t\t<\/div>\n\t\t<div class=\"elementor-element elementor-element-bab96a9 e-con-full e-flex e-con e-child\" data-id=\"bab96a9\" data-element_type=\"container\">\n\t\t\t\t<div class=\"elementor-element elementor-element-ece9467 elementor-widget elementor-widget-heading\" data-id=\"ece9467\" data-element_type=\"widget\" data-widget_type=\"heading.default\">\n\t\t\t\t<div class=\"elementor-widget-container\">\n\t\t\t\t\t<h4 class=\"elementor-heading-title elementor-size-default\">Fusion<\/h4>\t\t\t\t<\/div>\n\t\t\t\t<\/div>\n\t\t\t\t<div class=\"elementor-element elementor-element-6e39b87 elementor-widget elementor-widget-text-editor\" data-id=\"6e39b87\" data-element_type=\"widget\" data-widget_type=\"text-editor.default\">\n\t\t\t\t<div class=\"elementor-widget-container\">\n\t\t\t\t\t\t\t\t\t<p>Certain fusion procedures, where cartilage is removed from two adjacent bones to join them, also use computer technology to optimize implant placement. This type of foot or ankle surgery is used with severe deformities such as Lisfranc injuries, flat feet, heel misalignment, etc.<\/p>\t\t\t\t\t\t\t\t<\/div>\n\t\t\t\t<\/div>\n\t\t\t\t<\/div>\n\t\t<div class=\"elementor-element elementor-element-af159a5 e-con-full e-flex e-con e-child\" data-id=\"af159a5\" data-element_type=\"container\">\n\t\t\t\t<div class=\"elementor-element elementor-element-ab048ed elementor-widget elementor-widget-heading\" data-id=\"ab048ed\" data-element_type=\"widget\" data-widget_type=\"heading.default\">\n\t\t\t\t<div class=\"elementor-widget-container\">\n\t\t\t\t\t<h4 class=\"elementor-heading-title elementor-size-default\">Osteotomy<\/h4>\t\t\t\t<\/div>\n\t\t\t\t<\/div>\n\t\t\t\t<div class=\"elementor-element elementor-element-bd57457 elementor-widget elementor-widget-text-editor\" data-id=\"bd57457\" data-element_type=\"widget\" data-widget_type=\"text-editor.default\">\n\t\t\t\t<div class=\"elementor-widget-container\">\n\t\t\t\t\t\t\t\t\t<p>In order to make the precise bone cut needed to restore a joint\u2019s natural alignment, the use of computer technology in certain cases can increase the effectiveness of the foot and ankle surgery, while ensuring optimal placement of the surgical implants.<\/p>\t\t\t\t\t\t\t\t<\/div>\n\t\t\t\t<\/div>\n\t\t\t\t<\/div>\n\t\t\t\t<\/div>\n\t\t\t\t<\/div>\n\t\t\t\t\t<\/div>\n\t\t\t\t<\/div>\n\t\t\t\t<\/div>","protected":false},"excerpt":{"rendered":"<p>Chirurgie assist\u00e9e par ordinateur Accueil Traitements Chirurgie Chirurgie assist\u00e9e par ordinateur Chirurgie assist\u00e9e par ordinateur Lorsqu\u2019une op\u00e9ration est jug\u00e9e n\u00e9cessaire, la technologie peut venir soutenir le geste m\u00e9dical pour lui offrir un maximum de pr\u00e9cision. Suivant les caract\u00e9ristiques de certaines fractures, d\u00e9formations ou certains d\u00e9fauts d\u2019alignement, la chirurgie du pied ou de la cheville assist\u00e9e [&hellip;]<\/p>","protected":false},"author":18,"featured_media":0,"parent":3292,"menu_order":0,"comment_status":"closed","ping_status":"closed","template":"elementor_header_footer","meta":{"_acf_changed":false,"footnotes":""},"class_list":["post-15792","page","type-page","status-publish","hentry"],"acf":[],"yoast_head":"<!-- This site is optimized with the Yoast SEO plugin v26.8 - https:\/\/yoast.com\/product\/yoast-seo-wordpress\/ -->\n<title>Assist\u00e9e par ordinateur - Centre Assal<\/title>\n<meta name=\"description\" content=\"D\u00e9couvrez la chirurgie du pied et de la cheville assist\u00e9e par ordinateur au Centre ASSAL : pr\u00e9cision millim\u00e9trique, fusion osseuse et ost\u00e9otomie optimis\u00e9es.\" \/>\n<meta name=\"robots\" content=\"index, follow, max-snippet:-1, max-image-preview:large, max-video-preview:-1\" \/>\n<link rel=\"canonical\" href=\"https:\/\/centre-assal.ch\/en\/traitements\/chirurgie\/assistee-par-ordinateur\/\" \/>\n<meta property=\"og:locale\" content=\"en_GB\" \/>\n<meta property=\"og:type\" content=\"article\" \/>\n<meta property=\"og:title\" content=\"Assist\u00e9e par ordinateur - Centre Assal\" \/>\n<meta property=\"og:description\" content=\"D\u00e9couvrez la chirurgie du pied et de la cheville assist\u00e9e par ordinateur au Centre ASSAL : pr\u00e9cision millim\u00e9trique, fusion osseuse et ost\u00e9otomie optimis\u00e9es.\" \/>\n<meta property=\"og:url\" content=\"https:\/\/centre-assal.ch\/en\/traitements\/chirurgie\/assistee-par-ordinateur\/\" \/>\n<meta property=\"og:site_name\" content=\"Centre Assal\" \/>\n<meta property=\"article:modified_time\" content=\"2025-10-06T08:08:18+00:00\" \/>\n<meta property=\"og:image\" content=\"https:\/\/centre-assal.ch\/wp-content\/uploads\/2025\/06\/Chirurgie-1024x768.jpg\" \/>\n<meta name=\"twitter:card\" content=\"summary_large_image\" \/>\n<meta name=\"twitter:label1\" content=\"Estimated reading time\" \/>\n\t<meta name=\"twitter:data1\" content=\"2 minutes\" \/>\n<script type=\"application\/ld+json\" class=\"yoast-schema-graph\">{\"@context\":\"https:\/\/schema.org\",\"@graph\":[{\"@type\":\"WebPage\",\"@id\":\"https:\/\/centre-assal.ch\/traitements\/chirurgie\/assistee-par-ordinateur\/\",\"url\":\"https:\/\/centre-assal.ch\/traitements\/chirurgie\/assistee-par-ordinateur\/\",\"name\":\"Assist\u00e9e par ordinateur - Centre Assal\",\"isPartOf\":{\"@id\":\"https:\/\/centre-assal.ch\/#website\"},\"primaryImageOfPage\":{\"@id\":\"https:\/\/centre-assal.ch\/traitements\/chirurgie\/assistee-par-ordinateur\/#primaryimage\"},\"image\":{\"@id\":\"https:\/\/centre-assal.ch\/traitements\/chirurgie\/assistee-par-ordinateur\/#primaryimage\"},\"thumbnailUrl\":\"https:\/\/centre-assal.ch\/wp-content\/uploads\/2025\/06\/Chirurgie-1024x768.jpg\",\"datePublished\":\"2025-06-25T17:03:05+00:00\",\"dateModified\":\"2025-10-06T08:08:18+00:00\",\"description\":\"D\u00e9couvrez la chirurgie du pied et de la cheville assist\u00e9e par ordinateur au Centre ASSAL : pr\u00e9cision millim\u00e9trique, fusion osseuse et ost\u00e9otomie optimis\u00e9es.\",\"breadcrumb\":{\"@id\":\"https:\/\/centre-assal.ch\/traitements\/chirurgie\/assistee-par-ordinateur\/#breadcrumb\"},\"inLanguage\":\"en-GB\",\"potentialAction\":[{\"@type\":\"ReadAction\",\"target\":[\"https:\/\/centre-assal.ch\/traitements\/chirurgie\/assistee-par-ordinateur\/\"]}]},{\"@type\":\"ImageObject\",\"inLanguage\":\"en-GB\",\"@id\":\"https:\/\/centre-assal.ch\/traitements\/chirurgie\/assistee-par-ordinateur\/#primaryimage\",\"url\":\"https:\/\/centre-assal.ch\/wp-content\/uploads\/2025\/06\/Chirurgie-1024x768.jpg\",\"contentUrl\":\"https:\/\/centre-assal.ch\/wp-content\/uploads\/2025\/06\/Chirurgie-1024x768.jpg\"},{\"@type\":\"BreadcrumbList\",\"@id\":\"https:\/\/centre-assal.ch\/traitements\/chirurgie\/assistee-par-ordinateur\/#breadcrumb\",\"itemListElement\":[{\"@type\":\"ListItem\",\"position\":1,\"name\":\"Home\",\"item\":\"https:\/\/centre-assal.ch\/\"},{\"@type\":\"ListItem\",\"position\":2,\"name\":\"Traitements\",\"item\":\"https:\/\/centre-assal.ch\/traitements\/\"},{\"@type\":\"ListItem\",\"position\":3,\"name\":\"Chirurgie\",\"item\":\"https:\/\/centre-assal.ch\/traitements\/chirurgie\/\"},{\"@type\":\"ListItem\",\"position\":4,\"name\":\"Assist\u00e9e par ordinateur\"}]},{\"@type\":\"WebSite\",\"@id\":\"https:\/\/centre-assal.ch\/#website\",\"url\":\"https:\/\/centre-assal.ch\/\",\"name\":\"Centre Assal\",\"description\":\"\",\"publisher\":{\"@id\":\"https:\/\/centre-assal.ch\/#organization\"},\"potentialAction\":[{\"@type\":\"SearchAction\",\"target\":{\"@type\":\"EntryPoint\",\"urlTemplate\":\"https:\/\/centre-assal.ch\/?s={search_term_string}\"},\"query-input\":{\"@type\":\"PropertyValueSpecification\",\"valueRequired\":true,\"valueName\":\"search_term_string\"}}],\"inLanguage\":\"en-GB\"},{\"@type\":\"Organization\",\"@id\":\"https:\/\/centre-assal.ch\/#organization\",\"name\":\"Centre Assal\",\"url\":\"https:\/\/centre-assal.ch\/\",\"logo\":{\"@type\":\"ImageObject\",\"inLanguage\":\"en-GB\",\"@id\":\"https:\/\/centre-assal.ch\/#\/schema\/logo\/image\/\",\"url\":\"https:\/\/centre-assal.ch\/wp-content\/uploads\/2025\/03\/Logo_CentreAssal_RVB-11.png\",\"contentUrl\":\"https:\/\/centre-assal.ch\/wp-content\/uploads\/2025\/03\/Logo_CentreAssal_RVB-11.png\",\"width\":220,\"height\":114,\"caption\":\"Centre Assal\"},\"image\":{\"@id\":\"https:\/\/centre-assal.ch\/#\/schema\/logo\/image\/\"},\"sameAs\":[\"https:\/\/www.instagram.com\/centre_assal\/\",\"https:\/\/www.linkedin.com\/company\/centre-assal\"]}]}<\/script>\n<!-- \/ Yoast SEO plugin. -->","yoast_head_json":{"title":"Assist\u00e9e par ordinateur - Centre Assal","description":"D\u00e9couvrez la chirurgie du pied et de la cheville assist\u00e9e par ordinateur au Centre ASSAL : pr\u00e9cision millim\u00e9trique, fusion osseuse et ost\u00e9otomie optimis\u00e9es.","robots":{"index":"index","follow":"follow","max-snippet":"max-snippet:-1","max-image-preview":"max-image-preview:large","max-video-preview":"max-video-preview:-1"},"canonical":"https:\/\/centre-assal.ch\/en\/traitements\/chirurgie\/assistee-par-ordinateur\/","og_locale":"en_GB","og_type":"article","og_title":"Assist\u00e9e par ordinateur - Centre Assal","og_description":"D\u00e9couvrez la chirurgie du pied et de la cheville assist\u00e9e par ordinateur au Centre ASSAL : pr\u00e9cision millim\u00e9trique, fusion osseuse et ost\u00e9otomie optimis\u00e9es.","og_url":"https:\/\/centre-assal.ch\/en\/traitements\/chirurgie\/assistee-par-ordinateur\/","og_site_name":"Centre Assal","article_modified_time":"2025-10-06T08:08:18+00:00","og_image":[{"url":"https:\/\/centre-assal.ch\/wp-content\/uploads\/2025\/06\/Chirurgie-1024x768.jpg","type":"","width":"","height":""}],"twitter_card":"summary_large_image","twitter_misc":{"Estimated reading time":"2 minutes"},"schema":{"@context":"https:\/\/schema.org","@graph":[{"@type":"WebPage","@id":"https:\/\/centre-assal.ch\/traitements\/chirurgie\/assistee-par-ordinateur\/","url":"https:\/\/centre-assal.ch\/traitements\/chirurgie\/assistee-par-ordinateur\/","name":"Assist\u00e9e par ordinateur - Centre Assal","isPartOf":{"@id":"https:\/\/centre-assal.ch\/#website"},"primaryImageOfPage":{"@id":"https:\/\/centre-assal.ch\/traitements\/chirurgie\/assistee-par-ordinateur\/#primaryimage"},"image":{"@id":"https:\/\/centre-assal.ch\/traitements\/chirurgie\/assistee-par-ordinateur\/#primaryimage"},"thumbnailUrl":"https:\/\/centre-assal.ch\/wp-content\/uploads\/2025\/06\/Chirurgie-1024x768.jpg","datePublished":"2025-06-25T17:03:05+00:00","dateModified":"2025-10-06T08:08:18+00:00","description":"D\u00e9couvrez la chirurgie du pied et de la cheville assist\u00e9e par ordinateur au Centre ASSAL : pr\u00e9cision millim\u00e9trique, fusion osseuse et ost\u00e9otomie optimis\u00e9es.","breadcrumb":{"@id":"https:\/\/centre-assal.ch\/traitements\/chirurgie\/assistee-par-ordinateur\/#breadcrumb"},"inLanguage":"en-GB","potentialAction":[{"@type":"ReadAction","target":["https:\/\/centre-assal.ch\/traitements\/chirurgie\/assistee-par-ordinateur\/"]}]},{"@type":"ImageObject","inLanguage":"en-GB","@id":"https:\/\/centre-assal.ch\/traitements\/chirurgie\/assistee-par-ordinateur\/#primaryimage","url":"https:\/\/centre-assal.ch\/wp-content\/uploads\/2025\/06\/Chirurgie-1024x768.jpg","contentUrl":"https:\/\/centre-assal.ch\/wp-content\/uploads\/2025\/06\/Chirurgie-1024x768.jpg"},{"@type":"BreadcrumbList","@id":"https:\/\/centre-assal.ch\/traitements\/chirurgie\/assistee-par-ordinateur\/#breadcrumb","itemListElement":[{"@type":"ListItem","position":1,"name":"Home","item":"https:\/\/centre-assal.ch\/"},{"@type":"ListItem","position":2,"name":"Traitements","item":"https:\/\/centre-assal.ch\/traitements\/"},{"@type":"ListItem","position":3,"name":"Chirurgie","item":"https:\/\/centre-assal.ch\/traitements\/chirurgie\/"},{"@type":"ListItem","position":4,"name":"Assist\u00e9e par ordinateur"}]},{"@type":"WebSite","@id":"https:\/\/centre-assal.ch\/#website","url":"https:\/\/centre-assal.ch\/","name":"Centre Assal","description":"","publisher":{"@id":"https:\/\/centre-assal.ch\/#organization"},"potentialAction":[{"@type":"SearchAction","target":{"@type":"EntryPoint","urlTemplate":"https:\/\/centre-assal.ch\/?s={search_term_string}"},"query-input":{"@type":"PropertyValueSpecification","valueRequired":true,"valueName":"search_term_string"}}],"inLanguage":"en-GB"},{"@type":"Organization","@id":"https:\/\/centre-assal.ch\/#organization","name":"Centre Assal","url":"https:\/\/centre-assal.ch\/","logo":{"@type":"ImageObject","inLanguage":"en-GB","@id":"https:\/\/centre-assal.ch\/#\/schema\/logo\/image\/","url":"https:\/\/centre-assal.ch\/wp-content\/uploads\/2025\/03\/Logo_CentreAssal_RVB-11.png","contentUrl":"https:\/\/centre-assal.ch\/wp-content\/uploads\/2025\/03\/Logo_CentreAssal_RVB-11.png","width":220,"height":114,"caption":"Centre Assal"},"image":{"@id":"https:\/\/centre-assal.ch\/#\/schema\/logo\/image\/"},"sameAs":["https:\/\/www.instagram.com\/centre_assal\/","https:\/\/www.linkedin.com\/company\/centre-assal"]}]}},"_links":{"self":[{"href":"https:\/\/centre-assal.ch\/en\/wp-json\/wp\/v2\/pages\/15792","targetHints":{"allow":["GET"]}}],"collection":[{"href":"https:\/\/centre-assal.ch\/en\/wp-json\/wp\/v2\/pages"}],"about":[{"href":"https:\/\/centre-assal.ch\/en\/wp-json\/wp\/v2\/types\/page"}],"author":[{"embeddable":true,"href":"https:\/\/centre-assal.ch\/en\/wp-json\/wp\/v2\/users\/18"}],"replies":[{"embeddable":true,"href":"https:\/\/centre-assal.ch\/en\/wp-json\/wp\/v2\/comments?post=15792"}],"version-history":[{"count":22,"href":"https:\/\/centre-assal.ch\/en\/wp-json\/wp\/v2\/pages\/15792\/revisions"}],"predecessor-version":[{"id":17660,"href":"https:\/\/centre-assal.ch\/en\/wp-json\/wp\/v2\/pages\/15792\/revisions\/17660"}],"up":[{"embeddable":true,"href":"https:\/\/centre-assal.ch\/en\/wp-json\/wp\/v2\/pages\/3292"}],"wp:attachment":[{"href":"https:\/\/centre-assal.ch\/en\/wp-json\/wp\/v2\/media?parent=15792"}],"curies":[{"name":"wp","href":"https:\/\/api.w.org\/{rel}","templated":true}]}}