{"id":15794,"date":"2025-06-25T19:03:41","date_gmt":"2025-06-25T17:03:41","guid":{"rendered":"https:\/\/preview.centre-assal.ch\/?page_id=15794"},"modified":"2025-10-06T10:25:10","modified_gmt":"2025-10-06T08:25:10","slug":"conventionnelle","status":"publish","type":"page","link":"https:\/\/centre-assal.ch\/en\/traitements\/chirurgie\/conventionnelle\/","title":{"rendered":"Conventionnelle"},"content":{"rendered":"<div data-elementor-type=\"wp-page\" data-elementor-id=\"15794\" class=\"elementor elementor-15794\" data-elementor-post-type=\"page\">\n\t\t\t\t<div class=\"elementor-element elementor-element-b55d463 e-con-full e-flex e-con e-parent\" data-id=\"b55d463\" data-element_type=\"container\" data-settings=\"{&quot;background_background&quot;:&quot;classic&quot;}\">\n\t\t<div class=\"elementor-element elementor-element-d3c708c e-con-full e-flex e-con e-child\" data-id=\"d3c708c\" data-element_type=\"container\" data-settings=\"{&quot;background_background&quot;:&quot;classic&quot;}\">\n\t\t\t\t<div class=\"elementor-element elementor-element-304b84a elementor-widget elementor-widget-heading\" data-id=\"304b84a\" data-element_type=\"widget\" data-widget_type=\"heading.default\">\n\t\t\t\t<div class=\"elementor-widget-container\">\n\t\t\t\t\t<h2 class=\"elementor-heading-title elementor-size-default\">Surgery<\/h2>\t\t\t\t<\/div>\n\t\t\t\t<\/div>\n\t\t\t\t<\/div>\n\t\t\t\t<\/div>\n\t\t<div class=\"elementor-element elementor-element-3ac5937 e-con-full e-flex e-con e-parent\" data-id=\"3ac5937\" data-element_type=\"container\">\n\t\t\t\t<div class=\"elementor-element elementor-element-bd244ca elementor-icon-list--layout-inline elementor-align-start menu-page-chirurgie elementor-list-item-link-full_width elementor-widget elementor-widget-icon-list\" data-id=\"bd244ca\" data-element_type=\"widget\" data-widget_type=\"icon-list.default\">\n\t\t\t\t<div class=\"elementor-widget-container\">\n\t\t\t\t\t\t\t<ul class=\"elementor-icon-list-items elementor-inline-items\">\n\t\t\t\t\t\t\t<li class=\"elementor-icon-list-item elementor-inline-item\">\n\t\t\t\t\t\t\t\t\t\t\t<a href=\"https:\/\/centre-assal.ch\/en\">\n\n\t\t\t\t\t\t\t\t\t\t\t<span class=\"elementor-icon-list-text\">Home<\/span>\n\t\t\t\t\t\t\t\t\t\t\t<\/a>\n\t\t\t\t\t\t\t\t\t<\/li>\n\t\t\t\t\t\t\t\t<li class=\"elementor-icon-list-item elementor-inline-item\">\n\t\t\t\t\t\t\t\t\t\t\t<a href=\"\/en\/traitements\/\">\n\n\t\t\t\t\t\t\t\t\t\t\t\t<span class=\"elementor-icon-list-icon\">\n\t\t\t\t\t\t\t<svg aria-hidden=\"true\" class=\"e-font-icon-svg e-fas-angle-right\" viewbox=\"0 0 256 512\" xmlns=\"http:\/\/www.w3.org\/2000\/svg\"><path d=\"M224.3 273l-136 136c-9.4 9.4-24.6 9.4-33.9 0l-22.6-22.6c-9.4-9.4-9.4-24.6 0-33.9l96.4-96.4-96.4-96.4c-9.4-9.4-9.4-24.6 0-33.9L54.3 103c9.4-9.4 24.6-9.4 33.9 0l136 136c9.5 9.4 9.5 24.6.1 34z\"><\/path><\/svg>\t\t\t\t\t\t<\/span>\n\t\t\t\t\t\t\t\t\t\t<span class=\"elementor-icon-list-text\">Treatments<\/span>\n\t\t\t\t\t\t\t\t\t\t\t<\/a>\n\t\t\t\t\t\t\t\t\t<\/li>\n\t\t\t\t\t\t\t\t<li class=\"elementor-icon-list-item elementor-inline-item\">\n\t\t\t\t\t\t\t\t\t\t\t<a href=\"\/en\/traitements\/chirurgie\/\">\n\n\t\t\t\t\t\t\t\t\t\t\t\t<span class=\"elementor-icon-list-icon\">\n\t\t\t\t\t\t\t<svg aria-hidden=\"true\" class=\"e-font-icon-svg e-fas-angle-right\" viewbox=\"0 0 256 512\" xmlns=\"http:\/\/www.w3.org\/2000\/svg\"><path d=\"M224.3 273l-136 136c-9.4 9.4-24.6 9.4-33.9 0l-22.6-22.6c-9.4-9.4-9.4-24.6 0-33.9l96.4-96.4-96.4-96.4c-9.4-9.4-9.4-24.6 0-33.9L54.3 103c9.4-9.4 24.6-9.4 33.9 0l136 136c9.5 9.4 9.5 24.6.1 34z\"><\/path><\/svg>\t\t\t\t\t\t<\/span>\n\t\t\t\t\t\t\t\t\t\t<span class=\"elementor-icon-list-text\">Surgery<\/span>\n\t\t\t\t\t\t\t\t\t\t\t<\/a>\n\t\t\t\t\t\t\t\t\t<\/li>\n\t\t\t\t\t\t\t\t<li class=\"elementor-icon-list-item elementor-inline-item\">\n\t\t\t\t\t\t\t\t\t\t\t<a href=\"#\">\n\n\t\t\t\t\t\t\t\t\t\t\t\t<span class=\"elementor-icon-list-icon\">\n\t\t\t\t\t\t\t<svg aria-hidden=\"true\" class=\"e-font-icon-svg e-fas-angle-right\" viewbox=\"0 0 256 512\" xmlns=\"http:\/\/www.w3.org\/2000\/svg\"><path d=\"M224.3 273l-136 136c-9.4 9.4-24.6 9.4-33.9 0l-22.6-22.6c-9.4-9.4-9.4-24.6 0-33.9l96.4-96.4-96.4-96.4c-9.4-9.4-9.4-24.6 0-33.9L54.3 103c9.4-9.4 24.6-9.4 33.9 0l136 136c9.5 9.4 9.5 24.6.1 34z\"><\/path><\/svg>\t\t\t\t\t\t<\/span>\n\t\t\t\t\t\t\t\t\t\t<span class=\"elementor-icon-list-text\"><b>Surgery<\/b><\/span>\n\t\t\t\t\t\t\t\t\t\t\t<\/a>\n\t\t\t\t\t\t\t\t\t<\/li>\n\t\t\t\t\t\t<\/ul>\n\t\t\t\t\t\t<\/div>\n\t\t\t\t<\/div>\n\t\t\t\t<\/div>\n\t\t<div class=\"elementor-element elementor-element-f540d1f e-con-full conventionnelle tab3 e-flex e-con e-parent\" data-id=\"f540d1f\" data-element_type=\"container\">\n\t\t<div class=\"elementor-element elementor-element-66150eb e-con-full e-flex e-con e-child\" data-id=\"66150eb\" data-element_type=\"container\">\n\t\t<div class=\"elementor-element elementor-element-e24b24e e-con-full e-flex e-con e-child\" data-id=\"e24b24e\" data-element_type=\"container\">\n\t\t<div class=\"elementor-element elementor-element-24970f4 e-con-full e-flex e-con e-child\" data-id=\"24970f4\" data-element_type=\"container\" data-settings=\"{&quot;background_background&quot;:&quot;classic&quot;}\">\n\t\t\t\t<div class=\"elementor-element elementor-element-4eebcd1 elementor-widget elementor-widget-heading\" data-id=\"4eebcd1\" data-element_type=\"widget\" data-widget_type=\"heading.default\">\n\t\t\t\t<div class=\"elementor-widget-container\">\n\t\t\t\t\t<h4 class=\"elementor-heading-title elementor-size-default\">Surgery<\/h4>\t\t\t\t<\/div>\n\t\t\t\t<\/div>\n\t\t\t\t<div class=\"elementor-element elementor-element-ebcbf30 elementor-widget elementor-widget-text-editor\" data-id=\"ebcbf30\" data-element_type=\"widget\" data-widget_type=\"text-editor.default\">\n\t\t\t\t<div class=\"elementor-widget-container\">\n\t\t\t\t\t\t\t\t\t<p>Certain conditions, such as misaligned bones and joints, deformities, arthritis and fractures, require a more extensive procedure than simple percutaneous surgery. Whether for foot, ankle or leg surgery, the surgeons at the Centre ASSAL have extensive experience in conventional surgical techniques, which means they can perform even the most delicate procedures to help you quickly regain your mobility and resume your activities (walking, sports, etc.).<\/p>\t\t\t\t\t\t\t\t<\/div>\n\t\t\t\t<\/div>\n\t\t\t\t<\/div>\n\t\t\t\t<div class=\"elementor-element elementor-element-2489fd0 elementor-widget elementor-widget-image\" data-id=\"2489fd0\" data-element_type=\"widget\" data-widget_type=\"image.default\">\n\t\t\t\t<div class=\"elementor-widget-container\">\n\t\t\t\t\t\t\t\t\t\t\t\t\t\t\t<img fetchpriority=\"high\" decoding=\"async\" width=\"800\" height=\"600\" src=\"https:\/\/centre-assal.ch\/wp-content\/uploads\/2025\/06\/Chirurgie-1024x768.jpg\" class=\"attachment-large size-large wp-image-15464\" alt=\"\" srcset=\"https:\/\/centre-assal.ch\/wp-content\/uploads\/2025\/06\/Chirurgie-1024x768.jpg 1024w, https:\/\/centre-assal.ch\/wp-content\/uploads\/2025\/06\/Chirurgie-300x225.jpg 300w, https:\/\/centre-assal.ch\/wp-content\/uploads\/2025\/06\/Chirurgie-768x576.jpg 768w, https:\/\/centre-assal.ch\/wp-content\/uploads\/2025\/06\/Chirurgie-16x12.jpg 16w, https:\/\/centre-assal.ch\/wp-content\/uploads\/2025\/06\/Chirurgie.jpg 1200w\" sizes=\"(max-width: 800px) 100vw, 800px\" \/>\t\t\t\t\t\t\t\t\t\t\t\t\t\t\t<\/div>\n\t\t\t\t<\/div>\n\t\t\t\t<\/div>\n\t\t<div class=\"elementor-element elementor-element-2cf0a9c e-con-full e-flex e-con e-child\" data-id=\"2cf0a9c\" data-element_type=\"container\">\n\t\t<div class=\"elementor-element elementor-element-736c28f e-con-full e-flex e-con e-child\" data-id=\"736c28f\" data-element_type=\"container\">\n\t\t\t\t<div class=\"elementor-element elementor-element-ec1deb6 elementor-widget elementor-widget-heading\" data-id=\"ec1deb6\" data-element_type=\"widget\" data-widget_type=\"heading.default\">\n\t\t\t\t<div class=\"elementor-widget-container\">\n\t\t\t\t\t<h4 class=\"elementor-heading-title elementor-size-default\">Fractures<\/h4>\t\t\t\t<\/div>\n\t\t\t\t<\/div>\n\t\t\t\t<div class=\"elementor-element elementor-element-bdf0c84 elementor-widget elementor-widget-text-editor\" data-id=\"bdf0c84\" data-element_type=\"widget\" data-widget_type=\"text-editor.default\">\n\t\t\t\t<div class=\"elementor-widget-container\">\n\t\t\t\t\t\t\t\t\t<p>Depending on the fracture\u2019s severity, an open surgical procedure may be the best way to restore the broken bone to its initial shape. Open surgery is performed when the other options are not feasible.<\/p>\t\t\t\t\t\t\t\t<\/div>\n\t\t\t\t<\/div>\n\t\t\t\t<\/div>\n\t\t<div class=\"elementor-element elementor-element-beed6dd e-con-full e-flex e-con e-child\" data-id=\"beed6dd\" data-element_type=\"container\">\n\t\t\t\t<div class=\"elementor-element elementor-element-b7a1256 elementor-widget elementor-widget-heading\" data-id=\"b7a1256\" data-element_type=\"widget\" data-widget_type=\"heading.default\">\n\t\t\t\t<div class=\"elementor-widget-container\">\n\t\t\t\t\t<h4 class=\"elementor-heading-title elementor-size-default\">Osteotomy<\/h4>\t\t\t\t<\/div>\n\t\t\t\t<\/div>\n\t\t\t\t<div class=\"elementor-element elementor-element-6c0680c elementor-widget elementor-widget-text-editor\" data-id=\"6c0680c\" data-element_type=\"widget\" data-widget_type=\"text-editor.default\">\n\t\t\t\t<div class=\"elementor-widget-container\">\n\t\t\t\t\t\t\t\t\t<p>Osteotomy is one of the most common foot and ankle operations. It is conducted as an open surgical procedure when a specific deformity has developed because of poor bone or joint alignment (bunion, toe deformity, metatarsalgia, flat feet, etc.). This foot and ankle surgery consists of making cuts in the bone to restore its natural alignment.<\/p>\t\t\t\t\t\t\t\t<\/div>\n\t\t\t\t<\/div>\n\t\t\t\t<\/div>\n\t\t<div class=\"elementor-element elementor-element-5133cf1 e-con-full e-flex e-con e-child\" data-id=\"5133cf1\" data-element_type=\"container\">\n\t\t\t\t<div class=\"elementor-element elementor-element-8bf3376 elementor-widget elementor-widget-heading\" data-id=\"8bf3376\" data-element_type=\"widget\" data-widget_type=\"heading.default\">\n\t\t\t\t<div class=\"elementor-widget-container\">\n\t\t\t\t\t<h4 class=\"elementor-heading-title elementor-size-default\">Fusion<\/h4>\t\t\t\t<\/div>\n\t\t\t\t<\/div>\n\t\t\t\t<div class=\"elementor-element elementor-element-d2395c1 elementor-widget elementor-widget-text-editor\" data-id=\"d2395c1\" data-element_type=\"widget\" data-widget_type=\"text-editor.default\">\n\t\t\t\t<div class=\"elementor-widget-container\">\n\t\t\t\t\t\t\t\t\t<p>Fusion or arthrodesis is another common procedure performed as open surgery when a joint is severely damaged or has become significantly deformed (bunion, hallux rigidus, Lisfranc injury, flat feet, heel misalignment, etc.). This foot and ankle procedure consists in removing the damaged cartilage between adjacent bones and then joining these bones with screws and\/or plates.<\/p>\t\t\t\t\t\t\t\t<\/div>\n\t\t\t\t<\/div>\n\t\t\t\t<\/div>\n\t\t<div class=\"elementor-element elementor-element-7ffde84 e-con-full e-flex e-con e-child\" data-id=\"7ffde84\" data-element_type=\"container\">\n\t\t\t\t<div class=\"elementor-element elementor-element-1e79d16 elementor-widget elementor-widget-heading\" data-id=\"1e79d16\" data-element_type=\"widget\" data-widget_type=\"heading.default\">\n\t\t\t\t<div class=\"elementor-widget-container\">\n\t\t\t\t\t<h4 class=\"elementor-heading-title elementor-size-default\">Ankle replacement<\/h4>\t\t\t\t<\/div>\n\t\t\t\t<\/div>\n\t\t\t\t<div class=\"elementor-element elementor-element-4229944 elementor-widget elementor-widget-text-editor\" data-id=\"4229944\" data-element_type=\"widget\" data-widget_type=\"text-editor.default\">\n\t\t\t\t<div class=\"elementor-widget-container\">\n\t\t\t\t\t\t\t\t\t<p>When chronic inflammation of the ankle joint arises as a result of the gradual destruction of the cartilage, total ankle replacement (TAR) is performed through an open surgical procedure. A true leader in this field, Centre ASSAL has nearly 20 years of experience with TAR. Working in collaboration with Prof. Xavier Crevoisier of the CHUV, PD Dr Assal has performed more than 400 TAR procedures and has revised nearly 500 prostheses.<\/p>\t\t\t\t\t\t\t\t<\/div>\n\t\t\t\t<\/div>\n\t\t\t\t<\/div>\n\t\t\t\t<\/div>\n\t\t\t\t<\/div>\n\t\t\t\t<\/div>\n\t\t\t\t<\/div>","protected":false},"excerpt":{"rendered":"<p>Chirurgie Accueil Traitements Chirurgie Chirurgie Chirurgie Alt\u00e9ration de l\u2019alignement des os et des articulations, d\u00e9formations, arthrose, arthrite, fractures, certaines pathologies n\u00e9cessitent une op\u00e9ration plus cons\u00e9quente qu\u2019un simple geste percutan\u00e9.\u00a0Les chirurgiens du Centre ASSAL poss\u00e8dent une longue exp\u00e9rience en mati\u00e8re de chirurgie classique, assurant \u00e9galement les op\u00e9rations les plus d\u00e9licates afin de favoriser un retour rapide [&hellip;]<\/p>","protected":false},"author":18,"featured_media":0,"parent":3292,"menu_order":0,"comment_status":"closed","ping_status":"closed","template":"elementor_header_footer","meta":{"_acf_changed":false,"footnotes":""},"class_list":["post-15794","page","type-page","status-publish","hentry"],"acf":[],"yoast_head":"<!-- This site is optimized with the Yoast SEO plugin v26.8 - https:\/\/yoast.com\/product\/yoast-seo-wordpress\/ -->\n<title>Conventionnelle - Centre Assal<\/title>\n<meta name=\"description\" content=\"Chirurgie du pied et de la cheville \u00e0 Gen\u00e8ve : fractures, ost\u00e9otomies, fusions et proth\u00e8ses pour restaurer mobilit\u00e9 et confort.\" \/>\n<meta name=\"robots\" content=\"index, follow, max-snippet:-1, max-image-preview:large, max-video-preview:-1\" \/>\n<link rel=\"canonical\" href=\"https:\/\/centre-assal.ch\/en\/traitements\/chirurgie\/conventionnelle\/\" \/>\n<meta property=\"og:locale\" content=\"en_GB\" \/>\n<meta property=\"og:type\" content=\"article\" \/>\n<meta property=\"og:title\" content=\"Conventionnelle - Centre Assal\" \/>\n<meta property=\"og:description\" content=\"Chirurgie du pied et de la cheville \u00e0 Gen\u00e8ve : fractures, ost\u00e9otomies, fusions et proth\u00e8ses pour restaurer mobilit\u00e9 et confort.\" \/>\n<meta property=\"og:url\" content=\"https:\/\/centre-assal.ch\/en\/traitements\/chirurgie\/conventionnelle\/\" \/>\n<meta property=\"og:site_name\" content=\"Centre Assal\" \/>\n<meta property=\"article:modified_time\" content=\"2025-10-06T08:25:10+00:00\" \/>\n<meta property=\"og:image\" content=\"https:\/\/centre-assal.ch\/wp-content\/uploads\/2025\/06\/Chirurgie-1024x768.jpg\" \/>\n<meta name=\"twitter:card\" content=\"summary_large_image\" \/>\n<meta name=\"twitter:label1\" content=\"Estimated reading time\" \/>\n\t<meta name=\"twitter:data1\" content=\"2 minutes\" \/>\n<script type=\"application\/ld+json\" class=\"yoast-schema-graph\">{\"@context\":\"https:\/\/schema.org\",\"@graph\":[{\"@type\":\"WebPage\",\"@id\":\"https:\/\/centre-assal.ch\/traitements\/chirurgie\/conventionnelle\/\",\"url\":\"https:\/\/centre-assal.ch\/traitements\/chirurgie\/conventionnelle\/\",\"name\":\"Conventionnelle - Centre Assal\",\"isPartOf\":{\"@id\":\"https:\/\/centre-assal.ch\/#website\"},\"primaryImageOfPage\":{\"@id\":\"https:\/\/centre-assal.ch\/traitements\/chirurgie\/conventionnelle\/#primaryimage\"},\"image\":{\"@id\":\"https:\/\/centre-assal.ch\/traitements\/chirurgie\/conventionnelle\/#primaryimage\"},\"thumbnailUrl\":\"https:\/\/centre-assal.ch\/wp-content\/uploads\/2025\/06\/Chirurgie-1024x768.jpg\",\"datePublished\":\"2025-06-25T17:03:41+00:00\",\"dateModified\":\"2025-10-06T08:25:10+00:00\",\"description\":\"Chirurgie du pied et de la cheville \u00e0 Gen\u00e8ve : fractures, ost\u00e9otomies, fusions et proth\u00e8ses pour restaurer mobilit\u00e9 et confort.\",\"breadcrumb\":{\"@id\":\"https:\/\/centre-assal.ch\/traitements\/chirurgie\/conventionnelle\/#breadcrumb\"},\"inLanguage\":\"en-GB\",\"potentialAction\":[{\"@type\":\"ReadAction\",\"target\":[\"https:\/\/centre-assal.ch\/traitements\/chirurgie\/conventionnelle\/\"]}]},{\"@type\":\"ImageObject\",\"inLanguage\":\"en-GB\",\"@id\":\"https:\/\/centre-assal.ch\/traitements\/chirurgie\/conventionnelle\/#primaryimage\",\"url\":\"https:\/\/centre-assal.ch\/wp-content\/uploads\/2025\/06\/Chirurgie-1024x768.jpg\",\"contentUrl\":\"https:\/\/centre-assal.ch\/wp-content\/uploads\/2025\/06\/Chirurgie-1024x768.jpg\"},{\"@type\":\"BreadcrumbList\",\"@id\":\"https:\/\/centre-assal.ch\/traitements\/chirurgie\/conventionnelle\/#breadcrumb\",\"itemListElement\":[{\"@type\":\"ListItem\",\"position\":1,\"name\":\"Home\",\"item\":\"https:\/\/centre-assal.ch\/\"},{\"@type\":\"ListItem\",\"position\":2,\"name\":\"Traitements\",\"item\":\"https:\/\/centre-assal.ch\/traitements\/\"},{\"@type\":\"ListItem\",\"position\":3,\"name\":\"Chirurgie\",\"item\":\"https:\/\/centre-assal.ch\/traitements\/chirurgie\/\"},{\"@type\":\"ListItem\",\"position\":4,\"name\":\"Conventionnelle\"}]},{\"@type\":\"WebSite\",\"@id\":\"https:\/\/centre-assal.ch\/#website\",\"url\":\"https:\/\/centre-assal.ch\/\",\"name\":\"Centre Assal\",\"description\":\"\",\"publisher\":{\"@id\":\"https:\/\/centre-assal.ch\/#organization\"},\"potentialAction\":[{\"@type\":\"SearchAction\",\"target\":{\"@type\":\"EntryPoint\",\"urlTemplate\":\"https:\/\/centre-assal.ch\/?s={search_term_string}\"},\"query-input\":{\"@type\":\"PropertyValueSpecification\",\"valueRequired\":true,\"valueName\":\"search_term_string\"}}],\"inLanguage\":\"en-GB\"},{\"@type\":\"Organization\",\"@id\":\"https:\/\/centre-assal.ch\/#organization\",\"name\":\"Centre Assal\",\"url\":\"https:\/\/centre-assal.ch\/\",\"logo\":{\"@type\":\"ImageObject\",\"inLanguage\":\"en-GB\",\"@id\":\"https:\/\/centre-assal.ch\/#\/schema\/logo\/image\/\",\"url\":\"https:\/\/centre-assal.ch\/wp-content\/uploads\/2025\/03\/Logo_CentreAssal_RVB-11.png\",\"contentUrl\":\"https:\/\/centre-assal.ch\/wp-content\/uploads\/2025\/03\/Logo_CentreAssal_RVB-11.png\",\"width\":220,\"height\":114,\"caption\":\"Centre Assal\"},\"image\":{\"@id\":\"https:\/\/centre-assal.ch\/#\/schema\/logo\/image\/\"},\"sameAs\":[\"https:\/\/www.instagram.com\/centre_assal\/\",\"https:\/\/www.linkedin.com\/company\/centre-assal\"]}]}<\/script>\n<!-- \/ Yoast SEO plugin. -->","yoast_head_json":{"title":"Conventionnelle - Centre Assal","description":"Chirurgie du pied et de la cheville \u00e0 Gen\u00e8ve : fractures, ost\u00e9otomies, fusions et proth\u00e8ses pour restaurer mobilit\u00e9 et confort.","robots":{"index":"index","follow":"follow","max-snippet":"max-snippet:-1","max-image-preview":"max-image-preview:large","max-video-preview":"max-video-preview:-1"},"canonical":"https:\/\/centre-assal.ch\/en\/traitements\/chirurgie\/conventionnelle\/","og_locale":"en_GB","og_type":"article","og_title":"Conventionnelle - Centre Assal","og_description":"Chirurgie du pied et de la cheville \u00e0 Gen\u00e8ve : fractures, ost\u00e9otomies, fusions et proth\u00e8ses pour restaurer mobilit\u00e9 et confort.","og_url":"https:\/\/centre-assal.ch\/en\/traitements\/chirurgie\/conventionnelle\/","og_site_name":"Centre Assal","article_modified_time":"2025-10-06T08:25:10+00:00","og_image":[{"url":"https:\/\/centre-assal.ch\/wp-content\/uploads\/2025\/06\/Chirurgie-1024x768.jpg","type":"","width":"","height":""}],"twitter_card":"summary_large_image","twitter_misc":{"Estimated reading time":"2 minutes"},"schema":{"@context":"https:\/\/schema.org","@graph":[{"@type":"WebPage","@id":"https:\/\/centre-assal.ch\/traitements\/chirurgie\/conventionnelle\/","url":"https:\/\/centre-assal.ch\/traitements\/chirurgie\/conventionnelle\/","name":"Conventionnelle - Centre Assal","isPartOf":{"@id":"https:\/\/centre-assal.ch\/#website"},"primaryImageOfPage":{"@id":"https:\/\/centre-assal.ch\/traitements\/chirurgie\/conventionnelle\/#primaryimage"},"image":{"@id":"https:\/\/centre-assal.ch\/traitements\/chirurgie\/conventionnelle\/#primaryimage"},"thumbnailUrl":"https:\/\/centre-assal.ch\/wp-content\/uploads\/2025\/06\/Chirurgie-1024x768.jpg","datePublished":"2025-06-25T17:03:41+00:00","dateModified":"2025-10-06T08:25:10+00:00","description":"Chirurgie du pied et de la cheville \u00e0 Gen\u00e8ve : fractures, ost\u00e9otomies, fusions et proth\u00e8ses pour restaurer mobilit\u00e9 et confort.","breadcrumb":{"@id":"https:\/\/centre-assal.ch\/traitements\/chirurgie\/conventionnelle\/#breadcrumb"},"inLanguage":"en-GB","potentialAction":[{"@type":"ReadAction","target":["https:\/\/centre-assal.ch\/traitements\/chirurgie\/conventionnelle\/"]}]},{"@type":"ImageObject","inLanguage":"en-GB","@id":"https:\/\/centre-assal.ch\/traitements\/chirurgie\/conventionnelle\/#primaryimage","url":"https:\/\/centre-assal.ch\/wp-content\/uploads\/2025\/06\/Chirurgie-1024x768.jpg","contentUrl":"https:\/\/centre-assal.ch\/wp-content\/uploads\/2025\/06\/Chirurgie-1024x768.jpg"},{"@type":"BreadcrumbList","@id":"https:\/\/centre-assal.ch\/traitements\/chirurgie\/conventionnelle\/#breadcrumb","itemListElement":[{"@type":"ListItem","position":1,"name":"Home","item":"https:\/\/centre-assal.ch\/"},{"@type":"ListItem","position":2,"name":"Traitements","item":"https:\/\/centre-assal.ch\/traitements\/"},{"@type":"ListItem","position":3,"name":"Chirurgie","item":"https:\/\/centre-assal.ch\/traitements\/chirurgie\/"},{"@type":"ListItem","position":4,"name":"Conventionnelle"}]},{"@type":"WebSite","@id":"https:\/\/centre-assal.ch\/#website","url":"https:\/\/centre-assal.ch\/","name":"Centre Assal","description":"","publisher":{"@id":"https:\/\/centre-assal.ch\/#organization"},"potentialAction":[{"@type":"SearchAction","target":{"@type":"EntryPoint","urlTemplate":"https:\/\/centre-assal.ch\/?s={search_term_string}"},"query-input":{"@type":"PropertyValueSpecification","valueRequired":true,"valueName":"search_term_string"}}],"inLanguage":"en-GB"},{"@type":"Organization","@id":"https:\/\/centre-assal.ch\/#organization","name":"Centre Assal","url":"https:\/\/centre-assal.ch\/","logo":{"@type":"ImageObject","inLanguage":"en-GB","@id":"https:\/\/centre-assal.ch\/#\/schema\/logo\/image\/","url":"https:\/\/centre-assal.ch\/wp-content\/uploads\/2025\/03\/Logo_CentreAssal_RVB-11.png","contentUrl":"https:\/\/centre-assal.ch\/wp-content\/uploads\/2025\/03\/Logo_CentreAssal_RVB-11.png","width":220,"height":114,"caption":"Centre Assal"},"image":{"@id":"https:\/\/centre-assal.ch\/#\/schema\/logo\/image\/"},"sameAs":["https:\/\/www.instagram.com\/centre_assal\/","https:\/\/www.linkedin.com\/company\/centre-assal"]}]}},"_links":{"self":[{"href":"https:\/\/centre-assal.ch\/en\/wp-json\/wp\/v2\/pages\/15794","targetHints":{"allow":["GET"]}}],"collection":[{"href":"https:\/\/centre-assal.ch\/en\/wp-json\/wp\/v2\/pages"}],"about":[{"href":"https:\/\/centre-assal.ch\/en\/wp-json\/wp\/v2\/types\/page"}],"author":[{"embeddable":true,"href":"https:\/\/centre-assal.ch\/en\/wp-json\/wp\/v2\/users\/18"}],"replies":[{"embeddable":true,"href":"https:\/\/centre-assal.ch\/en\/wp-json\/wp\/v2\/comments?post=15794"}],"version-history":[{"count":7,"href":"https:\/\/centre-assal.ch\/en\/wp-json\/wp\/v2\/pages\/15794\/revisions"}],"predecessor-version":[{"id":17662,"href":"https:\/\/centre-assal.ch\/en\/wp-json\/wp\/v2\/pages\/15794\/revisions\/17662"}],"up":[{"embeddable":true,"href":"https:\/\/centre-assal.ch\/en\/wp-json\/wp\/v2\/pages\/3292"}],"wp:attachment":[{"href":"https:\/\/centre-assal.ch\/en\/wp-json\/wp\/v2\/media?parent=15794"}],"curies":[{"name":"wp","href":"https:\/\/api.w.org\/{rel}","templated":true}]}}