{"id":16159,"date":"2025-07-09T17:04:59","date_gmt":"2025-07-09T15:04:59","guid":{"rendered":"https:\/\/preview.centre-assal.ch\/?page_id=16159"},"modified":"2025-10-06T10:20:21","modified_gmt":"2025-10-06T08:20:21","slug":"chirurgie-arthroscopique","status":"publish","type":"page","link":"https:\/\/centre-assal.ch\/en\/traitements\/chirurgie\/chirurgie-arthroscopique\/","title":{"rendered":"Arthroscopic surgery"},"content":{"rendered":"<div data-elementor-type=\"wp-page\" data-elementor-id=\"16159\" class=\"elementor elementor-16159\" data-elementor-post-type=\"page\">\n\t\t\t\t<div class=\"elementor-element elementor-element-b55d463 e-con-full e-flex e-con e-parent\" data-id=\"b55d463\" data-element_type=\"container\" data-settings=\"{&quot;background_background&quot;:&quot;classic&quot;}\">\n\t\t<div class=\"elementor-element elementor-element-d3c708c e-con-full e-flex e-con e-child\" data-id=\"d3c708c\" data-element_type=\"container\" data-settings=\"{&quot;background_background&quot;:&quot;classic&quot;}\">\n\t\t\t\t<div class=\"elementor-element elementor-element-304b84a elementor-widget elementor-widget-heading\" data-id=\"304b84a\" data-element_type=\"widget\" data-widget_type=\"heading.default\">\n\t\t\t\t<div class=\"elementor-widget-container\">\n\t\t\t\t\t<h2 class=\"elementor-heading-title elementor-size-default\">Arthroscopic surgery<\/h2>\t\t\t\t<\/div>\n\t\t\t\t<\/div>\n\t\t\t\t<\/div>\n\t\t\t\t<\/div>\n\t\t<div class=\"elementor-element elementor-element-3ac5937 e-con-full e-flex e-con e-parent\" data-id=\"3ac5937\" data-element_type=\"container\">\n\t\t\t\t<div class=\"elementor-element elementor-element-bd244ca elementor-icon-list--layout-inline elementor-align-start menu-page-chirurgie elementor-list-item-link-full_width elementor-widget elementor-widget-icon-list\" data-id=\"bd244ca\" data-element_type=\"widget\" data-widget_type=\"icon-list.default\">\n\t\t\t\t<div class=\"elementor-widget-container\">\n\t\t\t\t\t\t\t<ul class=\"elementor-icon-list-items elementor-inline-items\">\n\t\t\t\t\t\t\t<li class=\"elementor-icon-list-item elementor-inline-item\">\n\t\t\t\t\t\t\t\t\t\t\t<a href=\"https:\/\/centre-assal.ch\/en\">\n\n\t\t\t\t\t\t\t\t\t\t\t<span class=\"elementor-icon-list-text\">Home<\/span>\n\t\t\t\t\t\t\t\t\t\t\t<\/a>\n\t\t\t\t\t\t\t\t\t<\/li>\n\t\t\t\t\t\t\t\t<li class=\"elementor-icon-list-item elementor-inline-item\">\n\t\t\t\t\t\t\t\t\t\t\t<a href=\"\/en\/traitements\/\">\n\n\t\t\t\t\t\t\t\t\t\t\t\t<span class=\"elementor-icon-list-icon\">\n\t\t\t\t\t\t\t<svg aria-hidden=\"true\" class=\"e-font-icon-svg e-fas-angle-right\" viewbox=\"0 0 256 512\" xmlns=\"http:\/\/www.w3.org\/2000\/svg\"><path d=\"M224.3 273l-136 136c-9.4 9.4-24.6 9.4-33.9 0l-22.6-22.6c-9.4-9.4-9.4-24.6 0-33.9l96.4-96.4-96.4-96.4c-9.4-9.4-9.4-24.6 0-33.9L54.3 103c9.4-9.4 24.6-9.4 33.9 0l136 136c9.5 9.4 9.5 24.6.1 34z\"><\/path><\/svg>\t\t\t\t\t\t<\/span>\n\t\t\t\t\t\t\t\t\t\t<span class=\"elementor-icon-list-text\">Treatments<\/span>\n\t\t\t\t\t\t\t\t\t\t\t<\/a>\n\t\t\t\t\t\t\t\t\t<\/li>\n\t\t\t\t\t\t\t\t<li class=\"elementor-icon-list-item elementor-inline-item\">\n\t\t\t\t\t\t\t\t\t\t\t<a href=\"\/en\/traitements\/chirurgie\/\">\n\n\t\t\t\t\t\t\t\t\t\t\t\t<span class=\"elementor-icon-list-icon\">\n\t\t\t\t\t\t\t<svg aria-hidden=\"true\" class=\"e-font-icon-svg e-fas-angle-right\" viewbox=\"0 0 256 512\" xmlns=\"http:\/\/www.w3.org\/2000\/svg\"><path d=\"M224.3 273l-136 136c-9.4 9.4-24.6 9.4-33.9 0l-22.6-22.6c-9.4-9.4-9.4-24.6 0-33.9l96.4-96.4-96.4-96.4c-9.4-9.4-9.4-24.6 0-33.9L54.3 103c9.4-9.4 24.6-9.4 33.9 0l136 136c9.5 9.4 9.5 24.6.1 34z\"><\/path><\/svg>\t\t\t\t\t\t<\/span>\n\t\t\t\t\t\t\t\t\t\t<span class=\"elementor-icon-list-text\">Surgery<\/span>\n\t\t\t\t\t\t\t\t\t\t\t<\/a>\n\t\t\t\t\t\t\t\t\t<\/li>\n\t\t\t\t\t\t\t\t<li class=\"elementor-icon-list-item elementor-inline-item\">\n\t\t\t\t\t\t\t\t\t\t\t<a href=\"#\">\n\n\t\t\t\t\t\t\t\t\t\t\t\t<span class=\"elementor-icon-list-icon\">\n\t\t\t\t\t\t\t<svg aria-hidden=\"true\" class=\"e-font-icon-svg e-fas-angle-right\" viewbox=\"0 0 256 512\" xmlns=\"http:\/\/www.w3.org\/2000\/svg\"><path d=\"M224.3 273l-136 136c-9.4 9.4-24.6 9.4-33.9 0l-22.6-22.6c-9.4-9.4-9.4-24.6 0-33.9l96.4-96.4-96.4-96.4c-9.4-9.4-9.4-24.6 0-33.9L54.3 103c9.4-9.4 24.6-9.4 33.9 0l136 136c9.5 9.4 9.5 24.6.1 34z\"><\/path><\/svg>\t\t\t\t\t\t<\/span>\n\t\t\t\t\t\t\t\t\t\t<span class=\"elementor-icon-list-text\"><b>Arthroscopic surgery<\/b><\/span>\n\t\t\t\t\t\t\t\t\t\t\t<\/a>\n\t\t\t\t\t\t\t\t\t<\/li>\n\t\t\t\t\t\t<\/ul>\n\t\t\t\t\t\t<\/div>\n\t\t\t\t<\/div>\n\t\t\t\t<\/div>\n\t\t<div class=\"elementor-element elementor-element-f540d1f conventionnelle tab3 e-flex e-con-boxed e-con e-parent\" data-id=\"f540d1f\" data-element_type=\"container\">\n\t\t\t\t\t<div class=\"e-con-inner\">\n\t\t<div class=\"elementor-element elementor-element-66150eb e-con-full e-flex e-con e-child\" data-id=\"66150eb\" data-element_type=\"container\">\n\t\t<div class=\"elementor-element elementor-element-e24b24e e-con-full e-flex e-con e-child\" data-id=\"e24b24e\" data-element_type=\"container\">\n\t\t<div class=\"elementor-element elementor-element-24970f4 e-con-full e-flex e-con e-child\" data-id=\"24970f4\" data-element_type=\"container\" data-settings=\"{&quot;background_background&quot;:&quot;classic&quot;}\">\n\t\t\t\t<div class=\"elementor-element elementor-element-4eebcd1 elementor-widget elementor-widget-heading\" data-id=\"4eebcd1\" data-element_type=\"widget\" data-widget_type=\"heading.default\">\n\t\t\t\t<div class=\"elementor-widget-container\">\n\t\t\t\t\t<h4 class=\"elementor-heading-title elementor-size-default\">Arthroscopic surgery<\/h4>\t\t\t\t<\/div>\n\t\t\t\t<\/div>\n\t\t\t\t<div class=\"elementor-element elementor-element-ebcbf30 elementor-widget elementor-widget-text-editor\" data-id=\"ebcbf30\" data-element_type=\"widget\" data-widget_type=\"text-editor.default\">\n\t\t\t\t<div class=\"elementor-widget-container\">\n\t\t\t\t\t\t\t\t\tAnkle arthroscopy, as well as that of other joints, has considerably developed over the past few years. This minimally invasive technique involves inserting a camera through small incisions, generally two, in order to obtain a complete visualization of the joint in question. It also allows certain surgical procedures to be performed with great precision, under direct visual control, while avoiding large surgical openings. Arthroscopy offers many advantages when appropriately indicated, notably faster recovery, less postoperative pain, and a reduced risk compared to traditional surgery.\t\t\t\t\t\t\t\t<\/div>\n\t\t\t\t<\/div>\n\t\t\t\t<\/div>\n\t\t\t\t<div class=\"elementor-element elementor-element-2489fd0 elementor-widget elementor-widget-image\" data-id=\"2489fd0\" data-element_type=\"widget\" data-widget_type=\"image.default\">\n\t\t\t\t<div class=\"elementor-widget-container\">\n\t\t\t\t\t\t\t\t\t\t\t\t\t\t\t<img fetchpriority=\"high\" decoding=\"async\" width=\"800\" height=\"600\" src=\"https:\/\/centre-assal.ch\/wp-content\/uploads\/2025\/06\/Chirurgie-1024x768.jpg\" class=\"attachment-large size-large wp-image-15464\" alt=\"\" srcset=\"https:\/\/centre-assal.ch\/wp-content\/uploads\/2025\/06\/Chirurgie-1024x768.jpg 1024w, https:\/\/centre-assal.ch\/wp-content\/uploads\/2025\/06\/Chirurgie-300x225.jpg 300w, https:\/\/centre-assal.ch\/wp-content\/uploads\/2025\/06\/Chirurgie-768x576.jpg 768w, https:\/\/centre-assal.ch\/wp-content\/uploads\/2025\/06\/Chirurgie-16x12.jpg 16w, https:\/\/centre-assal.ch\/wp-content\/uploads\/2025\/06\/Chirurgie.jpg 1200w\" sizes=\"(max-width: 800px) 100vw, 800px\" \/>\t\t\t\t\t\t\t\t\t\t\t\t\t\t\t<\/div>\n\t\t\t\t<\/div>\n\t\t\t\t<\/div>\n\t\t<div class=\"elementor-element elementor-element-2cf0a9c e-con-full e-flex e-con e-child\" data-id=\"2cf0a9c\" data-element_type=\"container\">\n\t\t<div class=\"elementor-element elementor-element-736c28f e-con-full e-flex e-con e-child\" data-id=\"736c28f\" data-element_type=\"container\">\n\t\t\t\t<div class=\"elementor-element elementor-element-ec1deb6 elementor-widget elementor-widget-heading\" data-id=\"ec1deb6\" data-element_type=\"widget\" data-widget_type=\"heading.default\">\n\t\t\t\t<div class=\"elementor-widget-container\">\n\t\t\t\t\t<h4 class=\"elementor-heading-title elementor-size-default\">Arthroscopy for the release of an anterior or posterior impingement.<\/h4>\t\t\t\t<\/div>\n\t\t\t\t<\/div>\n\t\t\t\t<div class=\"elementor-element elementor-element-bdf0c84 elementor-widget elementor-widget-text-editor\" data-id=\"bdf0c84\" data-element_type=\"widget\" data-widget_type=\"text-editor.default\">\n\t\t\t\t<div class=\"elementor-widget-container\">\n\t\t\t\t\t\t\t\t\t<p>Following recurrent ankle sprains, persistent pain may occur due to impingements, either of soft tissues or bone, located at the front (anterior) or back (posterior) of the joint. Arthroscopy allows for the targeted identification and treatment of these impingements by precisely accessing the affected area and releasing the structures responsible for the pain \u2014 all through minimally invasive incisions.<\/p>\t\t\t\t\t\t\t\t<\/div>\n\t\t\t\t<\/div>\n\t\t\t\t<\/div>\n\t\t<div class=\"elementor-element elementor-element-beed6dd e-con-full e-flex e-con e-child\" data-id=\"beed6dd\" data-element_type=\"container\">\n\t\t\t\t<div class=\"elementor-element elementor-element-b7a1256 elementor-widget elementor-widget-heading\" data-id=\"b7a1256\" data-element_type=\"widget\" data-widget_type=\"heading.default\">\n\t\t\t\t<div class=\"elementor-widget-container\">\n\t\t\t\t\t<h4 class=\"elementor-heading-title elementor-size-default\">Achilles tendon arthroscopy for chronic tendinopathies. <\/h4>\t\t\t\t<\/div>\n\t\t\t\t<\/div>\n\t\t\t\t<div class=\"elementor-element elementor-element-6c0680c elementor-widget elementor-widget-text-editor\" data-id=\"6c0680c\" data-element_type=\"widget\" data-widget_type=\"text-editor.default\">\n\t\t\t\t<div class=\"elementor-widget-container\">\n\t\t\t\t\t\t\t\t\t<p>The Achilles tendon may develop chronic inflammation, either within the tendon itself or at its insertion on the calcaneus. Arthroscopy allows for a targeted intervention on the tendon sheath or the insertion site, effectively treating the pain while minimizing surgical trauma.<\/p>\t\t\t\t\t\t\t\t<\/div>\n\t\t\t\t<\/div>\n\t\t\t\t<\/div>\n\t\t<div class=\"elementor-element elementor-element-5133cf1 e-con-full e-flex e-con e-child\" data-id=\"5133cf1\" data-element_type=\"container\">\n\t\t\t\t<div class=\"elementor-element elementor-element-8bf3376 elementor-widget elementor-widget-heading\" data-id=\"8bf3376\" data-element_type=\"widget\" data-widget_type=\"heading.default\">\n\t\t\t\t<div class=\"elementor-widget-container\">\n\t\t\t\t\t<h4 class=\"elementor-heading-title elementor-size-default\">Fusion<\/h4>\t\t\t\t<\/div>\n\t\t\t\t<\/div>\n\t\t\t\t<div class=\"elementor-element elementor-element-d2395c1 elementor-widget elementor-widget-text-editor\" data-id=\"d2395c1\" data-element_type=\"widget\" data-widget_type=\"text-editor.default\">\n\t\t\t\t<div class=\"elementor-widget-container\">\n\t\t\t\t\t\t\t\t\t<p>Arthroscopy allows for precise visualization and optimal preparation of the joint surfaces, particularly in procedures such as ankle fusion or subtalar fusion.<\/p>\t\t\t\t\t\t\t\t<\/div>\n\t\t\t\t<\/div>\n\t\t\t\t<\/div>\n\t\t<div class=\"elementor-element elementor-element-7ffde84 e-con-full e-flex e-con e-child\" data-id=\"7ffde84\" data-element_type=\"container\">\n\t\t\t\t<div class=\"elementor-element elementor-element-1e79d16 elementor-widget elementor-widget-heading\" data-id=\"1e79d16\" data-element_type=\"widget\" data-widget_type=\"heading.default\">\n\t\t\t\t<div class=\"elementor-widget-container\">\n\t\t\t\t\t<h4 class=\"elementor-heading-title elementor-size-default\">Ankle instability<\/h4>\t\t\t\t<\/div>\n\t\t\t\t<\/div>\n\t\t\t\t<div class=\"elementor-element elementor-element-4229944 elementor-widget elementor-widget-text-editor\" data-id=\"4229944\" data-element_type=\"widget\" data-widget_type=\"text-editor.default\">\n\t\t\t\t<div class=\"elementor-widget-container\">\n\t\t\t\t\t\t\t\t\t<p>Ligament stabilization can be performed under arthroscopic guidance, allowing direct and precise visualization of the involved structures for optimal correction of the instability.<\/p>\t\t\t\t\t\t\t\t<\/div>\n\t\t\t\t<\/div>\n\t\t\t\t<\/div>\n\t\t\t\t<\/div>\n\t\t\t\t<\/div>\n\t\t\t\t\t<\/div>\n\t\t\t\t<\/div>\n\t\t\t\t<\/div>","protected":false},"excerpt":{"rendered":"<p>Chirurgie arthroscopique Accueil Traitements Chirurgie Chirurgie arthroscopique Chirurgie arthroscopique L\u2019arthroscopie de la cheville, ainsi que d\u2019autres articulations, s\u2019est consid\u00e9rablement d\u00e9velopp\u00e9e au cours des derni\u00e8res ann\u00e9es. Cette technique mini-invasive consiste \u00e0 introduire une cam\u00e9ra \u00e0 travers de petites incisions, g\u00e9n\u00e9ralement deux, afin d\u2019obtenir une visualisation compl\u00e8te de l\u2019articulation concern\u00e9e. Elle permet \u00e9galement de r\u00e9aliser certains gestes [&hellip;]<\/p>","protected":false},"author":18,"featured_media":0,"parent":3292,"menu_order":0,"comment_status":"closed","ping_status":"closed","template":"elementor_header_footer","meta":{"_acf_changed":false,"footnotes":""},"class_list":["post-16159","page","type-page","status-publish","hentry"],"acf":[],"yoast_head":"<!-- This site is optimized with the Yoast SEO plugin v26.8 - https:\/\/yoast.com\/product\/yoast-seo-wordpress\/ -->\n<title>Chirurgie arthroscopique - Centre Assal<\/title>\n<meta name=\"description\" content=\"D\u00e9couvrez la chirurgie arthroscopique du pied et de la cheville au Centre ASSAL : technique mini-invasive, r\u00e9cup\u00e9ration rapide et pr\u00e9cision optimale.\" \/>\n<meta name=\"robots\" content=\"index, follow, max-snippet:-1, max-image-preview:large, max-video-preview:-1\" \/>\n<link rel=\"canonical\" href=\"https:\/\/centre-assal.ch\/en\/traitements\/chirurgie\/chirurgie-arthroscopique\/\" \/>\n<meta property=\"og:locale\" content=\"en_GB\" \/>\n<meta property=\"og:type\" content=\"article\" \/>\n<meta property=\"og:title\" content=\"Chirurgie arthroscopique - Centre Assal\" \/>\n<meta property=\"og:description\" content=\"D\u00e9couvrez la chirurgie arthroscopique du pied et de la cheville au Centre ASSAL : technique mini-invasive, r\u00e9cup\u00e9ration rapide et pr\u00e9cision optimale.\" \/>\n<meta property=\"og:url\" content=\"https:\/\/centre-assal.ch\/en\/traitements\/chirurgie\/chirurgie-arthroscopique\/\" \/>\n<meta property=\"og:site_name\" content=\"Centre Assal\" \/>\n<meta property=\"article:modified_time\" content=\"2025-10-06T08:20:21+00:00\" \/>\n<meta property=\"og:image\" content=\"https:\/\/centre-assal.ch\/wp-content\/uploads\/2025\/06\/Chirurgie-1024x768.jpg\" \/>\n<meta name=\"twitter:card\" content=\"summary_large_image\" \/>\n<meta name=\"twitter:label1\" content=\"Estimated reading time\" \/>\n\t<meta name=\"twitter:data1\" content=\"2 minutes\" \/>\n<script type=\"application\/ld+json\" class=\"yoast-schema-graph\">{\"@context\":\"https:\/\/schema.org\",\"@graph\":[{\"@type\":\"WebPage\",\"@id\":\"https:\/\/centre-assal.ch\/traitements\/chirurgie\/chirurgie-arthroscopique\/\",\"url\":\"https:\/\/centre-assal.ch\/traitements\/chirurgie\/chirurgie-arthroscopique\/\",\"name\":\"Chirurgie arthroscopique - Centre Assal\",\"isPartOf\":{\"@id\":\"https:\/\/centre-assal.ch\/#website\"},\"primaryImageOfPage\":{\"@id\":\"https:\/\/centre-assal.ch\/traitements\/chirurgie\/chirurgie-arthroscopique\/#primaryimage\"},\"image\":{\"@id\":\"https:\/\/centre-assal.ch\/traitements\/chirurgie\/chirurgie-arthroscopique\/#primaryimage\"},\"thumbnailUrl\":\"https:\/\/centre-assal.ch\/wp-content\/uploads\/2025\/06\/Chirurgie-1024x768.jpg\",\"datePublished\":\"2025-07-09T15:04:59+00:00\",\"dateModified\":\"2025-10-06T08:20:21+00:00\",\"description\":\"D\u00e9couvrez la chirurgie arthroscopique du pied et de la cheville au Centre ASSAL : technique mini-invasive, r\u00e9cup\u00e9ration rapide et pr\u00e9cision optimale.\",\"breadcrumb\":{\"@id\":\"https:\/\/centre-assal.ch\/traitements\/chirurgie\/chirurgie-arthroscopique\/#breadcrumb\"},\"inLanguage\":\"en-GB\",\"potentialAction\":[{\"@type\":\"ReadAction\",\"target\":[\"https:\/\/centre-assal.ch\/traitements\/chirurgie\/chirurgie-arthroscopique\/\"]}]},{\"@type\":\"ImageObject\",\"inLanguage\":\"en-GB\",\"@id\":\"https:\/\/centre-assal.ch\/traitements\/chirurgie\/chirurgie-arthroscopique\/#primaryimage\",\"url\":\"https:\/\/centre-assal.ch\/wp-content\/uploads\/2025\/06\/Chirurgie-1024x768.jpg\",\"contentUrl\":\"https:\/\/centre-assal.ch\/wp-content\/uploads\/2025\/06\/Chirurgie-1024x768.jpg\"},{\"@type\":\"BreadcrumbList\",\"@id\":\"https:\/\/centre-assal.ch\/traitements\/chirurgie\/chirurgie-arthroscopique\/#breadcrumb\",\"itemListElement\":[{\"@type\":\"ListItem\",\"position\":1,\"name\":\"Home\",\"item\":\"https:\/\/centre-assal.ch\/\"},{\"@type\":\"ListItem\",\"position\":2,\"name\":\"Traitements\",\"item\":\"https:\/\/centre-assal.ch\/traitements\/\"},{\"@type\":\"ListItem\",\"position\":3,\"name\":\"Chirurgie\",\"item\":\"https:\/\/centre-assal.ch\/traitements\/chirurgie\/\"},{\"@type\":\"ListItem\",\"position\":4,\"name\":\"Chirurgie arthroscopique\"}]},{\"@type\":\"WebSite\",\"@id\":\"https:\/\/centre-assal.ch\/#website\",\"url\":\"https:\/\/centre-assal.ch\/\",\"name\":\"Centre Assal\",\"description\":\"\",\"publisher\":{\"@id\":\"https:\/\/centre-assal.ch\/#organization\"},\"potentialAction\":[{\"@type\":\"SearchAction\",\"target\":{\"@type\":\"EntryPoint\",\"urlTemplate\":\"https:\/\/centre-assal.ch\/?s={search_term_string}\"},\"query-input\":{\"@type\":\"PropertyValueSpecification\",\"valueRequired\":true,\"valueName\":\"search_term_string\"}}],\"inLanguage\":\"en-GB\"},{\"@type\":\"Organization\",\"@id\":\"https:\/\/centre-assal.ch\/#organization\",\"name\":\"Centre Assal\",\"url\":\"https:\/\/centre-assal.ch\/\",\"logo\":{\"@type\":\"ImageObject\",\"inLanguage\":\"en-GB\",\"@id\":\"https:\/\/centre-assal.ch\/#\/schema\/logo\/image\/\",\"url\":\"https:\/\/centre-assal.ch\/wp-content\/uploads\/2025\/03\/Logo_CentreAssal_RVB-11.png\",\"contentUrl\":\"https:\/\/centre-assal.ch\/wp-content\/uploads\/2025\/03\/Logo_CentreAssal_RVB-11.png\",\"width\":220,\"height\":114,\"caption\":\"Centre Assal\"},\"image\":{\"@id\":\"https:\/\/centre-assal.ch\/#\/schema\/logo\/image\/\"},\"sameAs\":[\"https:\/\/www.instagram.com\/centre_assal\/\",\"https:\/\/www.linkedin.com\/company\/centre-assal\"]}]}<\/script>\n<!-- \/ Yoast SEO plugin. -->","yoast_head_json":{"title":"Chirurgie arthroscopique - Centre Assal","description":"D\u00e9couvrez la chirurgie arthroscopique du pied et de la cheville au Centre ASSAL : technique mini-invasive, r\u00e9cup\u00e9ration rapide et pr\u00e9cision optimale.","robots":{"index":"index","follow":"follow","max-snippet":"max-snippet:-1","max-image-preview":"max-image-preview:large","max-video-preview":"max-video-preview:-1"},"canonical":"https:\/\/centre-assal.ch\/en\/traitements\/chirurgie\/chirurgie-arthroscopique\/","og_locale":"en_GB","og_type":"article","og_title":"Chirurgie arthroscopique - Centre Assal","og_description":"D\u00e9couvrez la chirurgie arthroscopique du pied et de la cheville au Centre ASSAL : technique mini-invasive, r\u00e9cup\u00e9ration rapide et pr\u00e9cision optimale.","og_url":"https:\/\/centre-assal.ch\/en\/traitements\/chirurgie\/chirurgie-arthroscopique\/","og_site_name":"Centre Assal","article_modified_time":"2025-10-06T08:20:21+00:00","og_image":[{"url":"https:\/\/centre-assal.ch\/wp-content\/uploads\/2025\/06\/Chirurgie-1024x768.jpg","type":"","width":"","height":""}],"twitter_card":"summary_large_image","twitter_misc":{"Estimated reading time":"2 minutes"},"schema":{"@context":"https:\/\/schema.org","@graph":[{"@type":"WebPage","@id":"https:\/\/centre-assal.ch\/traitements\/chirurgie\/chirurgie-arthroscopique\/","url":"https:\/\/centre-assal.ch\/traitements\/chirurgie\/chirurgie-arthroscopique\/","name":"Chirurgie arthroscopique - Centre Assal","isPartOf":{"@id":"https:\/\/centre-assal.ch\/#website"},"primaryImageOfPage":{"@id":"https:\/\/centre-assal.ch\/traitements\/chirurgie\/chirurgie-arthroscopique\/#primaryimage"},"image":{"@id":"https:\/\/centre-assal.ch\/traitements\/chirurgie\/chirurgie-arthroscopique\/#primaryimage"},"thumbnailUrl":"https:\/\/centre-assal.ch\/wp-content\/uploads\/2025\/06\/Chirurgie-1024x768.jpg","datePublished":"2025-07-09T15:04:59+00:00","dateModified":"2025-10-06T08:20:21+00:00","description":"D\u00e9couvrez la chirurgie arthroscopique du pied et de la cheville au Centre ASSAL : technique mini-invasive, r\u00e9cup\u00e9ration rapide et pr\u00e9cision optimale.","breadcrumb":{"@id":"https:\/\/centre-assal.ch\/traitements\/chirurgie\/chirurgie-arthroscopique\/#breadcrumb"},"inLanguage":"en-GB","potentialAction":[{"@type":"ReadAction","target":["https:\/\/centre-assal.ch\/traitements\/chirurgie\/chirurgie-arthroscopique\/"]}]},{"@type":"ImageObject","inLanguage":"en-GB","@id":"https:\/\/centre-assal.ch\/traitements\/chirurgie\/chirurgie-arthroscopique\/#primaryimage","url":"https:\/\/centre-assal.ch\/wp-content\/uploads\/2025\/06\/Chirurgie-1024x768.jpg","contentUrl":"https:\/\/centre-assal.ch\/wp-content\/uploads\/2025\/06\/Chirurgie-1024x768.jpg"},{"@type":"BreadcrumbList","@id":"https:\/\/centre-assal.ch\/traitements\/chirurgie\/chirurgie-arthroscopique\/#breadcrumb","itemListElement":[{"@type":"ListItem","position":1,"name":"Home","item":"https:\/\/centre-assal.ch\/"},{"@type":"ListItem","position":2,"name":"Traitements","item":"https:\/\/centre-assal.ch\/traitements\/"},{"@type":"ListItem","position":3,"name":"Chirurgie","item":"https:\/\/centre-assal.ch\/traitements\/chirurgie\/"},{"@type":"ListItem","position":4,"name":"Chirurgie arthroscopique"}]},{"@type":"WebSite","@id":"https:\/\/centre-assal.ch\/#website","url":"https:\/\/centre-assal.ch\/","name":"Centre Assal","description":"","publisher":{"@id":"https:\/\/centre-assal.ch\/#organization"},"potentialAction":[{"@type":"SearchAction","target":{"@type":"EntryPoint","urlTemplate":"https:\/\/centre-assal.ch\/?s={search_term_string}"},"query-input":{"@type":"PropertyValueSpecification","valueRequired":true,"valueName":"search_term_string"}}],"inLanguage":"en-GB"},{"@type":"Organization","@id":"https:\/\/centre-assal.ch\/#organization","name":"Centre Assal","url":"https:\/\/centre-assal.ch\/","logo":{"@type":"ImageObject","inLanguage":"en-GB","@id":"https:\/\/centre-assal.ch\/#\/schema\/logo\/image\/","url":"https:\/\/centre-assal.ch\/wp-content\/uploads\/2025\/03\/Logo_CentreAssal_RVB-11.png","contentUrl":"https:\/\/centre-assal.ch\/wp-content\/uploads\/2025\/03\/Logo_CentreAssal_RVB-11.png","width":220,"height":114,"caption":"Centre Assal"},"image":{"@id":"https:\/\/centre-assal.ch\/#\/schema\/logo\/image\/"},"sameAs":["https:\/\/www.instagram.com\/centre_assal\/","https:\/\/www.linkedin.com\/company\/centre-assal"]}]}},"_links":{"self":[{"href":"https:\/\/centre-assal.ch\/en\/wp-json\/wp\/v2\/pages\/16159","targetHints":{"allow":["GET"]}}],"collection":[{"href":"https:\/\/centre-assal.ch\/en\/wp-json\/wp\/v2\/pages"}],"about":[{"href":"https:\/\/centre-assal.ch\/en\/wp-json\/wp\/v2\/types\/page"}],"author":[{"embeddable":true,"href":"https:\/\/centre-assal.ch\/en\/wp-json\/wp\/v2\/users\/18"}],"replies":[{"embeddable":true,"href":"https:\/\/centre-assal.ch\/en\/wp-json\/wp\/v2\/comments?post=16159"}],"version-history":[{"count":23,"href":"https:\/\/centre-assal.ch\/en\/wp-json\/wp\/v2\/pages\/16159\/revisions"}],"predecessor-version":[{"id":17661,"href":"https:\/\/centre-assal.ch\/en\/wp-json\/wp\/v2\/pages\/16159\/revisions\/17661"}],"up":[{"embeddable":true,"href":"https:\/\/centre-assal.ch\/en\/wp-json\/wp\/v2\/pages\/3292"}],"wp:attachment":[{"href":"https:\/\/centre-assal.ch\/en\/wp-json\/wp\/v2\/media?parent=16159"}],"curies":[{"name":"wp","href":"https:\/\/api.w.org\/{rel}","templated":true}]}}