{"id":16201,"date":"2025-07-10T14:18:22","date_gmt":"2025-07-10T12:18:22","guid":{"rendered":"https:\/\/preview.centre-assal.ch\/?page_id=16201"},"modified":"2026-01-12T16:40:23","modified_gmt":"2026-01-12T15:40:23","slug":"approche-scientifique","status":"publish","type":"page","link":"https:\/\/centre-assal.ch\/en\/approche-scientifique\/","title":{"rendered":"Approche scientifique"},"content":{"rendered":"<div data-elementor-type=\"wp-page\" data-elementor-id=\"16201\" class=\"elementor elementor-16201\" data-elementor-post-type=\"page\">\n\t\t\t\t<div class=\"elementor-element elementor-element-7007958 e-con-full mar-1224 e-flex e-con e-parent\" data-id=\"7007958\" data-element_type=\"container\" data-e-type=\"container\" data-settings=\"{&quot;background_background&quot;:&quot;classic&quot;}\">\n\t\t<div class=\"elementor-element elementor-element-b86d820 e-con-full e-flex e-con e-child\" data-id=\"b86d820\" data-element_type=\"container\" data-e-type=\"container\" data-settings=\"{&quot;background_background&quot;:&quot;classic&quot;}\">\n\t\t\t\t<div class=\"elementor-element elementor-element-b313acf elementor-widget elementor-widget-heading\" data-id=\"b313acf\" data-element_type=\"widget\" data-e-type=\"widget\" data-widget_type=\"heading.default\">\n\t\t\t\t<div class=\"elementor-widget-container\">\n\t\t\t\t\t<h2 class=\"elementor-heading-title elementor-size-default\">Our approach<\/h2>\t\t\t\t<\/div>\n\t\t\t\t<\/div>\n\t\t\t\t<\/div>\n\t\t\t\t<\/div>\n\t\t<div class=\"elementor-element elementor-element-a544e70 e-con-full e-flex e-con e-parent\" data-id=\"a544e70\" data-element_type=\"container\" data-e-type=\"container\">\n\t\t\t\t<div class=\"elementor-element elementor-element-e5f2f9a elementor-icon-list--layout-inline elementor-align-start elementor-list-item-link-full_width elementor-widget elementor-widget-icon-list\" data-id=\"e5f2f9a\" data-element_type=\"widget\" data-e-type=\"widget\" data-widget_type=\"icon-list.default\">\n\t\t\t\t<div class=\"elementor-widget-container\">\n\t\t\t\t\t\t\t<ul class=\"elementor-icon-list-items elementor-inline-items\">\n\t\t\t\t\t\t\t<li class=\"elementor-icon-list-item elementor-inline-item\">\n\t\t\t\t\t\t\t\t\t\t\t<a href=\"https:\/\/centre-assal.ch\/en\">\n\n\t\t\t\t\t\t\t\t\t\t\t<span class=\"elementor-icon-list-text\">Home<\/span>\n\t\t\t\t\t\t\t\t\t\t\t<\/a>\n\t\t\t\t\t\t\t\t\t<\/li>\n\t\t\t\t\t\t\t\t<li class=\"elementor-icon-list-item elementor-inline-item\">\n\t\t\t\t\t\t\t\t\t\t\t<a href=\"#\">\n\n\t\t\t\t\t\t\t\t\t\t\t\t<span class=\"elementor-icon-list-icon\">\n\t\t\t\t\t\t\t<svg aria-hidden=\"true\" class=\"e-font-icon-svg e-fas-angle-right\" viewbox=\"0 0 256 512\" xmlns=\"http:\/\/www.w3.org\/2000\/svg\"><path d=\"M224.3 273l-136 136c-9.4 9.4-24.6 9.4-33.9 0l-22.6-22.6c-9.4-9.4-9.4-24.6 0-33.9l96.4-96.4-96.4-96.4c-9.4-9.4-9.4-24.6 0-33.9L54.3 103c9.4-9.4 24.6-9.4 33.9 0l136 136c9.5 9.4 9.5 24.6.1 34z\"><\/path><\/svg>\t\t\t\t\t\t<\/span>\n\t\t\t\t\t\t\t\t\t\t<span class=\"elementor-icon-list-text\"><b>Our approach<\/b><\/span>\n\t\t\t\t\t\t\t\t\t\t\t<\/a>\n\t\t\t\t\t\t\t\t\t<\/li>\n\t\t\t\t\t\t<\/ul>\n\t\t\t\t\t\t<\/div>\n\t\t\t\t<\/div>\n\t\t\t\t<\/div>\n\t\t<div class=\"elementor-element elementor-element-3028a10 e-con-full e-flex e-con e-parent\" data-id=\"3028a10\" data-element_type=\"container\" data-e-type=\"container\">\n\t\t<div class=\"elementor-element elementor-element-227c97c e-con-full e-flex e-con e-child\" data-id=\"227c97c\" data-element_type=\"container\" data-e-type=\"container\">\n\t\t\t\t<div class=\"elementor-element elementor-element-d2da29b elementor-widget elementor-widget-image\" data-id=\"d2da29b\" data-element_type=\"widget\" data-e-type=\"widget\" data-widget_type=\"image.default\">\n\t\t\t\t<div class=\"elementor-widget-container\">\n\t\t\t\t\t\t\t\t\t\t\t\t\t\t\t<img fetchpriority=\"high\" decoding=\"async\" width=\"963\" height=\"696\" src=\"https:\/\/centre-assal.ch\/wp-content\/uploads\/2026\/01\/Frame-291.png\" class=\"attachment-full size-full wp-image-18104\" alt=\"\" srcset=\"https:\/\/centre-assal.ch\/wp-content\/uploads\/2026\/01\/Frame-291.png 963w, https:\/\/centre-assal.ch\/wp-content\/uploads\/2026\/01\/Frame-291-300x217.png 300w, https:\/\/centre-assal.ch\/wp-content\/uploads\/2026\/01\/Frame-291-768x555.png 768w, https:\/\/centre-assal.ch\/wp-content\/uploads\/2026\/01\/Frame-291-18x12.png 18w\" sizes=\"(max-width: 963px) 100vw, 963px\" \/>\t\t\t\t\t\t\t\t\t\t\t\t\t\t\t<\/div>\n\t\t\t\t<\/div>\n\t\t\t\t<\/div>\n\t\t<div class=\"elementor-element elementor-element-d0e03e3 e-con-full e-flex e-con e-child\" data-id=\"d0e03e3\" data-element_type=\"container\" data-e-type=\"container\">\n\t\t<div class=\"elementor-element elementor-element-5b0400b e-con-full e-flex e-con e-child\" data-id=\"5b0400b\" data-element_type=\"container\" data-e-type=\"container\">\n\t\t\t\t<div class=\"elementor-element elementor-element-1851406 elementor-widget elementor-widget-text-editor\" data-id=\"1851406\" data-element_type=\"widget\" data-e-type=\"widget\" data-widget_type=\"text-editor.default\">\n\t\t\t\t<div class=\"elementor-widget-container\">\n\t\t\t\t\t\t\t\t\t<p>Centre ASSAL maintains a strong academic and scientific activity. Every surgical intervention is rigorously documented and followed longitudinally using validated clinical assessment tools, allowing objective evaluation of functional outcomes over time. These data are collected within a Registry approved by Swiss Ethics.<\/p><p class=\"translation-block\">This scientific approach aims to continuously improve the quality of care by relying on both objective and subjective patient data, collected through standardized and validated questionnaires (Patient-Reported Outcome Measures, PROMs). The insights gained from these data directly contribute to optimizing patient management. By participating in these registries, patients become active partners in the advancement of medical knowledge.<\/p><p><span style=\"white-space-collapse: preserve;\">\u00a0<\/span><span style=\"white-space-collapse: preserve;\">Members of the Centre ASSAL team regularly publish their work in international peer-reviewed scientific journals and contribute to the authorship of reference textbooks in foot and ankle surgery.<\/span><\/p><p><span style=\"white-space-collapse: preserve;\">Regular critical literature review sessions (Journal Clubs) are organized, fostering evidence-based practice and collective reflection on the latest scientific data.<\/span><\/p><p><span style=\"white-space-collapse: preserve;\">\u00a0<\/span><span style=\"white-space-collapse: preserve;\">Centre ASSAL is also the originator of the Ortho Foot Club, founded over ten\u2028years ago by PD Dr Mathieu Assal. This scientific meeting, held every six weeks, brings together foot and ankle orthopedic surgeons from French-speaking Switzerland to discuss current clinical topics, strengthening knowledge exchange and regional excellence in patient care<\/span><\/p>\t\t\t\t\t\t\t\t<\/div>\n\t\t\t\t<\/div>\n\t\t\t\t<\/div>\n\t\t\t\t<\/div>\n\t\t\t\t<\/div>\n\t\t\t\t<\/div>","protected":false},"excerpt":{"rendered":"<p>Notre approche Accueil Notre approche Le Centre ASSAL d\u00e9veloppe une activit\u00e9 scientifique acad\u00e9mique soutenue. Chaque intervention est rigoureusement document\u00e9e et fait l\u2019objet d\u2019un suivi longitudinal \u00e0 l\u2019aide d\u2019outils cliniques valid\u00e9s, permettant d\u2019\u00e9valuer objectivement les r\u00e9sultats fonctionnels au fil du temps. Ces donn\u00e9es sont collect\u00e9es au sein d\u2019un Registre approuv\u00e9 par Swiss Ethics. Cette d\u00e9marche scientifique [&hellip;]<\/p>\n","protected":false},"author":18,"featured_media":0,"parent":0,"menu_order":0,"comment_status":"closed","ping_status":"closed","template":"elementor_header_footer","meta":{"_acf_changed":false,"footnotes":""},"class_list":["post-16201","page","type-page","status-publish","hentry"],"acf":[],"yoast_head":"<!-- This site is optimized with the Yoast SEO plugin v27.5 - https:\/\/yoast.com\/product\/yoast-seo-wordpress\/ -->\n<title>Approche scientifique - Centre Assal<\/title>\n<meta name=\"robots\" content=\"index, follow, max-snippet:-1, max-image-preview:large, max-video-preview:-1\" \/>\n<link rel=\"canonical\" href=\"https:\/\/centre-assal.ch\/en\/approche-scientifique\/\" \/>\n<meta property=\"og:locale\" content=\"en_GB\" \/>\n<meta property=\"og:type\" content=\"article\" \/>\n<meta property=\"og:title\" content=\"Approche scientifique - Centre Assal\" \/>\n<meta property=\"og:description\" content=\"Notre approche Accueil Notre approche Le Centre ASSAL d\u00e9veloppe une activit\u00e9 scientifique acad\u00e9mique soutenue. Chaque intervention est rigoureusement document\u00e9e et fait l\u2019objet d\u2019un suivi longitudinal \u00e0 l\u2019aide d\u2019outils cliniques valid\u00e9s, permettant d\u2019\u00e9valuer objectivement les r\u00e9sultats fonctionnels au fil du temps. Ces donn\u00e9es sont collect\u00e9es au sein d\u2019un Registre approuv\u00e9 par Swiss Ethics. Cette d\u00e9marche scientifique [&hellip;]\" \/>\n<meta property=\"og:url\" content=\"https:\/\/centre-assal.ch\/en\/approche-scientifique\/\" \/>\n<meta property=\"og:site_name\" content=\"Centre Assal\" \/>\n<meta property=\"article:modified_time\" content=\"2026-01-12T15:40:23+00:00\" \/>\n<meta property=\"og:image\" content=\"https:\/\/centre-assal.ch\/wp-content\/uploads\/2026\/01\/Frame-291.png\" \/>\n\t<meta property=\"og:image:width\" content=\"963\" \/>\n\t<meta property=\"og:image:height\" content=\"696\" \/>\n\t<meta property=\"og:image:type\" content=\"image\/png\" \/>\n<meta name=\"twitter:card\" content=\"summary_large_image\" \/>\n<meta name=\"twitter:label1\" content=\"Estimated reading time\" \/>\n\t<meta name=\"twitter:data1\" content=\"2 minutes\" \/>\n<script type=\"application\/ld+json\" class=\"yoast-schema-graph\">{\"@context\":\"https:\\\/\\\/schema.org\",\"@graph\":[{\"@type\":\"WebPage\",\"@id\":\"https:\\\/\\\/centre-assal.ch\\\/approche-scientifique\\\/\",\"url\":\"https:\\\/\\\/centre-assal.ch\\\/approche-scientifique\\\/\",\"name\":\"Approche scientifique - Centre Assal\",\"isPartOf\":{\"@id\":\"https:\\\/\\\/centre-assal.ch\\\/#website\"},\"primaryImageOfPage\":{\"@id\":\"https:\\\/\\\/centre-assal.ch\\\/approche-scientifique\\\/#primaryimage\"},\"image\":{\"@id\":\"https:\\\/\\\/centre-assal.ch\\\/approche-scientifique\\\/#primaryimage\"},\"thumbnailUrl\":\"https:\\\/\\\/centre-assal.ch\\\/wp-content\\\/uploads\\\/2026\\\/01\\\/Frame-291.png\",\"datePublished\":\"2025-07-10T12:18:22+00:00\",\"dateModified\":\"2026-01-12T15:40:23+00:00\",\"breadcrumb\":{\"@id\":\"https:\\\/\\\/centre-assal.ch\\\/approche-scientifique\\\/#breadcrumb\"},\"inLanguage\":\"en-GB\",\"potentialAction\":[{\"@type\":\"ReadAction\",\"target\":[\"https:\\\/\\\/centre-assal.ch\\\/approche-scientifique\\\/\"]}]},{\"@type\":\"ImageObject\",\"inLanguage\":\"en-GB\",\"@id\":\"https:\\\/\\\/centre-assal.ch\\\/approche-scientifique\\\/#primaryimage\",\"url\":\"https:\\\/\\\/centre-assal.ch\\\/wp-content\\\/uploads\\\/2026\\\/01\\\/Frame-291.png\",\"contentUrl\":\"https:\\\/\\\/centre-assal.ch\\\/wp-content\\\/uploads\\\/2026\\\/01\\\/Frame-291.png\"},{\"@type\":\"BreadcrumbList\",\"@id\":\"https:\\\/\\\/centre-assal.ch\\\/approche-scientifique\\\/#breadcrumb\",\"itemListElement\":[{\"@type\":\"ListItem\",\"position\":1,\"name\":\"Home\",\"item\":\"https:\\\/\\\/centre-assal.ch\\\/\"},{\"@type\":\"ListItem\",\"position\":2,\"name\":\"Approche scientifique\"}]},{\"@type\":\"WebSite\",\"@id\":\"https:\\\/\\\/centre-assal.ch\\\/#website\",\"url\":\"https:\\\/\\\/centre-assal.ch\\\/\",\"name\":\"Centre Assal\",\"description\":\"\",\"publisher\":{\"@id\":\"https:\\\/\\\/centre-assal.ch\\\/#organization\"},\"potentialAction\":[{\"@type\":\"SearchAction\",\"target\":{\"@type\":\"EntryPoint\",\"urlTemplate\":\"https:\\\/\\\/centre-assal.ch\\\/?s={search_term_string}\"},\"query-input\":{\"@type\":\"PropertyValueSpecification\",\"valueRequired\":true,\"valueName\":\"search_term_string\"}}],\"inLanguage\":\"en-GB\"},{\"@type\":\"Organization\",\"@id\":\"https:\\\/\\\/centre-assal.ch\\\/#organization\",\"name\":\"Centre Assal\",\"url\":\"https:\\\/\\\/centre-assal.ch\\\/\",\"logo\":{\"@type\":\"ImageObject\",\"inLanguage\":\"en-GB\",\"@id\":\"https:\\\/\\\/centre-assal.ch\\\/#\\\/schema\\\/logo\\\/image\\\/\",\"url\":\"https:\\\/\\\/centre-assal.ch\\\/wp-content\\\/uploads\\\/2025\\\/03\\\/Logo_CentreAssal_RVB-11.png\",\"contentUrl\":\"https:\\\/\\\/centre-assal.ch\\\/wp-content\\\/uploads\\\/2025\\\/03\\\/Logo_CentreAssal_RVB-11.png\",\"width\":220,\"height\":114,\"caption\":\"Centre Assal\"},\"image\":{\"@id\":\"https:\\\/\\\/centre-assal.ch\\\/#\\\/schema\\\/logo\\\/image\\\/\"},\"sameAs\":[\"https:\\\/\\\/www.instagram.com\\\/centre_assal\\\/\",\"https:\\\/\\\/www.linkedin.com\\\/company\\\/centre-assal\"]}]}<\/script>\n<!-- \/ Yoast SEO plugin. -->","yoast_head_json":{"title":"Approche scientifique - Centre Assal","robots":{"index":"index","follow":"follow","max-snippet":"max-snippet:-1","max-image-preview":"max-image-preview:large","max-video-preview":"max-video-preview:-1"},"canonical":"https:\/\/centre-assal.ch\/en\/approche-scientifique\/","og_locale":"en_GB","og_type":"article","og_title":"Approche scientifique - Centre Assal","og_description":"Notre approche Accueil Notre approche Le Centre ASSAL d\u00e9veloppe une activit\u00e9 scientifique acad\u00e9mique soutenue. Chaque intervention est rigoureusement document\u00e9e et fait l\u2019objet d\u2019un suivi longitudinal \u00e0 l\u2019aide d\u2019outils cliniques valid\u00e9s, permettant d\u2019\u00e9valuer objectivement les r\u00e9sultats fonctionnels au fil du temps. Ces donn\u00e9es sont collect\u00e9es au sein d\u2019un Registre approuv\u00e9 par Swiss Ethics. Cette d\u00e9marche scientifique [&hellip;]","og_url":"https:\/\/centre-assal.ch\/en\/approche-scientifique\/","og_site_name":"Centre Assal","article_modified_time":"2026-01-12T15:40:23+00:00","og_image":[{"width":963,"height":696,"url":"https:\/\/centre-assal.ch\/wp-content\/uploads\/2026\/01\/Frame-291.png","type":"image\/png"}],"twitter_card":"summary_large_image","twitter_misc":{"Estimated reading time":"2 minutes"},"schema":{"@context":"https:\/\/schema.org","@graph":[{"@type":"WebPage","@id":"https:\/\/centre-assal.ch\/approche-scientifique\/","url":"https:\/\/centre-assal.ch\/approche-scientifique\/","name":"Approche scientifique - Centre Assal","isPartOf":{"@id":"https:\/\/centre-assal.ch\/#website"},"primaryImageOfPage":{"@id":"https:\/\/centre-assal.ch\/approche-scientifique\/#primaryimage"},"image":{"@id":"https:\/\/centre-assal.ch\/approche-scientifique\/#primaryimage"},"thumbnailUrl":"https:\/\/centre-assal.ch\/wp-content\/uploads\/2026\/01\/Frame-291.png","datePublished":"2025-07-10T12:18:22+00:00","dateModified":"2026-01-12T15:40:23+00:00","breadcrumb":{"@id":"https:\/\/centre-assal.ch\/approche-scientifique\/#breadcrumb"},"inLanguage":"en-GB","potentialAction":[{"@type":"ReadAction","target":["https:\/\/centre-assal.ch\/approche-scientifique\/"]}]},{"@type":"ImageObject","inLanguage":"en-GB","@id":"https:\/\/centre-assal.ch\/approche-scientifique\/#primaryimage","url":"https:\/\/centre-assal.ch\/wp-content\/uploads\/2026\/01\/Frame-291.png","contentUrl":"https:\/\/centre-assal.ch\/wp-content\/uploads\/2026\/01\/Frame-291.png"},{"@type":"BreadcrumbList","@id":"https:\/\/centre-assal.ch\/approche-scientifique\/#breadcrumb","itemListElement":[{"@type":"ListItem","position":1,"name":"Home","item":"https:\/\/centre-assal.ch\/"},{"@type":"ListItem","position":2,"name":"Approche scientifique"}]},{"@type":"WebSite","@id":"https:\/\/centre-assal.ch\/#website","url":"https:\/\/centre-assal.ch\/","name":"Centre Assal","description":"","publisher":{"@id":"https:\/\/centre-assal.ch\/#organization"},"potentialAction":[{"@type":"SearchAction","target":{"@type":"EntryPoint","urlTemplate":"https:\/\/centre-assal.ch\/?s={search_term_string}"},"query-input":{"@type":"PropertyValueSpecification","valueRequired":true,"valueName":"search_term_string"}}],"inLanguage":"en-GB"},{"@type":"Organization","@id":"https:\/\/centre-assal.ch\/#organization","name":"Centre Assal","url":"https:\/\/centre-assal.ch\/","logo":{"@type":"ImageObject","inLanguage":"en-GB","@id":"https:\/\/centre-assal.ch\/#\/schema\/logo\/image\/","url":"https:\/\/centre-assal.ch\/wp-content\/uploads\/2025\/03\/Logo_CentreAssal_RVB-11.png","contentUrl":"https:\/\/centre-assal.ch\/wp-content\/uploads\/2025\/03\/Logo_CentreAssal_RVB-11.png","width":220,"height":114,"caption":"Centre Assal"},"image":{"@id":"https:\/\/centre-assal.ch\/#\/schema\/logo\/image\/"},"sameAs":["https:\/\/www.instagram.com\/centre_assal\/","https:\/\/www.linkedin.com\/company\/centre-assal"]}]}},"_links":{"self":[{"href":"https:\/\/centre-assal.ch\/en\/wp-json\/wp\/v2\/pages\/16201","targetHints":{"allow":["GET"]}}],"collection":[{"href":"https:\/\/centre-assal.ch\/en\/wp-json\/wp\/v2\/pages"}],"about":[{"href":"https:\/\/centre-assal.ch\/en\/wp-json\/wp\/v2\/types\/page"}],"author":[{"embeddable":true,"href":"https:\/\/centre-assal.ch\/en\/wp-json\/wp\/v2\/users\/18"}],"replies":[{"embeddable":true,"href":"https:\/\/centre-assal.ch\/en\/wp-json\/wp\/v2\/comments?post=16201"}],"version-history":[{"count":43,"href":"https:\/\/centre-assal.ch\/en\/wp-json\/wp\/v2\/pages\/16201\/revisions"}],"predecessor-version":[{"id":18134,"href":"https:\/\/centre-assal.ch\/en\/wp-json\/wp\/v2\/pages\/16201\/revisions\/18134"}],"wp:attachment":[{"href":"https:\/\/centre-assal.ch\/en\/wp-json\/wp\/v2\/media?parent=16201"}],"curies":[{"name":"wp","href":"https:\/\/api.w.org\/{rel}","templated":true}]}}