{"id":3058,"date":"2025-03-12T09:30:18","date_gmt":"2025-03-12T08:30:18","guid":{"rendered":"https:\/\/preview.centre-assal.ch\/?page_id=3058"},"modified":"2025-10-05T06:19:07","modified_gmt":"2025-10-05T04:19:07","slug":"nos-valeurs","status":"publish","type":"page","link":"https:\/\/centre-assal.ch\/en\/nos-valeurs\/","title":{"rendered":"Our values"},"content":{"rendered":"<div data-elementor-type=\"wp-page\" data-elementor-id=\"3058\" class=\"elementor elementor-3058\" data-elementor-post-type=\"page\">\n\t\t\t\t<div class=\"elementor-element elementor-element-b55d463 e-con-full e-flex e-con e-parent\" data-id=\"b55d463\" data-element_type=\"container\" data-settings=\"{&quot;background_background&quot;:&quot;classic&quot;}\">\n\t\t\t\t<\/div>\n\t\t<div class=\"elementor-element elementor-element-8524864 e-con-full e-flex e-con e-parent\" data-id=\"8524864\" data-element_type=\"container\">\n\t\t<div class=\"elementor-element elementor-element-ee80285 e-con-full e-flex e-con e-child\" data-id=\"ee80285\" data-element_type=\"container\">\n\t\t<div class=\"elementor-element elementor-element-c9d36c0 e-con-full e-flex e-con e-child\" data-id=\"c9d36c0\" data-element_type=\"container\" data-settings=\"{&quot;background_background&quot;:&quot;classic&quot;}\">\n\t\t\t\t<div class=\"elementor-element elementor-element-87c8d5e elementor-widget elementor-widget-heading\" data-id=\"87c8d5e\" data-element_type=\"widget\" data-widget_type=\"heading.default\">\n\t\t\t\t<div class=\"elementor-widget-container\">\n\t\t\t\t\t<h2 class=\"elementor-heading-title elementor-size-default\">Our values<\/h2>\t\t\t\t<\/div>\n\t\t\t\t<\/div>\n\t\t\t\t<\/div>\n\t\t\t\t<div class=\"elementor-element elementor-element-0828f94 elementor-icon-list--layout-inline elementor-align-start elementor-list-item-link-full_width elementor-widget elementor-widget-icon-list\" data-id=\"0828f94\" data-element_type=\"widget\" data-widget_type=\"icon-list.default\">\n\t\t\t\t<div class=\"elementor-widget-container\">\n\t\t\t\t\t\t\t<ul class=\"elementor-icon-list-items elementor-inline-items\">\n\t\t\t\t\t\t\t<li class=\"elementor-icon-list-item elementor-inline-item\">\n\t\t\t\t\t\t\t\t\t\t\t<a href=\"https:\/\/centre-assal.ch\/en\">\n\n\t\t\t\t\t\t\t\t\t\t\t<span class=\"elementor-icon-list-text\">Home<\/span>\n\t\t\t\t\t\t\t\t\t\t\t<\/a>\n\t\t\t\t\t\t\t\t\t<\/li>\n\t\t\t\t\t\t\t\t<li class=\"elementor-icon-list-item elementor-inline-item\">\n\t\t\t\t\t\t\t\t\t\t\t<a href=\"\/en\/le-centre\/\">\n\n\t\t\t\t\t\t\t\t\t\t\t\t<span class=\"elementor-icon-list-icon\">\n\t\t\t\t\t\t\t<svg aria-hidden=\"true\" class=\"e-font-icon-svg e-fas-angle-right\" viewbox=\"0 0 256 512\" xmlns=\"http:\/\/www.w3.org\/2000\/svg\"><path d=\"M224.3 273l-136 136c-9.4 9.4-24.6 9.4-33.9 0l-22.6-22.6c-9.4-9.4-9.4-24.6 0-33.9l96.4-96.4-96.4-96.4c-9.4-9.4-9.4-24.6 0-33.9L54.3 103c9.4-9.4 24.6-9.4 33.9 0l136 136c9.5 9.4 9.5 24.6.1 34z\"><\/path><\/svg>\t\t\t\t\t\t<\/span>\n\t\t\t\t\t\t\t\t\t\t<span class=\"elementor-icon-list-text\">Center<\/span>\n\t\t\t\t\t\t\t\t\t\t\t<\/a>\n\t\t\t\t\t\t\t\t\t<\/li>\n\t\t\t\t\t\t\t\t<li class=\"elementor-icon-list-item elementor-inline-item\">\n\t\t\t\t\t\t\t\t\t\t\t<a href=\"#\">\n\n\t\t\t\t\t\t\t\t\t\t\t\t<span class=\"elementor-icon-list-icon\">\n\t\t\t\t\t\t\t<svg aria-hidden=\"true\" class=\"e-font-icon-svg e-fas-angle-right\" viewbox=\"0 0 256 512\" xmlns=\"http:\/\/www.w3.org\/2000\/svg\"><path d=\"M224.3 273l-136 136c-9.4 9.4-24.6 9.4-33.9 0l-22.6-22.6c-9.4-9.4-9.4-24.6 0-33.9l96.4-96.4-96.4-96.4c-9.4-9.4-9.4-24.6 0-33.9L54.3 103c9.4-9.4 24.6-9.4 33.9 0l136 136c9.5 9.4 9.5 24.6.1 34z\"><\/path><\/svg>\t\t\t\t\t\t<\/span>\n\t\t\t\t\t\t\t\t\t\t<span class=\"elementor-icon-list-text\"><b>Our values<\/b><\/span>\n\t\t\t\t\t\t\t\t\t\t\t<\/a>\n\t\t\t\t\t\t\t\t\t<\/li>\n\t\t\t\t\t\t<\/ul>\n\t\t\t\t\t\t<\/div>\n\t\t\t\t<\/div>\n\t\t\t\t<div class=\"elementor-element elementor-element-34d397f elementor-absolute elementor-hidden-mobile elementor-widget elementor-widget-image\" data-id=\"34d397f\" data-element_type=\"widget\" data-settings=\"{&quot;_position&quot;:&quot;absolute&quot;}\" data-widget_type=\"image.default\">\n\t\t\t\t<div class=\"elementor-widget-container\">\n\t\t\t\t\t\t\t\t\t\t\t\t\t\t\t<img fetchpriority=\"high\" decoding=\"async\" width=\"435\" height=\"460\" src=\"https:\/\/centre-assal.ch\/wp-content\/uploads\/2025\/03\/Vector-1.png\" class=\"attachment-large size-large wp-image-3166\" alt=\"\" srcset=\"https:\/\/centre-assal.ch\/wp-content\/uploads\/2025\/03\/Vector-1.png 435w, https:\/\/centre-assal.ch\/wp-content\/uploads\/2025\/03\/Vector-1-284x300.png 284w\" sizes=\"(max-width: 435px) 100vw, 435px\" \/>\t\t\t\t\t\t\t\t\t\t\t\t\t\t\t<\/div>\n\t\t\t\t<\/div>\n\t\t\t\t<\/div>\n\t\t<div class=\"elementor-element elementor-element-b78b8fb e-con-full e-flex e-con e-child\" data-id=\"b78b8fb\" data-element_type=\"container\" data-settings=\"{&quot;background_background&quot;:&quot;classic&quot;}\">\n\t\t\t\t<div class=\"elementor-element elementor-element-8e2a084 elementor-widget elementor-widget-heading\" data-id=\"8e2a084\" data-element_type=\"widget\" data-widget_type=\"heading.default\">\n\t\t\t\t<div class=\"elementor-widget-container\">\n\t\t\t\t\t<h4 class=\"elementor-heading-title elementor-size-default\">Our values form the bedrock of our vision<\/h4>\t\t\t\t<\/div>\n\t\t\t\t<\/div>\n\t\t\t\t<div class=\"elementor-element elementor-element-5bb5734 elementor-widget elementor-widget-text-editor\" data-id=\"5bb5734\" data-element_type=\"widget\" data-widget_type=\"text-editor.default\">\n\t\t\t\t<div class=\"elementor-widget-container\">\n\t\t\t\t\t\t\t\t\t<p>With its core values taking precedence over all economic considerations, the Centre ASSAL is a proponent of responsible medicine, based upon expertise and targeted care. Its decisions are based on science and ethics. All of its activities are also performed in accordance with the principles of social responsibility and environmental sustainability.<\/p>\t\t\t\t\t\t\t\t<\/div>\n\t\t\t\t<\/div>\n\t\t\t\t<\/div>\n\t\t\t\t<\/div>\n\t\t<div class=\"elementor-element elementor-element-7f524cd e-con-full e-flex e-con e-parent\" data-id=\"7f524cd\" data-element_type=\"container\">\n\t\t<div class=\"elementor-element elementor-element-f639e05 e-con-full e-flex e-con e-child\" data-id=\"f639e05\" data-element_type=\"container\" data-settings=\"{&quot;background_background&quot;:&quot;classic&quot;}\">\n\t\t\t\t<\/div>\n\t\t<div class=\"elementor-element elementor-element-650e531 e-con-full padding-valeur e-flex e-con e-child\" data-id=\"650e531\" data-element_type=\"container\">\n\t\t<div class=\"elementor-element elementor-element-8b6b764 e-con-full e-flex e-con e-child\" data-id=\"8b6b764\" data-element_type=\"container\">\n\t\t\t\t<div class=\"elementor-element elementor-element-e49f2bc elementor-widget elementor-widget-heading\" data-id=\"e49f2bc\" data-element_type=\"widget\" data-widget_type=\"heading.default\">\n\t\t\t\t<div class=\"elementor-widget-container\">\n\t\t\t\t\t<h4 class=\"elementor-heading-title elementor-size-default\"><span class=\"titre-valeurs\">Accountability<\/span>\u00a0- combining responsibility with sustainability<\/h4>\t\t\t\t<\/div>\n\t\t\t\t<\/div>\n\t\t\t\t<div class=\"elementor-element elementor-element-31f4bf0 elementor-widget elementor-widget-text-editor\" data-id=\"31f4bf0\" data-element_type=\"widget\" data-widget_type=\"text-editor.default\">\n\t\t\t\t<div class=\"elementor-widget-container\">\n\t\t\t\t\t\t\t\t\t<p>With its core values taking precedence over all economic considerations, the Centre ASSAL is a proponent of responsible medicine, based upon expertise and targeted care. Its decisions are based on science and ethics. All of its activities are also performed in accordance with the principles of social responsibility and environmental sustainability.<\/p>\t\t\t\t\t\t\t\t<\/div>\n\t\t\t\t<\/div>\n\t\t\t\t<\/div>\n\t\t<div class=\"elementor-element elementor-element-b2d7998 e-con-full e-flex e-con e-child\" data-id=\"b2d7998\" data-element_type=\"container\">\n\t\t\t\t<div class=\"elementor-element elementor-element-0747ef3 elementor-widget elementor-widget-heading\" data-id=\"0747ef3\" data-element_type=\"widget\" data-widget_type=\"heading.default\">\n\t\t\t\t<div class=\"elementor-widget-container\">\n\t\t\t\t\t<h4 class=\"elementor-heading-title elementor-size-default\"><span class=\"titre-valeurs\">Excellence<\/span>\u00a0- combining medical expertise with high-quality treatment<\/h4>\t\t\t\t<\/div>\n\t\t\t\t<\/div>\n\t\t\t\t<div class=\"elementor-element elementor-element-dba92ad elementor-widget elementor-widget-text-editor\" data-id=\"dba92ad\" data-element_type=\"widget\" data-widget_type=\"text-editor.default\">\n\t\t\t\t<div class=\"elementor-widget-container\">\n\t\t\t\t\t\t\t\t\t<p>Experience, expertise, and high standards \u2014 we take the time to find the most appropriate solutions for each condition, maintaining a high level of skill and relying on advanced technological resources. Within this framework, we provide care that goes beyond treatment, aiming to turn our patients into true partners in healing. This comprehensive approach to treatment extends all the way to the patient\u2019s return home.<\/p>\t\t\t\t\t\t\t\t<\/div>\n\t\t\t\t<\/div>\n\t\t\t\t<\/div>\n\t\t<div class=\"elementor-element elementor-element-8546733 e-con-full e-flex e-con e-child\" data-id=\"8546733\" data-element_type=\"container\">\n\t\t\t\t<div class=\"elementor-element elementor-element-42296e3 elementor-widget elementor-widget-heading\" data-id=\"42296e3\" data-element_type=\"widget\" data-widget_type=\"heading.default\">\n\t\t\t\t<div class=\"elementor-widget-container\">\n\t\t\t\t\t<h4 class=\"elementor-heading-title elementor-size-default\"><span class=\"titre-valeurs\">Integrity<\/span>\u00a0- making decisions based on science and ethics<\/h4>\t\t\t\t<\/div>\n\t\t\t\t<\/div>\n\t\t\t\t<div class=\"elementor-element elementor-element-1d1447b elementor-widget elementor-widget-text-editor\" data-id=\"1d1447b\" data-element_type=\"widget\" data-widget_type=\"text-editor.default\">\n\t\t\t\t<div class=\"elementor-widget-container\">\n\t\t\t\t\t\t\t\t\t<p>To bring a sustainable and lasting dimension to medicine, we draw upon on the current state of science and measure each case treated against our existing knowledge (evidence-based medicine). In doing so, we base our practice on concrete evidence while considering each patient\u2019s pathology in its specific context.<\/p>\t\t\t\t\t\t\t\t<\/div>\n\t\t\t\t<\/div>\n\t\t\t\t<\/div>\n\t\t<div class=\"elementor-element elementor-element-2ce2842 e-con-full e-flex e-con e-child\" data-id=\"2ce2842\" data-element_type=\"container\">\n\t\t\t\t<div class=\"elementor-element elementor-element-d71e11b elementor-icon-list--layout-traditional elementor-list-item-link-full_width elementor-widget elementor-widget-icon-list\" data-id=\"d71e11b\" data-element_type=\"widget\" data-widget_type=\"icon-list.default\">\n\t\t\t\t<div class=\"elementor-widget-container\">\n\t\t\t\t\t\t\t<ul class=\"elementor-icon-list-items\">\n\t\t\t\t\t\t\t<li class=\"elementor-icon-list-item\">\n\t\t\t\t\t\t\t\t\t\t\t<span class=\"elementor-icon-list-icon\">\n\t\t\t\t\t\t\t<svg aria-hidden=\"true\" class=\"e-font-icon-svg e-fas-circle\" viewbox=\"0 0 512 512\" xmlns=\"http:\/\/www.w3.org\/2000\/svg\"><path d=\"M256 8C119 8 8 119 8 256s111 248 248 248 248-111 248-248S393 8 256 8z\"><\/path><\/svg>\t\t\t\t\t\t<\/span>\n\t\t\t\t\t\t\t\t\t\t<span class=\"elementor-icon-list-text\">Smarter medicine<\/span>\n\t\t\t\t\t\t\t\t\t<\/li>\n\t\t\t\t\t\t<\/ul>\n\t\t\t\t\t\t<\/div>\n\t\t\t\t<\/div>\n\t\t\t\t<div class=\"elementor-element elementor-element-cb776a3 elementor-widget elementor-widget-text-editor\" data-id=\"cb776a3\" data-element_type=\"widget\" data-widget_type=\"text-editor.default\">\n\t\t\t\t<div class=\"elementor-widget-container\">\n\t\t\t\t\t\t\t\t\t<p>Our care philosophy is based on the concept of smarter medicine, an approach that aims to avoid the excessive use of medical measures that are often detrimental to health. This implies fewer unnecessary actions and prescriptions, fewer unnecessary risks and therefore higher quality care. Faced with the challenges of sustainability affecting all sectors of activity, the principles of smarter medicine provide concrete responses to limit costly interventions while optimizing treatments.<\/p>\t\t\t\t\t\t\t\t<\/div>\n\t\t\t\t<\/div>\n\t\t\t\t<\/div>\n\t\t<div class=\"elementor-element elementor-element-45980fd e-con-full e-flex e-con e-child\" data-id=\"45980fd\" data-element_type=\"container\">\n\t\t\t\t<div class=\"elementor-element elementor-element-4a7c25c elementor-icon-list--layout-traditional elementor-list-item-link-full_width elementor-widget elementor-widget-icon-list\" data-id=\"4a7c25c\" data-element_type=\"widget\" data-widget_type=\"icon-list.default\">\n\t\t\t\t<div class=\"elementor-widget-container\">\n\t\t\t\t\t\t\t<ul class=\"elementor-icon-list-items\">\n\t\t\t\t\t\t\t<li class=\"elementor-icon-list-item\">\n\t\t\t\t\t\t\t\t\t\t\t<span class=\"elementor-icon-list-icon\">\n\t\t\t\t\t\t\t<svg aria-hidden=\"true\" class=\"e-font-icon-svg e-fas-circle\" viewbox=\"0 0 512 512\" xmlns=\"http:\/\/www.w3.org\/2000\/svg\"><path d=\"M256 8C119 8 8 119 8 256s111 248 248 248 248-111 248-248S393 8 256 8z\"><\/path><\/svg>\t\t\t\t\t\t<\/span>\n\t\t\t\t\t\t\t\t\t\t<span class=\"elementor-icon-list-text\">Evidence-based medicine<\/span>\n\t\t\t\t\t\t\t\t\t<\/li>\n\t\t\t\t\t\t<\/ul>\n\t\t\t\t\t\t<\/div>\n\t\t\t\t<\/div>\n\t\t\t\t<div class=\"elementor-element elementor-element-e92d93c elementor-widget elementor-widget-text-editor\" data-id=\"e92d93c\" data-element_type=\"widget\" data-widget_type=\"text-editor.default\">\n\t\t\t\t<div class=\"elementor-widget-container\">\n\t\t\t\t\t\t\t\t\t<p>To be able to practice safer and more efficient medicine, we rely on the current state of science. We firmly believe that the quality of care depends not only on a statistical analysis of the volume of patients and pathologies treated, but also on a comparison of the outcome. Each decision made is therefore backed up by research data, clinical experience and the specific situation of each patient in terms of rights, possibilities and preferences.<\/p>\t\t\t\t\t\t\t\t<\/div>\n\t\t\t\t<\/div>\n\t\t\t\t<\/div>\n\t\t\t\t<\/div>\n\t\t\t\t<\/div>\n\t\t<div class=\"elementor-element elementor-element-31c0ad9 e-flex e-con-boxed e-con e-parent\" data-id=\"31c0ad9\" data-element_type=\"container\">\n\t\t\t\t\t<div class=\"e-con-inner\">\n\t\t\t\t<div class=\"elementor-element elementor-element-1a7ae5a elementor-widget elementor-widget-spacer\" data-id=\"1a7ae5a\" data-element_type=\"widget\" data-widget_type=\"spacer.default\">\n\t\t\t\t<div class=\"elementor-widget-container\">\n\t\t\t\t\t\t\t<div class=\"elementor-spacer\">\n\t\t\t<div class=\"elementor-spacer-inner\"><\/div>\n\t\t<\/div>\n\t\t\t\t\t\t<\/div>\n\t\t\t\t<\/div>\n\t\t\t\t\t<\/div>\n\t\t\t\t<\/div>\n\t\t\t\t<\/div>","protected":false},"excerpt":{"rendered":"<p>Nos valeurs Accueil Centre Nos valeurs Nos valeurs comme socle de notre vision Pla\u00e7ant ses valeurs au-dessus de toute consid\u00e9ration \u00e9conomique, le Centre ASSAL d\u00e9fend une m\u00e9decine responsable, bas\u00e9e sur l\u2019expertise et un traitement cibl\u00e9. Ses d\u00e9cisions se fondent sur la science et l\u2019\u00e9thique. Toutes ses activit\u00e9s sont \u00e9galement men\u00e9es dans le respect des principes [&hellip;]<\/p>","protected":false},"author":8,"featured_media":0,"parent":0,"menu_order":0,"comment_status":"closed","ping_status":"closed","template":"elementor_header_footer","meta":{"_acf_changed":false,"footnotes":""},"class_list":["post-3058","page","type-page","status-publish","hentry"],"acf":[],"yoast_head":"<!-- This site is optimized with the Yoast SEO plugin v26.8 - https:\/\/yoast.com\/product\/yoast-seo-wordpress\/ -->\n<title>Nos valeurs - Centre Assal<\/title>\n<meta name=\"description\" content=\"D\u00e9couvrez les valeurs du Centre ASSAL : excellence, int\u00e9grit\u00e9 et m\u00e9decine responsable, fond\u00e9es sur la science, l\u2019\u00e9thique et la durabilit\u00e9.\" \/>\n<meta name=\"robots\" content=\"index, follow, max-snippet:-1, max-image-preview:large, max-video-preview:-1\" \/>\n<link rel=\"canonical\" href=\"https:\/\/centre-assal.ch\/en\/nos-valeurs\/\" \/>\n<meta property=\"og:locale\" content=\"en_GB\" \/>\n<meta property=\"og:type\" content=\"article\" \/>\n<meta property=\"og:title\" content=\"Nos valeurs - Centre Assal\" \/>\n<meta property=\"og:description\" content=\"D\u00e9couvrez les valeurs du Centre ASSAL : excellence, int\u00e9grit\u00e9 et m\u00e9decine responsable, fond\u00e9es sur la science, l\u2019\u00e9thique et la durabilit\u00e9.\" \/>\n<meta property=\"og:url\" content=\"https:\/\/centre-assal.ch\/en\/nos-valeurs\/\" \/>\n<meta property=\"og:site_name\" content=\"Centre Assal\" \/>\n<meta property=\"article:modified_time\" content=\"2025-10-05T04:19:07+00:00\" \/>\n<meta property=\"og:image\" content=\"https:\/\/centre-assal.ch\/wp-content\/uploads\/2025\/03\/Vector-1.png\" \/>\n<meta name=\"twitter:card\" content=\"summary_large_image\" \/>\n<meta name=\"twitter:label1\" content=\"Estimated reading time\" \/>\n\t<meta name=\"twitter:data1\" content=\"3 minutes\" \/>\n<script type=\"application\/ld+json\" class=\"yoast-schema-graph\">{\"@context\":\"https:\/\/schema.org\",\"@graph\":[{\"@type\":\"WebPage\",\"@id\":\"https:\/\/centre-assal.ch\/nos-valeurs\/\",\"url\":\"https:\/\/centre-assal.ch\/nos-valeurs\/\",\"name\":\"Nos valeurs - Centre Assal\",\"isPartOf\":{\"@id\":\"https:\/\/centre-assal.ch\/#website\"},\"primaryImageOfPage\":{\"@id\":\"https:\/\/centre-assal.ch\/nos-valeurs\/#primaryimage\"},\"image\":{\"@id\":\"https:\/\/centre-assal.ch\/nos-valeurs\/#primaryimage\"},\"thumbnailUrl\":\"https:\/\/centre-assal.ch\/wp-content\/uploads\/2025\/03\/Vector-1.png\",\"datePublished\":\"2025-03-12T08:30:18+00:00\",\"dateModified\":\"2025-10-05T04:19:07+00:00\",\"description\":\"D\u00e9couvrez les valeurs du Centre ASSAL : excellence, int\u00e9grit\u00e9 et m\u00e9decine responsable, fond\u00e9es sur la science, l\u2019\u00e9thique et la durabilit\u00e9.\",\"breadcrumb\":{\"@id\":\"https:\/\/centre-assal.ch\/nos-valeurs\/#breadcrumb\"},\"inLanguage\":\"en-GB\",\"potentialAction\":[{\"@type\":\"ReadAction\",\"target\":[\"https:\/\/centre-assal.ch\/nos-valeurs\/\"]}]},{\"@type\":\"ImageObject\",\"inLanguage\":\"en-GB\",\"@id\":\"https:\/\/centre-assal.ch\/nos-valeurs\/#primaryimage\",\"url\":\"https:\/\/centre-assal.ch\/wp-content\/uploads\/2025\/03\/Vector-1.png\",\"contentUrl\":\"https:\/\/centre-assal.ch\/wp-content\/uploads\/2025\/03\/Vector-1.png\"},{\"@type\":\"BreadcrumbList\",\"@id\":\"https:\/\/centre-assal.ch\/nos-valeurs\/#breadcrumb\",\"itemListElement\":[{\"@type\":\"ListItem\",\"position\":1,\"name\":\"Home\",\"item\":\"https:\/\/centre-assal.ch\/\"},{\"@type\":\"ListItem\",\"position\":2,\"name\":\"Nos valeurs\"}]},{\"@type\":\"WebSite\",\"@id\":\"https:\/\/centre-assal.ch\/#website\",\"url\":\"https:\/\/centre-assal.ch\/\",\"name\":\"Centre Assal\",\"description\":\"\",\"publisher\":{\"@id\":\"https:\/\/centre-assal.ch\/#organization\"},\"potentialAction\":[{\"@type\":\"SearchAction\",\"target\":{\"@type\":\"EntryPoint\",\"urlTemplate\":\"https:\/\/centre-assal.ch\/?s={search_term_string}\"},\"query-input\":{\"@type\":\"PropertyValueSpecification\",\"valueRequired\":true,\"valueName\":\"search_term_string\"}}],\"inLanguage\":\"en-GB\"},{\"@type\":\"Organization\",\"@id\":\"https:\/\/centre-assal.ch\/#organization\",\"name\":\"Centre Assal\",\"url\":\"https:\/\/centre-assal.ch\/\",\"logo\":{\"@type\":\"ImageObject\",\"inLanguage\":\"en-GB\",\"@id\":\"https:\/\/centre-assal.ch\/#\/schema\/logo\/image\/\",\"url\":\"https:\/\/centre-assal.ch\/wp-content\/uploads\/2025\/03\/Logo_CentreAssal_RVB-11.png\",\"contentUrl\":\"https:\/\/centre-assal.ch\/wp-content\/uploads\/2025\/03\/Logo_CentreAssal_RVB-11.png\",\"width\":220,\"height\":114,\"caption\":\"Centre Assal\"},\"image\":{\"@id\":\"https:\/\/centre-assal.ch\/#\/schema\/logo\/image\/\"},\"sameAs\":[\"https:\/\/www.instagram.com\/centre_assal\/\",\"https:\/\/www.linkedin.com\/company\/centre-assal\"]}]}<\/script>\n<!-- \/ Yoast SEO plugin. -->","yoast_head_json":{"title":"Nos valeurs - Centre Assal","description":"D\u00e9couvrez les valeurs du Centre ASSAL : excellence, int\u00e9grit\u00e9 et m\u00e9decine responsable, fond\u00e9es sur la science, l\u2019\u00e9thique et la durabilit\u00e9.","robots":{"index":"index","follow":"follow","max-snippet":"max-snippet:-1","max-image-preview":"max-image-preview:large","max-video-preview":"max-video-preview:-1"},"canonical":"https:\/\/centre-assal.ch\/en\/nos-valeurs\/","og_locale":"en_GB","og_type":"article","og_title":"Nos valeurs - Centre Assal","og_description":"D\u00e9couvrez les valeurs du Centre ASSAL : excellence, int\u00e9grit\u00e9 et m\u00e9decine responsable, fond\u00e9es sur la science, l\u2019\u00e9thique et la durabilit\u00e9.","og_url":"https:\/\/centre-assal.ch\/en\/nos-valeurs\/","og_site_name":"Centre Assal","article_modified_time":"2025-10-05T04:19:07+00:00","og_image":[{"url":"https:\/\/centre-assal.ch\/wp-content\/uploads\/2025\/03\/Vector-1.png","type":"","width":"","height":""}],"twitter_card":"summary_large_image","twitter_misc":{"Estimated reading time":"3 minutes"},"schema":{"@context":"https:\/\/schema.org","@graph":[{"@type":"WebPage","@id":"https:\/\/centre-assal.ch\/nos-valeurs\/","url":"https:\/\/centre-assal.ch\/nos-valeurs\/","name":"Nos valeurs - Centre Assal","isPartOf":{"@id":"https:\/\/centre-assal.ch\/#website"},"primaryImageOfPage":{"@id":"https:\/\/centre-assal.ch\/nos-valeurs\/#primaryimage"},"image":{"@id":"https:\/\/centre-assal.ch\/nos-valeurs\/#primaryimage"},"thumbnailUrl":"https:\/\/centre-assal.ch\/wp-content\/uploads\/2025\/03\/Vector-1.png","datePublished":"2025-03-12T08:30:18+00:00","dateModified":"2025-10-05T04:19:07+00:00","description":"D\u00e9couvrez les valeurs du Centre ASSAL : excellence, int\u00e9grit\u00e9 et m\u00e9decine responsable, fond\u00e9es sur la science, l\u2019\u00e9thique et la durabilit\u00e9.","breadcrumb":{"@id":"https:\/\/centre-assal.ch\/nos-valeurs\/#breadcrumb"},"inLanguage":"en-GB","potentialAction":[{"@type":"ReadAction","target":["https:\/\/centre-assal.ch\/nos-valeurs\/"]}]},{"@type":"ImageObject","inLanguage":"en-GB","@id":"https:\/\/centre-assal.ch\/nos-valeurs\/#primaryimage","url":"https:\/\/centre-assal.ch\/wp-content\/uploads\/2025\/03\/Vector-1.png","contentUrl":"https:\/\/centre-assal.ch\/wp-content\/uploads\/2025\/03\/Vector-1.png"},{"@type":"BreadcrumbList","@id":"https:\/\/centre-assal.ch\/nos-valeurs\/#breadcrumb","itemListElement":[{"@type":"ListItem","position":1,"name":"Home","item":"https:\/\/centre-assal.ch\/"},{"@type":"ListItem","position":2,"name":"Nos valeurs"}]},{"@type":"WebSite","@id":"https:\/\/centre-assal.ch\/#website","url":"https:\/\/centre-assal.ch\/","name":"Centre Assal","description":"","publisher":{"@id":"https:\/\/centre-assal.ch\/#organization"},"potentialAction":[{"@type":"SearchAction","target":{"@type":"EntryPoint","urlTemplate":"https:\/\/centre-assal.ch\/?s={search_term_string}"},"query-input":{"@type":"PropertyValueSpecification","valueRequired":true,"valueName":"search_term_string"}}],"inLanguage":"en-GB"},{"@type":"Organization","@id":"https:\/\/centre-assal.ch\/#organization","name":"Centre Assal","url":"https:\/\/centre-assal.ch\/","logo":{"@type":"ImageObject","inLanguage":"en-GB","@id":"https:\/\/centre-assal.ch\/#\/schema\/logo\/image\/","url":"https:\/\/centre-assal.ch\/wp-content\/uploads\/2025\/03\/Logo_CentreAssal_RVB-11.png","contentUrl":"https:\/\/centre-assal.ch\/wp-content\/uploads\/2025\/03\/Logo_CentreAssal_RVB-11.png","width":220,"height":114,"caption":"Centre Assal"},"image":{"@id":"https:\/\/centre-assal.ch\/#\/schema\/logo\/image\/"},"sameAs":["https:\/\/www.instagram.com\/centre_assal\/","https:\/\/www.linkedin.com\/company\/centre-assal"]}]}},"_links":{"self":[{"href":"https:\/\/centre-assal.ch\/en\/wp-json\/wp\/v2\/pages\/3058","targetHints":{"allow":["GET"]}}],"collection":[{"href":"https:\/\/centre-assal.ch\/en\/wp-json\/wp\/v2\/pages"}],"about":[{"href":"https:\/\/centre-assal.ch\/en\/wp-json\/wp\/v2\/types\/page"}],"author":[{"embeddable":true,"href":"https:\/\/centre-assal.ch\/en\/wp-json\/wp\/v2\/users\/8"}],"replies":[{"embeddable":true,"href":"https:\/\/centre-assal.ch\/en\/wp-json\/wp\/v2\/comments?post=3058"}],"version-history":[{"count":1,"href":"https:\/\/centre-assal.ch\/en\/wp-json\/wp\/v2\/pages\/3058\/revisions"}],"predecessor-version":[{"id":17635,"href":"https:\/\/centre-assal.ch\/en\/wp-json\/wp\/v2\/pages\/3058\/revisions\/17635"}],"wp:attachment":[{"href":"https:\/\/centre-assal.ch\/en\/wp-json\/wp\/v2\/media?parent=3058"}],"curies":[{"name":"wp","href":"https:\/\/api.w.org\/{rel}","templated":true}]}}