{"id":3326,"date":"2025-03-13T08:56:01","date_gmt":"2025-03-13T07:56:01","guid":{"rendered":"https:\/\/preview.centre-assal.ch\/?page_id=3326"},"modified":"2025-10-07T04:51:50","modified_gmt":"2025-10-07T02:51:50","slug":"pied-et-diabete","status":"publish","type":"page","link":"https:\/\/centre-assal.ch\/en\/traitements\/pied-et-diabete\/","title":{"rendered":"Diabetic footcare"},"content":{"rendered":"<div data-elementor-type=\"wp-page\" data-elementor-id=\"3326\" class=\"elementor elementor-3326\" data-elementor-post-type=\"page\">\n\t\t\t\t<div class=\"elementor-element elementor-element-b55d463 e-con-full e-flex e-con e-parent\" data-id=\"b55d463\" data-element_type=\"container\" data-settings=\"{&quot;background_background&quot;:&quot;classic&quot;}\">\n\t\t<div class=\"elementor-element elementor-element-d3c708c e-con-full e-flex e-con e-child\" data-id=\"d3c708c\" data-element_type=\"container\" data-settings=\"{&quot;background_background&quot;:&quot;classic&quot;}\">\n\t\t\t\t<div class=\"elementor-element elementor-element-304b84a elementor-widget elementor-widget-heading\" data-id=\"304b84a\" data-element_type=\"widget\" data-widget_type=\"heading.default\">\n\t\t\t\t<div class=\"elementor-widget-container\">\n\t\t\t\t\t<h2 class=\"elementor-heading-title elementor-size-default\">Treatments<\/h2>\t\t\t\t<\/div>\n\t\t\t\t<\/div>\n\t\t\t\t<\/div>\n\t\t\t\t<\/div>\n\t\t<div class=\"elementor-element elementor-element-3ac5937 e-con-full e-flex e-con e-parent\" data-id=\"3ac5937\" data-element_type=\"container\">\n\t\t\t\t<div class=\"elementor-element elementor-element-bd244ca elementor-icon-list--layout-inline elementor-align-start elementor-list-item-link-full_width elementor-widget elementor-widget-icon-list\" data-id=\"bd244ca\" data-element_type=\"widget\" data-widget_type=\"icon-list.default\">\n\t\t\t\t<div class=\"elementor-widget-container\">\n\t\t\t\t\t\t\t<ul class=\"elementor-icon-list-items elementor-inline-items\">\n\t\t\t\t\t\t\t<li class=\"elementor-icon-list-item elementor-inline-item\">\n\t\t\t\t\t\t\t\t\t\t\t<a href=\"https:\/\/centre-assal.ch\/en\">\n\n\t\t\t\t\t\t\t\t\t\t\t<span class=\"elementor-icon-list-text\">Home<\/span>\n\t\t\t\t\t\t\t\t\t\t\t<\/a>\n\t\t\t\t\t\t\t\t\t<\/li>\n\t\t\t\t\t\t\t\t<li class=\"elementor-icon-list-item elementor-inline-item\">\n\t\t\t\t\t\t\t\t\t\t\t<a href=\"\/en\/traitements\/\">\n\n\t\t\t\t\t\t\t\t\t\t\t\t<span class=\"elementor-icon-list-icon\">\n\t\t\t\t\t\t\t<svg aria-hidden=\"true\" class=\"e-font-icon-svg e-fas-angle-right\" viewbox=\"0 0 256 512\" xmlns=\"http:\/\/www.w3.org\/2000\/svg\"><path d=\"M224.3 273l-136 136c-9.4 9.4-24.6 9.4-33.9 0l-22.6-22.6c-9.4-9.4-9.4-24.6 0-33.9l96.4-96.4-96.4-96.4c-9.4-9.4-9.4-24.6 0-33.9L54.3 103c9.4-9.4 24.6-9.4 33.9 0l136 136c9.5 9.4 9.5 24.6.1 34z\"><\/path><\/svg>\t\t\t\t\t\t<\/span>\n\t\t\t\t\t\t\t\t\t\t<span class=\"elementor-icon-list-text\">Treatments<\/span>\n\t\t\t\t\t\t\t\t\t\t\t<\/a>\n\t\t\t\t\t\t\t\t\t<\/li>\n\t\t\t\t\t\t\t\t<li class=\"elementor-icon-list-item elementor-inline-item\">\n\t\t\t\t\t\t\t\t\t\t\t<a href=\"#\">\n\n\t\t\t\t\t\t\t\t\t\t\t\t<span class=\"elementor-icon-list-icon\">\n\t\t\t\t\t\t\t<svg aria-hidden=\"true\" class=\"e-font-icon-svg e-fas-angle-right\" viewbox=\"0 0 256 512\" xmlns=\"http:\/\/www.w3.org\/2000\/svg\"><path d=\"M224.3 273l-136 136c-9.4 9.4-24.6 9.4-33.9 0l-22.6-22.6c-9.4-9.4-9.4-24.6 0-33.9l96.4-96.4-96.4-96.4c-9.4-9.4-9.4-24.6 0-33.9L54.3 103c9.4-9.4 24.6-9.4 33.9 0l136 136c9.5 9.4 9.5 24.6.1 34z\"><\/path><\/svg>\t\t\t\t\t\t<\/span>\n\t\t\t\t\t\t\t\t\t\t<span class=\"elementor-icon-list-text\"><b>Diabetic footcare<\/b><\/span>\n\t\t\t\t\t\t\t\t\t\t\t<\/a>\n\t\t\t\t\t\t\t\t\t<\/li>\n\t\t\t\t\t\t<\/ul>\n\t\t\t\t\t\t<\/div>\n\t\t\t\t<\/div>\n\t\t\t\t<\/div>\n\t\t<div class=\"elementor-element elementor-element-8b91563 e-flex e-con-boxed e-con e-parent\" data-id=\"8b91563\" data-element_type=\"container\">\n\t\t\t\t\t<div class=\"e-con-inner\">\n\t\t<div class=\"elementor-element elementor-element-5e58b35 e-con-full e-flex e-con e-child\" data-id=\"5e58b35\" data-element_type=\"container\">\n\t\t<div class=\"elementor-element elementor-element-9033653 e-con-full e-flex e-con e-child\" data-id=\"9033653\" data-element_type=\"container\" data-settings=\"{&quot;background_background&quot;:&quot;classic&quot;}\">\n\t\t\t\t<div class=\"elementor-element elementor-element-58b689c elementor-widget elementor-widget-heading\" data-id=\"58b689c\" data-element_type=\"widget\" data-widget_type=\"heading.default\">\n\t\t\t\t<div class=\"elementor-widget-container\">\n\t\t\t\t\t<h4 class=\"elementor-heading-title elementor-size-default\">Diabetic footcare<\/h4>\t\t\t\t<\/div>\n\t\t\t\t<\/div>\n\t\t\t\t<div class=\"elementor-element elementor-element-d91b821 elementor-widget elementor-widget-text-editor\" data-id=\"d91b821\" data-element_type=\"widget\" data-widget_type=\"text-editor.default\">\n\t\t\t\t<div class=\"elementor-widget-container\">\n\t\t\t\t\t\t\t\t\t<p>Some foot disorders can be related to poorly-controlled diabetes. Indeed, long-term high blood sugar levels, as occurs with high cholesterol, smoking, and high blood pressure, can clog the arteries and\/or reduce nerve sensation, especially those in the feet. Loss of sensation and wound healing problems can lead to various complications. We will help you to prevent these from occurring.<\/p>\t\t\t\t\t\t\t\t<\/div>\n\t\t\t\t<\/div>\n\t\t\t\t<\/div>\n\t\t\t\t<div class=\"elementor-element elementor-element-3fabecd elementor-widget elementor-widget-image\" data-id=\"3fabecd\" data-element_type=\"widget\" data-widget_type=\"image.default\">\n\t\t\t\t<div class=\"elementor-widget-container\">\n\t\t\t\t\t\t\t\t\t\t\t\t\t\t\t<img fetchpriority=\"high\" decoding=\"async\" width=\"1707\" height=\"2120\" src=\"https:\/\/centre-assal.ch\/wp-content\/uploads\/2025\/06\/Pied-et-diabete-scaled-e1750877986683.webp\" class=\"attachment-full size-full wp-image-15829\" alt=\"\" srcset=\"https:\/\/centre-assal.ch\/wp-content\/uploads\/2025\/06\/Pied-et-diabete-scaled-e1750877986683.webp 1707w, https:\/\/centre-assal.ch\/wp-content\/uploads\/2025\/06\/Pied-et-diabete-scaled-e1750877986683-242x300.webp 242w, https:\/\/centre-assal.ch\/wp-content\/uploads\/2025\/06\/Pied-et-diabete-scaled-e1750877986683-825x1024.webp 825w, https:\/\/centre-assal.ch\/wp-content\/uploads\/2025\/06\/Pied-et-diabete-scaled-e1750877986683-768x954.webp 768w, https:\/\/centre-assal.ch\/wp-content\/uploads\/2025\/06\/Pied-et-diabete-scaled-e1750877986683-1237x1536.webp 1237w, https:\/\/centre-assal.ch\/wp-content\/uploads\/2025\/06\/Pied-et-diabete-scaled-e1750877986683-1649x2048.webp 1649w, https:\/\/centre-assal.ch\/wp-content\/uploads\/2025\/06\/Pied-et-diabete-scaled-e1750877986683-10x12.webp 10w\" sizes=\"(max-width: 1707px) 100vw, 1707px\" \/>\t\t\t\t\t\t\t\t\t\t\t\t\t\t\t<\/div>\n\t\t\t\t<\/div>\n\t\t\t\t<\/div>\n\t\t<div class=\"elementor-element elementor-element-5225c30 e-con-full e-flex e-con e-child\" data-id=\"5225c30\" data-element_type=\"container\">\n\t\t<div class=\"elementor-element elementor-element-42edf3a e-con-full e-flex e-con e-child\" data-id=\"42edf3a\" data-element_type=\"container\">\n\t\t\t\t<div class=\"elementor-element elementor-element-7c7118f elementor-widget elementor-widget-heading\" data-id=\"7c7118f\" data-element_type=\"widget\" data-widget_type=\"heading.default\">\n\t\t\t\t<div class=\"elementor-widget-container\">\n\t\t\t\t\t<h4 class=\"elementor-heading-title elementor-size-default\">Clinical podiatry exam<\/h4>\t\t\t\t<\/div>\n\t\t\t\t<\/div>\n\t\t\t\t<div class=\"elementor-element elementor-element-8912ad6 elementor-widget elementor-widget-text-editor\" data-id=\"8912ad6\" data-element_type=\"widget\" data-widget_type=\"text-editor.default\">\n\t\t\t\t<div class=\"elementor-widget-container\">\n\t\t\t\t\t\t\t\t\t<p>A podiatrist will conduct a specific annual examination to help you keep track of the potential foot problems that may develop if you are diabetic (assessment of vascular and nerve function in your feet).<\/p>\t\t\t\t\t\t\t\t<\/div>\n\t\t\t\t<\/div>\n\t\t\t\t<\/div>\n\t\t<div class=\"elementor-element elementor-element-c415070 e-con-full e-flex e-con e-child\" data-id=\"c415070\" data-element_type=\"container\">\n\t\t\t\t<div class=\"elementor-element elementor-element-7d0482e elementor-widget elementor-widget-heading\" data-id=\"7d0482e\" data-element_type=\"widget\" data-widget_type=\"heading.default\">\n\t\t\t\t<div class=\"elementor-widget-container\">\n\t\t\t\t\t<h4 class=\"elementor-heading-title elementor-size-default\">Foot care<\/h4>\t\t\t\t<\/div>\n\t\t\t\t<\/div>\n\t\t\t\t<div class=\"elementor-element elementor-element-5fce9fc elementor-widget elementor-widget-text-editor\" data-id=\"5fce9fc\" data-element_type=\"widget\" data-widget_type=\"text-editor.default\">\n\t\t\t\t<div class=\"elementor-widget-container\">\n\t\t\t\t\t\t\t\t\t<p>This treatment aims to make sure your skin and nails are intact, and prevent calluses especially skin wounds, from forming. We will look at your shoes to make sure there is no rubbing, particularly over bony prominences that could cause skin wounds such as blisters.<\/p>\t\t\t\t\t\t\t\t<\/div>\n\t\t\t\t<\/div>\n\t\t\t\t<\/div>\n\t\t<div class=\"elementor-element elementor-element-04e9d00 e-con-full e-flex e-con e-child\" data-id=\"04e9d00\" data-element_type=\"container\">\n\t\t\t\t<div class=\"elementor-element elementor-element-8aca6f1 elementor-widget elementor-widget-heading\" data-id=\"8aca6f1\" data-element_type=\"widget\" data-widget_type=\"heading.default\">\n\t\t\t\t<div class=\"elementor-widget-container\">\n\t\t\t\t\t<h4 class=\"elementor-heading-title elementor-size-default\">Patient education<\/h4>\t\t\t\t<\/div>\n\t\t\t\t<\/div>\n\t\t\t\t<div class=\"elementor-element elementor-element-e7d332d elementor-widget elementor-widget-text-editor\" data-id=\"e7d332d\" data-element_type=\"widget\" data-widget_type=\"text-editor.default\">\n\t\t\t\t<div class=\"elementor-widget-container\">\n\t\t\t\t\t\t\t\t\t<p>Patients who understand and familiarize themselves with their disease are better able to manage it in their day-to-day lives, enabling them to take back control rather than fear it. Our advice will help improve your daily foot care and learn how to choose the best shoes to avoid diabetes-related complications. You will become a diabetes expert, in full control of personal prevention.<\/p>\t\t\t\t\t\t\t\t<\/div>\n\t\t\t\t<\/div>\n\t\t\t\t<\/div>\n\t\t<div class=\"elementor-element elementor-element-a49a909 e-con-full e-flex e-con e-child\" data-id=\"a49a909\" data-element_type=\"container\">\n\t\t\t\t<div class=\"elementor-element elementor-element-4bb9a6f elementor-view-default elementor-widget elementor-widget-icon\" data-id=\"4bb9a6f\" data-element_type=\"widget\" data-widget_type=\"icon.default\">\n\t\t\t\t<div class=\"elementor-widget-container\">\n\t\t\t\t\t\t\t<div class=\"elementor-icon-wrapper\">\n\t\t\t<div class=\"elementor-icon\">\n\t\t\t<svg aria-hidden=\"true\" class=\"e-font-icon-svg e-fas-exclamation-triangle\" viewbox=\"0 0 576 512\" xmlns=\"http:\/\/www.w3.org\/2000\/svg\"><path d=\"M569.517 440.013C587.975 472.007 564.806 512 527.94 512H48.054c-36.937 0-59.999-40.055-41.577-71.987L246.423 23.985c18.467-32.009 64.72-31.951 83.154 0l239.94 416.028zM288 354c-25.405 0-46 20.595-46 46s20.595 46 46 46 46-20.595 46-46-20.595-46-46-46zm-43.673-165.346l7.418 136c.347 6.364 5.609 11.346 11.982 11.346h48.546c6.373 0 11.635-4.982 11.982-11.346l7.418-136c.375-6.874-5.098-12.654-11.982-12.654h-63.383c-6.884 0-12.356 5.78-11.981 12.654z\"><\/path><\/svg>\t\t\t<\/div>\n\t\t<\/div>\n\t\t\t\t\t\t<\/div>\n\t\t\t\t<\/div>\n\t\t\t\t<div class=\"elementor-element elementor-element-eca4d65 t-lien elementor-widget elementor-widget-text-editor\" data-id=\"eca4d65\" data-element_type=\"widget\" data-widget_type=\"text-editor.default\">\n\t\t\t\t<div class=\"elementor-widget-container\">\n\t\t\t\t\t\t\t\t\t<p>Centre ASSAL organizes a training session several times a year, consisting of two half-days of courses and workshops focused on diabetes, aimed at providing more knowledge and practical skills regarding this pathology, its dietary challenges, and the prevention of potential podiatric conditions. Are you diabetic and interested in attending an upcoming session?<br \/>Contact us by writing to\u00a0<a href=\"mailto:formation@centre-assal.ch\"><strong>formation@centre-assal.ch<\/strong><\/a>\u00a0or by calling <strong><a href=\"tel:+0225665432\">022 566 54 32<\/a>.<\/strong><\/p>\t\t\t\t\t\t\t\t<\/div>\n\t\t\t\t<\/div>\n\t\t\t\t<\/div>\n\t\t\t\t<\/div>\n\t\t\t\t\t<\/div>\n\t\t\t\t<\/div>\n\t\t\t\t<\/div>","protected":false},"excerpt":{"rendered":"<p>Traitements Accueil Traitements Pied et diab\u00e8te Pied et diab\u00e8te Certaines pathologies du pied peuvent parfois trouver leur origine dans un diab\u00e8te mal contr\u00f4l\u00e9. En effet, un taux de sucre trop important, comme le cholest\u00e9rol, mais aussi le tabagisme ou l\u2019hypertension, a pour effet \u00e0 long terme de boucher les art\u00e8res et\/ou de r\u00e9duire la sensibilit\u00e9 [&hellip;]<\/p>","protected":false},"author":18,"featured_media":0,"parent":3179,"menu_order":0,"comment_status":"closed","ping_status":"closed","template":"elementor_header_footer","meta":{"_acf_changed":false,"footnotes":""},"class_list":["post-3326","page","type-page","status-publish","hentry"],"acf":[],"yoast_head":"<!-- This site is optimized with the Yoast SEO plugin v26.8 - https:\/\/yoast.com\/product\/yoast-seo-wordpress\/ -->\n<title>Pied et diab\u00e8te - Centre Assal<\/title>\n<meta name=\"description\" content=\"D\u00e9couvrez la prise en charge du pied diab\u00e9tique : examen podologique, soins pr\u00e9ventifs et conseils th\u00e9rapeutiques personnalis\u00e9s au Centre ASSAL.\" \/>\n<meta name=\"robots\" content=\"index, follow, max-snippet:-1, max-image-preview:large, max-video-preview:-1\" \/>\n<link rel=\"canonical\" href=\"https:\/\/centre-assal.ch\/en\/traitements\/pied-et-diabete\/\" \/>\n<meta property=\"og:locale\" content=\"en_GB\" \/>\n<meta property=\"og:type\" content=\"article\" \/>\n<meta property=\"og:title\" content=\"Pied et diab\u00e8te - Centre Assal\" \/>\n<meta property=\"og:description\" content=\"D\u00e9couvrez la prise en charge du pied diab\u00e9tique : examen podologique, soins pr\u00e9ventifs et conseils th\u00e9rapeutiques personnalis\u00e9s au Centre ASSAL.\" \/>\n<meta property=\"og:url\" content=\"https:\/\/centre-assal.ch\/en\/traitements\/pied-et-diabete\/\" \/>\n<meta property=\"og:site_name\" content=\"Centre Assal\" \/>\n<meta property=\"article:modified_time\" content=\"2025-10-07T02:51:50+00:00\" \/>\n<meta property=\"og:image\" content=\"https:\/\/centre-assal.ch\/wp-content\/uploads\/2025\/06\/Pied-et-diabete-scaled-e1750877986683.webp\" \/>\n<meta name=\"twitter:card\" content=\"summary_large_image\" \/>\n<meta name=\"twitter:label1\" content=\"Estimated reading time\" \/>\n\t<meta name=\"twitter:data1\" content=\"2 minutes\" \/>\n<script type=\"application\/ld+json\" class=\"yoast-schema-graph\">{\"@context\":\"https:\/\/schema.org\",\"@graph\":[{\"@type\":\"WebPage\",\"@id\":\"https:\/\/centre-assal.ch\/traitements\/pied-et-diabete\/\",\"url\":\"https:\/\/centre-assal.ch\/traitements\/pied-et-diabete\/\",\"name\":\"Pied et diab\u00e8te - Centre Assal\",\"isPartOf\":{\"@id\":\"https:\/\/centre-assal.ch\/#website\"},\"primaryImageOfPage\":{\"@id\":\"https:\/\/centre-assal.ch\/traitements\/pied-et-diabete\/#primaryimage\"},\"image\":{\"@id\":\"https:\/\/centre-assal.ch\/traitements\/pied-et-diabete\/#primaryimage\"},\"thumbnailUrl\":\"https:\/\/centre-assal.ch\/wp-content\/uploads\/2025\/06\/Pied-et-diabete-scaled-e1750877986683.webp\",\"datePublished\":\"2025-03-13T07:56:01+00:00\",\"dateModified\":\"2025-10-07T02:51:50+00:00\",\"description\":\"D\u00e9couvrez la prise en charge du pied diab\u00e9tique : examen podologique, soins pr\u00e9ventifs et conseils th\u00e9rapeutiques personnalis\u00e9s au Centre ASSAL.\",\"breadcrumb\":{\"@id\":\"https:\/\/centre-assal.ch\/traitements\/pied-et-diabete\/#breadcrumb\"},\"inLanguage\":\"en-GB\",\"potentialAction\":[{\"@type\":\"ReadAction\",\"target\":[\"https:\/\/centre-assal.ch\/traitements\/pied-et-diabete\/\"]}]},{\"@type\":\"ImageObject\",\"inLanguage\":\"en-GB\",\"@id\":\"https:\/\/centre-assal.ch\/traitements\/pied-et-diabete\/#primaryimage\",\"url\":\"https:\/\/centre-assal.ch\/wp-content\/uploads\/2025\/06\/Pied-et-diabete-scaled-e1750877986683.webp\",\"contentUrl\":\"https:\/\/centre-assal.ch\/wp-content\/uploads\/2025\/06\/Pied-et-diabete-scaled-e1750877986683.webp\"},{\"@type\":\"BreadcrumbList\",\"@id\":\"https:\/\/centre-assal.ch\/traitements\/pied-et-diabete\/#breadcrumb\",\"itemListElement\":[{\"@type\":\"ListItem\",\"position\":1,\"name\":\"Home\",\"item\":\"https:\/\/centre-assal.ch\/\"},{\"@type\":\"ListItem\",\"position\":2,\"name\":\"Traitements\",\"item\":\"https:\/\/centre-assal.ch\/traitements\/\"},{\"@type\":\"ListItem\",\"position\":3,\"name\":\"Pied et diab\u00e8te\"}]},{\"@type\":\"WebSite\",\"@id\":\"https:\/\/centre-assal.ch\/#website\",\"url\":\"https:\/\/centre-assal.ch\/\",\"name\":\"Centre Assal\",\"description\":\"\",\"publisher\":{\"@id\":\"https:\/\/centre-assal.ch\/#organization\"},\"potentialAction\":[{\"@type\":\"SearchAction\",\"target\":{\"@type\":\"EntryPoint\",\"urlTemplate\":\"https:\/\/centre-assal.ch\/?s={search_term_string}\"},\"query-input\":{\"@type\":\"PropertyValueSpecification\",\"valueRequired\":true,\"valueName\":\"search_term_string\"}}],\"inLanguage\":\"en-GB\"},{\"@type\":\"Organization\",\"@id\":\"https:\/\/centre-assal.ch\/#organization\",\"name\":\"Centre Assal\",\"url\":\"https:\/\/centre-assal.ch\/\",\"logo\":{\"@type\":\"ImageObject\",\"inLanguage\":\"en-GB\",\"@id\":\"https:\/\/centre-assal.ch\/#\/schema\/logo\/image\/\",\"url\":\"https:\/\/centre-assal.ch\/wp-content\/uploads\/2025\/03\/Logo_CentreAssal_RVB-11.png\",\"contentUrl\":\"https:\/\/centre-assal.ch\/wp-content\/uploads\/2025\/03\/Logo_CentreAssal_RVB-11.png\",\"width\":220,\"height\":114,\"caption\":\"Centre Assal\"},\"image\":{\"@id\":\"https:\/\/centre-assal.ch\/#\/schema\/logo\/image\/\"},\"sameAs\":[\"https:\/\/www.instagram.com\/centre_assal\/\",\"https:\/\/www.linkedin.com\/company\/centre-assal\"]}]}<\/script>\n<!-- \/ Yoast SEO plugin. -->","yoast_head_json":{"title":"Pied et diab\u00e8te - Centre Assal","description":"D\u00e9couvrez la prise en charge du pied diab\u00e9tique : examen podologique, soins pr\u00e9ventifs et conseils th\u00e9rapeutiques personnalis\u00e9s au Centre ASSAL.","robots":{"index":"index","follow":"follow","max-snippet":"max-snippet:-1","max-image-preview":"max-image-preview:large","max-video-preview":"max-video-preview:-1"},"canonical":"https:\/\/centre-assal.ch\/en\/traitements\/pied-et-diabete\/","og_locale":"en_GB","og_type":"article","og_title":"Pied et diab\u00e8te - Centre Assal","og_description":"D\u00e9couvrez la prise en charge du pied diab\u00e9tique : examen podologique, soins pr\u00e9ventifs et conseils th\u00e9rapeutiques personnalis\u00e9s au Centre ASSAL.","og_url":"https:\/\/centre-assal.ch\/en\/traitements\/pied-et-diabete\/","og_site_name":"Centre Assal","article_modified_time":"2025-10-07T02:51:50+00:00","og_image":[{"url":"https:\/\/centre-assal.ch\/wp-content\/uploads\/2025\/06\/Pied-et-diabete-scaled-e1750877986683.webp","type":"","width":"","height":""}],"twitter_card":"summary_large_image","twitter_misc":{"Estimated reading time":"2 minutes"},"schema":{"@context":"https:\/\/schema.org","@graph":[{"@type":"WebPage","@id":"https:\/\/centre-assal.ch\/traitements\/pied-et-diabete\/","url":"https:\/\/centre-assal.ch\/traitements\/pied-et-diabete\/","name":"Pied et diab\u00e8te - Centre Assal","isPartOf":{"@id":"https:\/\/centre-assal.ch\/#website"},"primaryImageOfPage":{"@id":"https:\/\/centre-assal.ch\/traitements\/pied-et-diabete\/#primaryimage"},"image":{"@id":"https:\/\/centre-assal.ch\/traitements\/pied-et-diabete\/#primaryimage"},"thumbnailUrl":"https:\/\/centre-assal.ch\/wp-content\/uploads\/2025\/06\/Pied-et-diabete-scaled-e1750877986683.webp","datePublished":"2025-03-13T07:56:01+00:00","dateModified":"2025-10-07T02:51:50+00:00","description":"D\u00e9couvrez la prise en charge du pied diab\u00e9tique : examen podologique, soins pr\u00e9ventifs et conseils th\u00e9rapeutiques personnalis\u00e9s au Centre ASSAL.","breadcrumb":{"@id":"https:\/\/centre-assal.ch\/traitements\/pied-et-diabete\/#breadcrumb"},"inLanguage":"en-GB","potentialAction":[{"@type":"ReadAction","target":["https:\/\/centre-assal.ch\/traitements\/pied-et-diabete\/"]}]},{"@type":"ImageObject","inLanguage":"en-GB","@id":"https:\/\/centre-assal.ch\/traitements\/pied-et-diabete\/#primaryimage","url":"https:\/\/centre-assal.ch\/wp-content\/uploads\/2025\/06\/Pied-et-diabete-scaled-e1750877986683.webp","contentUrl":"https:\/\/centre-assal.ch\/wp-content\/uploads\/2025\/06\/Pied-et-diabete-scaled-e1750877986683.webp"},{"@type":"BreadcrumbList","@id":"https:\/\/centre-assal.ch\/traitements\/pied-et-diabete\/#breadcrumb","itemListElement":[{"@type":"ListItem","position":1,"name":"Home","item":"https:\/\/centre-assal.ch\/"},{"@type":"ListItem","position":2,"name":"Traitements","item":"https:\/\/centre-assal.ch\/traitements\/"},{"@type":"ListItem","position":3,"name":"Pied et diab\u00e8te"}]},{"@type":"WebSite","@id":"https:\/\/centre-assal.ch\/#website","url":"https:\/\/centre-assal.ch\/","name":"Centre Assal","description":"","publisher":{"@id":"https:\/\/centre-assal.ch\/#organization"},"potentialAction":[{"@type":"SearchAction","target":{"@type":"EntryPoint","urlTemplate":"https:\/\/centre-assal.ch\/?s={search_term_string}"},"query-input":{"@type":"PropertyValueSpecification","valueRequired":true,"valueName":"search_term_string"}}],"inLanguage":"en-GB"},{"@type":"Organization","@id":"https:\/\/centre-assal.ch\/#organization","name":"Centre Assal","url":"https:\/\/centre-assal.ch\/","logo":{"@type":"ImageObject","inLanguage":"en-GB","@id":"https:\/\/centre-assal.ch\/#\/schema\/logo\/image\/","url":"https:\/\/centre-assal.ch\/wp-content\/uploads\/2025\/03\/Logo_CentreAssal_RVB-11.png","contentUrl":"https:\/\/centre-assal.ch\/wp-content\/uploads\/2025\/03\/Logo_CentreAssal_RVB-11.png","width":220,"height":114,"caption":"Centre Assal"},"image":{"@id":"https:\/\/centre-assal.ch\/#\/schema\/logo\/image\/"},"sameAs":["https:\/\/www.instagram.com\/centre_assal\/","https:\/\/www.linkedin.com\/company\/centre-assal"]}]}},"_links":{"self":[{"href":"https:\/\/centre-assal.ch\/en\/wp-json\/wp\/v2\/pages\/3326","targetHints":{"allow":["GET"]}}],"collection":[{"href":"https:\/\/centre-assal.ch\/en\/wp-json\/wp\/v2\/pages"}],"about":[{"href":"https:\/\/centre-assal.ch\/en\/wp-json\/wp\/v2\/types\/page"}],"author":[{"embeddable":true,"href":"https:\/\/centre-assal.ch\/en\/wp-json\/wp\/v2\/users\/18"}],"replies":[{"embeddable":true,"href":"https:\/\/centre-assal.ch\/en\/wp-json\/wp\/v2\/comments?post=3326"}],"version-history":[{"count":4,"href":"https:\/\/centre-assal.ch\/en\/wp-json\/wp\/v2\/pages\/3326\/revisions"}],"predecessor-version":[{"id":17666,"href":"https:\/\/centre-assal.ch\/en\/wp-json\/wp\/v2\/pages\/3326\/revisions\/17666"}],"up":[{"embeddable":true,"href":"https:\/\/centre-assal.ch\/en\/wp-json\/wp\/v2\/pages\/3179"}],"wp:attachment":[{"href":"https:\/\/centre-assal.ch\/en\/wp-json\/wp\/v2\/media?parent=3326"}],"curies":[{"name":"wp","href":"https:\/\/api.w.org\/{rel}","templated":true}]}}