{"id":3382,"date":"2025-03-13T09:38:50","date_gmt":"2025-03-13T08:38:50","guid":{"rendered":"https:\/\/preview.centre-assal.ch\/?page_id=3382"},"modified":"2025-10-07T04:55:30","modified_gmt":"2025-10-07T02:55:30","slug":"podotherapie","status":"publish","type":"page","link":"https:\/\/centre-assal.ch\/en\/traitements\/podotherapie\/","title":{"rendered":"Podotherapy"},"content":{"rendered":"<div data-elementor-type=\"wp-page\" data-elementor-id=\"3382\" class=\"elementor elementor-3382\" data-elementor-post-type=\"page\">\n\t\t\t\t<div class=\"elementor-element elementor-element-b55d463 e-con-full mar-1224 e-flex e-con e-parent\" data-id=\"b55d463\" data-element_type=\"container\" data-settings=\"{&quot;background_background&quot;:&quot;classic&quot;}\">\n\t\t<div class=\"elementor-element elementor-element-d3c708c e-con-full e-flex e-con e-child\" data-id=\"d3c708c\" data-element_type=\"container\" data-settings=\"{&quot;background_background&quot;:&quot;classic&quot;}\">\n\t\t\t\t<div class=\"elementor-element elementor-element-304b84a elementor-widget elementor-widget-heading\" data-id=\"304b84a\" data-element_type=\"widget\" data-widget_type=\"heading.default\">\n\t\t\t\t<div class=\"elementor-widget-container\">\n\t\t\t\t\t<h2 class=\"elementor-heading-title elementor-size-default\">Treatments<\/h2>\t\t\t\t<\/div>\n\t\t\t\t<\/div>\n\t\t\t\t<\/div>\n\t\t\t\t<\/div>\n\t\t<div class=\"elementor-element elementor-element-3ac5937 e-con-full e-flex e-con e-parent\" data-id=\"3ac5937\" data-element_type=\"container\">\n\t\t\t\t<div class=\"elementor-element elementor-element-bd244ca elementor-icon-list--layout-inline elementor-align-start elementor-list-item-link-full_width elementor-widget elementor-widget-icon-list\" data-id=\"bd244ca\" data-element_type=\"widget\" data-widget_type=\"icon-list.default\">\n\t\t\t\t<div class=\"elementor-widget-container\">\n\t\t\t\t\t\t\t<ul class=\"elementor-icon-list-items elementor-inline-items\">\n\t\t\t\t\t\t\t<li class=\"elementor-icon-list-item elementor-inline-item\">\n\t\t\t\t\t\t\t\t\t\t\t<a href=\"https:\/\/centre-assal.ch\/en\">\n\n\t\t\t\t\t\t\t\t\t\t\t<span class=\"elementor-icon-list-text\">Home<\/span>\n\t\t\t\t\t\t\t\t\t\t\t<\/a>\n\t\t\t\t\t\t\t\t\t<\/li>\n\t\t\t\t\t\t\t\t<li class=\"elementor-icon-list-item elementor-inline-item\">\n\t\t\t\t\t\t\t\t\t\t\t<a href=\"\/en\/traitements\/\">\n\n\t\t\t\t\t\t\t\t\t\t\t\t<span class=\"elementor-icon-list-icon\">\n\t\t\t\t\t\t\t<svg aria-hidden=\"true\" class=\"e-font-icon-svg e-fas-angle-right\" viewbox=\"0 0 256 512\" xmlns=\"http:\/\/www.w3.org\/2000\/svg\"><path d=\"M224.3 273l-136 136c-9.4 9.4-24.6 9.4-33.9 0l-22.6-22.6c-9.4-9.4-9.4-24.6 0-33.9l96.4-96.4-96.4-96.4c-9.4-9.4-9.4-24.6 0-33.9L54.3 103c9.4-9.4 24.6-9.4 33.9 0l136 136c9.5 9.4 9.5 24.6.1 34z\"><\/path><\/svg>\t\t\t\t\t\t<\/span>\n\t\t\t\t\t\t\t\t\t\t<span class=\"elementor-icon-list-text\">Treatments<\/span>\n\t\t\t\t\t\t\t\t\t\t\t<\/a>\n\t\t\t\t\t\t\t\t\t<\/li>\n\t\t\t\t\t\t\t\t<li class=\"elementor-icon-list-item elementor-inline-item\">\n\t\t\t\t\t\t\t\t\t\t\t<a href=\"#\">\n\n\t\t\t\t\t\t\t\t\t\t\t\t<span class=\"elementor-icon-list-icon\">\n\t\t\t\t\t\t\t<svg aria-hidden=\"true\" class=\"e-font-icon-svg e-fas-angle-right\" viewbox=\"0 0 256 512\" xmlns=\"http:\/\/www.w3.org\/2000\/svg\"><path d=\"M224.3 273l-136 136c-9.4 9.4-24.6 9.4-33.9 0l-22.6-22.6c-9.4-9.4-9.4-24.6 0-33.9l96.4-96.4-96.4-96.4c-9.4-9.4-9.4-24.6 0-33.9L54.3 103c9.4-9.4 24.6-9.4 33.9 0l136 136c9.5 9.4 9.5 24.6.1 34z\"><\/path><\/svg>\t\t\t\t\t\t<\/span>\n\t\t\t\t\t\t\t\t\t\t<span class=\"elementor-icon-list-text\"><b>Podotherapy<\/b><\/span>\n\t\t\t\t\t\t\t\t\t\t\t<\/a>\n\t\t\t\t\t\t\t\t\t<\/li>\n\t\t\t\t\t\t<\/ul>\n\t\t\t\t\t\t<\/div>\n\t\t\t\t<\/div>\n\t\t\t\t<\/div>\n\t\t<div class=\"elementor-element elementor-element-8b91563 e-flex e-con-boxed e-con e-parent\" data-id=\"8b91563\" data-element_type=\"container\">\n\t\t\t\t\t<div class=\"e-con-inner\">\n\t\t<div class=\"elementor-element elementor-element-5e58b35 e-con-full e-flex e-con e-child\" data-id=\"5e58b35\" data-element_type=\"container\">\n\t\t<div class=\"elementor-element elementor-element-ad94940 e-con-full e-flex e-con e-child\" data-id=\"ad94940\" data-element_type=\"container\" data-settings=\"{&quot;background_background&quot;:&quot;classic&quot;}\">\n\t\t<div class=\"elementor-element elementor-element-46085d0 e-con-full e-flex e-con e-child\" data-id=\"46085d0\" data-element_type=\"container\" data-settings=\"{&quot;background_background&quot;:&quot;classic&quot;}\">\n\t\t\t\t<div class=\"elementor-element elementor-element-5c0472c elementor-hidden-widescreen elementor-hidden-desktop elementor-hidden-tablet elementor-hidden-mobile elementor-widget elementor-widget-image\" data-id=\"5c0472c\" data-element_type=\"widget\" data-widget_type=\"image.default\">\n\t\t\t\t<div class=\"elementor-widget-container\">\n\t\t\t\t\t\t\t\t\t\t\t\t\t\t\t<img fetchpriority=\"high\" decoding=\"async\" width=\"487\" height=\"500\" src=\"https:\/\/centre-assal.ch\/wp-content\/uploads\/2025\/06\/Rachel-Guillot-NAK_2176-scaled-e1750663758841.png\" class=\"attachment-large size-large wp-image-16690\" alt=\"\" srcset=\"https:\/\/centre-assal.ch\/wp-content\/uploads\/2025\/06\/Rachel-Guillot-NAK_2176-scaled-e1750663758841.png 487w, https:\/\/centre-assal.ch\/wp-content\/uploads\/2025\/06\/Rachel-Guillot-NAK_2176-scaled-e1750663758841-292x300.png 292w, https:\/\/centre-assal.ch\/wp-content\/uploads\/2025\/06\/Rachel-Guillot-NAK_2176-scaled-e1750663758841-12x12.png 12w\" sizes=\"(max-width: 487px) 100vw, 487px\" \/>\t\t\t\t\t\t\t\t\t\t\t\t\t\t\t<\/div>\n\t\t\t\t<\/div>\n\t\t\t\t<\/div>\n\t\t<div class=\"elementor-element elementor-element-3dff1b7 e-con-full e-flex e-con e-child\" data-id=\"3dff1b7\" data-element_type=\"container\" data-settings=\"{&quot;background_background&quot;:&quot;classic&quot;}\">\n\t\t\t\t<div class=\"elementor-element elementor-element-610cf4e elementor-widget elementor-widget-heading\" data-id=\"610cf4e\" data-element_type=\"widget\" data-widget_type=\"heading.default\">\n\t\t\t\t<div class=\"elementor-widget-container\">\n\t\t\t\t\t<h4 class=\"elementor-heading-title elementor-size-default\">Podotherapy<\/h4>\t\t\t\t<\/div>\n\t\t\t\t<\/div>\n\t\t\t\t<div class=\"elementor-element elementor-element-92d8899 elementor-widget elementor-widget-text-editor\" data-id=\"92d8899\" data-element_type=\"widget\" data-widget_type=\"text-editor.default\">\n\t\t\t\t<div class=\"elementor-widget-container\">\n\t\t\t\t\t\t\t\t\t<p><strong>Mme Rachel Guillot<\/strong> is a podiatrist-podotherapist specialist. The orthopedic insoles crafted by our expert are covered by certain supplementary insurances. You can get in touch with your insurance for more information.<\/p>\t\t\t\t\t\t\t\t<\/div>\n\t\t\t\t<\/div>\n\t\t\t\t<\/div>\n\t\t\t\t<\/div>\n\t\t\t\t<div class=\"elementor-element elementor-element-3fabecd elementor-widget elementor-widget-image\" data-id=\"3fabecd\" data-element_type=\"widget\" data-widget_type=\"image.default\">\n\t\t\t\t<div class=\"elementor-widget-container\">\n\t\t\t\t\t\t\t\t\t\t\t\t\t\t\t<img decoding=\"async\" width=\"2560\" height=\"1707\" src=\"https:\/\/centre-assal.ch\/wp-content\/uploads\/2025\/06\/Podotherapie-1-scaled.webp\" class=\"attachment-full size-full wp-image-15869\" alt=\"\" srcset=\"https:\/\/centre-assal.ch\/wp-content\/uploads\/2025\/06\/Podotherapie-1-scaled.webp 2560w, https:\/\/centre-assal.ch\/wp-content\/uploads\/2025\/06\/Podotherapie-1-300x200.webp 300w, https:\/\/centre-assal.ch\/wp-content\/uploads\/2025\/06\/Podotherapie-1-1024x683.webp 1024w, https:\/\/centre-assal.ch\/wp-content\/uploads\/2025\/06\/Podotherapie-1-768x512.webp 768w, https:\/\/centre-assal.ch\/wp-content\/uploads\/2025\/06\/Podotherapie-1-1536x1024.webp 1536w, https:\/\/centre-assal.ch\/wp-content\/uploads\/2025\/06\/Podotherapie-1-2048x1365.webp 2048w, https:\/\/centre-assal.ch\/wp-content\/uploads\/2025\/06\/Podotherapie-1-18x12.webp 18w\" sizes=\"(max-width: 2560px) 100vw, 2560px\" \/>\t\t\t\t\t\t\t\t\t\t\t\t\t\t\t<\/div>\n\t\t\t\t<\/div>\n\t\t\t\t<\/div>\n\t\t<div class=\"elementor-element elementor-element-5225c30 e-con-full e-flex e-con e-child\" data-id=\"5225c30\" data-element_type=\"container\">\n\t\t<div class=\"elementor-element elementor-element-42edf3a e-con-full e-flex e-con e-child\" data-id=\"42edf3a\" data-element_type=\"container\">\n\t\t\t\t<div class=\"elementor-element elementor-element-7c7118f elementor-widget elementor-widget-heading\" data-id=\"7c7118f\" data-element_type=\"widget\" data-widget_type=\"heading.default\">\n\t\t\t\t<div class=\"elementor-widget-container\">\n\t\t\t\t\t<h4 class=\"elementor-heading-title elementor-size-default\">Services offered<\/h4>\t\t\t\t<\/div>\n\t\t\t\t<\/div>\n\t\t\t\t<div class=\"elementor-element elementor-element-8912ad6 elementor-widget elementor-widget-text-editor\" data-id=\"8912ad6\" data-element_type=\"widget\" data-widget_type=\"text-editor.default\">\n\t\t\t\t<div class=\"elementor-widget-container\">\n\t\t\t\t\t\t\t\t\t<p>Clinical examination with static and dynamic analysis using a walkway equipped with a pressure distribution measurement system and video camera.<\/p><p>\u00a0<\/p><p>Custom fabrication of various types of thermoformed and milled insoles in materials ranging from soft to rigid densities. We also offer a range of carbon insoles tailored to the patient's needs based on their activity, sports practice and footwear.<\/p><p>\u00a0<\/p><p>Follow-up and adaptation of insoles.<\/p>\t\t\t\t\t\t\t\t<\/div>\n\t\t\t\t<\/div>\n\t\t\t\t<\/div>\n\t\t<div class=\"elementor-element elementor-element-c415070 e-con-full e-flex e-con e-child\" data-id=\"c415070\" data-element_type=\"container\">\n\t\t\t\t<div class=\"elementor-element elementor-element-6af0725 elementor-icon-list--layout-traditional elementor-list-item-link-full_width elementor-widget elementor-widget-icon-list\" data-id=\"6af0725\" data-element_type=\"widget\" data-widget_type=\"icon-list.default\">\n\t\t\t\t<div class=\"elementor-widget-container\">\n\t\t\t\t\t\t\t<ul class=\"elementor-icon-list-items\">\n\t\t\t\t\t\t\t<li class=\"elementor-icon-list-item\">\n\t\t\t\t\t\t\t\t\t\t\t<span class=\"elementor-icon-list-icon\">\n\t\t\t\t\t\t\t<svg aria-hidden=\"true\" class=\"e-font-icon-svg e-fas-stethoscope\" viewbox=\"0 0 512 512\" xmlns=\"http:\/\/www.w3.org\/2000\/svg\"><path d=\"M447.1 112c-34.2.5-62.3 28.4-63 62.6-.5 24.3 12.5 45.6 32 56.8V344c0 57.3-50.2 104-112 104-60 0-109.2-44.1-111.9-99.2C265 333.8 320 269.2 320 192V36.6c0-11.4-8.1-21.3-19.3-23.5L237.8.5c-13-2.6-25.6 5.8-28.2 18.8L206.4 35c-2.6 13 5.8 25.6 18.8 28.2l30.7 6.1v121.4c0 52.9-42.2 96.7-95.1 97.2-53.4.5-96.9-42.7-96.9-96V69.4l30.7-6.1c13-2.6 21.4-15.2 18.8-28.2l-3.1-15.7C107.7 6.4 95.1-2 82.1.6L19.3 13C8.1 15.3 0 25.1 0 36.6V192c0 77.3 55.1 142 128.1 156.8C130.7 439.2 208.6 512 304 512c97 0 176-75.4 176-168V231.4c19.1-11.1 32-31.7 32-55.4 0-35.7-29.2-64.5-64.9-64zm.9 80c-8.8 0-16-7.2-16-16s7.2-16 16-16 16 7.2 16 16-7.2 16-16 16z\"><\/path><\/svg>\t\t\t\t\t\t<\/span>\n\t\t\t\t\t\t\t\t\t\t<span class=\"elementor-icon-list-text\">More information about the consultation<\/span>\n\t\t\t\t\t\t\t\t\t<\/li>\n\t\t\t\t\t\t<\/ul>\n\t\t\t\t\t\t<\/div>\n\t\t\t\t<\/div>\n\t\t\t\t<div class=\"elementor-element elementor-element-ad61bb3 elementor-icon-list--layout-traditional elementor-list-item-link-full_width elementor-widget elementor-widget-icon-list\" data-id=\"ad61bb3\" data-element_type=\"widget\" data-widget_type=\"icon-list.default\">\n\t\t\t\t<div class=\"elementor-widget-container\">\n\t\t\t\t\t\t\t<ul class=\"elementor-icon-list-items\">\n\t\t\t\t\t\t\t<li class=\"elementor-icon-list-item\">\n\t\t\t\t\t\t\t\t\t\t\t<span class=\"elementor-icon-list-icon\">\n\t\t\t\t\t\t\t<svg aria-hidden=\"true\" class=\"e-font-icon-svg e-fas-circle\" viewbox=\"0 0 512 512\" xmlns=\"http:\/\/www.w3.org\/2000\/svg\"><path d=\"M256 8C119 8 8 119 8 256s111 248 248 248 248-111 248-248S393 8 256 8z\"><\/path><\/svg>\t\t\t\t\t\t<\/span>\n\t\t\t\t\t\t\t\t\t\t<span class=\"elementor-icon-list-text\"><b>Place<\/b> :\u00a0Centre ASSAL, Avenue de la Roseraie 76A, 1205 Gen\u00e8ve<\/span>\n\t\t\t\t\t\t\t\t\t<\/li>\n\t\t\t\t\t\t\t\t<li class=\"elementor-icon-list-item\">\n\t\t\t\t\t\t\t\t\t\t\t<span class=\"elementor-icon-list-icon\">\n\t\t\t\t\t\t\t<svg aria-hidden=\"true\" class=\"e-font-icon-svg e-fas-circle\" viewbox=\"0 0 512 512\" xmlns=\"http:\/\/www.w3.org\/2000\/svg\"><path d=\"M256 8C119 8 8 119 8 256s111 248 248 248 248-111 248-248S393 8 256 8z\"><\/path><\/svg>\t\t\t\t\t\t<\/span>\n\t\t\t\t\t\t\t\t\t\t<span class=\"elementor-icon-list-text\"><b>Consultation days<\/b> : Tuesday to Friday<\/span>\n\t\t\t\t\t\t\t\t\t<\/li>\n\t\t\t\t\t\t\t\t<li class=\"elementor-icon-list-item\">\n\t\t\t\t\t\t\t\t\t\t\t<span class=\"elementor-icon-list-icon\">\n\t\t\t\t\t\t\t<svg aria-hidden=\"true\" class=\"e-font-icon-svg e-fas-circle\" viewbox=\"0 0 512 512\" xmlns=\"http:\/\/www.w3.org\/2000\/svg\"><path d=\"M256 8C119 8 8 119 8 256s111 248 248 248 248-111 248-248S393 8 256 8z\"><\/path><\/svg>\t\t\t\t\t\t<\/span>\n\t\t\t\t\t\t\t\t\t\t<span class=\"elementor-icon-list-text\"><b>Languages<\/b> : French<\/span>\n\t\t\t\t\t\t\t\t\t<\/li>\n\t\t\t\t\t\t<\/ul>\n\t\t\t\t\t\t<\/div>\n\t\t\t\t<\/div>\n\t\t\t\t<\/div>\n\t\t<div class=\"elementor-element elementor-element-a49a909 e-con-full e-flex e-con e-child\" data-id=\"a49a909\" data-element_type=\"container\">\n\t\t\t\t<div class=\"elementor-element elementor-element-eca4d65 t-lien elementor-widget elementor-widget-text-editor\" data-id=\"eca4d65\" data-element_type=\"widget\" data-widget_type=\"text-editor.default\">\n\t\t\t\t<div class=\"elementor-widget-container\">\n\t\t\t\t\t\t\t\t\t<p class=\"translation-block\"><strong>You wish to obtain more information or<br> schedule an appointment?<\/strong><\/p><p>Please call <a href=\"tel:022 566 54 51\"><strong>022 566 54 51<\/strong><\/a>\u00a0or <br \/>email <span style=\"text-decoration: underline;\"><strong><a href=\"mailto:podotherapie@centre-assal.ch\">podotherapie@centre-assal.ch<\/a><\/strong><\/span><\/p>\t\t\t\t\t\t\t\t<\/div>\n\t\t\t\t<\/div>\n\t\t\t\t<\/div>\n\t\t\t\t<\/div>\n\t\t\t\t\t<\/div>\n\t\t\t\t<\/div>\n\t\t\t\t<\/div>","protected":false},"excerpt":{"rendered":"<p>Traitements Accueil Traitements Podoth\u00e9rapie Podoth\u00e9rapie Mme Rachel Guillot est sp\u00e9cialiste\u00a0podologue-podoth\u00e9rapeute. Les semelles orthop\u00e9diques r\u00e9alis\u00e9es par notre experte sont prises en charge par certaines assurances compl\u00e9mentaires. Vous pouvez vous renseigner aupr\u00e8s de votre assurance pour plus d&rsquo;informations. Prestations propos\u00e9es Examen clinique avec analyse de la statique et de la dynamique au moyen d&rsquo;un tapis de marche [&hellip;]<\/p>","protected":false},"author":18,"featured_media":0,"parent":3179,"menu_order":0,"comment_status":"closed","ping_status":"closed","template":"elementor_header_footer","meta":{"_acf_changed":false,"footnotes":""},"class_list":["post-3382","page","type-page","status-publish","hentry"],"acf":[],"yoast_head":"<!-- This site is optimized with the Yoast SEO plugin v26.8 - https:\/\/yoast.com\/product\/yoast-seo-wordpress\/ -->\n<title>Podoth\u00e9rapie - Centre Assal<\/title>\n<meta name=\"description\" content=\"Analyse de la marche, semelles thermoform\u00e9es ou en carbone : d\u00e9couvrez la podoth\u00e9rapie du Centre ASSAL pour un confort et une performance optimis\u00e9s.\" \/>\n<meta name=\"robots\" content=\"index, follow, max-snippet:-1, max-image-preview:large, max-video-preview:-1\" \/>\n<link rel=\"canonical\" href=\"https:\/\/centre-assal.ch\/en\/traitements\/podotherapie\/\" \/>\n<meta property=\"og:locale\" content=\"en_GB\" \/>\n<meta property=\"og:type\" content=\"article\" \/>\n<meta property=\"og:title\" content=\"Podoth\u00e9rapie - Centre Assal\" \/>\n<meta property=\"og:description\" content=\"Analyse de la marche, semelles thermoform\u00e9es ou en carbone : d\u00e9couvrez la podoth\u00e9rapie du Centre ASSAL pour un confort et une performance optimis\u00e9s.\" \/>\n<meta property=\"og:url\" content=\"https:\/\/centre-assal.ch\/en\/traitements\/podotherapie\/\" \/>\n<meta property=\"og:site_name\" content=\"Centre Assal\" \/>\n<meta property=\"article:modified_time\" content=\"2025-10-07T02:55:30+00:00\" \/>\n<meta property=\"og:image\" content=\"https:\/\/centre-assal.ch\/wp-content\/uploads\/2025\/06\/Rachel-Guillot-NAK_2176-scaled-e1750663758841.png\" \/>\n<meta name=\"twitter:card\" content=\"summary_large_image\" \/>\n<meta name=\"twitter:label1\" content=\"Estimated reading time\" \/>\n\t<meta name=\"twitter:data1\" content=\"2 minutes\" \/>\n<script type=\"application\/ld+json\" class=\"yoast-schema-graph\">{\"@context\":\"https:\/\/schema.org\",\"@graph\":[{\"@type\":\"WebPage\",\"@id\":\"https:\/\/centre-assal.ch\/traitements\/podotherapie\/\",\"url\":\"https:\/\/centre-assal.ch\/traitements\/podotherapie\/\",\"name\":\"Podoth\u00e9rapie - Centre Assal\",\"isPartOf\":{\"@id\":\"https:\/\/centre-assal.ch\/#website\"},\"primaryImageOfPage\":{\"@id\":\"https:\/\/centre-assal.ch\/traitements\/podotherapie\/#primaryimage\"},\"image\":{\"@id\":\"https:\/\/centre-assal.ch\/traitements\/podotherapie\/#primaryimage\"},\"thumbnailUrl\":\"https:\/\/centre-assal.ch\/wp-content\/uploads\/2025\/06\/Rachel-Guillot-NAK_2176-scaled-e1750663758841.png\",\"datePublished\":\"2025-03-13T08:38:50+00:00\",\"dateModified\":\"2025-10-07T02:55:30+00:00\",\"description\":\"Analyse de la marche, semelles thermoform\u00e9es ou en carbone : d\u00e9couvrez la podoth\u00e9rapie du Centre ASSAL pour un confort et une performance optimis\u00e9s.\",\"breadcrumb\":{\"@id\":\"https:\/\/centre-assal.ch\/traitements\/podotherapie\/#breadcrumb\"},\"inLanguage\":\"en-GB\",\"potentialAction\":[{\"@type\":\"ReadAction\",\"target\":[\"https:\/\/centre-assal.ch\/traitements\/podotherapie\/\"]}]},{\"@type\":\"ImageObject\",\"inLanguage\":\"en-GB\",\"@id\":\"https:\/\/centre-assal.ch\/traitements\/podotherapie\/#primaryimage\",\"url\":\"https:\/\/centre-assal.ch\/wp-content\/uploads\/2025\/06\/Rachel-Guillot-NAK_2176-scaled-e1750663758841.png\",\"contentUrl\":\"https:\/\/centre-assal.ch\/wp-content\/uploads\/2025\/06\/Rachel-Guillot-NAK_2176-scaled-e1750663758841.png\"},{\"@type\":\"BreadcrumbList\",\"@id\":\"https:\/\/centre-assal.ch\/traitements\/podotherapie\/#breadcrumb\",\"itemListElement\":[{\"@type\":\"ListItem\",\"position\":1,\"name\":\"Home\",\"item\":\"https:\/\/centre-assal.ch\/\"},{\"@type\":\"ListItem\",\"position\":2,\"name\":\"Traitements\",\"item\":\"https:\/\/centre-assal.ch\/traitements\/\"},{\"@type\":\"ListItem\",\"position\":3,\"name\":\"Podoth\u00e9rapie\"}]},{\"@type\":\"WebSite\",\"@id\":\"https:\/\/centre-assal.ch\/#website\",\"url\":\"https:\/\/centre-assal.ch\/\",\"name\":\"Centre Assal\",\"description\":\"\",\"publisher\":{\"@id\":\"https:\/\/centre-assal.ch\/#organization\"},\"potentialAction\":[{\"@type\":\"SearchAction\",\"target\":{\"@type\":\"EntryPoint\",\"urlTemplate\":\"https:\/\/centre-assal.ch\/?s={search_term_string}\"},\"query-input\":{\"@type\":\"PropertyValueSpecification\",\"valueRequired\":true,\"valueName\":\"search_term_string\"}}],\"inLanguage\":\"en-GB\"},{\"@type\":\"Organization\",\"@id\":\"https:\/\/centre-assal.ch\/#organization\",\"name\":\"Centre Assal\",\"url\":\"https:\/\/centre-assal.ch\/\",\"logo\":{\"@type\":\"ImageObject\",\"inLanguage\":\"en-GB\",\"@id\":\"https:\/\/centre-assal.ch\/#\/schema\/logo\/image\/\",\"url\":\"https:\/\/centre-assal.ch\/wp-content\/uploads\/2025\/03\/Logo_CentreAssal_RVB-11.png\",\"contentUrl\":\"https:\/\/centre-assal.ch\/wp-content\/uploads\/2025\/03\/Logo_CentreAssal_RVB-11.png\",\"width\":220,\"height\":114,\"caption\":\"Centre Assal\"},\"image\":{\"@id\":\"https:\/\/centre-assal.ch\/#\/schema\/logo\/image\/\"},\"sameAs\":[\"https:\/\/www.instagram.com\/centre_assal\/\",\"https:\/\/www.linkedin.com\/company\/centre-assal\"]}]}<\/script>\n<!-- \/ Yoast SEO plugin. -->","yoast_head_json":{"title":"Podoth\u00e9rapie - Centre Assal","description":"Analyse de la marche, semelles thermoform\u00e9es ou en carbone : d\u00e9couvrez la podoth\u00e9rapie du Centre ASSAL pour un confort et une performance optimis\u00e9s.","robots":{"index":"index","follow":"follow","max-snippet":"max-snippet:-1","max-image-preview":"max-image-preview:large","max-video-preview":"max-video-preview:-1"},"canonical":"https:\/\/centre-assal.ch\/en\/traitements\/podotherapie\/","og_locale":"en_GB","og_type":"article","og_title":"Podoth\u00e9rapie - Centre Assal","og_description":"Analyse de la marche, semelles thermoform\u00e9es ou en carbone : d\u00e9couvrez la podoth\u00e9rapie du Centre ASSAL pour un confort et une performance optimis\u00e9s.","og_url":"https:\/\/centre-assal.ch\/en\/traitements\/podotherapie\/","og_site_name":"Centre Assal","article_modified_time":"2025-10-07T02:55:30+00:00","og_image":[{"url":"https:\/\/centre-assal.ch\/wp-content\/uploads\/2025\/06\/Rachel-Guillot-NAK_2176-scaled-e1750663758841.png","type":"","width":"","height":""}],"twitter_card":"summary_large_image","twitter_misc":{"Estimated reading time":"2 minutes"},"schema":{"@context":"https:\/\/schema.org","@graph":[{"@type":"WebPage","@id":"https:\/\/centre-assal.ch\/traitements\/podotherapie\/","url":"https:\/\/centre-assal.ch\/traitements\/podotherapie\/","name":"Podoth\u00e9rapie - Centre Assal","isPartOf":{"@id":"https:\/\/centre-assal.ch\/#website"},"primaryImageOfPage":{"@id":"https:\/\/centre-assal.ch\/traitements\/podotherapie\/#primaryimage"},"image":{"@id":"https:\/\/centre-assal.ch\/traitements\/podotherapie\/#primaryimage"},"thumbnailUrl":"https:\/\/centre-assal.ch\/wp-content\/uploads\/2025\/06\/Rachel-Guillot-NAK_2176-scaled-e1750663758841.png","datePublished":"2025-03-13T08:38:50+00:00","dateModified":"2025-10-07T02:55:30+00:00","description":"Analyse de la marche, semelles thermoform\u00e9es ou en carbone : d\u00e9couvrez la podoth\u00e9rapie du Centre ASSAL pour un confort et une performance optimis\u00e9s.","breadcrumb":{"@id":"https:\/\/centre-assal.ch\/traitements\/podotherapie\/#breadcrumb"},"inLanguage":"en-GB","potentialAction":[{"@type":"ReadAction","target":["https:\/\/centre-assal.ch\/traitements\/podotherapie\/"]}]},{"@type":"ImageObject","inLanguage":"en-GB","@id":"https:\/\/centre-assal.ch\/traitements\/podotherapie\/#primaryimage","url":"https:\/\/centre-assal.ch\/wp-content\/uploads\/2025\/06\/Rachel-Guillot-NAK_2176-scaled-e1750663758841.png","contentUrl":"https:\/\/centre-assal.ch\/wp-content\/uploads\/2025\/06\/Rachel-Guillot-NAK_2176-scaled-e1750663758841.png"},{"@type":"BreadcrumbList","@id":"https:\/\/centre-assal.ch\/traitements\/podotherapie\/#breadcrumb","itemListElement":[{"@type":"ListItem","position":1,"name":"Home","item":"https:\/\/centre-assal.ch\/"},{"@type":"ListItem","position":2,"name":"Traitements","item":"https:\/\/centre-assal.ch\/traitements\/"},{"@type":"ListItem","position":3,"name":"Podoth\u00e9rapie"}]},{"@type":"WebSite","@id":"https:\/\/centre-assal.ch\/#website","url":"https:\/\/centre-assal.ch\/","name":"Centre Assal","description":"","publisher":{"@id":"https:\/\/centre-assal.ch\/#organization"},"potentialAction":[{"@type":"SearchAction","target":{"@type":"EntryPoint","urlTemplate":"https:\/\/centre-assal.ch\/?s={search_term_string}"},"query-input":{"@type":"PropertyValueSpecification","valueRequired":true,"valueName":"search_term_string"}}],"inLanguage":"en-GB"},{"@type":"Organization","@id":"https:\/\/centre-assal.ch\/#organization","name":"Centre Assal","url":"https:\/\/centre-assal.ch\/","logo":{"@type":"ImageObject","inLanguage":"en-GB","@id":"https:\/\/centre-assal.ch\/#\/schema\/logo\/image\/","url":"https:\/\/centre-assal.ch\/wp-content\/uploads\/2025\/03\/Logo_CentreAssal_RVB-11.png","contentUrl":"https:\/\/centre-assal.ch\/wp-content\/uploads\/2025\/03\/Logo_CentreAssal_RVB-11.png","width":220,"height":114,"caption":"Centre Assal"},"image":{"@id":"https:\/\/centre-assal.ch\/#\/schema\/logo\/image\/"},"sameAs":["https:\/\/www.instagram.com\/centre_assal\/","https:\/\/www.linkedin.com\/company\/centre-assal"]}]}},"_links":{"self":[{"href":"https:\/\/centre-assal.ch\/en\/wp-json\/wp\/v2\/pages\/3382","targetHints":{"allow":["GET"]}}],"collection":[{"href":"https:\/\/centre-assal.ch\/en\/wp-json\/wp\/v2\/pages"}],"about":[{"href":"https:\/\/centre-assal.ch\/en\/wp-json\/wp\/v2\/types\/page"}],"author":[{"embeddable":true,"href":"https:\/\/centre-assal.ch\/en\/wp-json\/wp\/v2\/users\/18"}],"replies":[{"embeddable":true,"href":"https:\/\/centre-assal.ch\/en\/wp-json\/wp\/v2\/comments?post=3382"}],"version-history":[{"count":22,"href":"https:\/\/centre-assal.ch\/en\/wp-json\/wp\/v2\/pages\/3382\/revisions"}],"predecessor-version":[{"id":17668,"href":"https:\/\/centre-assal.ch\/en\/wp-json\/wp\/v2\/pages\/3382\/revisions\/17668"}],"up":[{"embeddable":true,"href":"https:\/\/centre-assal.ch\/en\/wp-json\/wp\/v2\/pages\/3179"}],"wp:attachment":[{"href":"https:\/\/centre-assal.ch\/en\/wp-json\/wp\/v2\/media?parent=3382"}],"curies":[{"name":"wp","href":"https:\/\/api.w.org\/{rel}","templated":true}]}}