{"id":3571,"date":"2025-03-14T09:12:38","date_gmt":"2025-03-14T08:12:38","guid":{"rendered":"https:\/\/preview.centre-assal.ch\/?page_id=3571"},"modified":"2025-11-07T13:56:31","modified_gmt":"2025-11-07T12:56:31","slug":"pathologies","status":"publish","type":"page","link":"https:\/\/centre-assal.ch\/en\/pathologies\/","title":{"rendered":"Pathologies"},"content":{"rendered":"<div data-elementor-type=\"wp-page\" data-elementor-id=\"3571\" class=\"elementor elementor-3571\" data-elementor-post-type=\"page\">\n\t\t\t\t<div class=\"elementor-element elementor-element-b55d463 e-con-full e-flex e-con e-parent\" data-id=\"b55d463\" data-element_type=\"container\" data-e-type=\"container\" data-settings=\"{&quot;background_background&quot;:&quot;classic&quot;}\">\n\t\t<div class=\"elementor-element elementor-element-d3c708c e-con-full e-flex e-con e-child\" data-id=\"d3c708c\" data-element_type=\"container\" data-e-type=\"container\" data-settings=\"{&quot;background_background&quot;:&quot;classic&quot;}\">\n\t\t\t\t<div class=\"elementor-element elementor-element-304b84a elementor-widget elementor-widget-heading\" data-id=\"304b84a\" data-element_type=\"widget\" data-e-type=\"widget\" data-widget_type=\"heading.default\">\n\t\t\t\t<div class=\"elementor-widget-container\">\n\t\t\t\t\t<h2 class=\"elementor-heading-title elementor-size-default\">Pathologies <\/h2>\t\t\t\t<\/div>\n\t\t\t\t<\/div>\n\t\t\t\t<\/div>\n\t\t\t\t<\/div>\n\t\t<div class=\"elementor-element elementor-element-af9618e e-con-full e-flex e-con e-parent\" data-id=\"af9618e\" data-element_type=\"container\" data-e-type=\"container\">\n\t\t<div class=\"elementor-element elementor-element-fd43d74 e-con-full e-flex e-con e-child\" data-id=\"fd43d74\" data-element_type=\"container\" data-e-type=\"container\">\n\t\t\t\t<div class=\"elementor-element elementor-element-e02aa11 elementor-icon-list--layout-inline elementor-align-start elementor-list-item-link-full_width elementor-widget elementor-widget-icon-list\" data-id=\"e02aa11\" data-element_type=\"widget\" data-e-type=\"widget\" data-widget_type=\"icon-list.default\">\n\t\t\t\t<div class=\"elementor-widget-container\">\n\t\t\t\t\t\t\t<ul class=\"elementor-icon-list-items elementor-inline-items\">\n\t\t\t\t\t\t\t<li class=\"elementor-icon-list-item elementor-inline-item\">\n\t\t\t\t\t\t\t\t\t\t\t<a href=\"https:\/\/centre-assal.ch\/en\">\n\n\t\t\t\t\t\t\t\t\t\t\t<span class=\"elementor-icon-list-text\">Home<\/span>\n\t\t\t\t\t\t\t\t\t\t\t<\/a>\n\t\t\t\t\t\t\t\t\t<\/li>\n\t\t\t\t\t\t\t\t<li class=\"elementor-icon-list-item elementor-inline-item\">\n\t\t\t\t\t\t\t\t\t\t\t<a href=\"#\">\n\n\t\t\t\t\t\t\t\t\t\t\t\t<span class=\"elementor-icon-list-icon\">\n\t\t\t\t\t\t\t<svg aria-hidden=\"true\" class=\"e-font-icon-svg e-fas-angle-right\" viewbox=\"0 0 256 512\" xmlns=\"http:\/\/www.w3.org\/2000\/svg\"><path d=\"M224.3 273l-136 136c-9.4 9.4-24.6 9.4-33.9 0l-22.6-22.6c-9.4-9.4-9.4-24.6 0-33.9l96.4-96.4-96.4-96.4c-9.4-9.4-9.4-24.6 0-33.9L54.3 103c9.4-9.4 24.6-9.4 33.9 0l136 136c9.5 9.4 9.5 24.6.1 34z\"><\/path><\/svg>\t\t\t\t\t\t<\/span>\n\t\t\t\t\t\t\t\t\t\t<span class=\"elementor-icon-list-text\"><b>Pathologies<\/b><\/span>\n\t\t\t\t\t\t\t\t\t\t\t<\/a>\n\t\t\t\t\t\t\t\t\t<\/li>\n\t\t\t\t\t\t<\/ul>\n\t\t\t\t\t\t<\/div>\n\t\t\t\t<\/div>\n\t\t\t\t<\/div>\n\t\t<div class=\"elementor-element elementor-element-3f3c66d e-con-full e-flex e-con e-child\" data-id=\"3f3c66d\" data-element_type=\"container\" data-e-type=\"container\">\n\t\t\t\t<div class=\"elementor-element elementor-element-f47fbe0 elementor-widget elementor-widget-shortcode\" data-id=\"f47fbe0\" data-element_type=\"widget\" data-e-type=\"widget\" data-widget_type=\"shortcode.default\">\n\t\t\t\t<div class=\"elementor-widget-container\">\n\t\t\t\t\t\t\t<div class=\"elementor-shortcode\">\n<div class=\"foot-viewer-wrapper\">\n    <div class=\"app\">\n        <div class=\"left\" id=\"sidebar\">\n            <h2>Liste des pathologies<\/h2>\n            <ul id=\"titlesList\" class=\"list\" aria-label=\"Liste des pathologies\"><\/ul>\n            <div class=\"camera-info  to-hide-prod\" aria-hidden=\"false\">\n                <strong> Position Cam\u00e9ra<\/strong>\n                <div class=\"coord\">\n                    X: <span id=\"camX\">0.00<\/span><br \/>\n                    Y: <span id=\"camY\">0.00<\/span><br \/>\n                    Z: <span id=\"camZ\">0.00<\/span>\n                <\/div>\n                <div class=\"coord\" style=\"margin-top: 4px\">\n                    Distance: <span id=\"camDist\">0.00<\/span><br \/>\n                    Min: <span id=\"camMin\">0.00<\/span> | Max: <span id=\"camMax\">0.00<\/span>\n                <\/div>\n                <button class=\"copy-btn\" id=\"copyCamBtn\">Copier position<\/button>\n            <\/div>\n\n        <\/div>\n\n        <div class=\"right\">\n            <div id=\"viewer\" aria-hidden=\"false\"><\/div>\n            <div class=\"overlay\" id=\"overlay\" aria-hidden=\"true\"><\/div>\n\n            <div class=\"instructions\" aria-hidden=\"false\">\n                Cliquez et maintenez le clic pour faire pivoter le pied \u00e0 l'aide de votre curseur            <\/div>\n\n            <div class=\"zoom-overlay\" aria-hidden=\"false\">\n                <button id=\"zoomInBtn\" title=\"Zoom avant\">+<\/button>\n                <button id=\"zoomOutBtn\" title=\"Zoom arri\u00e8re\">\u2212<\/button>\n                <button id=\"resetZoomBtn\" title=\"R\u00e9initialiser\">\u27f2<\/button>\n            <\/div>\n\n            <div id=\"tooltip\" class=\"tooltip\" aria-hidden=\"true\" role=\"dialog\" aria-live=\"polite\">\n                <h4 id=\"tt-title\">Title<\/h4>\n                <p id=\"tt-desc\">Description<\/p>\n                <a id=\"tt-link\" class=\"cta\" href=\"#\" target=\"_blank\" style=\"display: none\">\n                    Read more                    <img decoding=\"async\" src=\"https:\/\/centre-assal.ch\/wp-content\/plugins\/foot-viewer\/templates\/..\/assets\/icons\/button-arrow.svg\" alt=\"\" class=\"tt-arrow-icon\" aria-hidden=\"true\" \/>\n                <\/a>\n            <\/div>\n\n            <div id=\"loaderFootViewer\" class=\"loader-overlay\"  style=\"display: none\">\n                <div class=\"loader-box\">\n                    <div class=\"progress-bar\" aria-hidden=\"true\">\n                        <div id=\"progressFill\" class=\"fill\"><\/div>\n                    <\/div>\n                    <div id=\"progressText\" class=\"loader-info\" style=\"color: #fff; margin-top: 8px\">0%<\/div>\n                <\/div>\n            <\/div>\n        <\/div>\n    <\/div>\n<\/div><\/div>\n\t\t\t\t\t\t<\/div>\n\t\t\t\t<\/div>\n\t\t\t\t<\/div>\n\t\t\t\t<\/div>\n\t\t<div class=\"elementor-element elementor-element-df695d5 elementor-hidden-widescreen elementor-hidden-desktop elementor-hidden-tablet elementor-hidden-mobile e-flex e-con-boxed e-con e-parent\" data-id=\"df695d5\" data-element_type=\"container\" data-e-type=\"container\">\n\t\t\t\t\t<div class=\"e-con-inner\">\n\t\t\t\t<div class=\"elementor-element elementor-element-63c5a6b elementor-view-default elementor-widget elementor-widget-icon\" data-id=\"63c5a6b\" data-element_type=\"widget\" data-e-type=\"widget\" data-widget_type=\"icon.default\">\n\t\t\t\t<div class=\"elementor-widget-container\">\n\t\t\t\t\t\t\t<div class=\"elementor-icon-wrapper\">\n\t\t\t<div class=\"elementor-icon\">\n\t\t\t<svg xmlns=\"http:\/\/www.w3.org\/2000\/svg\" width=\"362\" height=\"362\" viewbox=\"0 0 362 362\" fill=\"none\"><path fill-rule=\"evenodd\" clip-rule=\"evenodd\" d=\"M266.438 125.018L256.688 122.718L230.338 148.918L215.413 133.718L241.113 106.755L238.863 96.8554C233.432 95.0385 227.751 94.077 222.025 94.0054C215.778 93.9093 209.579 95.1007 203.812 97.5054C198.245 100.026 193.213 103.59 188.987 108.005C184.284 112.461 180.56 117.845 178.05 123.818C173.218 135.704 173.218 149.007 178.05 160.893C151.99 186.53 126.267 212.508 100.888 238.818C98.2625 242.255 97.0125 246.543 97.3375 250.855C97.5936 255.494 99.6796 259.841 103.138 262.943C104.688 264.63 106.537 266.03 108.6 267.043C110.725 267.98 113.013 268.518 115.325 268.63C119.275 268.555 123.063 267.055 126 264.418C145.35 246.205 182.425 208.793 203.488 186.868C209.2 189.293 215.338 190.543 221.538 190.53C227.779 190.525 233.955 189.27 239.703 186.837C245.45 184.405 250.652 180.845 255 176.368C263.932 167.259 268.92 155 268.888 142.243C269.032 136.405 268.204 130.584 266.438 125.018ZM118.438 255.555C117.956 255.983 117.376 256.283 116.75 256.43C116.134 256.537 115.504 256.537 114.888 256.43C114.241 256.332 113.626 256.088 113.088 255.718C112.51 255.38 112.021 254.908 111.663 254.343C109.913 252.555 108.275 249.155 109.913 247.243C127.038 229.03 162.3 193.43 184.35 171.668C185.6 173.318 186.975 174.893 188.45 176.368C189.925 177.905 191.512 179.33 193.2 180.63C171.875 202.505 137.088 237.68 118.438 255.555ZM257.412 142.243C257.437 151.805 253.713 160.993 247.013 167.843C240.327 174.402 231.335 178.076 221.969 178.076C212.603 178.076 203.611 174.402 196.925 167.843C192.025 162.729 188.677 156.329 187.272 149.387C185.867 142.445 186.462 135.247 188.987 128.63C190.669 124.127 193.276 120.027 196.642 116.594C200.007 113.162 204.056 110.475 208.525 108.705C212.769 106.929 217.325 106.02 221.925 106.03H225.1L202.388 129.443V138.143L226.075 161.718H234.325L257.412 139.018V142.243ZM122.275 165.055H141.412L150.225 174.018L158.7 165.593L150.387 157.118V156.58L151.1 135.968L148.35 130.505L112.6 106.98L105.213 107.805L94.825 118.418L94 125.905L116.975 162.38L122.275 165.055ZM110.463 119.655L139.388 138.705L138.9 152.743H125.45L106.8 123.218L110.463 119.655ZM199.275 206.655L207.7 198.243L246.525 238.055C249.795 241.492 251.619 246.055 251.619 250.799C251.619 255.543 249.795 260.106 246.525 263.543C244.066 266.067 240.904 267.793 237.451 268.495C233.997 269.198 230.412 268.844 227.162 267.48C225.089 266.56 223.228 265.22 221.7 263.543L182.425 223.505L190.912 215.03L230.063 254.955C230.589 255.536 231.244 255.986 231.975 256.268C233.414 256.852 235.024 256.852 236.463 256.268C237.193 255.985 237.848 255.536 238.375 254.955C238.922 254.413 239.348 253.762 239.625 253.043C239.912 252.309 240.064 251.53 240.075 250.743C240.062 249.957 239.914 249.179 239.638 248.443C239.361 247.724 238.935 247.072 238.388 246.53L199.275 206.655Z\" fill=\"#BD9B60\"><\/path><circle cx=\"181\" cy=\"181\" r=\"176\" stroke=\"#BD9B60\" stroke-width=\"10\"><\/circle><\/svg>\t\t\t<\/div>\n\t\t<\/div>\n\t\t\t\t\t\t<\/div>\n\t\t\t\t<\/div>\n\t\t\t\t<div class=\"elementor-element elementor-element-545b213 elementor-widget elementor-widget-heading\" data-id=\"545b213\" data-element_type=\"widget\" data-e-type=\"widget\" data-widget_type=\"heading.default\">\n\t\t\t\t<div class=\"elementor-widget-container\">\n\t\t\t\t\t<h1 class=\"elementor-heading-title elementor-size-default\">Under construction<\/h1>\t\t\t\t<\/div>\n\t\t\t\t<\/div>\n\t\t\t\t\t<\/div>\n\t\t\t\t<\/div>\n\t\t\t\t<\/div>","protected":false},"excerpt":{"rendered":"<p>Pathologies Accueil Pathologies En cours de construction<\/p>","protected":false},"author":18,"featured_media":0,"parent":0,"menu_order":0,"comment_status":"closed","ping_status":"closed","template":"elementor_header_footer","meta":{"_acf_changed":false,"footnotes":""},"class_list":["post-3571","page","type-page","status-publish","hentry"],"acf":[],"yoast_head":"<!-- This site is optimized with the Yoast SEO plugin v27.5 - https:\/\/yoast.com\/product\/yoast-seo-wordpress\/ -->\n<title>Pathologies - Centre Assal<\/title>\n<meta name=\"description\" content=\"Explorez les pathologies prises en charge au Centre ASSAL : diagnostic pr\u00e9cis, traitements cibl\u00e9s et approche m\u00e9dicale fond\u00e9e sur la science.\" \/>\n<meta name=\"robots\" content=\"index, follow, max-snippet:-1, max-image-preview:large, max-video-preview:-1\" \/>\n<link rel=\"canonical\" href=\"https:\/\/centre-assal.ch\/en\/pathologies\/\" \/>\n<meta property=\"og:locale\" content=\"en_GB\" \/>\n<meta property=\"og:type\" content=\"article\" \/>\n<meta property=\"og:title\" content=\"Pathologies - Centre Assal\" \/>\n<meta property=\"og:description\" content=\"Explorez les pathologies prises en charge au Centre ASSAL : diagnostic pr\u00e9cis, traitements cibl\u00e9s et approche m\u00e9dicale fond\u00e9e sur la science.\" \/>\n<meta property=\"og:url\" content=\"https:\/\/centre-assal.ch\/en\/pathologies\/\" \/>\n<meta property=\"og:site_name\" content=\"Centre Assal\" \/>\n<meta property=\"article:modified_time\" content=\"2025-11-07T12:56:31+00:00\" \/>\n<meta name=\"twitter:card\" content=\"summary_large_image\" \/>\n<meta name=\"twitter:label1\" content=\"Estimated reading time\" \/>\n\t<meta name=\"twitter:data1\" content=\"1 minute\" \/>\n<script type=\"application\/ld+json\" class=\"yoast-schema-graph\">{\"@context\":\"https:\\\/\\\/schema.org\",\"@graph\":[{\"@type\":\"WebPage\",\"@id\":\"https:\\\/\\\/centre-assal.ch\\\/pathologies\\\/\",\"url\":\"https:\\\/\\\/centre-assal.ch\\\/pathologies\\\/\",\"name\":\"Pathologies - Centre Assal\",\"isPartOf\":{\"@id\":\"https:\\\/\\\/centre-assal.ch\\\/#website\"},\"datePublished\":\"2025-03-14T08:12:38+00:00\",\"dateModified\":\"2025-11-07T12:56:31+00:00\",\"description\":\"Explorez les pathologies prises en charge au Centre ASSAL : diagnostic pr\u00e9cis, traitements cibl\u00e9s et approche m\u00e9dicale fond\u00e9e sur la science.\",\"breadcrumb\":{\"@id\":\"https:\\\/\\\/centre-assal.ch\\\/pathologies\\\/#breadcrumb\"},\"inLanguage\":\"en-GB\",\"potentialAction\":[{\"@type\":\"ReadAction\",\"target\":[\"https:\\\/\\\/centre-assal.ch\\\/pathologies\\\/\"]}]},{\"@type\":\"BreadcrumbList\",\"@id\":\"https:\\\/\\\/centre-assal.ch\\\/pathologies\\\/#breadcrumb\",\"itemListElement\":[{\"@type\":\"ListItem\",\"position\":1,\"name\":\"Home\",\"item\":\"https:\\\/\\\/centre-assal.ch\\\/\"},{\"@type\":\"ListItem\",\"position\":2,\"name\":\"Pathologies\"}]},{\"@type\":\"WebSite\",\"@id\":\"https:\\\/\\\/centre-assal.ch\\\/#website\",\"url\":\"https:\\\/\\\/centre-assal.ch\\\/\",\"name\":\"Centre Assal\",\"description\":\"\",\"publisher\":{\"@id\":\"https:\\\/\\\/centre-assal.ch\\\/#organization\"},\"potentialAction\":[{\"@type\":\"SearchAction\",\"target\":{\"@type\":\"EntryPoint\",\"urlTemplate\":\"https:\\\/\\\/centre-assal.ch\\\/?s={search_term_string}\"},\"query-input\":{\"@type\":\"PropertyValueSpecification\",\"valueRequired\":true,\"valueName\":\"search_term_string\"}}],\"inLanguage\":\"en-GB\"},{\"@type\":\"Organization\",\"@id\":\"https:\\\/\\\/centre-assal.ch\\\/#organization\",\"name\":\"Centre Assal\",\"url\":\"https:\\\/\\\/centre-assal.ch\\\/\",\"logo\":{\"@type\":\"ImageObject\",\"inLanguage\":\"en-GB\",\"@id\":\"https:\\\/\\\/centre-assal.ch\\\/#\\\/schema\\\/logo\\\/image\\\/\",\"url\":\"https:\\\/\\\/centre-assal.ch\\\/wp-content\\\/uploads\\\/2025\\\/03\\\/Logo_CentreAssal_RVB-11.png\",\"contentUrl\":\"https:\\\/\\\/centre-assal.ch\\\/wp-content\\\/uploads\\\/2025\\\/03\\\/Logo_CentreAssal_RVB-11.png\",\"width\":220,\"height\":114,\"caption\":\"Centre Assal\"},\"image\":{\"@id\":\"https:\\\/\\\/centre-assal.ch\\\/#\\\/schema\\\/logo\\\/image\\\/\"},\"sameAs\":[\"https:\\\/\\\/www.instagram.com\\\/centre_assal\\\/\",\"https:\\\/\\\/www.linkedin.com\\\/company\\\/centre-assal\"]}]}<\/script>\n<!-- \/ Yoast SEO plugin. -->","yoast_head_json":{"title":"Pathologies - Centre Assal","description":"Explorez les pathologies prises en charge au Centre ASSAL : diagnostic pr\u00e9cis, traitements cibl\u00e9s et approche m\u00e9dicale fond\u00e9e sur la science.","robots":{"index":"index","follow":"follow","max-snippet":"max-snippet:-1","max-image-preview":"max-image-preview:large","max-video-preview":"max-video-preview:-1"},"canonical":"https:\/\/centre-assal.ch\/en\/pathologies\/","og_locale":"en_GB","og_type":"article","og_title":"Pathologies - Centre Assal","og_description":"Explorez les pathologies prises en charge au Centre ASSAL : diagnostic pr\u00e9cis, traitements cibl\u00e9s et approche m\u00e9dicale fond\u00e9e sur la science.","og_url":"https:\/\/centre-assal.ch\/en\/pathologies\/","og_site_name":"Centre Assal","article_modified_time":"2025-11-07T12:56:31+00:00","twitter_card":"summary_large_image","twitter_misc":{"Estimated reading time":"1 minute"},"schema":{"@context":"https:\/\/schema.org","@graph":[{"@type":"WebPage","@id":"https:\/\/centre-assal.ch\/pathologies\/","url":"https:\/\/centre-assal.ch\/pathologies\/","name":"Pathologies - Centre Assal","isPartOf":{"@id":"https:\/\/centre-assal.ch\/#website"},"datePublished":"2025-03-14T08:12:38+00:00","dateModified":"2025-11-07T12:56:31+00:00","description":"Explorez les pathologies prises en charge au Centre ASSAL : diagnostic pr\u00e9cis, traitements cibl\u00e9s et approche m\u00e9dicale fond\u00e9e sur la science.","breadcrumb":{"@id":"https:\/\/centre-assal.ch\/pathologies\/#breadcrumb"},"inLanguage":"en-GB","potentialAction":[{"@type":"ReadAction","target":["https:\/\/centre-assal.ch\/pathologies\/"]}]},{"@type":"BreadcrumbList","@id":"https:\/\/centre-assal.ch\/pathologies\/#breadcrumb","itemListElement":[{"@type":"ListItem","position":1,"name":"Home","item":"https:\/\/centre-assal.ch\/"},{"@type":"ListItem","position":2,"name":"Pathologies"}]},{"@type":"WebSite","@id":"https:\/\/centre-assal.ch\/#website","url":"https:\/\/centre-assal.ch\/","name":"Centre Assal","description":"","publisher":{"@id":"https:\/\/centre-assal.ch\/#organization"},"potentialAction":[{"@type":"SearchAction","target":{"@type":"EntryPoint","urlTemplate":"https:\/\/centre-assal.ch\/?s={search_term_string}"},"query-input":{"@type":"PropertyValueSpecification","valueRequired":true,"valueName":"search_term_string"}}],"inLanguage":"en-GB"},{"@type":"Organization","@id":"https:\/\/centre-assal.ch\/#organization","name":"Centre Assal","url":"https:\/\/centre-assal.ch\/","logo":{"@type":"ImageObject","inLanguage":"en-GB","@id":"https:\/\/centre-assal.ch\/#\/schema\/logo\/image\/","url":"https:\/\/centre-assal.ch\/wp-content\/uploads\/2025\/03\/Logo_CentreAssal_RVB-11.png","contentUrl":"https:\/\/centre-assal.ch\/wp-content\/uploads\/2025\/03\/Logo_CentreAssal_RVB-11.png","width":220,"height":114,"caption":"Centre Assal"},"image":{"@id":"https:\/\/centre-assal.ch\/#\/schema\/logo\/image\/"},"sameAs":["https:\/\/www.instagram.com\/centre_assal\/","https:\/\/www.linkedin.com\/company\/centre-assal"]}]}},"_links":{"self":[{"href":"https:\/\/centre-assal.ch\/en\/wp-json\/wp\/v2\/pages\/3571","targetHints":{"allow":["GET"]}}],"collection":[{"href":"https:\/\/centre-assal.ch\/en\/wp-json\/wp\/v2\/pages"}],"about":[{"href":"https:\/\/centre-assal.ch\/en\/wp-json\/wp\/v2\/types\/page"}],"author":[{"embeddable":true,"href":"https:\/\/centre-assal.ch\/en\/wp-json\/wp\/v2\/users\/18"}],"replies":[{"embeddable":true,"href":"https:\/\/centre-assal.ch\/en\/wp-json\/wp\/v2\/comments?post=3571"}],"version-history":[{"count":67,"href":"https:\/\/centre-assal.ch\/en\/wp-json\/wp\/v2\/pages\/3571\/revisions"}],"predecessor-version":[{"id":17825,"href":"https:\/\/centre-assal.ch\/en\/wp-json\/wp\/v2\/pages\/3571\/revisions\/17825"}],"wp:attachment":[{"href":"https:\/\/centre-assal.ch\/en\/wp-json\/wp\/v2\/media?parent=3571"}],"curies":[{"name":"wp","href":"https:\/\/api.w.org\/{rel}","templated":true}]}}