{"id":3615,"date":"2025-03-14T10:00:54","date_gmt":"2025-03-14T09:00:54","guid":{"rendered":"https:\/\/preview.centre-assal.ch\/?page_id=3615"},"modified":"2025-10-05T12:54:15","modified_gmt":"2025-10-05T10:54:15","slug":"fractures","status":"publish","type":"page","link":"https:\/\/centre-assal.ch\/en\/pathologies\/fractures\/","title":{"rendered":"Fractures"},"content":{"rendered":"<div data-elementor-type=\"wp-page\" data-elementor-id=\"3615\" class=\"elementor elementor-3615\" data-elementor-post-type=\"page\">\n\t\t\t\t<div class=\"elementor-element elementor-element-b55d463 e-con-full e-flex e-con e-parent\" data-id=\"b55d463\" data-element_type=\"container\" data-e-type=\"container\" data-settings=\"{&quot;background_background&quot;:&quot;classic&quot;}\">\n\t\t<div class=\"elementor-element elementor-element-d3c708c e-con-full e-flex e-con e-child\" data-id=\"d3c708c\" data-element_type=\"container\" data-e-type=\"container\" data-settings=\"{&quot;background_background&quot;:&quot;classic&quot;}\">\n\t\t\t\t<div class=\"elementor-element elementor-element-304b84a elementor-widget elementor-widget-heading\" data-id=\"304b84a\" data-element_type=\"widget\" data-e-type=\"widget\" data-widget_type=\"heading.default\">\n\t\t\t\t<div class=\"elementor-widget-container\">\n\t\t\t\t\t<h2 class=\"elementor-heading-title elementor-size-default\">Pathologies<\/h2>\t\t\t\t<\/div>\n\t\t\t\t<\/div>\n\t\t\t\t<\/div>\n\t\t\t\t<\/div>\n\t\t<div class=\"elementor-element elementor-element-3ac5937 e-con-full e-flex e-con e-parent\" data-id=\"3ac5937\" data-element_type=\"container\" data-e-type=\"container\">\n\t\t\t\t<div class=\"elementor-element elementor-element-bd244ca elementor-icon-list--layout-inline elementor-align-start elementor-list-item-link-full_width elementor-widget elementor-widget-icon-list\" data-id=\"bd244ca\" data-element_type=\"widget\" data-e-type=\"widget\" data-widget_type=\"icon-list.default\">\n\t\t\t\t<div class=\"elementor-widget-container\">\n\t\t\t\t\t\t\t<ul class=\"elementor-icon-list-items elementor-inline-items\">\n\t\t\t\t\t\t\t<li class=\"elementor-icon-list-item elementor-inline-item\">\n\t\t\t\t\t\t\t\t\t\t\t<a href=\"https:\/\/centre-assal.ch\/en\">\n\n\t\t\t\t\t\t\t\t\t\t\t<span class=\"elementor-icon-list-text\">Home<\/span>\n\t\t\t\t\t\t\t\t\t\t\t<\/a>\n\t\t\t\t\t\t\t\t\t<\/li>\n\t\t\t\t\t\t\t\t<li class=\"elementor-icon-list-item elementor-inline-item\">\n\t\t\t\t\t\t\t\t\t\t\t<a href=\"\/en\/pathologies\/\">\n\n\t\t\t\t\t\t\t\t\t\t\t\t<span class=\"elementor-icon-list-icon\">\n\t\t\t\t\t\t\t<svg aria-hidden=\"true\" class=\"e-font-icon-svg e-fas-angle-right\" viewbox=\"0 0 256 512\" xmlns=\"http:\/\/www.w3.org\/2000\/svg\"><path d=\"M224.3 273l-136 136c-9.4 9.4-24.6 9.4-33.9 0l-22.6-22.6c-9.4-9.4-9.4-24.6 0-33.9l96.4-96.4-96.4-96.4c-9.4-9.4-9.4-24.6 0-33.9L54.3 103c9.4-9.4 24.6-9.4 33.9 0l136 136c9.5 9.4 9.5 24.6.1 34z\"><\/path><\/svg>\t\t\t\t\t\t<\/span>\n\t\t\t\t\t\t\t\t\t\t<span class=\"elementor-icon-list-text\">Pathologies<\/span>\n\t\t\t\t\t\t\t\t\t\t\t<\/a>\n\t\t\t\t\t\t\t\t\t<\/li>\n\t\t\t\t\t\t\t\t<li class=\"elementor-icon-list-item elementor-inline-item\">\n\t\t\t\t\t\t\t\t\t\t\t<a href=\"#\">\n\n\t\t\t\t\t\t\t\t\t\t\t\t<span class=\"elementor-icon-list-icon\">\n\t\t\t\t\t\t\t<svg aria-hidden=\"true\" class=\"e-font-icon-svg e-fas-angle-right\" viewbox=\"0 0 256 512\" xmlns=\"http:\/\/www.w3.org\/2000\/svg\"><path d=\"M224.3 273l-136 136c-9.4 9.4-24.6 9.4-33.9 0l-22.6-22.6c-9.4-9.4-9.4-24.6 0-33.9l96.4-96.4-96.4-96.4c-9.4-9.4-9.4-24.6 0-33.9L54.3 103c9.4-9.4 24.6-9.4 33.9 0l136 136c9.5 9.4 9.5 24.6.1 34z\"><\/path><\/svg>\t\t\t\t\t\t<\/span>\n\t\t\t\t\t\t\t\t\t\t<span class=\"elementor-icon-list-text\"><b>Fractures<\/b><\/span>\n\t\t\t\t\t\t\t\t\t\t\t<\/a>\n\t\t\t\t\t\t\t\t\t<\/li>\n\t\t\t\t\t\t<\/ul>\n\t\t\t\t\t\t<\/div>\n\t\t\t\t<\/div>\n\t\t\t\t<\/div>\n\t\t<div class=\"elementor-element elementor-element-899813e e-con-full e-flex e-con e-parent\" data-id=\"899813e\" data-element_type=\"container\" data-e-type=\"container\">\n\t\t\t\t<div class=\"elementor-element elementor-element-01a2a50 elementor-icon-list--layout-inline elementor-align-center menu-fracture elementor-hidden-tablet elementor-hidden-mobile elementor-list-item-link-full_width elementor-widget elementor-widget-icon-list\" data-id=\"01a2a50\" data-element_type=\"widget\" data-e-type=\"widget\" data-widget_type=\"icon-list.default\">\n\t\t\t\t<div class=\"elementor-widget-container\">\n\t\t\t\t\t\t\t<ul class=\"elementor-icon-list-items elementor-inline-items\">\n\t\t\t\t\t\t\t<li class=\"elementor-icon-list-item elementor-inline-item\">\n\t\t\t\t\t\t\t\t\t\t\t<a href=\"\/en\/pathologies\/fractures\/fracture-de-la-jambe\/\">\n\n\t\t\t\t\t\t\t\t\t\t\t<span class=\"elementor-icon-list-text\">Lower leg fracture<\/span>\n\t\t\t\t\t\t\t\t\t\t\t<\/a>\n\t\t\t\t\t\t\t\t\t<\/li>\n\t\t\t\t\t\t\t\t<li class=\"elementor-icon-list-item elementor-inline-item\">\n\t\t\t\t\t\t\t\t\t\t\t<a href=\"\/en\/pathologies\/fractures\/fracture-de-la-cheville\/\">\n\n\t\t\t\t\t\t\t\t\t\t\t<span class=\"elementor-icon-list-text\">Ankle fracture<\/span>\n\t\t\t\t\t\t\t\t\t\t\t<\/a>\n\t\t\t\t\t\t\t\t\t<\/li>\n\t\t\t\t\t\t\t\t<li class=\"elementor-icon-list-item elementor-inline-item\">\n\t\t\t\t\t\t\t\t\t\t\t<a href=\"\/en\/pathologies\/fractures\/fracture-du-pied\/\">\n\n\t\t\t\t\t\t\t\t\t\t\t<span class=\"elementor-icon-list-text\">Foot fracture<\/span>\n\t\t\t\t\t\t\t\t\t\t\t<\/a>\n\t\t\t\t\t\t\t\t\t<\/li>\n\t\t\t\t\t\t\t\t<li class=\"elementor-icon-list-item elementor-inline-item\">\n\t\t\t\t\t\t\t\t\t\t\t<a href=\"\/en\/pathologies\/fractures\/fracture-de-stress-fatigue\/\">\n\n\t\t\t\t\t\t\t\t\t\t\t<span class=\"elementor-icon-list-text\">Stress\/fatigue fracture<\/span>\n\t\t\t\t\t\t\t\t\t\t\t<\/a>\n\t\t\t\t\t\t\t\t\t<\/li>\n\t\t\t\t\t\t\t\t<li class=\"elementor-icon-list-item elementor-inline-item\">\n\t\t\t\t\t\t\t\t\t\t\t<a href=\"\/en\/pathologies\/fractures\/fracture-ouverte\/\">\n\n\t\t\t\t\t\t\t\t\t\t\t<span class=\"elementor-icon-list-text\">Open fracture<\/span>\n\t\t\t\t\t\t\t\t\t\t\t<\/a>\n\t\t\t\t\t\t\t\t\t<\/li>\n\t\t\t\t\t\t<\/ul>\n\t\t\t\t\t\t<\/div>\n\t\t\t\t<\/div>\n\t\t\t\t<div class=\"elementor-element elementor-element-0c6554b elementor-hidden-widescreen elementor-hidden-desktop select-to-choices elementor-widget elementor-widget-shortcode\" data-id=\"0c6554b\" data-element_type=\"widget\" data-e-type=\"widget\" data-widget_type=\"shortcode.default\">\n\t\t\t\t<div class=\"elementor-widget-container\">\n\t\t\t\t\t\t\t<div class=\"elementor-shortcode\">    <div id=\"toggle-element-view\">\n        <select id=\"element-toggle-dropdown\">\n            <option value=\"\">Fracture<\/option>\n            <option value=\"\/pathologies\/fractures\/fracture-de-la-jambe\/\">Lower leg fracture<\/option>\n            <option value=\"\/pathologies\/fractures\/fracture-de-la-cheville\/\">Ankle fracture<\/option>\n            <option value=\"\/pathologies\/fractures\/fracture-du-pied\/\">Foot fracture<\/option>\n            <option value=\"\/pathologies\/fractures\/fracture-de-stress-fatigue\/\">Stress\/fatigue fracture<\/option>\n            <option value=\"\/pathologies\/fractures\/fracture-ouverte\/\">Open fracture<\/option>\n        <\/select>\n    <\/div>\n    <script>\n        jQuery(document).ready(function ($) {\n            $('#element-toggle-dropdown').on('change', function () {\n                const selectedValue = $(this).val();\n                if (selectedValue) {\n                    window.location.href = selectedValue;\n                }\n            });\n        });\n    <\/script>\n    <\/div>\n\t\t\t\t\t\t<\/div>\n\t\t\t\t<\/div>\n\t\t\t\t<div class=\"elementor-element elementor-element-e1dcc7d elementor-hidden-tablet elementor-hidden-mobile elementor-widget-divider--view-line elementor-widget elementor-widget-divider\" data-id=\"e1dcc7d\" data-element_type=\"widget\" data-e-type=\"widget\" data-widget_type=\"divider.default\">\n\t\t\t\t<div class=\"elementor-widget-container\">\n\t\t\t\t\t\t\t<div class=\"elementor-divider\">\n\t\t\t<span class=\"elementor-divider-separator\">\n\t\t\t\t\t\t<\/span>\n\t\t<\/div>\n\t\t\t\t\t\t<\/div>\n\t\t\t\t<\/div>\n\t\t\t\t<\/div>\n\t\t<div class=\"elementor-element elementor-element-adafbfa e-con-full e-flex e-con e-parent\" data-id=\"adafbfa\" data-element_type=\"container\" data-e-type=\"container\">\n\t\t<div class=\"elementor-element elementor-element-dd32f84 e-con-full e-flex e-con e-child\" data-id=\"dd32f84\" data-element_type=\"container\" data-e-type=\"container\">\n\t\t<div class=\"elementor-element elementor-element-5135d5b e-con-full e-flex e-con e-child\" data-id=\"5135d5b\" data-element_type=\"container\" data-e-type=\"container\">\n\t\t<div class=\"elementor-element elementor-element-c4d2389 e-con-full e-flex e-con e-child\" data-id=\"c4d2389\" data-element_type=\"container\" data-e-type=\"container\" data-settings=\"{&quot;background_background&quot;:&quot;classic&quot;}\">\n\t\t\t\t<div class=\"elementor-element elementor-element-1be30d1 elementor-widget elementor-widget-heading\" data-id=\"1be30d1\" data-element_type=\"widget\" data-e-type=\"widget\" data-widget_type=\"heading.default\">\n\t\t\t\t<div class=\"elementor-widget-container\">\n\t\t\t\t\t<h4 class=\"elementor-heading-title elementor-size-default\">Fractures<\/h4>\t\t\t\t<\/div>\n\t\t\t\t<\/div>\n\t\t\t\t<div class=\"elementor-element elementor-element-bb7d46c elementor-widget elementor-widget-text-editor\" data-id=\"bb7d46c\" data-element_type=\"widget\" data-e-type=\"widget\" data-widget_type=\"text-editor.default\">\n\t\t\t\t<div class=\"elementor-widget-container\">\n\t\t\t\t\t\t\t\t\t<p>Foot and leg fractures range in severity, from a simple bone bruise to complete displacement of a bone or dislocation of a joint.<\/p>\t\t\t\t\t\t\t\t<\/div>\n\t\t\t\t<\/div>\n\t\t\t\t<\/div>\n\t\t\t\t<\/div>\n\t\t<div class=\"elementor-element elementor-element-f82c59d e-con-full e-flex e-con e-child\" data-id=\"f82c59d\" data-element_type=\"container\" data-e-type=\"container\">\n\t\t<div class=\"elementor-element elementor-element-b673ebc e-con-full e-flex e-con e-child\" data-id=\"b673ebc\" data-element_type=\"container\" data-e-type=\"container\">\n\t\t\t\t<div class=\"elementor-element elementor-element-2dfbe2c elementor-widget elementor-widget-heading\" data-id=\"2dfbe2c\" data-element_type=\"widget\" data-e-type=\"widget\" data-widget_type=\"heading.default\">\n\t\t\t\t<div class=\"elementor-widget-container\">\n\t\t\t\t\t<h4 class=\"elementor-heading-title elementor-size-default\">Cause<\/h4>\t\t\t\t<\/div>\n\t\t\t\t<\/div>\n\t\t\t\t<div class=\"elementor-element elementor-element-bec90c4 elementor-widget elementor-widget-text-editor\" data-id=\"bec90c4\" data-element_type=\"widget\" data-e-type=\"widget\" data-widget_type=\"text-editor.default\">\n\t\t\t\t<div class=\"elementor-widget-container\">\n\t\t\t\t\t\t\t\t\t<p>Most fractures are caused by accidents, from a simple fall while skiing or cycling, to more serious incidents, such as a car or motorcycle crash. In these cases, the bones must be properly re-aligned and immobilized to ensure optimal healing. Other simpler fractures may stem from excessive overuse of the lower leg or foot. These are called stress or fatigue fractures.<\/p>\t\t\t\t\t\t\t\t<\/div>\n\t\t\t\t<\/div>\n\t\t\t\t<\/div>\n\t\t<div class=\"elementor-element elementor-element-0190372 e-con-full e-flex e-con e-child\" data-id=\"0190372\" data-element_type=\"container\" data-e-type=\"container\">\n\t\t\t\t<div class=\"elementor-element elementor-element-80e38a7 elementor-widget elementor-widget-heading\" data-id=\"80e38a7\" data-element_type=\"widget\" data-e-type=\"widget\" data-widget_type=\"heading.default\">\n\t\t\t\t<div class=\"elementor-widget-container\">\n\t\t\t\t\t<h4 class=\"elementor-heading-title elementor-size-default\">Treatment<\/h4>\t\t\t\t<\/div>\n\t\t\t\t<\/div>\n\t\t\t\t<div class=\"elementor-element elementor-element-e8a542d elementor-widget elementor-widget-text-editor\" data-id=\"e8a542d\" data-element_type=\"widget\" data-e-type=\"widget\" data-widget_type=\"text-editor.default\">\n\t\t\t\t<div class=\"elementor-widget-container\">\n\t\t\t\t\t\t\t\t\t<p class=\"translation-block\">Some fractures can be treated without surgery. Our team is highly experienced in such conservative (non-operative) treatment. More severe fractures require surgical (operative) care. Some procedures can be performed using computer-assisted surgery.<\/p>\t\t\t\t\t\t\t\t<\/div>\n\t\t\t\t<\/div>\n\t\t\t\t<\/div>\n\t\t\t\t<\/div>\n\t\t\t\t<\/div>\n\t\t\t\t<\/div>\n\t\t<div class=\"elementor-element elementor-element-909f77f e-flex e-con-boxed e-con e-parent\" data-id=\"909f77f\" data-element_type=\"container\" data-e-type=\"container\">\n\t\t\t\t\t<div class=\"e-con-inner\">\n\t\t\t\t<div class=\"elementor-element elementor-element-6dc0c8e1 elementor-widget elementor-widget-spacer\" data-id=\"6dc0c8e1\" data-element_type=\"widget\" data-e-type=\"widget\" data-widget_type=\"spacer.default\">\n\t\t\t\t<div class=\"elementor-widget-container\">\n\t\t\t\t\t\t\t<div class=\"elementor-spacer\">\n\t\t\t<div class=\"elementor-spacer-inner\"><\/div>\n\t\t<\/div>\n\t\t\t\t\t\t<\/div>\n\t\t\t\t<\/div>\n\t\t\t\t\t<\/div>\n\t\t\t\t<\/div>\n\t\t\t\t<\/div>","protected":false},"excerpt":{"rendered":"<p>Pathologies Accueil Pathologies Fractures Fracture de la jambe Fracture de la cheville Fracture du pied Fracture de stress\/fatigue Fracture ouverte Fractures Les fractures du pied et de la jambe peuvent \u00eatre de gravit\u00e9 variable, d\u2019une simple contusion de l\u2019os \u00e0 un d\u00e9placement complet de l\u2019articulation ou de l\u2019os. Origine La pratique d\u2019un sport ou un [&hellip;]<\/p>\n","protected":false},"author":18,"featured_media":0,"parent":3571,"menu_order":0,"comment_status":"closed","ping_status":"closed","template":"","meta":{"_acf_changed":false,"footnotes":""},"class_list":["post-3615","page","type-page","status-publish","hentry"],"acf":[],"yoast_head":"<!-- This site is optimized with the Yoast SEO plugin v27.5 - https:\/\/yoast.com\/product\/yoast-seo-wordpress\/ -->\n<title>Fractures - Centre Assal<\/title>\n<meta name=\"description\" content=\"D\u00e9couvrez les causes et traitements des fractures du pied, de la cheville et de la jambe au Centre ASSAL\u2009: diagnostic pr\u00e9cis et soins sp\u00e9cialis\u00e9s.\" \/>\n<meta name=\"robots\" content=\"index, follow, max-snippet:-1, max-image-preview:large, max-video-preview:-1\" \/>\n<link rel=\"canonical\" href=\"https:\/\/centre-assal.ch\/en\/pathologies\/fractures\/\" \/>\n<meta property=\"og:locale\" content=\"en_GB\" \/>\n<meta property=\"og:type\" content=\"article\" \/>\n<meta property=\"og:title\" content=\"Fractures - Centre Assal\" \/>\n<meta property=\"og:description\" content=\"D\u00e9couvrez les causes et traitements des fractures du pied, de la cheville et de la jambe au Centre ASSAL\u2009: diagnostic pr\u00e9cis et soins sp\u00e9cialis\u00e9s.\" \/>\n<meta property=\"og:url\" content=\"https:\/\/centre-assal.ch\/en\/pathologies\/fractures\/\" \/>\n<meta property=\"og:site_name\" content=\"Centre Assal\" \/>\n<meta property=\"article:modified_time\" content=\"2025-10-05T10:54:15+00:00\" \/>\n<meta name=\"twitter:card\" content=\"summary_large_image\" \/>\n<meta name=\"twitter:label1\" content=\"Estimated reading time\" \/>\n\t<meta name=\"twitter:data1\" content=\"1 minute\" \/>\n<script type=\"application\/ld+json\" class=\"yoast-schema-graph\">{\"@context\":\"https:\\\/\\\/schema.org\",\"@graph\":[{\"@type\":\"WebPage\",\"@id\":\"https:\\\/\\\/centre-assal.ch\\\/pathologies\\\/fractures\\\/\",\"url\":\"https:\\\/\\\/centre-assal.ch\\\/pathologies\\\/fractures\\\/\",\"name\":\"Fractures - Centre Assal\",\"isPartOf\":{\"@id\":\"https:\\\/\\\/centre-assal.ch\\\/#website\"},\"datePublished\":\"2025-03-14T09:00:54+00:00\",\"dateModified\":\"2025-10-05T10:54:15+00:00\",\"description\":\"D\u00e9couvrez les causes et traitements des fractures du pied, de la cheville et de la jambe au Centre ASSAL\u2009: diagnostic pr\u00e9cis et soins sp\u00e9cialis\u00e9s.\",\"breadcrumb\":{\"@id\":\"https:\\\/\\\/centre-assal.ch\\\/pathologies\\\/fractures\\\/#breadcrumb\"},\"inLanguage\":\"en-GB\",\"potentialAction\":[{\"@type\":\"ReadAction\",\"target\":[\"https:\\\/\\\/centre-assal.ch\\\/pathologies\\\/fractures\\\/\"]}]},{\"@type\":\"BreadcrumbList\",\"@id\":\"https:\\\/\\\/centre-assal.ch\\\/pathologies\\\/fractures\\\/#breadcrumb\",\"itemListElement\":[{\"@type\":\"ListItem\",\"position\":1,\"name\":\"Home\",\"item\":\"https:\\\/\\\/centre-assal.ch\\\/\"},{\"@type\":\"ListItem\",\"position\":2,\"name\":\"Pathologies\",\"item\":\"https:\\\/\\\/centre-assal.ch\\\/pathologies\\\/\"},{\"@type\":\"ListItem\",\"position\":3,\"name\":\"Fractures\"}]},{\"@type\":\"WebSite\",\"@id\":\"https:\\\/\\\/centre-assal.ch\\\/#website\",\"url\":\"https:\\\/\\\/centre-assal.ch\\\/\",\"name\":\"Centre Assal\",\"description\":\"\",\"publisher\":{\"@id\":\"https:\\\/\\\/centre-assal.ch\\\/#organization\"},\"potentialAction\":[{\"@type\":\"SearchAction\",\"target\":{\"@type\":\"EntryPoint\",\"urlTemplate\":\"https:\\\/\\\/centre-assal.ch\\\/?s={search_term_string}\"},\"query-input\":{\"@type\":\"PropertyValueSpecification\",\"valueRequired\":true,\"valueName\":\"search_term_string\"}}],\"inLanguage\":\"en-GB\"},{\"@type\":\"Organization\",\"@id\":\"https:\\\/\\\/centre-assal.ch\\\/#organization\",\"name\":\"Centre Assal\",\"url\":\"https:\\\/\\\/centre-assal.ch\\\/\",\"logo\":{\"@type\":\"ImageObject\",\"inLanguage\":\"en-GB\",\"@id\":\"https:\\\/\\\/centre-assal.ch\\\/#\\\/schema\\\/logo\\\/image\\\/\",\"url\":\"https:\\\/\\\/centre-assal.ch\\\/wp-content\\\/uploads\\\/2025\\\/03\\\/Logo_CentreAssal_RVB-11.png\",\"contentUrl\":\"https:\\\/\\\/centre-assal.ch\\\/wp-content\\\/uploads\\\/2025\\\/03\\\/Logo_CentreAssal_RVB-11.png\",\"width\":220,\"height\":114,\"caption\":\"Centre Assal\"},\"image\":{\"@id\":\"https:\\\/\\\/centre-assal.ch\\\/#\\\/schema\\\/logo\\\/image\\\/\"},\"sameAs\":[\"https:\\\/\\\/www.instagram.com\\\/centre_assal\\\/\",\"https:\\\/\\\/www.linkedin.com\\\/company\\\/centre-assal\"]}]}<\/script>\n<!-- \/ Yoast SEO plugin. -->","yoast_head_json":{"title":"Fractures - Centre Assal","description":"D\u00e9couvrez les causes et traitements des fractures du pied, de la cheville et de la jambe au Centre ASSAL\u2009: diagnostic pr\u00e9cis et soins sp\u00e9cialis\u00e9s.","robots":{"index":"index","follow":"follow","max-snippet":"max-snippet:-1","max-image-preview":"max-image-preview:large","max-video-preview":"max-video-preview:-1"},"canonical":"https:\/\/centre-assal.ch\/en\/pathologies\/fractures\/","og_locale":"en_GB","og_type":"article","og_title":"Fractures - Centre Assal","og_description":"D\u00e9couvrez les causes et traitements des fractures du pied, de la cheville et de la jambe au Centre ASSAL\u2009: diagnostic pr\u00e9cis et soins sp\u00e9cialis\u00e9s.","og_url":"https:\/\/centre-assal.ch\/en\/pathologies\/fractures\/","og_site_name":"Centre Assal","article_modified_time":"2025-10-05T10:54:15+00:00","twitter_card":"summary_large_image","twitter_misc":{"Estimated reading time":"1 minute"},"schema":{"@context":"https:\/\/schema.org","@graph":[{"@type":"WebPage","@id":"https:\/\/centre-assal.ch\/pathologies\/fractures\/","url":"https:\/\/centre-assal.ch\/pathologies\/fractures\/","name":"Fractures - Centre Assal","isPartOf":{"@id":"https:\/\/centre-assal.ch\/#website"},"datePublished":"2025-03-14T09:00:54+00:00","dateModified":"2025-10-05T10:54:15+00:00","description":"D\u00e9couvrez les causes et traitements des fractures du pied, de la cheville et de la jambe au Centre ASSAL\u2009: diagnostic pr\u00e9cis et soins sp\u00e9cialis\u00e9s.","breadcrumb":{"@id":"https:\/\/centre-assal.ch\/pathologies\/fractures\/#breadcrumb"},"inLanguage":"en-GB","potentialAction":[{"@type":"ReadAction","target":["https:\/\/centre-assal.ch\/pathologies\/fractures\/"]}]},{"@type":"BreadcrumbList","@id":"https:\/\/centre-assal.ch\/pathologies\/fractures\/#breadcrumb","itemListElement":[{"@type":"ListItem","position":1,"name":"Home","item":"https:\/\/centre-assal.ch\/"},{"@type":"ListItem","position":2,"name":"Pathologies","item":"https:\/\/centre-assal.ch\/pathologies\/"},{"@type":"ListItem","position":3,"name":"Fractures"}]},{"@type":"WebSite","@id":"https:\/\/centre-assal.ch\/#website","url":"https:\/\/centre-assal.ch\/","name":"Centre Assal","description":"","publisher":{"@id":"https:\/\/centre-assal.ch\/#organization"},"potentialAction":[{"@type":"SearchAction","target":{"@type":"EntryPoint","urlTemplate":"https:\/\/centre-assal.ch\/?s={search_term_string}"},"query-input":{"@type":"PropertyValueSpecification","valueRequired":true,"valueName":"search_term_string"}}],"inLanguage":"en-GB"},{"@type":"Organization","@id":"https:\/\/centre-assal.ch\/#organization","name":"Centre Assal","url":"https:\/\/centre-assal.ch\/","logo":{"@type":"ImageObject","inLanguage":"en-GB","@id":"https:\/\/centre-assal.ch\/#\/schema\/logo\/image\/","url":"https:\/\/centre-assal.ch\/wp-content\/uploads\/2025\/03\/Logo_CentreAssal_RVB-11.png","contentUrl":"https:\/\/centre-assal.ch\/wp-content\/uploads\/2025\/03\/Logo_CentreAssal_RVB-11.png","width":220,"height":114,"caption":"Centre Assal"},"image":{"@id":"https:\/\/centre-assal.ch\/#\/schema\/logo\/image\/"},"sameAs":["https:\/\/www.instagram.com\/centre_assal\/","https:\/\/www.linkedin.com\/company\/centre-assal"]}]}},"_links":{"self":[{"href":"https:\/\/centre-assal.ch\/en\/wp-json\/wp\/v2\/pages\/3615","targetHints":{"allow":["GET"]}}],"collection":[{"href":"https:\/\/centre-assal.ch\/en\/wp-json\/wp\/v2\/pages"}],"about":[{"href":"https:\/\/centre-assal.ch\/en\/wp-json\/wp\/v2\/types\/page"}],"author":[{"embeddable":true,"href":"https:\/\/centre-assal.ch\/en\/wp-json\/wp\/v2\/users\/18"}],"replies":[{"embeddable":true,"href":"https:\/\/centre-assal.ch\/en\/wp-json\/wp\/v2\/comments?post=3615"}],"version-history":[{"count":1,"href":"https:\/\/centre-assal.ch\/en\/wp-json\/wp\/v2\/pages\/3615\/revisions"}],"predecessor-version":[{"id":17643,"href":"https:\/\/centre-assal.ch\/en\/wp-json\/wp\/v2\/pages\/3615\/revisions\/17643"}],"up":[{"embeddable":true,"href":"https:\/\/centre-assal.ch\/en\/wp-json\/wp\/v2\/pages\/3571"}],"wp:attachment":[{"href":"https:\/\/centre-assal.ch\/en\/wp-json\/wp\/v2\/media?parent=3615"}],"curies":[{"name":"wp","href":"https:\/\/api.w.org\/{rel}","templated":true}]}}