{"id":4119,"date":"2025-03-18T10:20:41","date_gmt":"2025-03-18T09:20:41","guid":{"rendered":"https:\/\/preview.centre-assal.ch\/?page_id=4119"},"modified":"2025-05-23T11:52:07","modified_gmt":"2025-05-23T09:52:07","slug":"credits","status":"publish","type":"page","link":"https:\/\/centre-assal.ch\/en\/credits\/","title":{"rendered":"Credits"},"content":{"rendered":"<div data-elementor-type=\"wp-page\" data-elementor-id=\"4119\" class=\"elementor elementor-4119\" data-elementor-post-type=\"page\">\n\t\t\t\t<div class=\"elementor-element elementor-element-0bf65a2 e-con-full e-flex e-con e-parent\" data-id=\"0bf65a2\" data-element_type=\"container\" data-settings=\"{&quot;background_background&quot;:&quot;classic&quot;}\">\n\t\t<div class=\"elementor-element elementor-element-bc0a87b e-con-full e-flex e-con e-child\" data-id=\"bc0a87b\" data-element_type=\"container\" data-settings=\"{&quot;background_background&quot;:&quot;classic&quot;}\">\n\t\t\t\t<div class=\"elementor-element elementor-element-a93a703 elementor-widget elementor-widget-heading\" data-id=\"a93a703\" data-element_type=\"widget\" data-widget_type=\"heading.default\">\n\t\t\t\t<div class=\"elementor-widget-container\">\n\t\t\t\t\t<h2 class=\"elementor-heading-title elementor-size-default\">Credits<\/h2>\t\t\t\t<\/div>\n\t\t\t\t<\/div>\n\t\t\t\t<\/div>\n\t\t\t\t<\/div>\n\t\t<div class=\"elementor-element elementor-element-f58f597 e-con-full e-flex e-con e-parent\" data-id=\"f58f597\" data-element_type=\"container\">\n\t\t\t\t<div class=\"elementor-element elementor-element-3ece0d5 elementor-icon-list--layout-inline elementor-align-start elementor-list-item-link-full_width elementor-widget elementor-widget-icon-list\" data-id=\"3ece0d5\" data-element_type=\"widget\" data-widget_type=\"icon-list.default\">\n\t\t\t\t<div class=\"elementor-widget-container\">\n\t\t\t\t\t\t\t<ul class=\"elementor-icon-list-items elementor-inline-items\">\n\t\t\t\t\t\t\t<li class=\"elementor-icon-list-item elementor-inline-item\">\n\t\t\t\t\t\t\t\t\t\t\t<a href=\"https:\/\/centre-assal.ch\/en\">\n\n\t\t\t\t\t\t\t\t\t\t\t<span class=\"elementor-icon-list-text\">Home<\/span>\n\t\t\t\t\t\t\t\t\t\t\t<\/a>\n\t\t\t\t\t\t\t\t\t<\/li>\n\t\t\t\t\t\t\t\t<li class=\"elementor-icon-list-item elementor-inline-item\">\n\t\t\t\t\t\t\t\t\t\t\t<a href=\"#\">\n\n\t\t\t\t\t\t\t\t\t\t\t\t<span class=\"elementor-icon-list-icon\">\n\t\t\t\t\t\t\t<svg aria-hidden=\"true\" class=\"e-font-icon-svg e-fas-angle-right\" viewbox=\"0 0 256 512\" xmlns=\"http:\/\/www.w3.org\/2000\/svg\"><path d=\"M224.3 273l-136 136c-9.4 9.4-24.6 9.4-33.9 0l-22.6-22.6c-9.4-9.4-9.4-24.6 0-33.9l96.4-96.4-96.4-96.4c-9.4-9.4-9.4-24.6 0-33.9L54.3 103c9.4-9.4 24.6-9.4 33.9 0l136 136c9.5 9.4 9.5 24.6.1 34z\"><\/path><\/svg>\t\t\t\t\t\t<\/span>\n\t\t\t\t\t\t\t\t\t\t<span class=\"elementor-icon-list-text\"><b>Credits<\/b><\/span>\n\t\t\t\t\t\t\t\t\t\t\t<\/a>\n\t\t\t\t\t\t\t\t\t<\/li>\n\t\t\t\t\t\t<\/ul>\n\t\t\t\t\t\t<\/div>\n\t\t\t\t<\/div>\n\t\t\t\t<\/div>\n\t\t<div class=\"elementor-element elementor-element-2e101ba e-con-full e-flex e-con e-parent\" data-id=\"2e101ba\" data-element_type=\"container\">\n\t\t<div class=\"elementor-element elementor-element-e95395e e-con-full e-flex e-con e-child\" data-id=\"e95395e\" data-element_type=\"container\">\n\t\t<div class=\"elementor-element elementor-element-ca900fa e-con-full e-flex e-con e-child\" data-id=\"ca900fa\" data-element_type=\"container\">\n\t\t\t\t<div class=\"elementor-element elementor-element-c4e957d elementor-widget elementor-widget-heading\" data-id=\"c4e957d\" data-element_type=\"widget\" data-widget_type=\"heading.default\">\n\t\t\t\t<div class=\"elementor-widget-container\">\n\t\t\t\t\t<h3 class=\"elementor-heading-title elementor-size-default\">Branding, Design &amp; Gestion<\/h3>\t\t\t\t<\/div>\n\t\t\t\t<\/div>\n\t\t\t\t<div class=\"elementor-element elementor-element-fffe865 elementor-widget-divider--view-line elementor-widget elementor-widget-divider\" data-id=\"fffe865\" data-element_type=\"widget\" data-widget_type=\"divider.default\">\n\t\t\t\t<div class=\"elementor-widget-container\">\n\t\t\t\t\t\t\t<div class=\"elementor-divider\">\n\t\t\t<span class=\"elementor-divider-separator\">\n\t\t\t\t\t\t<\/span>\n\t\t<\/div>\n\t\t\t\t\t\t<\/div>\n\t\t\t\t<\/div>\n\t\t\t\t<div class=\"elementor-element elementor-element-9ccfcfd t-lien elementor-widget elementor-widget-text-editor\" data-id=\"9ccfcfd\" data-element_type=\"widget\" data-widget_type=\"text-editor.default\">\n\t\t\t\t<div class=\"elementor-widget-container\">\n\t\t\t\t\t\t\t\t\t<p>Exponent SA\u2028<\/p><p><a href=\"http:\/\/exponent.ch\" target=\"_blank\" rel=\"noopener\">exponent.ch<\/a><\/p>\t\t\t\t\t\t\t\t<\/div>\n\t\t\t\t<\/div>\n\t\t\t\t<\/div>\n\t\t<div class=\"elementor-element elementor-element-0f3c01d e-con-full e-flex e-con e-child\" data-id=\"0f3c01d\" data-element_type=\"container\">\n\t\t\t\t<div class=\"elementor-element elementor-element-37fd106 elementor-widget elementor-widget-heading\" data-id=\"37fd106\" data-element_type=\"widget\" data-widget_type=\"heading.default\">\n\t\t\t\t<div class=\"elementor-widget-container\">\n\t\t\t\t\t<h3 class=\"elementor-heading-title elementor-size-default\">3D developement<\/h3>\t\t\t\t<\/div>\n\t\t\t\t<\/div>\n\t\t\t\t<div class=\"elementor-element elementor-element-3e323e0 elementor-widget-divider--view-line elementor-widget elementor-widget-divider\" data-id=\"3e323e0\" data-element_type=\"widget\" data-widget_type=\"divider.default\">\n\t\t\t\t<div class=\"elementor-widget-container\">\n\t\t\t\t\t\t\t<div class=\"elementor-divider\">\n\t\t\t<span class=\"elementor-divider-separator\">\n\t\t\t\t\t\t<\/span>\n\t\t<\/div>\n\t\t\t\t\t\t<\/div>\n\t\t\t\t<\/div>\n\t\t\t\t<div class=\"elementor-element elementor-element-0c3ae40 t-lien elementor-widget elementor-widget-text-editor\" data-id=\"0c3ae40\" data-element_type=\"widget\" data-widget_type=\"text-editor.default\">\n\t\t\t\t<div class=\"elementor-widget-container\">\n\t\t\t\t\t\t\t\t\t<p>Exponent SA\u2028<\/p><p><a href=\"http:\/\/exponent.ch\" target=\"_blank\" rel=\"noopener\">exponent.ch<\/a><\/p>\t\t\t\t\t\t\t\t<\/div>\n\t\t\t\t<\/div>\n\t\t\t\t<\/div>\n\t\t<div class=\"elementor-element elementor-element-c3cd55a e-con-full e-flex e-con e-child\" data-id=\"c3cd55a\" data-element_type=\"container\">\n\t\t\t\t<div class=\"elementor-element elementor-element-7c56b1d elementor-widget elementor-widget-heading\" data-id=\"7c56b1d\" data-element_type=\"widget\" data-widget_type=\"heading.default\">\n\t\t\t\t<div class=\"elementor-widget-container\">\n\t\t\t\t\t<h3 class=\"elementor-heading-title elementor-size-default\">Photos<\/h3>\t\t\t\t<\/div>\n\t\t\t\t<\/div>\n\t\t\t\t<div class=\"elementor-element elementor-element-6d389fa elementor-widget-divider--view-line elementor-widget elementor-widget-divider\" data-id=\"6d389fa\" data-element_type=\"widget\" data-widget_type=\"divider.default\">\n\t\t\t\t<div class=\"elementor-widget-container\">\n\t\t\t\t\t\t\t<div class=\"elementor-divider\">\n\t\t\t<span class=\"elementor-divider-separator\">\n\t\t\t\t\t\t<\/span>\n\t\t<\/div>\n\t\t\t\t\t\t<\/div>\n\t\t\t\t<\/div>\n\t\t\t\t<div class=\"elementor-element elementor-element-edd177f t-lien elementor-widget elementor-widget-text-editor\" data-id=\"edd177f\" data-element_type=\"widget\" data-widget_type=\"text-editor.default\">\n\t\t\t\t<div class=\"elementor-widget-container\">\n\t\t\t\t\t\t\t\t\t<p>Yorick Chassigneux<br \/><a href=\"https:\/\/yckarts.com\/\" target=\"_blank\" rel=\"noopener noreferrer\">www.yckarts.com<br \/><\/a><br \/><br \/><\/p><p>Studio Bergoend<\/p>\t\t\t\t\t\t\t\t<\/div>\n\t\t\t\t<\/div>\n\t\t\t\t<\/div>\n\t\t\t\t<\/div>\n\t\t<div class=\"elementor-element elementor-element-93c0098 e-con-full e-flex e-con e-child\" data-id=\"93c0098\" data-element_type=\"container\">\n\t\t<div class=\"elementor-element elementor-element-33b666a e-con-full e-flex e-con e-child\" data-id=\"33b666a\" data-element_type=\"container\">\n\t\t\t\t<div class=\"elementor-element elementor-element-0718854 elementor-widget elementor-widget-heading\" data-id=\"0718854\" data-element_type=\"widget\" data-widget_type=\"heading.default\">\n\t\t\t\t<div class=\"elementor-widget-container\">\n\t\t\t\t\t<h3 class=\"elementor-heading-title elementor-size-default\">Technical developement<\/h3>\t\t\t\t<\/div>\n\t\t\t\t<\/div>\n\t\t\t\t<div class=\"elementor-element elementor-element-e1ed51a elementor-widget-divider--view-line elementor-widget elementor-widget-divider\" data-id=\"e1ed51a\" data-element_type=\"widget\" data-widget_type=\"divider.default\">\n\t\t\t\t<div class=\"elementor-widget-container\">\n\t\t\t\t\t\t\t<div class=\"elementor-divider\">\n\t\t\t<span class=\"elementor-divider-separator\">\n\t\t\t\t\t\t<\/span>\n\t\t<\/div>\n\t\t\t\t\t\t<\/div>\n\t\t\t\t<\/div>\n\t\t\t\t<div class=\"elementor-element elementor-element-d1cdf66 t-lien elementor-widget elementor-widget-text-editor\" data-id=\"d1cdf66\" data-element_type=\"widget\" data-widget_type=\"text-editor.default\">\n\t\t\t\t<div class=\"elementor-widget-container\">\n\t\t\t\t\t\t\t\t\t<p>Exponent SA\u2028<\/p><p><a href=\"http:\/\/exponent.ch\" target=\"_blank\" rel=\"noopener\">exponent.ch<\/a><\/p>\t\t\t\t\t\t\t\t<\/div>\n\t\t\t\t<\/div>\n\t\t\t\t<\/div>\n\t\t<div class=\"elementor-element elementor-element-09a8d39 e-con-full e-flex e-con e-child\" data-id=\"09a8d39\" data-element_type=\"container\">\n\t\t\t\t<div class=\"elementor-element elementor-element-b8123fc elementor-widget elementor-widget-heading\" data-id=\"b8123fc\" data-element_type=\"widget\" data-widget_type=\"heading.default\">\n\t\t\t\t<div class=\"elementor-widget-container\">\n\t\t\t\t\t<h3 class=\"elementor-heading-title elementor-size-default\">Content<\/h3>\t\t\t\t<\/div>\n\t\t\t\t<\/div>\n\t\t\t\t<div class=\"elementor-element elementor-element-01944f6 elementor-widget-divider--view-line elementor-widget elementor-widget-divider\" data-id=\"01944f6\" data-element_type=\"widget\" data-widget_type=\"divider.default\">\n\t\t\t\t<div class=\"elementor-widget-container\">\n\t\t\t\t\t\t\t<div class=\"elementor-divider\">\n\t\t\t<span class=\"elementor-divider-separator\">\n\t\t\t\t\t\t<\/span>\n\t\t<\/div>\n\t\t\t\t\t\t<\/div>\n\t\t\t\t<\/div>\n\t\t\t\t<div class=\"elementor-element elementor-element-16cebf8 t-lien elementor-widget elementor-widget-text-editor\" data-id=\"16cebf8\" data-element_type=\"widget\" data-widget_type=\"text-editor.default\">\n\t\t\t\t<div class=\"elementor-widget-container\">\n\t\t\t\t\t\t\t\t\t<p>Exponent SA\u2028<\/p><p><a href=\"http:\/\/exponent.ch\" target=\"_blank\" rel=\"noopener\">exponent.ch<\/a><\/p>\t\t\t\t\t\t\t\t<\/div>\n\t\t\t\t<\/div>\n\t\t\t\t<\/div>\n\t\t\t\t<\/div>\n\t\t\t\t<\/div>\n\t\t<div class=\"elementor-element elementor-element-3df403ce e-flex e-con-boxed e-con e-parent\" data-id=\"3df403ce\" data-element_type=\"container\">\n\t\t\t\t\t<div class=\"e-con-inner\">\n\t\t\t\t<div class=\"elementor-element elementor-element-75dcea11 elementor-widget elementor-widget-spacer\" data-id=\"75dcea11\" data-element_type=\"widget\" data-widget_type=\"spacer.default\">\n\t\t\t\t<div class=\"elementor-widget-container\">\n\t\t\t\t\t\t\t<div class=\"elementor-spacer\">\n\t\t\t<div class=\"elementor-spacer-inner\"><\/div>\n\t\t<\/div>\n\t\t\t\t\t\t<\/div>\n\t\t\t\t<\/div>\n\t\t\t\t\t<\/div>\n\t\t\t\t<\/div>\n\t\t\t\t<\/div>","protected":false},"excerpt":{"rendered":"<p>Cr\u00e9dits Accueil Cr\u00e9dits Branding, Design &#038; Gestion Exponent SA\u2028 exponent.ch D\u00e9veloppement\u00a03D Exponent SA\u2028 exponent.ch Photos Yorick Chassigneuxwww.yckarts.com Studio Bergoend D\u00e9veloppement technique Exponent SA\u2028 exponent.ch Conception-R\u00e9daction Exponent SA\u2028 exponent.ch<\/p>","protected":false},"author":18,"featured_media":0,"parent":0,"menu_order":0,"comment_status":"closed","ping_status":"closed","template":"","meta":{"_acf_changed":false,"footnotes":""},"class_list":["post-4119","page","type-page","status-publish","hentry"],"acf":[],"yoast_head":"<!-- This site is optimized with the Yoast SEO plugin v26.8 - https:\/\/yoast.com\/product\/yoast-seo-wordpress\/ -->\n<title>Cr\u00e9dits - Centre Assal<\/title>\n<meta name=\"robots\" content=\"index, follow, max-snippet:-1, max-image-preview:large, max-video-preview:-1\" \/>\n<link rel=\"canonical\" href=\"https:\/\/centre-assal.ch\/en\/credits\/\" \/>\n<meta property=\"og:locale\" content=\"en_GB\" \/>\n<meta property=\"og:type\" content=\"article\" \/>\n<meta property=\"og:title\" content=\"Cr\u00e9dits - Centre Assal\" \/>\n<meta property=\"og:description\" content=\"Cr\u00e9dits Accueil Cr\u00e9dits Branding, Design &#038; Gestion Exponent SA\u2028 exponent.ch D\u00e9veloppement\u00a03D Exponent SA\u2028 exponent.ch Photos Yorick Chassigneuxwww.yckarts.com Studio Bergoend D\u00e9veloppement technique Exponent SA\u2028 exponent.ch Conception-R\u00e9daction Exponent SA\u2028 exponent.ch\" \/>\n<meta property=\"og:url\" content=\"https:\/\/centre-assal.ch\/en\/credits\/\" \/>\n<meta property=\"og:site_name\" content=\"Centre Assal\" \/>\n<meta property=\"article:modified_time\" content=\"2025-05-23T09:52:07+00:00\" \/>\n<meta name=\"twitter:card\" content=\"summary_large_image\" \/>\n<meta name=\"twitter:label1\" content=\"Estimated reading time\" \/>\n\t<meta name=\"twitter:data1\" content=\"1 minute\" \/>\n<script type=\"application\/ld+json\" class=\"yoast-schema-graph\">{\"@context\":\"https:\/\/schema.org\",\"@graph\":[{\"@type\":\"WebPage\",\"@id\":\"https:\/\/centre-assal.ch\/credits\/\",\"url\":\"https:\/\/centre-assal.ch\/credits\/\",\"name\":\"Cr\u00e9dits - Centre Assal\",\"isPartOf\":{\"@id\":\"https:\/\/centre-assal.ch\/#website\"},\"datePublished\":\"2025-03-18T09:20:41+00:00\",\"dateModified\":\"2025-05-23T09:52:07+00:00\",\"breadcrumb\":{\"@id\":\"https:\/\/centre-assal.ch\/credits\/#breadcrumb\"},\"inLanguage\":\"en-GB\",\"potentialAction\":[{\"@type\":\"ReadAction\",\"target\":[\"https:\/\/centre-assal.ch\/credits\/\"]}]},{\"@type\":\"BreadcrumbList\",\"@id\":\"https:\/\/centre-assal.ch\/credits\/#breadcrumb\",\"itemListElement\":[{\"@type\":\"ListItem\",\"position\":1,\"name\":\"Home\",\"item\":\"https:\/\/centre-assal.ch\/\"},{\"@type\":\"ListItem\",\"position\":2,\"name\":\"Cr\u00e9dits\"}]},{\"@type\":\"WebSite\",\"@id\":\"https:\/\/centre-assal.ch\/#website\",\"url\":\"https:\/\/centre-assal.ch\/\",\"name\":\"Centre Assal\",\"description\":\"\",\"publisher\":{\"@id\":\"https:\/\/centre-assal.ch\/#organization\"},\"potentialAction\":[{\"@type\":\"SearchAction\",\"target\":{\"@type\":\"EntryPoint\",\"urlTemplate\":\"https:\/\/centre-assal.ch\/?s={search_term_string}\"},\"query-input\":{\"@type\":\"PropertyValueSpecification\",\"valueRequired\":true,\"valueName\":\"search_term_string\"}}],\"inLanguage\":\"en-GB\"},{\"@type\":\"Organization\",\"@id\":\"https:\/\/centre-assal.ch\/#organization\",\"name\":\"Centre Assal\",\"url\":\"https:\/\/centre-assal.ch\/\",\"logo\":{\"@type\":\"ImageObject\",\"inLanguage\":\"en-GB\",\"@id\":\"https:\/\/centre-assal.ch\/#\/schema\/logo\/image\/\",\"url\":\"https:\/\/centre-assal.ch\/wp-content\/uploads\/2025\/03\/Logo_CentreAssal_RVB-11.png\",\"contentUrl\":\"https:\/\/centre-assal.ch\/wp-content\/uploads\/2025\/03\/Logo_CentreAssal_RVB-11.png\",\"width\":220,\"height\":114,\"caption\":\"Centre Assal\"},\"image\":{\"@id\":\"https:\/\/centre-assal.ch\/#\/schema\/logo\/image\/\"},\"sameAs\":[\"https:\/\/www.instagram.com\/centre_assal\/\",\"https:\/\/www.linkedin.com\/company\/centre-assal\"]}]}<\/script>\n<!-- \/ Yoast SEO plugin. -->","yoast_head_json":{"title":"Cr\u00e9dits - Centre Assal","robots":{"index":"index","follow":"follow","max-snippet":"max-snippet:-1","max-image-preview":"max-image-preview:large","max-video-preview":"max-video-preview:-1"},"canonical":"https:\/\/centre-assal.ch\/en\/credits\/","og_locale":"en_GB","og_type":"article","og_title":"Cr\u00e9dits - Centre Assal","og_description":"Cr\u00e9dits Accueil Cr\u00e9dits Branding, Design &#038; Gestion Exponent SA\u2028 exponent.ch D\u00e9veloppement\u00a03D Exponent SA\u2028 exponent.ch Photos Yorick Chassigneuxwww.yckarts.com Studio Bergoend D\u00e9veloppement technique Exponent SA\u2028 exponent.ch Conception-R\u00e9daction Exponent SA\u2028 exponent.ch","og_url":"https:\/\/centre-assal.ch\/en\/credits\/","og_site_name":"Centre Assal","article_modified_time":"2025-05-23T09:52:07+00:00","twitter_card":"summary_large_image","twitter_misc":{"Estimated reading time":"1 minute"},"schema":{"@context":"https:\/\/schema.org","@graph":[{"@type":"WebPage","@id":"https:\/\/centre-assal.ch\/credits\/","url":"https:\/\/centre-assal.ch\/credits\/","name":"Cr\u00e9dits - Centre Assal","isPartOf":{"@id":"https:\/\/centre-assal.ch\/#website"},"datePublished":"2025-03-18T09:20:41+00:00","dateModified":"2025-05-23T09:52:07+00:00","breadcrumb":{"@id":"https:\/\/centre-assal.ch\/credits\/#breadcrumb"},"inLanguage":"en-GB","potentialAction":[{"@type":"ReadAction","target":["https:\/\/centre-assal.ch\/credits\/"]}]},{"@type":"BreadcrumbList","@id":"https:\/\/centre-assal.ch\/credits\/#breadcrumb","itemListElement":[{"@type":"ListItem","position":1,"name":"Home","item":"https:\/\/centre-assal.ch\/"},{"@type":"ListItem","position":2,"name":"Cr\u00e9dits"}]},{"@type":"WebSite","@id":"https:\/\/centre-assal.ch\/#website","url":"https:\/\/centre-assal.ch\/","name":"Centre Assal","description":"","publisher":{"@id":"https:\/\/centre-assal.ch\/#organization"},"potentialAction":[{"@type":"SearchAction","target":{"@type":"EntryPoint","urlTemplate":"https:\/\/centre-assal.ch\/?s={search_term_string}"},"query-input":{"@type":"PropertyValueSpecification","valueRequired":true,"valueName":"search_term_string"}}],"inLanguage":"en-GB"},{"@type":"Organization","@id":"https:\/\/centre-assal.ch\/#organization","name":"Centre Assal","url":"https:\/\/centre-assal.ch\/","logo":{"@type":"ImageObject","inLanguage":"en-GB","@id":"https:\/\/centre-assal.ch\/#\/schema\/logo\/image\/","url":"https:\/\/centre-assal.ch\/wp-content\/uploads\/2025\/03\/Logo_CentreAssal_RVB-11.png","contentUrl":"https:\/\/centre-assal.ch\/wp-content\/uploads\/2025\/03\/Logo_CentreAssal_RVB-11.png","width":220,"height":114,"caption":"Centre Assal"},"image":{"@id":"https:\/\/centre-assal.ch\/#\/schema\/logo\/image\/"},"sameAs":["https:\/\/www.instagram.com\/centre_assal\/","https:\/\/www.linkedin.com\/company\/centre-assal"]}]}},"_links":{"self":[{"href":"https:\/\/centre-assal.ch\/en\/wp-json\/wp\/v2\/pages\/4119","targetHints":{"allow":["GET"]}}],"collection":[{"href":"https:\/\/centre-assal.ch\/en\/wp-json\/wp\/v2\/pages"}],"about":[{"href":"https:\/\/centre-assal.ch\/en\/wp-json\/wp\/v2\/types\/page"}],"author":[{"embeddable":true,"href":"https:\/\/centre-assal.ch\/en\/wp-json\/wp\/v2\/users\/18"}],"replies":[{"embeddable":true,"href":"https:\/\/centre-assal.ch\/en\/wp-json\/wp\/v2\/comments?post=4119"}],"version-history":[{"count":0,"href":"https:\/\/centre-assal.ch\/en\/wp-json\/wp\/v2\/pages\/4119\/revisions"}],"wp:attachment":[{"href":"https:\/\/centre-assal.ch\/en\/wp-json\/wp\/v2\/media?parent=4119"}],"curies":[{"name":"wp","href":"https:\/\/api.w.org\/{rel}","templated":true}]}}