{"id":4640,"date":"2025-03-21T06:34:52","date_gmt":"2025-03-21T05:34:52","guid":{"rendered":"https:\/\/preview.centre-assal.ch\/?page_id=4640"},"modified":"2025-10-06T09:02:07","modified_gmt":"2025-10-06T07:02:07","slug":"pieds-plats","status":"publish","type":"page","link":"https:\/\/centre-assal.ch\/en\/pathologies\/pieds-plats\/","title":{"rendered":"Flat foot"},"content":{"rendered":"<div data-elementor-type=\"wp-page\" data-elementor-id=\"4640\" class=\"elementor elementor-4640\" data-elementor-post-type=\"page\">\n\t\t\t\t<div class=\"elementor-element elementor-element-b55d463 e-con-full e-flex e-con e-parent\" data-id=\"b55d463\" data-element_type=\"container\" data-e-type=\"container\" data-settings=\"{&quot;background_background&quot;:&quot;classic&quot;}\">\n\t\t<div class=\"elementor-element elementor-element-d3c708c e-con-full e-flex e-con e-child\" data-id=\"d3c708c\" data-element_type=\"container\" data-e-type=\"container\" data-settings=\"{&quot;background_background&quot;:&quot;classic&quot;}\">\n\t\t\t\t<div class=\"elementor-element elementor-element-304b84a elementor-widget elementor-widget-heading\" data-id=\"304b84a\" data-element_type=\"widget\" data-e-type=\"widget\" data-widget_type=\"heading.default\">\n\t\t\t\t<div class=\"elementor-widget-container\">\n\t\t\t\t\t<h2 class=\"elementor-heading-title elementor-size-default\">Flat foot<\/h2>\t\t\t\t<\/div>\n\t\t\t\t<\/div>\n\t\t\t\t<\/div>\n\t\t\t\t<\/div>\n\t\t<div class=\"elementor-element elementor-element-3ac5937 e-con-full e-flex e-con e-parent\" data-id=\"3ac5937\" data-element_type=\"container\" data-e-type=\"container\">\n\t\t\t\t<div class=\"elementor-element elementor-element-bd244ca elementor-icon-list--layout-inline elementor-align-start elementor-list-item-link-full_width elementor-widget elementor-widget-icon-list\" data-id=\"bd244ca\" data-element_type=\"widget\" data-e-type=\"widget\" data-widget_type=\"icon-list.default\">\n\t\t\t\t<div class=\"elementor-widget-container\">\n\t\t\t\t\t\t\t<ul class=\"elementor-icon-list-items elementor-inline-items\">\n\t\t\t\t\t\t\t<li class=\"elementor-icon-list-item elementor-inline-item\">\n\t\t\t\t\t\t\t\t\t\t\t<a href=\"https:\/\/centre-assal.ch\/en\">\n\n\t\t\t\t\t\t\t\t\t\t\t<span class=\"elementor-icon-list-text\">Home<\/span>\n\t\t\t\t\t\t\t\t\t\t\t<\/a>\n\t\t\t\t\t\t\t\t\t<\/li>\n\t\t\t\t\t\t\t\t<li class=\"elementor-icon-list-item elementor-inline-item\">\n\t\t\t\t\t\t\t\t\t\t\t<a href=\"\/en\/pathologies\/\">\n\n\t\t\t\t\t\t\t\t\t\t\t\t<span class=\"elementor-icon-list-icon\">\n\t\t\t\t\t\t\t<svg aria-hidden=\"true\" class=\"e-font-icon-svg e-fas-angle-right\" viewbox=\"0 0 256 512\" xmlns=\"http:\/\/www.w3.org\/2000\/svg\"><path d=\"M224.3 273l-136 136c-9.4 9.4-24.6 9.4-33.9 0l-22.6-22.6c-9.4-9.4-9.4-24.6 0-33.9l96.4-96.4-96.4-96.4c-9.4-9.4-9.4-24.6 0-33.9L54.3 103c9.4-9.4 24.6-9.4 33.9 0l136 136c9.5 9.4 9.5 24.6.1 34z\"><\/path><\/svg>\t\t\t\t\t\t<\/span>\n\t\t\t\t\t\t\t\t\t\t<span class=\"elementor-icon-list-text\">Pathologies<\/span>\n\t\t\t\t\t\t\t\t\t\t\t<\/a>\n\t\t\t\t\t\t\t\t\t<\/li>\n\t\t\t\t\t\t\t\t<li class=\"elementor-icon-list-item elementor-inline-item\">\n\t\t\t\t\t\t\t\t\t\t\t<a href=\"#\">\n\n\t\t\t\t\t\t\t\t\t\t\t\t<span class=\"elementor-icon-list-icon\">\n\t\t\t\t\t\t\t<svg aria-hidden=\"true\" class=\"e-font-icon-svg e-fas-angle-right\" viewbox=\"0 0 256 512\" xmlns=\"http:\/\/www.w3.org\/2000\/svg\"><path d=\"M224.3 273l-136 136c-9.4 9.4-24.6 9.4-33.9 0l-22.6-22.6c-9.4-9.4-9.4-24.6 0-33.9l96.4-96.4-96.4-96.4c-9.4-9.4-9.4-24.6 0-33.9L54.3 103c9.4-9.4 24.6-9.4 33.9 0l136 136c9.5 9.4 9.5 24.6.1 34z\"><\/path><\/svg>\t\t\t\t\t\t<\/span>\n\t\t\t\t\t\t\t\t\t\t<span class=\"elementor-icon-list-text\"><b>Flat foot<\/b><\/span>\n\t\t\t\t\t\t\t\t\t\t\t<\/a>\n\t\t\t\t\t\t\t\t\t<\/li>\n\t\t\t\t\t\t<\/ul>\n\t\t\t\t\t\t<\/div>\n\t\t\t\t<\/div>\n\t\t\t\t<\/div>\n\t\t<div class=\"elementor-element elementor-element-adafbfa e-con-full tibia e-flex e-con e-parent\" data-id=\"adafbfa\" data-element_type=\"container\" data-e-type=\"container\">\n\t\t<div class=\"elementor-element elementor-element-dd32f84 e-con-full e-flex e-con e-child\" data-id=\"dd32f84\" data-element_type=\"container\" data-e-type=\"container\">\n\t\t<div class=\"elementor-element elementor-element-5135d5b e-con-full e-flex e-con e-child\" data-id=\"5135d5b\" data-element_type=\"container\" data-e-type=\"container\">\n\t\t<div class=\"elementor-element elementor-element-c4d2389 e-con-full e-flex e-con e-child\" data-id=\"c4d2389\" data-element_type=\"container\" data-e-type=\"container\" data-settings=\"{&quot;background_background&quot;:&quot;classic&quot;}\">\n\t\t\t\t<div class=\"elementor-element elementor-element-1be30d1 elementor-widget elementor-widget-heading\" data-id=\"1be30d1\" data-element_type=\"widget\" data-e-type=\"widget\" data-widget_type=\"heading.default\">\n\t\t\t\t<div class=\"elementor-widget-container\">\n\t\t\t\t\t<h4 class=\"elementor-heading-title elementor-size-default\">Flat foot<\/h4>\t\t\t\t<\/div>\n\t\t\t\t<\/div>\n\t\t\t\t<div class=\"elementor-element elementor-element-395e5e0 elementor-widget elementor-widget-text-editor\" data-id=\"395e5e0\" data-element_type=\"widget\" data-e-type=\"widget\" data-widget_type=\"text-editor.default\">\n\t\t\t\t<div class=\"elementor-widget-container\">\n\t\t\t\t\t\t\t\t\t<p>Flat foot stems from a sagging in the arch of the foot and heel. In children, this will typically self-correct as they grow. When it persists or develops in adults it can be painful, and at times leads to severe pain, as well as repercussions due to a progressive increase in the deformity.<\/p>\t\t\t\t\t\t\t\t<\/div>\n\t\t\t\t<\/div>\n\t\t\t\t<\/div>\n\t\t\t\t<div class=\"elementor-element elementor-element-68fc788 btn-fleche btn-2 elementor-tablet-align-right elementor-widget-tablet__width-inherit elementor-widget elementor-widget-button\" data-id=\"68fc788\" data-element_type=\"widget\" data-e-type=\"widget\" data-widget_type=\"button.default\">\n\t\t\t\t<div class=\"elementor-widget-container\">\n\t\t\t\t\t\t\t\t\t<div class=\"elementor-button-wrapper\">\n\t\t\t\t\t<a class=\"elementor-button elementor-button-link elementor-size-sm\" href=\"\/en\/pathologies\/\">\n\t\t\t\t\t\t<span class=\"elementor-button-content-wrapper\">\n\t\t\t\t\t\t<span class=\"elementor-button-icon\">\n\t\t\t\t<svg xmlns=\"http:\/\/www.w3.org\/2000\/svg\" width=\"20\" height=\"20\" viewbox=\"0 0 20 20\" fill=\"none\"><path d=\"M4.78125 11.25L11.7812 18.25L10 20L0 10L10 0L11.7812 1.75L4.78125 8.75H20V11.25H4.78125Z\" fill=\"#BD9B60\"><\/path><\/svg>\t\t\t<\/span>\n\t\t\t\t\t\t\t\t\t<span class=\"elementor-button-text\">Back to 3D tool<\/span>\n\t\t\t\t\t<\/span>\n\t\t\t\t\t<\/a>\n\t\t\t\t<\/div>\n\t\t\t\t\t\t\t\t<\/div>\n\t\t\t\t<\/div>\n\t\t\t\t<\/div>\n\t\t<div class=\"elementor-element elementor-element-f82c59d e-con-full e-flex e-con e-child\" data-id=\"f82c59d\" data-element_type=\"container\" data-e-type=\"container\">\n\t\t<div class=\"elementor-element elementor-element-b673ebc e-con-full e-flex e-con e-child\" data-id=\"b673ebc\" data-element_type=\"container\" data-e-type=\"container\">\n\t\t\t\t<div class=\"elementor-element elementor-element-2dfbe2c elementor-widget elementor-widget-heading\" data-id=\"2dfbe2c\" data-element_type=\"widget\" data-e-type=\"widget\" data-widget_type=\"heading.default\">\n\t\t\t\t<div class=\"elementor-widget-container\">\n\t\t\t\t\t<h4 class=\"elementor-heading-title elementor-size-default\">Cause<\/h4>\t\t\t\t<\/div>\n\t\t\t\t<\/div>\n\t\t\t\t<div class=\"elementor-element elementor-element-bec90c4 elementor-widget elementor-widget-text-editor\" data-id=\"bec90c4\" data-element_type=\"widget\" data-e-type=\"widget\" data-widget_type=\"text-editor.default\">\n\t\t\t\t<div class=\"elementor-widget-container\">\n\t\t\t\t\t\t\t\t\t<p>Painful flat feet vary in their severity and require a detailed clinical and radiological evaluation to determine the cause.<\/p>\t\t\t\t\t\t\t\t<\/div>\n\t\t\t\t<\/div>\n\t\t\t\t<\/div>\n\t\t<div class=\"elementor-element elementor-element-0190372 e-con-full e-flex e-con e-child\" data-id=\"0190372\" data-element_type=\"container\" data-e-type=\"container\">\n\t\t\t\t<div class=\"elementor-element elementor-element-80e38a7 elementor-widget elementor-widget-heading\" data-id=\"80e38a7\" data-element_type=\"widget\" data-e-type=\"widget\" data-widget_type=\"heading.default\">\n\t\t\t\t<div class=\"elementor-widget-container\">\n\t\t\t\t\t<h4 class=\"elementor-heading-title elementor-size-default\">Treatment<\/h4>\t\t\t\t<\/div>\n\t\t\t\t<\/div>\n\t\t\t\t<div class=\"elementor-element elementor-element-e8a542d elementor-widget elementor-widget-text-editor\" data-id=\"e8a542d\" data-element_type=\"widget\" data-e-type=\"widget\" data-widget_type=\"text-editor.default\">\n\t\t\t\t<div class=\"elementor-widget-container\">\n\t\t\t\t\t\t\t\t\t<p>Custom orthopaedic insoles may sometimes be sufficient to relieve pain. Surgery tailored to each individual condition may be required when conservative treatment has failed.<\/p>\t\t\t\t\t\t\t\t<\/div>\n\t\t\t\t<\/div>\n\t\t\t\t<\/div>\n\t\t\t\t<\/div>\n\t\t\t\t<\/div>\n\t\t\t\t<\/div>\n\t\t<div class=\"elementor-element elementor-element-7f6a7909 e-flex e-con-boxed e-con e-parent\" data-id=\"7f6a7909\" data-element_type=\"container\" data-e-type=\"container\">\n\t\t\t\t\t<div class=\"e-con-inner\">\n\t\t\t\t<div class=\"elementor-element elementor-element-705cb19d elementor-widget elementor-widget-spacer\" data-id=\"705cb19d\" data-element_type=\"widget\" data-e-type=\"widget\" data-widget_type=\"spacer.default\">\n\t\t\t\t<div class=\"elementor-widget-container\">\n\t\t\t\t\t\t\t<div class=\"elementor-spacer\">\n\t\t\t<div class=\"elementor-spacer-inner\"><\/div>\n\t\t<\/div>\n\t\t\t\t\t\t<\/div>\n\t\t\t\t<\/div>\n\t\t\t\t\t<\/div>\n\t\t\t\t<\/div>\n\t\t\t\t<\/div>","protected":false},"excerpt":{"rendered":"<p>Pieds plats Accueil Pathologies Pieds plats Pieds plats Le pied plat se caract\u00e9rise par un affaissement de l\u2019arc du pied et du talon. Normal chez l\u2019enfant, il se corrige en g\u00e9n\u00e9ral lors de la croissance. Lorsqu\u2019il persiste ou se d\u00e9veloppe \u00e0 l\u2019\u00e2ge adulte, il peut causer des douleurs parfois s\u00e9v\u00e8res et entra\u00eener des r\u00e9percussions par [&hellip;]<\/p>\n","protected":false},"author":18,"featured_media":0,"parent":3571,"menu_order":0,"comment_status":"closed","ping_status":"closed","template":"elementor_header_footer","meta":{"_acf_changed":false,"footnotes":""},"class_list":["post-4640","page","type-page","status-publish","hentry"],"acf":[],"yoast_head":"<!-- This site is optimized with the Yoast SEO plugin v27.4 - https:\/\/yoast.com\/product\/yoast-seo-wordpress\/ -->\n<title>Pieds plats - Centre Assal<\/title>\n<meta name=\"description\" content=\"D\u00e9couvrez les causes et traitements des pieds plats : semelles orthop\u00e9diques ou chirurgie de r\u00e9alignement au Centre ASSAL.\" \/>\n<meta name=\"robots\" content=\"index, follow, max-snippet:-1, max-image-preview:large, max-video-preview:-1\" \/>\n<link rel=\"canonical\" href=\"https:\/\/centre-assal.ch\/en\/pathologies\/pieds-plats\/\" \/>\n<meta property=\"og:locale\" content=\"en_GB\" \/>\n<meta property=\"og:type\" content=\"article\" \/>\n<meta property=\"og:title\" content=\"Pieds plats - Centre Assal\" \/>\n<meta property=\"og:description\" content=\"D\u00e9couvrez les causes et traitements des pieds plats : semelles orthop\u00e9diques ou chirurgie de r\u00e9alignement au Centre ASSAL.\" \/>\n<meta property=\"og:url\" content=\"https:\/\/centre-assal.ch\/en\/pathologies\/pieds-plats\/\" \/>\n<meta property=\"og:site_name\" content=\"Centre Assal\" \/>\n<meta property=\"article:modified_time\" content=\"2025-10-06T07:02:07+00:00\" \/>\n<meta name=\"twitter:card\" content=\"summary_large_image\" \/>\n<meta name=\"twitter:label1\" content=\"Estimated reading time\" \/>\n\t<meta name=\"twitter:data1\" content=\"1 minute\" \/>\n<script type=\"application\/ld+json\" class=\"yoast-schema-graph\">{\"@context\":\"https:\\\/\\\/schema.org\",\"@graph\":[{\"@type\":\"WebPage\",\"@id\":\"https:\\\/\\\/centre-assal.ch\\\/pathologies\\\/pieds-plats\\\/\",\"url\":\"https:\\\/\\\/centre-assal.ch\\\/pathologies\\\/pieds-plats\\\/\",\"name\":\"Pieds plats - Centre Assal\",\"isPartOf\":{\"@id\":\"https:\\\/\\\/centre-assal.ch\\\/#website\"},\"datePublished\":\"2025-03-21T05:34:52+00:00\",\"dateModified\":\"2025-10-06T07:02:07+00:00\",\"description\":\"D\u00e9couvrez les causes et traitements des pieds plats : semelles orthop\u00e9diques ou chirurgie de r\u00e9alignement au Centre ASSAL.\",\"breadcrumb\":{\"@id\":\"https:\\\/\\\/centre-assal.ch\\\/pathologies\\\/pieds-plats\\\/#breadcrumb\"},\"inLanguage\":\"en-GB\",\"potentialAction\":[{\"@type\":\"ReadAction\",\"target\":[\"https:\\\/\\\/centre-assal.ch\\\/pathologies\\\/pieds-plats\\\/\"]}]},{\"@type\":\"BreadcrumbList\",\"@id\":\"https:\\\/\\\/centre-assal.ch\\\/pathologies\\\/pieds-plats\\\/#breadcrumb\",\"itemListElement\":[{\"@type\":\"ListItem\",\"position\":1,\"name\":\"Home\",\"item\":\"https:\\\/\\\/centre-assal.ch\\\/\"},{\"@type\":\"ListItem\",\"position\":2,\"name\":\"Pathologies\",\"item\":\"https:\\\/\\\/centre-assal.ch\\\/pathologies\\\/\"},{\"@type\":\"ListItem\",\"position\":3,\"name\":\"Pieds plats\"}]},{\"@type\":\"WebSite\",\"@id\":\"https:\\\/\\\/centre-assal.ch\\\/#website\",\"url\":\"https:\\\/\\\/centre-assal.ch\\\/\",\"name\":\"Centre Assal\",\"description\":\"\",\"publisher\":{\"@id\":\"https:\\\/\\\/centre-assal.ch\\\/#organization\"},\"potentialAction\":[{\"@type\":\"SearchAction\",\"target\":{\"@type\":\"EntryPoint\",\"urlTemplate\":\"https:\\\/\\\/centre-assal.ch\\\/?s={search_term_string}\"},\"query-input\":{\"@type\":\"PropertyValueSpecification\",\"valueRequired\":true,\"valueName\":\"search_term_string\"}}],\"inLanguage\":\"en-GB\"},{\"@type\":\"Organization\",\"@id\":\"https:\\\/\\\/centre-assal.ch\\\/#organization\",\"name\":\"Centre Assal\",\"url\":\"https:\\\/\\\/centre-assal.ch\\\/\",\"logo\":{\"@type\":\"ImageObject\",\"inLanguage\":\"en-GB\",\"@id\":\"https:\\\/\\\/centre-assal.ch\\\/#\\\/schema\\\/logo\\\/image\\\/\",\"url\":\"https:\\\/\\\/centre-assal.ch\\\/wp-content\\\/uploads\\\/2025\\\/03\\\/Logo_CentreAssal_RVB-11.png\",\"contentUrl\":\"https:\\\/\\\/centre-assal.ch\\\/wp-content\\\/uploads\\\/2025\\\/03\\\/Logo_CentreAssal_RVB-11.png\",\"width\":220,\"height\":114,\"caption\":\"Centre Assal\"},\"image\":{\"@id\":\"https:\\\/\\\/centre-assal.ch\\\/#\\\/schema\\\/logo\\\/image\\\/\"},\"sameAs\":[\"https:\\\/\\\/www.instagram.com\\\/centre_assal\\\/\",\"https:\\\/\\\/www.linkedin.com\\\/company\\\/centre-assal\"]}]}<\/script>\n<!-- \/ Yoast SEO plugin. -->","yoast_head_json":{"title":"Pieds plats - Centre Assal","description":"D\u00e9couvrez les causes et traitements des pieds plats : semelles orthop\u00e9diques ou chirurgie de r\u00e9alignement au Centre ASSAL.","robots":{"index":"index","follow":"follow","max-snippet":"max-snippet:-1","max-image-preview":"max-image-preview:large","max-video-preview":"max-video-preview:-1"},"canonical":"https:\/\/centre-assal.ch\/en\/pathologies\/pieds-plats\/","og_locale":"en_GB","og_type":"article","og_title":"Pieds plats - Centre Assal","og_description":"D\u00e9couvrez les causes et traitements des pieds plats : semelles orthop\u00e9diques ou chirurgie de r\u00e9alignement au Centre ASSAL.","og_url":"https:\/\/centre-assal.ch\/en\/pathologies\/pieds-plats\/","og_site_name":"Centre Assal","article_modified_time":"2025-10-06T07:02:07+00:00","twitter_card":"summary_large_image","twitter_misc":{"Estimated reading time":"1 minute"},"schema":{"@context":"https:\/\/schema.org","@graph":[{"@type":"WebPage","@id":"https:\/\/centre-assal.ch\/pathologies\/pieds-plats\/","url":"https:\/\/centre-assal.ch\/pathologies\/pieds-plats\/","name":"Pieds plats - Centre Assal","isPartOf":{"@id":"https:\/\/centre-assal.ch\/#website"},"datePublished":"2025-03-21T05:34:52+00:00","dateModified":"2025-10-06T07:02:07+00:00","description":"D\u00e9couvrez les causes et traitements des pieds plats : semelles orthop\u00e9diques ou chirurgie de r\u00e9alignement au Centre ASSAL.","breadcrumb":{"@id":"https:\/\/centre-assal.ch\/pathologies\/pieds-plats\/#breadcrumb"},"inLanguage":"en-GB","potentialAction":[{"@type":"ReadAction","target":["https:\/\/centre-assal.ch\/pathologies\/pieds-plats\/"]}]},{"@type":"BreadcrumbList","@id":"https:\/\/centre-assal.ch\/pathologies\/pieds-plats\/#breadcrumb","itemListElement":[{"@type":"ListItem","position":1,"name":"Home","item":"https:\/\/centre-assal.ch\/"},{"@type":"ListItem","position":2,"name":"Pathologies","item":"https:\/\/centre-assal.ch\/pathologies\/"},{"@type":"ListItem","position":3,"name":"Pieds plats"}]},{"@type":"WebSite","@id":"https:\/\/centre-assal.ch\/#website","url":"https:\/\/centre-assal.ch\/","name":"Centre Assal","description":"","publisher":{"@id":"https:\/\/centre-assal.ch\/#organization"},"potentialAction":[{"@type":"SearchAction","target":{"@type":"EntryPoint","urlTemplate":"https:\/\/centre-assal.ch\/?s={search_term_string}"},"query-input":{"@type":"PropertyValueSpecification","valueRequired":true,"valueName":"search_term_string"}}],"inLanguage":"en-GB"},{"@type":"Organization","@id":"https:\/\/centre-assal.ch\/#organization","name":"Centre Assal","url":"https:\/\/centre-assal.ch\/","logo":{"@type":"ImageObject","inLanguage":"en-GB","@id":"https:\/\/centre-assal.ch\/#\/schema\/logo\/image\/","url":"https:\/\/centre-assal.ch\/wp-content\/uploads\/2025\/03\/Logo_CentreAssal_RVB-11.png","contentUrl":"https:\/\/centre-assal.ch\/wp-content\/uploads\/2025\/03\/Logo_CentreAssal_RVB-11.png","width":220,"height":114,"caption":"Centre Assal"},"image":{"@id":"https:\/\/centre-assal.ch\/#\/schema\/logo\/image\/"},"sameAs":["https:\/\/www.instagram.com\/centre_assal\/","https:\/\/www.linkedin.com\/company\/centre-assal"]}]}},"_links":{"self":[{"href":"https:\/\/centre-assal.ch\/en\/wp-json\/wp\/v2\/pages\/4640","targetHints":{"allow":["GET"]}}],"collection":[{"href":"https:\/\/centre-assal.ch\/en\/wp-json\/wp\/v2\/pages"}],"about":[{"href":"https:\/\/centre-assal.ch\/en\/wp-json\/wp\/v2\/types\/page"}],"author":[{"embeddable":true,"href":"https:\/\/centre-assal.ch\/en\/wp-json\/wp\/v2\/users\/18"}],"replies":[{"embeddable":true,"href":"https:\/\/centre-assal.ch\/en\/wp-json\/wp\/v2\/comments?post=4640"}],"version-history":[{"count":1,"href":"https:\/\/centre-assal.ch\/en\/wp-json\/wp\/v2\/pages\/4640\/revisions"}],"predecessor-version":[{"id":17657,"href":"https:\/\/centre-assal.ch\/en\/wp-json\/wp\/v2\/pages\/4640\/revisions\/17657"}],"up":[{"embeddable":true,"href":"https:\/\/centre-assal.ch\/en\/wp-json\/wp\/v2\/pages\/3571"}],"wp:attachment":[{"href":"https:\/\/centre-assal.ch\/en\/wp-json\/wp\/v2\/media?parent=4640"}],"curies":[{"name":"wp","href":"https:\/\/api.w.org\/{rel}","templated":true}]}}