{"id":4787,"date":"2025-03-21T08:41:03","date_gmt":"2025-03-21T07:41:03","guid":{"rendered":"https:\/\/preview.centre-assal.ch\/?page_id=4787"},"modified":"2025-10-05T16:42:53","modified_gmt":"2025-10-05T14:42:53","slug":"inflammation-et-rupture-du-tendon-dachille","status":"publish","type":"page","link":"https:\/\/centre-assal.ch\/en\/pathologies\/inflammation-et-rupture-du-tendon-dachille\/","title":{"rendered":"Achilles tendonitis and tears"},"content":{"rendered":"<div data-elementor-type=\"wp-page\" data-elementor-id=\"4787\" class=\"elementor elementor-4787\" data-elementor-post-type=\"page\">\n\t\t\t\t<div class=\"elementor-element elementor-element-b55d463 e-con-full e-flex e-con e-parent\" data-id=\"b55d463\" data-element_type=\"container\" data-settings=\"{&quot;background_background&quot;:&quot;classic&quot;}\">\n\t\t<div class=\"elementor-element elementor-element-d3c708c e-con-full e-flex e-con e-child\" data-id=\"d3c708c\" data-element_type=\"container\" data-settings=\"{&quot;background_background&quot;:&quot;classic&quot;}\">\n\t\t\t\t<div class=\"elementor-element elementor-element-304b84a elementor-widget elementor-widget-heading\" data-id=\"304b84a\" data-element_type=\"widget\" data-widget_type=\"heading.default\">\n\t\t\t\t<div class=\"elementor-widget-container\">\n\t\t\t\t\t<h2 class=\"elementor-heading-title elementor-size-default\">Pathologies<\/h2>\t\t\t\t<\/div>\n\t\t\t\t<\/div>\n\t\t\t\t<\/div>\n\t\t\t\t<\/div>\n\t\t<div class=\"elementor-element elementor-element-3ac5937 e-con-full e-flex e-con e-parent\" data-id=\"3ac5937\" data-element_type=\"container\">\n\t\t\t\t<div class=\"elementor-element elementor-element-bd244ca elementor-icon-list--layout-inline elementor-align-start elementor-list-item-link-full_width elementor-widget elementor-widget-icon-list\" data-id=\"bd244ca\" data-element_type=\"widget\" data-widget_type=\"icon-list.default\">\n\t\t\t\t<div class=\"elementor-widget-container\">\n\t\t\t\t\t\t\t<ul class=\"elementor-icon-list-items elementor-inline-items\">\n\t\t\t\t\t\t\t<li class=\"elementor-icon-list-item elementor-inline-item\">\n\t\t\t\t\t\t\t\t\t\t\t<a href=\"https:\/\/centre-assal.ch\/en\">\n\n\t\t\t\t\t\t\t\t\t\t\t<span class=\"elementor-icon-list-text\">Home<\/span>\n\t\t\t\t\t\t\t\t\t\t\t<\/a>\n\t\t\t\t\t\t\t\t\t<\/li>\n\t\t\t\t\t\t\t\t<li class=\"elementor-icon-list-item elementor-inline-item\">\n\t\t\t\t\t\t\t\t\t\t\t<a href=\"\/en\/pathologies\/\">\n\n\t\t\t\t\t\t\t\t\t\t\t\t<span class=\"elementor-icon-list-icon\">\n\t\t\t\t\t\t\t<svg aria-hidden=\"true\" class=\"e-font-icon-svg e-fas-angle-right\" viewbox=\"0 0 256 512\" xmlns=\"http:\/\/www.w3.org\/2000\/svg\"><path d=\"M224.3 273l-136 136c-9.4 9.4-24.6 9.4-33.9 0l-22.6-22.6c-9.4-9.4-9.4-24.6 0-33.9l96.4-96.4-96.4-96.4c-9.4-9.4-9.4-24.6 0-33.9L54.3 103c9.4-9.4 24.6-9.4 33.9 0l136 136c9.5 9.4 9.5 24.6.1 34z\"><\/path><\/svg>\t\t\t\t\t\t<\/span>\n\t\t\t\t\t\t\t\t\t\t<span class=\"elementor-icon-list-text\">Pathologies<\/span>\n\t\t\t\t\t\t\t\t\t\t\t<\/a>\n\t\t\t\t\t\t\t\t\t<\/li>\n\t\t\t\t\t\t\t\t<li class=\"elementor-icon-list-item elementor-inline-item\">\n\t\t\t\t\t\t\t\t\t\t\t<a href=\"#\">\n\n\t\t\t\t\t\t\t\t\t\t\t\t<span class=\"elementor-icon-list-icon\">\n\t\t\t\t\t\t\t<svg aria-hidden=\"true\" class=\"e-font-icon-svg e-fas-angle-right\" viewbox=\"0 0 256 512\" xmlns=\"http:\/\/www.w3.org\/2000\/svg\"><path d=\"M224.3 273l-136 136c-9.4 9.4-24.6 9.4-33.9 0l-22.6-22.6c-9.4-9.4-9.4-24.6 0-33.9l96.4-96.4-96.4-96.4c-9.4-9.4-9.4-24.6 0-33.9L54.3 103c9.4-9.4 24.6-9.4 33.9 0l136 136c9.5 9.4 9.5 24.6.1 34z\"><\/path><\/svg>\t\t\t\t\t\t<\/span>\n\t\t\t\t\t\t\t\t\t\t<span class=\"elementor-icon-list-text\"><b>Achilles tendonitis and tears<\/b><\/span>\n\t\t\t\t\t\t\t\t\t\t\t<\/a>\n\t\t\t\t\t\t\t\t\t<\/li>\n\t\t\t\t\t\t<\/ul>\n\t\t\t\t\t\t<\/div>\n\t\t\t\t<\/div>\n\t\t\t\t<\/div>\n\t\t<div class=\"elementor-element elementor-element-adafbfa e-con-full tibia e-flex e-con e-parent\" data-id=\"adafbfa\" data-element_type=\"container\">\n\t\t<div class=\"elementor-element elementor-element-dd32f84 e-con-full e-flex e-con e-child\" data-id=\"dd32f84\" data-element_type=\"container\">\n\t\t<div class=\"elementor-element elementor-element-5135d5b e-con-full e-flex e-con e-child\" data-id=\"5135d5b\" data-element_type=\"container\">\n\t\t<div class=\"elementor-element elementor-element-c4d2389 e-con-full e-flex e-con e-child\" data-id=\"c4d2389\" data-element_type=\"container\" data-settings=\"{&quot;background_background&quot;:&quot;classic&quot;}\">\n\t\t\t\t<div class=\"elementor-element elementor-element-1be30d1 elementor-widget elementor-widget-heading\" data-id=\"1be30d1\" data-element_type=\"widget\" data-widget_type=\"heading.default\">\n\t\t\t\t<div class=\"elementor-widget-container\">\n\t\t\t\t\t<h4 class=\"elementor-heading-title elementor-size-default\">Achilles tendonitis and tears<\/h4>\t\t\t\t<\/div>\n\t\t\t\t<\/div>\n\t\t\t\t<div class=\"elementor-element elementor-element-9b6a4fd elementor-widget elementor-widget-text-editor\" data-id=\"9b6a4fd\" data-element_type=\"widget\" data-widget_type=\"text-editor.default\">\n\t\t\t\t<div class=\"elementor-widget-container\">\n\t\t\t\t\t\t\t\t\t<p>The Achilles tendon is the largest tendon in the human body and the main driver of ankle flexion. It is subjected to enormous loads that can lead to progressive disabling pain, either behind the ankle or behind the heel. Swelling is often present.<\/p>\t\t\t\t\t\t\t\t<\/div>\n\t\t\t\t<\/div>\n\t\t\t\t<\/div>\n\t\t\t\t<div class=\"elementor-element elementor-element-68fc788 btn-fleche btn-2 elementor-tablet-align-right elementor-widget-tablet__width-inherit elementor-widget elementor-widget-button\" data-id=\"68fc788\" data-element_type=\"widget\" data-widget_type=\"button.default\">\n\t\t\t\t<div class=\"elementor-widget-container\">\n\t\t\t\t\t\t\t\t\t<div class=\"elementor-button-wrapper\">\n\t\t\t\t\t<a class=\"elementor-button elementor-button-link elementor-size-sm\" href=\"\/en\/pathologies\/\">\n\t\t\t\t\t\t<span class=\"elementor-button-content-wrapper\">\n\t\t\t\t\t\t<span class=\"elementor-button-icon\">\n\t\t\t\t<svg xmlns=\"http:\/\/www.w3.org\/2000\/svg\" width=\"20\" height=\"20\" viewbox=\"0 0 20 20\" fill=\"none\"><path d=\"M4.78125 11.25L11.7812 18.25L10 20L0 10L10 0L11.7812 1.75L4.78125 8.75H20V11.25H4.78125Z\" fill=\"#BD9B60\"><\/path><\/svg>\t\t\t<\/span>\n\t\t\t\t\t\t\t\t\t<span class=\"elementor-button-text\">Back to 3D tool<\/span>\n\t\t\t\t\t<\/span>\n\t\t\t\t\t<\/a>\n\t\t\t\t<\/div>\n\t\t\t\t\t\t\t\t<\/div>\n\t\t\t\t<\/div>\n\t\t\t\t<\/div>\n\t\t<div class=\"elementor-element elementor-element-f82c59d e-con-full e-flex e-con e-child\" data-id=\"f82c59d\" data-element_type=\"container\">\n\t\t<div class=\"elementor-element elementor-element-b673ebc e-con-full e-flex e-con e-child\" data-id=\"b673ebc\" data-element_type=\"container\">\n\t\t\t\t<div class=\"elementor-element elementor-element-2dfbe2c elementor-widget elementor-widget-heading\" data-id=\"2dfbe2c\" data-element_type=\"widget\" data-widget_type=\"heading.default\">\n\t\t\t\t<div class=\"elementor-widget-container\">\n\t\t\t\t\t<h4 class=\"elementor-heading-title elementor-size-default\">Cause<\/h4>\t\t\t\t<\/div>\n\t\t\t\t<\/div>\n\t\t\t\t<div class=\"elementor-element elementor-element-bec90c4 elementor-widget elementor-widget-text-editor\" data-id=\"bec90c4\" data-element_type=\"widget\" data-widget_type=\"text-editor.default\">\n\t\t\t\t<div class=\"elementor-widget-container\">\n\t\t\t\t\t\t\t\t\t<p>Repeated participation in sports such as running, or having a physically demanding job, can lead to chronic degeneration of the tendon (tendinopathy) thereby shortening the tendinous portion that joins the calf muscle to the heel. This condition can be the source of several foot and ankle conditions, and in certain cases may lead to tendon rupture.<\/p>\t\t\t\t\t\t\t\t<\/div>\n\t\t\t\t<\/div>\n\t\t\t\t<\/div>\n\t\t<div class=\"elementor-element elementor-element-0190372 e-con-full e-flex e-con e-child\" data-id=\"0190372\" data-element_type=\"container\">\n\t\t\t\t<div class=\"elementor-element elementor-element-80e38a7 elementor-widget elementor-widget-heading\" data-id=\"80e38a7\" data-element_type=\"widget\" data-widget_type=\"heading.default\">\n\t\t\t\t<div class=\"elementor-widget-container\">\n\t\t\t\t\t<h4 class=\"elementor-heading-title elementor-size-default\">Treatment<\/h4>\t\t\t\t<\/div>\n\t\t\t\t<\/div>\n\t\t\t\t<div class=\"elementor-element elementor-element-e8a542d elementor-widget elementor-widget-text-editor\" data-id=\"e8a542d\" data-element_type=\"widget\" data-widget_type=\"text-editor.default\">\n\t\t\t\t<div class=\"elementor-widget-container\">\n\t\t\t\t\t\t\t\t\t<p>Rest, stretching, physiotherapy and anti-inflammatory medication will generally help relieve the pain. However, surgery may be required if the condition worsens. Surgical treatment aims to relieve some of the mechanical tension contributing to tendon inflammation, thus creating a more favorable mechanical environment for healing. Recurrence is very rare after surgical treatment.<\/p>\t\t\t\t\t\t\t\t<\/div>\n\t\t\t\t<\/div>\n\t\t\t\t<\/div>\n\t\t\t\t<\/div>\n\t\t\t\t<\/div>\n\t\t\t\t<\/div>\n\t\t<div class=\"elementor-element elementor-element-7f6a7909 e-flex e-con-boxed e-con e-parent\" data-id=\"7f6a7909\" data-element_type=\"container\">\n\t\t\t\t\t<div class=\"e-con-inner\">\n\t\t\t\t<div class=\"elementor-element elementor-element-705cb19d elementor-widget elementor-widget-spacer\" data-id=\"705cb19d\" data-element_type=\"widget\" data-widget_type=\"spacer.default\">\n\t\t\t\t<div class=\"elementor-widget-container\">\n\t\t\t\t\t\t\t<div class=\"elementor-spacer\">\n\t\t\t<div class=\"elementor-spacer-inner\"><\/div>\n\t\t<\/div>\n\t\t\t\t\t\t<\/div>\n\t\t\t\t<\/div>\n\t\t\t\t\t<\/div>\n\t\t\t\t<\/div>\n\t\t\t\t<\/div>","protected":false},"excerpt":{"rendered":"<p>Pathologies Accueil Pathologies Inflammation et rupture du tendon d\u2019Achille Inflammation et rupture du tendon d\u2019Achille Tendon le plus volumineux du corps humain et principal responsable de la flexion de la cheville, le tendon d\u2019Achille est soumis \u00e0 d\u2019\u00e9normes contraintes pouvant d\u00e9boucher sur des douleurs progressivement invalidantes, soit \u00e0 l\u2019arri\u00e8re de la cheville, soit \u00e0 l\u2019arri\u00e8re [&hellip;]<\/p>","protected":false},"author":18,"featured_media":0,"parent":3571,"menu_order":0,"comment_status":"closed","ping_status":"closed","template":"","meta":{"_acf_changed":false,"footnotes":""},"class_list":["post-4787","page","type-page","status-publish","hentry"],"acf":[],"yoast_head":"<!-- This site is optimized with the Yoast SEO plugin v26.8 - https:\/\/yoast.com\/product\/yoast-seo-wordpress\/ -->\n<title>Inflammation et rupture du tendon d\u2019Achille - Centre Assal<\/title>\n<meta name=\"description\" content=\"D\u00e9couvrez les causes et traitements de l\u2019inflammation et rupture du tendon d\u2019Achille : repos, physioth\u00e9rapie ou chirurgie au Centre ASSAL.\" \/>\n<meta name=\"robots\" content=\"index, follow, max-snippet:-1, max-image-preview:large, max-video-preview:-1\" \/>\n<link rel=\"canonical\" href=\"https:\/\/centre-assal.ch\/en\/pathologies\/inflammation-et-rupture-du-tendon-dachille\/\" \/>\n<meta property=\"og:locale\" content=\"en_GB\" \/>\n<meta property=\"og:type\" content=\"article\" \/>\n<meta property=\"og:title\" content=\"Inflammation et rupture du tendon d\u2019Achille - Centre Assal\" \/>\n<meta property=\"og:description\" content=\"D\u00e9couvrez les causes et traitements de l\u2019inflammation et rupture du tendon d\u2019Achille : repos, physioth\u00e9rapie ou chirurgie au Centre ASSAL.\" \/>\n<meta property=\"og:url\" content=\"https:\/\/centre-assal.ch\/en\/pathologies\/inflammation-et-rupture-du-tendon-dachille\/\" \/>\n<meta property=\"og:site_name\" content=\"Centre Assal\" \/>\n<meta property=\"article:modified_time\" content=\"2025-10-05T14:42:53+00:00\" \/>\n<meta name=\"twitter:card\" content=\"summary_large_image\" \/>\n<meta name=\"twitter:label1\" content=\"Estimated reading time\" \/>\n\t<meta name=\"twitter:data1\" content=\"1 minute\" \/>\n<script type=\"application\/ld+json\" class=\"yoast-schema-graph\">{\"@context\":\"https:\/\/schema.org\",\"@graph\":[{\"@type\":\"WebPage\",\"@id\":\"https:\/\/centre-assal.ch\/pathologies\/inflammation-et-rupture-du-tendon-dachille\/\",\"url\":\"https:\/\/centre-assal.ch\/pathologies\/inflammation-et-rupture-du-tendon-dachille\/\",\"name\":\"Inflammation et rupture du tendon d\u2019Achille - Centre Assal\",\"isPartOf\":{\"@id\":\"https:\/\/centre-assal.ch\/#website\"},\"datePublished\":\"2025-03-21T07:41:03+00:00\",\"dateModified\":\"2025-10-05T14:42:53+00:00\",\"description\":\"D\u00e9couvrez les causes et traitements de l\u2019inflammation et rupture du tendon d\u2019Achille : repos, physioth\u00e9rapie ou chirurgie au Centre ASSAL.\",\"breadcrumb\":{\"@id\":\"https:\/\/centre-assal.ch\/pathologies\/inflammation-et-rupture-du-tendon-dachille\/#breadcrumb\"},\"inLanguage\":\"en-GB\",\"potentialAction\":[{\"@type\":\"ReadAction\",\"target\":[\"https:\/\/centre-assal.ch\/pathologies\/inflammation-et-rupture-du-tendon-dachille\/\"]}]},{\"@type\":\"BreadcrumbList\",\"@id\":\"https:\/\/centre-assal.ch\/pathologies\/inflammation-et-rupture-du-tendon-dachille\/#breadcrumb\",\"itemListElement\":[{\"@type\":\"ListItem\",\"position\":1,\"name\":\"Home\",\"item\":\"https:\/\/centre-assal.ch\/\"},{\"@type\":\"ListItem\",\"position\":2,\"name\":\"Pathologies\",\"item\":\"https:\/\/centre-assal.ch\/pathologies\/\"},{\"@type\":\"ListItem\",\"position\":3,\"name\":\"Inflammation et rupture du tendon d\u2019Achille\"}]},{\"@type\":\"WebSite\",\"@id\":\"https:\/\/centre-assal.ch\/#website\",\"url\":\"https:\/\/centre-assal.ch\/\",\"name\":\"Centre Assal\",\"description\":\"\",\"publisher\":{\"@id\":\"https:\/\/centre-assal.ch\/#organization\"},\"potentialAction\":[{\"@type\":\"SearchAction\",\"target\":{\"@type\":\"EntryPoint\",\"urlTemplate\":\"https:\/\/centre-assal.ch\/?s={search_term_string}\"},\"query-input\":{\"@type\":\"PropertyValueSpecification\",\"valueRequired\":true,\"valueName\":\"search_term_string\"}}],\"inLanguage\":\"en-GB\"},{\"@type\":\"Organization\",\"@id\":\"https:\/\/centre-assal.ch\/#organization\",\"name\":\"Centre Assal\",\"url\":\"https:\/\/centre-assal.ch\/\",\"logo\":{\"@type\":\"ImageObject\",\"inLanguage\":\"en-GB\",\"@id\":\"https:\/\/centre-assal.ch\/#\/schema\/logo\/image\/\",\"url\":\"https:\/\/centre-assal.ch\/wp-content\/uploads\/2025\/03\/Logo_CentreAssal_RVB-11.png\",\"contentUrl\":\"https:\/\/centre-assal.ch\/wp-content\/uploads\/2025\/03\/Logo_CentreAssal_RVB-11.png\",\"width\":220,\"height\":114,\"caption\":\"Centre Assal\"},\"image\":{\"@id\":\"https:\/\/centre-assal.ch\/#\/schema\/logo\/image\/\"},\"sameAs\":[\"https:\/\/www.instagram.com\/centre_assal\/\",\"https:\/\/www.linkedin.com\/company\/centre-assal\"]}]}<\/script>\n<!-- \/ Yoast SEO plugin. -->","yoast_head_json":{"title":"Inflammation et rupture du tendon d\u2019Achille - Centre Assal","description":"D\u00e9couvrez les causes et traitements de l\u2019inflammation et rupture du tendon d\u2019Achille : repos, physioth\u00e9rapie ou chirurgie au Centre ASSAL.","robots":{"index":"index","follow":"follow","max-snippet":"max-snippet:-1","max-image-preview":"max-image-preview:large","max-video-preview":"max-video-preview:-1"},"canonical":"https:\/\/centre-assal.ch\/en\/pathologies\/inflammation-et-rupture-du-tendon-dachille\/","og_locale":"en_GB","og_type":"article","og_title":"Inflammation et rupture du tendon d\u2019Achille - Centre Assal","og_description":"D\u00e9couvrez les causes et traitements de l\u2019inflammation et rupture du tendon d\u2019Achille : repos, physioth\u00e9rapie ou chirurgie au Centre ASSAL.","og_url":"https:\/\/centre-assal.ch\/en\/pathologies\/inflammation-et-rupture-du-tendon-dachille\/","og_site_name":"Centre Assal","article_modified_time":"2025-10-05T14:42:53+00:00","twitter_card":"summary_large_image","twitter_misc":{"Estimated reading time":"1 minute"},"schema":{"@context":"https:\/\/schema.org","@graph":[{"@type":"WebPage","@id":"https:\/\/centre-assal.ch\/pathologies\/inflammation-et-rupture-du-tendon-dachille\/","url":"https:\/\/centre-assal.ch\/pathologies\/inflammation-et-rupture-du-tendon-dachille\/","name":"Inflammation et rupture du tendon d\u2019Achille - Centre Assal","isPartOf":{"@id":"https:\/\/centre-assal.ch\/#website"},"datePublished":"2025-03-21T07:41:03+00:00","dateModified":"2025-10-05T14:42:53+00:00","description":"D\u00e9couvrez les causes et traitements de l\u2019inflammation et rupture du tendon d\u2019Achille : repos, physioth\u00e9rapie ou chirurgie au Centre ASSAL.","breadcrumb":{"@id":"https:\/\/centre-assal.ch\/pathologies\/inflammation-et-rupture-du-tendon-dachille\/#breadcrumb"},"inLanguage":"en-GB","potentialAction":[{"@type":"ReadAction","target":["https:\/\/centre-assal.ch\/pathologies\/inflammation-et-rupture-du-tendon-dachille\/"]}]},{"@type":"BreadcrumbList","@id":"https:\/\/centre-assal.ch\/pathologies\/inflammation-et-rupture-du-tendon-dachille\/#breadcrumb","itemListElement":[{"@type":"ListItem","position":1,"name":"Home","item":"https:\/\/centre-assal.ch\/"},{"@type":"ListItem","position":2,"name":"Pathologies","item":"https:\/\/centre-assal.ch\/pathologies\/"},{"@type":"ListItem","position":3,"name":"Inflammation et rupture du tendon d\u2019Achille"}]},{"@type":"WebSite","@id":"https:\/\/centre-assal.ch\/#website","url":"https:\/\/centre-assal.ch\/","name":"Centre Assal","description":"","publisher":{"@id":"https:\/\/centre-assal.ch\/#organization"},"potentialAction":[{"@type":"SearchAction","target":{"@type":"EntryPoint","urlTemplate":"https:\/\/centre-assal.ch\/?s={search_term_string}"},"query-input":{"@type":"PropertyValueSpecification","valueRequired":true,"valueName":"search_term_string"}}],"inLanguage":"en-GB"},{"@type":"Organization","@id":"https:\/\/centre-assal.ch\/#organization","name":"Centre Assal","url":"https:\/\/centre-assal.ch\/","logo":{"@type":"ImageObject","inLanguage":"en-GB","@id":"https:\/\/centre-assal.ch\/#\/schema\/logo\/image\/","url":"https:\/\/centre-assal.ch\/wp-content\/uploads\/2025\/03\/Logo_CentreAssal_RVB-11.png","contentUrl":"https:\/\/centre-assal.ch\/wp-content\/uploads\/2025\/03\/Logo_CentreAssal_RVB-11.png","width":220,"height":114,"caption":"Centre Assal"},"image":{"@id":"https:\/\/centre-assal.ch\/#\/schema\/logo\/image\/"},"sameAs":["https:\/\/www.instagram.com\/centre_assal\/","https:\/\/www.linkedin.com\/company\/centre-assal"]}]}},"_links":{"self":[{"href":"https:\/\/centre-assal.ch\/en\/wp-json\/wp\/v2\/pages\/4787","targetHints":{"allow":["GET"]}}],"collection":[{"href":"https:\/\/centre-assal.ch\/en\/wp-json\/wp\/v2\/pages"}],"about":[{"href":"https:\/\/centre-assal.ch\/en\/wp-json\/wp\/v2\/types\/page"}],"author":[{"embeddable":true,"href":"https:\/\/centre-assal.ch\/en\/wp-json\/wp\/v2\/users\/18"}],"replies":[{"embeddable":true,"href":"https:\/\/centre-assal.ch\/en\/wp-json\/wp\/v2\/comments?post=4787"}],"version-history":[{"count":1,"href":"https:\/\/centre-assal.ch\/en\/wp-json\/wp\/v2\/pages\/4787\/revisions"}],"predecessor-version":[{"id":17653,"href":"https:\/\/centre-assal.ch\/en\/wp-json\/wp\/v2\/pages\/4787\/revisions\/17653"}],"up":[{"embeddable":true,"href":"https:\/\/centre-assal.ch\/en\/wp-json\/wp\/v2\/pages\/3571"}],"wp:attachment":[{"href":"https:\/\/centre-assal.ch\/en\/wp-json\/wp\/v2\/media?parent=4787"}],"curies":[{"name":"wp","href":"https:\/\/api.w.org\/{rel}","templated":true}]}}