{"id":7102,"date":"2025-04-08T10:00:19","date_gmt":"2025-04-08T08:00:19","guid":{"rendered":"https:\/\/preview.centre-assal.ch\/?page_id=7102"},"modified":"2025-10-06T13:39:03","modified_gmt":"2025-10-06T11:39:03","slug":"medecine-du-sport","status":"publish","type":"page","link":"https:\/\/centre-assal.ch\/en\/traitements\/medecine-du-sport\/","title":{"rendered":"Sports medicine"},"content":{"rendered":"<div data-elementor-type=\"wp-page\" data-elementor-id=\"7102\" class=\"elementor elementor-7102\" data-elementor-post-type=\"page\">\n\t\t\t\t<div class=\"elementor-element elementor-element-b55d463 e-con-full mar-1224 e-flex e-con e-parent\" data-id=\"b55d463\" data-element_type=\"container\" data-settings=\"{&quot;background_background&quot;:&quot;classic&quot;}\">\n\t\t<div class=\"elementor-element elementor-element-d3c708c e-con-full e-flex e-con e-child\" data-id=\"d3c708c\" data-element_type=\"container\" data-settings=\"{&quot;background_background&quot;:&quot;classic&quot;}\">\n\t\t\t\t<div class=\"elementor-element elementor-element-304b84a elementor-widget elementor-widget-heading\" data-id=\"304b84a\" data-element_type=\"widget\" data-widget_type=\"heading.default\">\n\t\t\t\t<div class=\"elementor-widget-container\">\n\t\t\t\t\t<h2 class=\"elementor-heading-title elementor-size-default\">Treatments<\/h2>\t\t\t\t<\/div>\n\t\t\t\t<\/div>\n\t\t\t\t<\/div>\n\t\t\t\t<\/div>\n\t\t<div class=\"elementor-element elementor-element-3ac5937 e-con-full e-flex e-con e-parent\" data-id=\"3ac5937\" data-element_type=\"container\">\n\t\t\t\t<div class=\"elementor-element elementor-element-bd244ca elementor-icon-list--layout-inline elementor-align-start elementor-list-item-link-full_width elementor-widget elementor-widget-icon-list\" data-id=\"bd244ca\" data-element_type=\"widget\" data-widget_type=\"icon-list.default\">\n\t\t\t\t<div class=\"elementor-widget-container\">\n\t\t\t\t\t\t\t<ul class=\"elementor-icon-list-items elementor-inline-items\">\n\t\t\t\t\t\t\t<li class=\"elementor-icon-list-item elementor-inline-item\">\n\t\t\t\t\t\t\t\t\t\t\t<a href=\"https:\/\/centre-assal.ch\/en\">\n\n\t\t\t\t\t\t\t\t\t\t\t<span class=\"elementor-icon-list-text\">Home<\/span>\n\t\t\t\t\t\t\t\t\t\t\t<\/a>\n\t\t\t\t\t\t\t\t\t<\/li>\n\t\t\t\t\t\t\t\t<li class=\"elementor-icon-list-item elementor-inline-item\">\n\t\t\t\t\t\t\t\t\t\t\t<a href=\"\/en\/traitements\/\">\n\n\t\t\t\t\t\t\t\t\t\t\t\t<span class=\"elementor-icon-list-icon\">\n\t\t\t\t\t\t\t<svg aria-hidden=\"true\" class=\"e-font-icon-svg e-fas-angle-right\" viewbox=\"0 0 256 512\" xmlns=\"http:\/\/www.w3.org\/2000\/svg\"><path d=\"M224.3 273l-136 136c-9.4 9.4-24.6 9.4-33.9 0l-22.6-22.6c-9.4-9.4-9.4-24.6 0-33.9l96.4-96.4-96.4-96.4c-9.4-9.4-9.4-24.6 0-33.9L54.3 103c9.4-9.4 24.6-9.4 33.9 0l136 136c9.5 9.4 9.5 24.6.1 34z\"><\/path><\/svg>\t\t\t\t\t\t<\/span>\n\t\t\t\t\t\t\t\t\t\t<span class=\"elementor-icon-list-text\">Treatments<\/span>\n\t\t\t\t\t\t\t\t\t\t\t<\/a>\n\t\t\t\t\t\t\t\t\t<\/li>\n\t\t\t\t\t\t\t\t<li class=\"elementor-icon-list-item elementor-inline-item\">\n\t\t\t\t\t\t\t\t\t\t\t<a href=\"#\">\n\n\t\t\t\t\t\t\t\t\t\t\t\t<span class=\"elementor-icon-list-icon\">\n\t\t\t\t\t\t\t<svg aria-hidden=\"true\" class=\"e-font-icon-svg e-fas-angle-right\" viewbox=\"0 0 256 512\" xmlns=\"http:\/\/www.w3.org\/2000\/svg\"><path d=\"M224.3 273l-136 136c-9.4 9.4-24.6 9.4-33.9 0l-22.6-22.6c-9.4-9.4-9.4-24.6 0-33.9l96.4-96.4-96.4-96.4c-9.4-9.4-9.4-24.6 0-33.9L54.3 103c9.4-9.4 24.6-9.4 33.9 0l136 136c9.5 9.4 9.5 24.6.1 34z\"><\/path><\/svg>\t\t\t\t\t\t<\/span>\n\t\t\t\t\t\t\t\t\t\t<span class=\"elementor-icon-list-text\"><b>Sports medicine<\/b><\/span>\n\t\t\t\t\t\t\t\t\t\t\t<\/a>\n\t\t\t\t\t\t\t\t\t<\/li>\n\t\t\t\t\t\t<\/ul>\n\t\t\t\t\t\t<\/div>\n\t\t\t\t<\/div>\n\t\t\t\t<\/div>\n\t\t<div class=\"elementor-element elementor-element-20c93ee e-flex e-con-boxed e-con e-parent\" data-id=\"20c93ee\" data-element_type=\"container\">\n\t\t\t\t\t<div class=\"e-con-inner\">\n\t\t<div class=\"elementor-element elementor-element-7a27330 e-con-full e-flex e-con e-child\" data-id=\"7a27330\" data-element_type=\"container\">\n\t\t<div class=\"elementor-element elementor-element-751b1e5 e-con-full e-flex e-con e-child\" data-id=\"751b1e5\" data-element_type=\"container\">\n\t\t<div class=\"elementor-element elementor-element-4445ac9 e-con-full e-flex e-con e-child\" data-id=\"4445ac9\" data-element_type=\"container\" data-settings=\"{&quot;background_background&quot;:&quot;classic&quot;}\">\n\t\t\t\t<div class=\"elementor-element elementor-element-2300195 elementor-hidden-widescreen elementor-hidden-desktop elementor-hidden-tablet elementor-hidden-mobile elementor-widget elementor-widget-image\" data-id=\"2300195\" data-element_type=\"widget\" data-widget_type=\"image.default\">\n\t\t\t\t<div class=\"elementor-widget-container\">\n\t\t\t\t\t\t\t\t\t\t\t\t\t\t\t<img fetchpriority=\"high\" decoding=\"async\" width=\"487\" height=\"500\" src=\"https:\/\/centre-assal.ch\/wp-content\/uploads\/2025\/06\/Maximilian-Schindler-NAK_2248-Edit-scaled-e1750663909811.png\" class=\"attachment-large size-large wp-image-16710\" alt=\"\" srcset=\"https:\/\/centre-assal.ch\/wp-content\/uploads\/2025\/06\/Maximilian-Schindler-NAK_2248-Edit-scaled-e1750663909811.png 487w, https:\/\/centre-assal.ch\/wp-content\/uploads\/2025\/06\/Maximilian-Schindler-NAK_2248-Edit-scaled-e1750663909811-292x300.png 292w, https:\/\/centre-assal.ch\/wp-content\/uploads\/2025\/06\/Maximilian-Schindler-NAK_2248-Edit-scaled-e1750663909811-12x12.png 12w\" sizes=\"(max-width: 487px) 100vw, 487px\" \/>\t\t\t\t\t\t\t\t\t\t\t\t\t\t\t<\/div>\n\t\t\t\t<\/div>\n\t\t\t\t<\/div>\n\t\t<div class=\"elementor-element elementor-element-67987aa e-con-full e-flex e-con e-child\" data-id=\"67987aa\" data-element_type=\"container\" data-settings=\"{&quot;background_background&quot;:&quot;classic&quot;}\">\n\t\t\t\t<div class=\"elementor-element elementor-element-a9802d1 elementor-widget elementor-widget-heading\" data-id=\"a9802d1\" data-element_type=\"widget\" data-widget_type=\"heading.default\">\n\t\t\t\t<div class=\"elementor-widget-container\">\n\t\t\t\t\t<h4 class=\"elementor-heading-title elementor-size-default\">Sports medicine<\/h4>\t\t\t\t<\/div>\n\t\t\t\t<\/div>\n\t\t\t\t<div class=\"elementor-element elementor-element-b83aa8e elementor-widget elementor-widget-text-editor\" data-id=\"b83aa8e\" data-element_type=\"widget\" data-widget_type=\"text-editor.default\">\n\t\t\t\t<div class=\"elementor-widget-container\">\n\t\t\t\t\t\t\t\t\t<p>Injuries that occur while playing amateur or high-level sports require specialist knowledge and skills to limit harmful after-effects and restore full function, including leg strength and elasticity.<\/p><p>Whether you injury is minor or serious, our experts at the Centre ASSAL for Foot Care and Surgery will provide individually tailored treatment to limit recurrence and ensure you return to your pre-injury level of participation.<\/p>\t\t\t\t\t\t\t\t<\/div>\n\t\t\t\t<\/div>\n\t\t\t\t<\/div>\n\t\t\t\t<\/div>\n\t\t\t\t<div class=\"elementor-element elementor-element-7f25b40 elementor-widget elementor-widget-image\" data-id=\"7f25b40\" data-element_type=\"widget\" data-widget_type=\"image.default\">\n\t\t\t\t<div class=\"elementor-widget-container\">\n\t\t\t\t\t\t\t\t\t\t\t\t\t\t\t<img decoding=\"async\" width=\"800\" height=\"534\" src=\"https:\/\/centre-assal.ch\/wp-content\/uploads\/2025\/06\/Medecine-du-sport-1024x683.webp\" class=\"attachment-large size-large wp-image-15720\" alt=\"\" srcset=\"https:\/\/centre-assal.ch\/wp-content\/uploads\/2025\/06\/Medecine-du-sport-1024x683.webp 1024w, https:\/\/centre-assal.ch\/wp-content\/uploads\/2025\/06\/Medecine-du-sport-300x200.webp 300w, https:\/\/centre-assal.ch\/wp-content\/uploads\/2025\/06\/Medecine-du-sport-768x512.webp 768w, https:\/\/centre-assal.ch\/wp-content\/uploads\/2025\/06\/Medecine-du-sport-1536x1024.webp 1536w, https:\/\/centre-assal.ch\/wp-content\/uploads\/2025\/06\/Medecine-du-sport-2048x1365.webp 2048w, https:\/\/centre-assal.ch\/wp-content\/uploads\/2025\/06\/Medecine-du-sport-18x12.webp 18w\" sizes=\"(max-width: 800px) 100vw, 800px\" \/>\t\t\t\t\t\t\t\t\t\t\t\t\t\t\t<\/div>\n\t\t\t\t<\/div>\n\t\t\t\t<\/div>\n\t\t<div class=\"elementor-element elementor-element-d198c0a e-con-full e-flex e-con e-child\" data-id=\"d198c0a\" data-element_type=\"container\">\n\t\t<div class=\"elementor-element elementor-element-1482803 e-con-full e-flex e-con e-child\" data-id=\"1482803\" data-element_type=\"container\">\n\t\t\t\t<div class=\"elementor-element elementor-element-48054f8 elementor-widget elementor-widget-heading\" data-id=\"48054f8\" data-element_type=\"widget\" data-widget_type=\"heading.default\">\n\t\t\t\t<div class=\"elementor-widget-container\">\n\t\t\t\t\t<h4 class=\"elementor-heading-title elementor-size-default\">Sprains<\/h4>\t\t\t\t<\/div>\n\t\t\t\t<\/div>\n\t\t\t\t<div class=\"elementor-element elementor-element-dd76470 elementor-widget elementor-widget-text-editor\" data-id=\"dd76470\" data-element_type=\"widget\" data-widget_type=\"text-editor.default\">\n\t\t\t\t<div class=\"elementor-widget-container\">\n\t\t\t\t\t\t\t\t\t<p>Sprains are one of the most common injuries among athletes. These occur when ligaments are partially or completely torn following excessive ankle or foot torsion, leading to destabilization and altered joint function. Most patients regain their full ability if the sprain is treated correctly. If not, they run the risk of complications, such as arthritis, requiring more extensive care.<\/p>\t\t\t\t\t\t\t\t<\/div>\n\t\t\t\t<\/div>\n\t\t\t\t<\/div>\n\t\t<div class=\"elementor-element elementor-element-a328c9e e-con-full e-flex e-con e-child\" data-id=\"a328c9e\" data-element_type=\"container\">\n\t\t\t\t<div class=\"elementor-element elementor-element-9f9c696 elementor-widget elementor-widget-heading\" data-id=\"9f9c696\" data-element_type=\"widget\" data-widget_type=\"heading.default\">\n\t\t\t\t<div class=\"elementor-widget-container\">\n\t\t\t\t\t<h4 class=\"elementor-heading-title elementor-size-default\">Tendon lesions<\/h4>\t\t\t\t<\/div>\n\t\t\t\t<\/div>\n\t\t\t\t<div class=\"elementor-element elementor-element-7a971c8 elementor-widget elementor-widget-text-editor\" data-id=\"7a971c8\" data-element_type=\"widget\" data-widget_type=\"text-editor.default\">\n\t\t\t\t<div class=\"elementor-widget-container\">\n\t\t\t\t\t\t\t\t\t<p>Whereas sprains affect the ligaments, tendons can suffer minor or severe tears during sports. Such conditions can be acute or chronic and may worsen over time if the patient does not rest as prescribed. They are the source of several foot and ankle conditions and can lead to tendon rupture.<\/p>\t\t\t\t\t\t\t\t<\/div>\n\t\t\t\t<\/div>\n\t\t\t\t<\/div>\n\t\t<div class=\"elementor-element elementor-element-2b03bf7 e-con-full e-flex e-con e-child\" data-id=\"2b03bf7\" data-element_type=\"container\">\n\t\t\t\t<div class=\"elementor-element elementor-element-0310d38 elementor-widget elementor-widget-heading\" data-id=\"0310d38\" data-element_type=\"widget\" data-widget_type=\"heading.default\">\n\t\t\t\t<div class=\"elementor-widget-container\">\n\t\t\t\t\t<h4 class=\"elementor-heading-title elementor-size-default\">Fractures<\/h4>\t\t\t\t<\/div>\n\t\t\t\t<\/div>\n\t\t\t\t<div class=\"elementor-element elementor-element-d8b7bbe elementor-widget elementor-widget-text-editor\" data-id=\"d8b7bbe\" data-element_type=\"widget\" data-widget_type=\"text-editor.default\">\n\t\t\t\t<div class=\"elementor-widget-container\">\n\t\t\t\t\t\t\t\t\t<p>While a single impact can cause a complete fracture, repeated stress can also weaken the bone to the point that it cracks. This is a called a fatigue or stress fracture. Depending on the area affected, and the severity of the injury, stabilization, immobilization or fixation will be required.<\/p>\t\t\t\t\t\t\t\t<\/div>\n\t\t\t\t<\/div>\n\t\t\t\t<\/div>\n\t\t\t\t<\/div>\n\t\t\t\t\t<\/div>\n\t\t\t\t<\/div>\n\t\t\t\t<\/div>","protected":false},"excerpt":{"rendered":"<p>Traitements Accueil Traitements M\u00e9decine du sport M\u00e9decine du sport Les blessures occasionn\u00e9es par la pratique du sport, exerc\u00e9 en amateur ou \u00e0 haut niveau, requi\u00e8rent des comp\u00e9tences sp\u00e9cifiques si l\u2019on souhaite limiter au maximum les s\u00e9quelles et retrouver toute l\u2019\u00e9lasticit\u00e9 et la solidit\u00e9 de ses appuis. En cas de l\u00e9sion, simple ou aggrav\u00e9e, les experts [&hellip;]<\/p>","protected":false},"author":18,"featured_media":0,"parent":3179,"menu_order":0,"comment_status":"closed","ping_status":"closed","template":"elementor_header_footer","meta":{"_acf_changed":false,"footnotes":""},"class_list":["post-7102","page","type-page","status-publish","hentry"],"acf":[],"yoast_head":"<!-- This site is optimized with the Yoast SEO plugin v26.8 - https:\/\/yoast.com\/product\/yoast-seo-wordpress\/ -->\n<title>M\u00e9decine du sport - Centre Assal<\/title>\n<meta name=\"description\" content=\"D\u00e9couvrez les traitements de m\u00e9decine du sport pour les entorses, l\u00e9sions tendineuses et fractures du pied ou de la cheville au Centre ASSAL.\" \/>\n<meta name=\"robots\" content=\"index, follow, max-snippet:-1, max-image-preview:large, max-video-preview:-1\" \/>\n<link rel=\"canonical\" href=\"https:\/\/centre-assal.ch\/en\/traitements\/medecine-du-sport\/\" \/>\n<meta property=\"og:locale\" content=\"en_GB\" \/>\n<meta property=\"og:type\" content=\"article\" \/>\n<meta property=\"og:title\" content=\"M\u00e9decine du sport - Centre Assal\" \/>\n<meta property=\"og:description\" content=\"D\u00e9couvrez les traitements de m\u00e9decine du sport pour les entorses, l\u00e9sions tendineuses et fractures du pied ou de la cheville au Centre ASSAL.\" \/>\n<meta property=\"og:url\" content=\"https:\/\/centre-assal.ch\/en\/traitements\/medecine-du-sport\/\" \/>\n<meta property=\"og:site_name\" content=\"Centre Assal\" \/>\n<meta property=\"article:modified_time\" content=\"2025-10-06T11:39:03+00:00\" \/>\n<meta property=\"og:image\" content=\"https:\/\/centre-assal.ch\/wp-content\/uploads\/2025\/06\/Maximilian-Schindler-NAK_2248-Edit-scaled-e1750663909811.png\" \/>\n<meta name=\"twitter:card\" content=\"summary_large_image\" \/>\n<meta name=\"twitter:label1\" content=\"Estimated reading time\" \/>\n\t<meta name=\"twitter:data1\" content=\"2 minutes\" \/>\n<script type=\"application\/ld+json\" class=\"yoast-schema-graph\">{\"@context\":\"https:\/\/schema.org\",\"@graph\":[{\"@type\":\"WebPage\",\"@id\":\"https:\/\/centre-assal.ch\/traitements\/medecine-du-sport\/\",\"url\":\"https:\/\/centre-assal.ch\/traitements\/medecine-du-sport\/\",\"name\":\"M\u00e9decine du sport - Centre Assal\",\"isPartOf\":{\"@id\":\"https:\/\/centre-assal.ch\/#website\"},\"primaryImageOfPage\":{\"@id\":\"https:\/\/centre-assal.ch\/traitements\/medecine-du-sport\/#primaryimage\"},\"image\":{\"@id\":\"https:\/\/centre-assal.ch\/traitements\/medecine-du-sport\/#primaryimage\"},\"thumbnailUrl\":\"https:\/\/centre-assal.ch\/wp-content\/uploads\/2025\/06\/Maximilian-Schindler-NAK_2248-Edit-scaled-e1750663909811.png\",\"datePublished\":\"2025-04-08T08:00:19+00:00\",\"dateModified\":\"2025-10-06T11:39:03+00:00\",\"description\":\"D\u00e9couvrez les traitements de m\u00e9decine du sport pour les entorses, l\u00e9sions tendineuses et fractures du pied ou de la cheville au Centre ASSAL.\",\"breadcrumb\":{\"@id\":\"https:\/\/centre-assal.ch\/traitements\/medecine-du-sport\/#breadcrumb\"},\"inLanguage\":\"en-GB\",\"potentialAction\":[{\"@type\":\"ReadAction\",\"target\":[\"https:\/\/centre-assal.ch\/traitements\/medecine-du-sport\/\"]}]},{\"@type\":\"ImageObject\",\"inLanguage\":\"en-GB\",\"@id\":\"https:\/\/centre-assal.ch\/traitements\/medecine-du-sport\/#primaryimage\",\"url\":\"https:\/\/centre-assal.ch\/wp-content\/uploads\/2025\/06\/Maximilian-Schindler-NAK_2248-Edit-scaled-e1750663909811.png\",\"contentUrl\":\"https:\/\/centre-assal.ch\/wp-content\/uploads\/2025\/06\/Maximilian-Schindler-NAK_2248-Edit-scaled-e1750663909811.png\"},{\"@type\":\"BreadcrumbList\",\"@id\":\"https:\/\/centre-assal.ch\/traitements\/medecine-du-sport\/#breadcrumb\",\"itemListElement\":[{\"@type\":\"ListItem\",\"position\":1,\"name\":\"Home\",\"item\":\"https:\/\/centre-assal.ch\/\"},{\"@type\":\"ListItem\",\"position\":2,\"name\":\"Traitements\",\"item\":\"https:\/\/centre-assal.ch\/traitements\/\"},{\"@type\":\"ListItem\",\"position\":3,\"name\":\"M\u00e9decine du sport\"}]},{\"@type\":\"WebSite\",\"@id\":\"https:\/\/centre-assal.ch\/#website\",\"url\":\"https:\/\/centre-assal.ch\/\",\"name\":\"Centre Assal\",\"description\":\"\",\"publisher\":{\"@id\":\"https:\/\/centre-assal.ch\/#organization\"},\"potentialAction\":[{\"@type\":\"SearchAction\",\"target\":{\"@type\":\"EntryPoint\",\"urlTemplate\":\"https:\/\/centre-assal.ch\/?s={search_term_string}\"},\"query-input\":{\"@type\":\"PropertyValueSpecification\",\"valueRequired\":true,\"valueName\":\"search_term_string\"}}],\"inLanguage\":\"en-GB\"},{\"@type\":\"Organization\",\"@id\":\"https:\/\/centre-assal.ch\/#organization\",\"name\":\"Centre Assal\",\"url\":\"https:\/\/centre-assal.ch\/\",\"logo\":{\"@type\":\"ImageObject\",\"inLanguage\":\"en-GB\",\"@id\":\"https:\/\/centre-assal.ch\/#\/schema\/logo\/image\/\",\"url\":\"https:\/\/centre-assal.ch\/wp-content\/uploads\/2025\/03\/Logo_CentreAssal_RVB-11.png\",\"contentUrl\":\"https:\/\/centre-assal.ch\/wp-content\/uploads\/2025\/03\/Logo_CentreAssal_RVB-11.png\",\"width\":220,\"height\":114,\"caption\":\"Centre Assal\"},\"image\":{\"@id\":\"https:\/\/centre-assal.ch\/#\/schema\/logo\/image\/\"},\"sameAs\":[\"https:\/\/www.instagram.com\/centre_assal\/\",\"https:\/\/www.linkedin.com\/company\/centre-assal\"]}]}<\/script>\n<!-- \/ Yoast SEO plugin. -->","yoast_head_json":{"title":"M\u00e9decine du sport - Centre Assal","description":"D\u00e9couvrez les traitements de m\u00e9decine du sport pour les entorses, l\u00e9sions tendineuses et fractures du pied ou de la cheville au Centre ASSAL.","robots":{"index":"index","follow":"follow","max-snippet":"max-snippet:-1","max-image-preview":"max-image-preview:large","max-video-preview":"max-video-preview:-1"},"canonical":"https:\/\/centre-assal.ch\/en\/traitements\/medecine-du-sport\/","og_locale":"en_GB","og_type":"article","og_title":"M\u00e9decine du sport - Centre Assal","og_description":"D\u00e9couvrez les traitements de m\u00e9decine du sport pour les entorses, l\u00e9sions tendineuses et fractures du pied ou de la cheville au Centre ASSAL.","og_url":"https:\/\/centre-assal.ch\/en\/traitements\/medecine-du-sport\/","og_site_name":"Centre Assal","article_modified_time":"2025-10-06T11:39:03+00:00","og_image":[{"url":"https:\/\/centre-assal.ch\/wp-content\/uploads\/2025\/06\/Maximilian-Schindler-NAK_2248-Edit-scaled-e1750663909811.png","type":"","width":"","height":""}],"twitter_card":"summary_large_image","twitter_misc":{"Estimated reading time":"2 minutes"},"schema":{"@context":"https:\/\/schema.org","@graph":[{"@type":"WebPage","@id":"https:\/\/centre-assal.ch\/traitements\/medecine-du-sport\/","url":"https:\/\/centre-assal.ch\/traitements\/medecine-du-sport\/","name":"M\u00e9decine du sport - Centre Assal","isPartOf":{"@id":"https:\/\/centre-assal.ch\/#website"},"primaryImageOfPage":{"@id":"https:\/\/centre-assal.ch\/traitements\/medecine-du-sport\/#primaryimage"},"image":{"@id":"https:\/\/centre-assal.ch\/traitements\/medecine-du-sport\/#primaryimage"},"thumbnailUrl":"https:\/\/centre-assal.ch\/wp-content\/uploads\/2025\/06\/Maximilian-Schindler-NAK_2248-Edit-scaled-e1750663909811.png","datePublished":"2025-04-08T08:00:19+00:00","dateModified":"2025-10-06T11:39:03+00:00","description":"D\u00e9couvrez les traitements de m\u00e9decine du sport pour les entorses, l\u00e9sions tendineuses et fractures du pied ou de la cheville au Centre ASSAL.","breadcrumb":{"@id":"https:\/\/centre-assal.ch\/traitements\/medecine-du-sport\/#breadcrumb"},"inLanguage":"en-GB","potentialAction":[{"@type":"ReadAction","target":["https:\/\/centre-assal.ch\/traitements\/medecine-du-sport\/"]}]},{"@type":"ImageObject","inLanguage":"en-GB","@id":"https:\/\/centre-assal.ch\/traitements\/medecine-du-sport\/#primaryimage","url":"https:\/\/centre-assal.ch\/wp-content\/uploads\/2025\/06\/Maximilian-Schindler-NAK_2248-Edit-scaled-e1750663909811.png","contentUrl":"https:\/\/centre-assal.ch\/wp-content\/uploads\/2025\/06\/Maximilian-Schindler-NAK_2248-Edit-scaled-e1750663909811.png"},{"@type":"BreadcrumbList","@id":"https:\/\/centre-assal.ch\/traitements\/medecine-du-sport\/#breadcrumb","itemListElement":[{"@type":"ListItem","position":1,"name":"Home","item":"https:\/\/centre-assal.ch\/"},{"@type":"ListItem","position":2,"name":"Traitements","item":"https:\/\/centre-assal.ch\/traitements\/"},{"@type":"ListItem","position":3,"name":"M\u00e9decine du sport"}]},{"@type":"WebSite","@id":"https:\/\/centre-assal.ch\/#website","url":"https:\/\/centre-assal.ch\/","name":"Centre Assal","description":"","publisher":{"@id":"https:\/\/centre-assal.ch\/#organization"},"potentialAction":[{"@type":"SearchAction","target":{"@type":"EntryPoint","urlTemplate":"https:\/\/centre-assal.ch\/?s={search_term_string}"},"query-input":{"@type":"PropertyValueSpecification","valueRequired":true,"valueName":"search_term_string"}}],"inLanguage":"en-GB"},{"@type":"Organization","@id":"https:\/\/centre-assal.ch\/#organization","name":"Centre Assal","url":"https:\/\/centre-assal.ch\/","logo":{"@type":"ImageObject","inLanguage":"en-GB","@id":"https:\/\/centre-assal.ch\/#\/schema\/logo\/image\/","url":"https:\/\/centre-assal.ch\/wp-content\/uploads\/2025\/03\/Logo_CentreAssal_RVB-11.png","contentUrl":"https:\/\/centre-assal.ch\/wp-content\/uploads\/2025\/03\/Logo_CentreAssal_RVB-11.png","width":220,"height":114,"caption":"Centre Assal"},"image":{"@id":"https:\/\/centre-assal.ch\/#\/schema\/logo\/image\/"},"sameAs":["https:\/\/www.instagram.com\/centre_assal\/","https:\/\/www.linkedin.com\/company\/centre-assal"]}]}},"_links":{"self":[{"href":"https:\/\/centre-assal.ch\/en\/wp-json\/wp\/v2\/pages\/7102","targetHints":{"allow":["GET"]}}],"collection":[{"href":"https:\/\/centre-assal.ch\/en\/wp-json\/wp\/v2\/pages"}],"about":[{"href":"https:\/\/centre-assal.ch\/en\/wp-json\/wp\/v2\/types\/page"}],"author":[{"embeddable":true,"href":"https:\/\/centre-assal.ch\/en\/wp-json\/wp\/v2\/users\/18"}],"replies":[{"embeddable":true,"href":"https:\/\/centre-assal.ch\/en\/wp-json\/wp\/v2\/comments?post=7102"}],"version-history":[{"count":25,"href":"https:\/\/centre-assal.ch\/en\/wp-json\/wp\/v2\/pages\/7102\/revisions"}],"predecessor-version":[{"id":17664,"href":"https:\/\/centre-assal.ch\/en\/wp-json\/wp\/v2\/pages\/7102\/revisions\/17664"}],"up":[{"embeddable":true,"href":"https:\/\/centre-assal.ch\/en\/wp-json\/wp\/v2\/pages\/3179"}],"wp:attachment":[{"href":"https:\/\/centre-assal.ch\/en\/wp-json\/wp\/v2\/media?parent=7102"}],"curies":[{"name":"wp","href":"https:\/\/api.w.org\/{rel}","templated":true}]}}